{"id":66764,"date":"2024-06-13T15:50:08","date_gmt":"2024-06-13T15:50:08","guid":{"rendered":"http:\/\/psclukavec.hr\/product\/vw-passat-b7-motoric-klapne-grijanja-vw-passat-b7-motoric-klapne-vent\/"},"modified":"2024-08-24T10:42:12","modified_gmt":"2024-08-24T10:42:12","slug":"vw-passat-b7-motoric-klapne-grijanja-vw-passat-b7-motoric-klapne-vent","status":"publish","type":"product","link":"https:\/\/psc-lukavec.hr\/en\/product\/vw-passat-b7-motoric-klapne-grijanja-vw-passat-b7-motoric-klapne-vent\/","title":{"rendered":"VW PASSAT B7 MOTORI\u0106 KLAPNE GRIJANJA  VW PASSAT B7 MOTORI\u0106 KLAPNE VENT"},"content":{"rendered":"<p>VW PASSAT B7 MOTORI\u0106 KLAPNE GRIJANJA<br \/>\nVW PASSAT B7 MOTORI\u0106 KLAPNE VENTILACIJE<br \/>\nVW PASSAT B7 MOTOR KLAPNE<\/p>\n<p>1K0907511B<br \/>\n1K0907511D<br \/>\n1K0907511Q<br \/>\n1K1907511G<br \/>\n1K1907511C<br \/>\n1K1907511E<br \/>\n1K2907511C<br \/>\n1K2907511E<br \/>\n1K2907511H<br \/>\n2Q0907511E<br \/>\n3C0907511R<br \/>\n3C0907511T<br \/>\n3C0907511D<br \/>\n3C1907511<br \/>\n3C1907511B<br \/>\n3C1907511F<br \/>\n3C1907511G<br \/>\n3C1907511H<\/p>\n<p>SLIKA PRIKAZUJE STVARNO STANJE PREDMETA <\/p>\n<p>Kupljena roba je vrlo dobro za\u0161ti\u0107ena od o\u0161te\u0107enja prilikom transporta. <\/p>\n<p>Preporu\u010dite nas drugima! <\/p>\n<p>Vr\u0161imo i prodaju u sjedi\u0161tu tvrtke <\/p>\n<p>Radno vrijeme: Ponedjeljak-Petak 08-16h,ukoliko izvan radnog vremena(molimo sms)<br \/>\nOsobni dolazak-obavezna najava.<br \/>\n_______________________________________<br \/>\nNa lageru imamo veliki asortiman rabljenih dijelova iz inozemstva i tuzemstva(preko 6500 m2 skladi\u0161nog prostora sa preko 1500 000 artikala na stanju sa kontinuiranim rastom lagera i prodaje).<br \/>\n****Cijene dijelova se mijenjaju i cijena i raspolo\u017eivost je na upit.*****<br \/>\nDugi niz godina iskustva u prodaji dijelova i otvoreni smo za suradnju sa svim servisima.<br \/>\nZa stalne kupce odobravamo popust.<br \/>\nPo\u017eeljno VIN, slika ili OE broj dijela na email, sms, viber, whatsapp<br \/>\nDostava dijelova u HR I EU na adresu kurirskim slu\u017ebama najkasnije 96h.<br \/>\nPla\u0107anje prilikom preuzimanja, tro\u0161kove dostave snosi kupac<br \/>\n_______________________________________<br \/>\nNa sve dijelove dajemo garanciju na ispravnost i uva\u017eavamo reklamacije.<br \/>\nDogodi li se da je dio ne odgovaraju\u0107i i\/ili niste zadovoljni kupljenim,<br \/>\nvra\u0107amo novac ili mijenjamo za drugi.<br \/>\nRok za reklamaciju 14 dana od kupovine, uz uvjet da dio nije rastavljan.<br \/>\nMogu\u0107nost ugovora garancije 6 mj.<br \/>\n_______________________________________<br \/>\nNudimo usluge Servisa, prijevoza vozila i radnih strojeva<br \/>\nOTKUPLJUJEMO O\u0160TE\u0106ENA I KARAMBOLIRANA VOZILA.<br \/>\nZahvaljujemo na ukazanom povjerenju i razumijevanju.<br \/>\nPogledajte ostale na\u0161e oglase.<br \/>\n_______________________________________<br \/>\nwww.psc-lukavec.hr<br \/>\npsc.lukavec@gmail.com<br \/>\n098 539240<br \/>\n099 2998989<\/p>\n","protected":false},"excerpt":{"rendered":"<p>VW PASSAT B7 MOTORI\u0106 KLAPNE GRIJANJA VW PASSAT B7 MOTORI\u0106 KLAPNE VENTILACIJE VW PASSAT B7 MOTOR KLAPNE 1K0907511B 1K0907511D 1K0907511Q 1K1907511G 1K1907511C 1K1907511E 1K2907511C 1K2907511E 1K2907511H 2Q0907511E 3C0907511R 3C0907511T 3C0907511D 3C1907511 3C1907511B 3C1907511F 3C1907511G 3C1907511H SLIKA PRIKAZUJE STVARNO STANJE PREDMETA Kupljena roba je vrlo dobro za\u0161ti\u0107ena od o\u0161te\u0107enja prilikom transporta. Preporu\u010dite nas drugima! Vr\u0161imo i [&hellip;]<\/p>\n","protected":false},"featured_media":66765,"comment_status":"open","ping_status":"closed","template":"","meta":{"_acf_changed":false},"brend":[3017,1632],"product_cat":[3058],"product_tag":[],"class_list":{"0":"post-66764","1":"product","2":"type-product","3":"status-publish","4":"has-post-thumbnail","6":"brend-passat","7":"brend-vw","8":"product_cat-ventilacija-i-klima","10":"first","11":"instock","12":"shipping-taxable","13":"product-type-simple"},"acf":[],"yoast_head":"<!-- This site is optimized with the Yoast SEO plugin v24.9 - https:\/\/yoast.com\/wordpress\/plugins\/seo\/ -->\n<title>VW PASSAT B7 MOTORI\u0106 KLAPNE GRIJANJA VW PASSAT B7 MOTORI\u0106 KLAPNE VENT - PSC Lukavec - autodijelovi<\/title>\n<meta name=\"robots\" content=\"index, follow, max-snippet:-1, max-image-preview:large, max-video-preview:-1\" \/>\n<link rel=\"canonical\" href=\"https:\/\/psc-lukavec.hr\/product\/vw-passat-b7-motoric-klapne-grijanja-vw-passat-b7-motoric-klapne-vent\/\" \/>\n<meta property=\"og:locale\" content=\"en_US\" \/>\n<meta property=\"og:type\" content=\"article\" \/>\n<meta property=\"og:title\" content=\"VW PASSAT B7 MOTORI\u0106 KLAPNE GRIJANJA VW PASSAT B7 MOTORI\u0106 KLAPNE VENT - PSC Lukavec - autodijelovi\" \/>\n<meta property=\"og:description\" content=\"VW PASSAT B7 MOTORI\u0106 KLAPNE GRIJANJA VW PASSAT B7 MOTORI\u0106 KLAPNE VENTILACIJE VW PASSAT B7 MOTOR KLAPNE 1K0907511B 1K0907511D 1K0907511Q 1K1907511G 1K1907511C 1K1907511E 1K2907511C 1K2907511E 1K2907511H 2Q0907511E 3C0907511R 3C0907511T 3C0907511D 3C1907511 3C1907511B 3C1907511F 3C1907511G 3C1907511H SLIKA PRIKAZUJE STVARNO STANJE PREDMETA Kupljena roba je vrlo dobro za\u0161ti\u0107ena od o\u0161te\u0107enja prilikom transporta. Preporu\u010dite nas drugima! Vr\u0161imo i [&hellip;]\" \/>\n<meta property=\"og:url\" content=\"https:\/\/psc-lukavec.hr\/product\/vw-passat-b7-motoric-klapne-grijanja-vw-passat-b7-motoric-klapne-vent\/\" \/>\n<meta property=\"og:site_name\" content=\"PSC Lukavec - autodijelovi\" \/>\n<meta property=\"article:modified_time\" content=\"2024-08-24T10:42:12+00:00\" \/>\n<meta property=\"og:image\" content=\"https:\/\/psc-lukavec.hr\/wp-content\/uploads\/2024\/06\/209024977.jpg\" \/>\n\t<meta property=\"og:image:width\" content=\"920\" \/>\n\t<meta property=\"og:image:height\" content=\"690\" \/>\n\t<meta property=\"og:image:type\" content=\"image\/jpeg\" \/>\n<meta name=\"twitter:card\" content=\"summary_large_image\" \/>\n<meta name=\"twitter:label1\" content=\"Est. reading time\" \/>\n\t<meta name=\"twitter:data1\" content=\"1 minute\" \/>\n<script type=\"application\/ld+json\" class=\"yoast-schema-graph\">{\"@context\":\"https:\/\/schema.org\",\"@graph\":[{\"@type\":\"WebPage\",\"@id\":\"https:\/\/psc-lukavec.hr\/product\/vw-passat-b7-motoric-klapne-grijanja-vw-passat-b7-motoric-klapne-vent\/\",\"url\":\"https:\/\/psc-lukavec.hr\/product\/vw-passat-b7-motoric-klapne-grijanja-vw-passat-b7-motoric-klapne-vent\/\",\"name\":\"VW PASSAT B7 MOTORI\u0106 KLAPNE GRIJANJA VW PASSAT B7 MOTORI\u0106 KLAPNE VENT - PSC Lukavec - autodijelovi\",\"isPartOf\":{\"@id\":\"https:\/\/psc-lukavec.hr\/#website\"},\"primaryImageOfPage\":{\"@id\":\"https:\/\/psc-lukavec.hr\/product\/vw-passat-b7-motoric-klapne-grijanja-vw-passat-b7-motoric-klapne-vent\/#primaryimage\"},\"image\":{\"@id\":\"https:\/\/psc-lukavec.hr\/product\/vw-passat-b7-motoric-klapne-grijanja-vw-passat-b7-motoric-klapne-vent\/#primaryimage\"},\"thumbnailUrl\":\"https:\/\/psc-lukavec.hr\/wp-content\/uploads\/2024\/06\/209024977.jpg\",\"datePublished\":\"2024-06-13T15:50:08+00:00\",\"dateModified\":\"2024-08-24T10:42:12+00:00\",\"breadcrumb\":{\"@id\":\"https:\/\/psc-lukavec.hr\/product\/vw-passat-b7-motoric-klapne-grijanja-vw-passat-b7-motoric-klapne-vent\/#breadcrumb\"},\"inLanguage\":\"en-US\",\"potentialAction\":[{\"@type\":\"ReadAction\",\"target\":[\"https:\/\/psc-lukavec.hr\/product\/vw-passat-b7-motoric-klapne-grijanja-vw-passat-b7-motoric-klapne-vent\/\"]}]},{\"@type\":\"ImageObject\",\"inLanguage\":\"en-US\",\"@id\":\"https:\/\/psc-lukavec.hr\/product\/vw-passat-b7-motoric-klapne-grijanja-vw-passat-b7-motoric-klapne-vent\/#primaryimage\",\"url\":\"https:\/\/psc-lukavec.hr\/wp-content\/uploads\/2024\/06\/209024977.jpg\",\"contentUrl\":\"https:\/\/psc-lukavec.hr\/wp-content\/uploads\/2024\/06\/209024977.jpg\",\"width\":920,\"height\":690},{\"@type\":\"BreadcrumbList\",\"@id\":\"https:\/\/psc-lukavec.hr\/product\/vw-passat-b7-motoric-klapne-grijanja-vw-passat-b7-motoric-klapne-vent\/#breadcrumb\",\"itemListElement\":[{\"@type\":\"ListItem\",\"position\":1,\"name\":\"Po\u010detna stranica\",\"item\":\"https:\/\/psc-lukavec.hr\/\"},{\"@type\":\"ListItem\",\"position\":2,\"name\":\"Katalog proizvoda\",\"item\":\"https:\/\/psc-lukavec.hr\/shop\/\"},{\"@type\":\"ListItem\",\"position\":3,\"name\":\"VW PASSAT B7 MOTORI\u0106 KLAPNE GRIJANJA VW PASSAT B7 MOTORI\u0106 KLAPNE VENT\"}]},{\"@type\":\"WebSite\",\"@id\":\"https:\/\/psc-lukavec.hr\/#website\",\"url\":\"https:\/\/psc-lukavec.hr\/\",\"name\":\"PSC Lukavec - autodijelovi\",\"description\":\"Online trgovina rezervnih dijelova\",\"publisher\":{\"@id\":\"https:\/\/psc-lukavec.hr\/#organization\"},\"potentialAction\":[{\"@type\":\"SearchAction\",\"target\":{\"@type\":\"EntryPoint\",\"urlTemplate\":\"https:\/\/psc-lukavec.hr\/?s={search_term_string}\"},\"query-input\":{\"@type\":\"PropertyValueSpecification\",\"valueRequired\":true,\"valueName\":\"search_term_string\"}}],\"inLanguage\":\"en-US\"},{\"@type\":\"Organization\",\"@id\":\"https:\/\/psc-lukavec.hr\/#organization\",\"name\":\"PSC Lukavec - autodijelovi\",\"url\":\"https:\/\/psc-lukavec.hr\/\",\"logo\":{\"@type\":\"ImageObject\",\"inLanguage\":\"en-US\",\"@id\":\"https:\/\/psc-lukavec.hr\/#\/schema\/logo\/image\/\",\"url\":\"http:\/\/psc-lukavec.hr\/wp-content\/uploads\/2024\/10\/PartSmartShop-1728391966.png\",\"contentUrl\":\"http:\/\/psc-lukavec.hr\/wp-content\/uploads\/2024\/10\/PartSmartShop-1728391966.png\",\"width\":470,\"height\":80,\"caption\":\"PSC Lukavec - autodijelovi\"},\"image\":{\"@id\":\"https:\/\/psc-lukavec.hr\/#\/schema\/logo\/image\/\"}}]}<\/script>\n<!-- \/ Yoast SEO plugin. -->","yoast_head_json":{"title":"VW PASSAT B7 MOTORI\u0106 KLAPNE GRIJANJA VW PASSAT B7 MOTORI\u0106 KLAPNE VENT - PSC Lukavec - autodijelovi","robots":{"index":"index","follow":"follow","max-snippet":"max-snippet:-1","max-image-preview":"max-image-preview:large","max-video-preview":"max-video-preview:-1"},"canonical":"https:\/\/psc-lukavec.hr\/product\/vw-passat-b7-motoric-klapne-grijanja-vw-passat-b7-motoric-klapne-vent\/","og_locale":"en_US","og_type":"article","og_title":"VW PASSAT B7 MOTORI\u0106 KLAPNE GRIJANJA VW PASSAT B7 MOTORI\u0106 KLAPNE VENT - PSC Lukavec - autodijelovi","og_description":"VW PASSAT B7 MOTORI\u0106 KLAPNE GRIJANJA VW PASSAT B7 MOTORI\u0106 KLAPNE VENTILACIJE VW PASSAT B7 MOTOR KLAPNE 1K0907511B 1K0907511D 1K0907511Q 1K1907511G 1K1907511C 1K1907511E 1K2907511C 1K2907511E 1K2907511H 2Q0907511E 3C0907511R 3C0907511T 3C0907511D 3C1907511 3C1907511B 3C1907511F 3C1907511G 3C1907511H SLIKA PRIKAZUJE STVARNO STANJE PREDMETA Kupljena roba je vrlo dobro za\u0161ti\u0107ena od o\u0161te\u0107enja prilikom transporta. Preporu\u010dite nas drugima! Vr\u0161imo i [&hellip;]","og_url":"https:\/\/psc-lukavec.hr\/product\/vw-passat-b7-motoric-klapne-grijanja-vw-passat-b7-motoric-klapne-vent\/","og_site_name":"PSC Lukavec - autodijelovi","article_modified_time":"2024-08-24T10:42:12+00:00","og_image":[{"width":920,"height":690,"url":"https:\/\/psc-lukavec.hr\/wp-content\/uploads\/2024\/06\/209024977.jpg","type":"image\/jpeg"}],"twitter_card":"summary_large_image","twitter_misc":{"Est. reading time":"1 minute"},"schema":{"@context":"https:\/\/schema.org","@graph":[{"@type":"WebPage","@id":"https:\/\/psc-lukavec.hr\/product\/vw-passat-b7-motoric-klapne-grijanja-vw-passat-b7-motoric-klapne-vent\/","url":"https:\/\/psc-lukavec.hr\/product\/vw-passat-b7-motoric-klapne-grijanja-vw-passat-b7-motoric-klapne-vent\/","name":"VW PASSAT B7 MOTORI\u0106 KLAPNE GRIJANJA VW PASSAT B7 MOTORI\u0106 KLAPNE VENT - PSC Lukavec - autodijelovi","isPartOf":{"@id":"https:\/\/psc-lukavec.hr\/#website"},"primaryImageOfPage":{"@id":"https:\/\/psc-lukavec.hr\/product\/vw-passat-b7-motoric-klapne-grijanja-vw-passat-b7-motoric-klapne-vent\/#primaryimage"},"image":{"@id":"https:\/\/psc-lukavec.hr\/product\/vw-passat-b7-motoric-klapne-grijanja-vw-passat-b7-motoric-klapne-vent\/#primaryimage"},"thumbnailUrl":"https:\/\/psc-lukavec.hr\/wp-content\/uploads\/2024\/06\/209024977.jpg","datePublished":"2024-06-13T15:50:08+00:00","dateModified":"2024-08-24T10:42:12+00:00","breadcrumb":{"@id":"https:\/\/psc-lukavec.hr\/product\/vw-passat-b7-motoric-klapne-grijanja-vw-passat-b7-motoric-klapne-vent\/#breadcrumb"},"inLanguage":"en-US","potentialAction":[{"@type":"ReadAction","target":["https:\/\/psc-lukavec.hr\/product\/vw-passat-b7-motoric-klapne-grijanja-vw-passat-b7-motoric-klapne-vent\/"]}]},{"@type":"ImageObject","inLanguage":"en-US","@id":"https:\/\/psc-lukavec.hr\/product\/vw-passat-b7-motoric-klapne-grijanja-vw-passat-b7-motoric-klapne-vent\/#primaryimage","url":"https:\/\/psc-lukavec.hr\/wp-content\/uploads\/2024\/06\/209024977.jpg","contentUrl":"https:\/\/psc-lukavec.hr\/wp-content\/uploads\/2024\/06\/209024977.jpg","width":920,"height":690},{"@type":"BreadcrumbList","@id":"https:\/\/psc-lukavec.hr\/product\/vw-passat-b7-motoric-klapne-grijanja-vw-passat-b7-motoric-klapne-vent\/#breadcrumb","itemListElement":[{"@type":"ListItem","position":1,"name":"Po\u010detna stranica","item":"https:\/\/psc-lukavec.hr\/"},{"@type":"ListItem","position":2,"name":"Katalog proizvoda","item":"https:\/\/psc-lukavec.hr\/shop\/"},{"@type":"ListItem","position":3,"name":"VW PASSAT B7 MOTORI\u0106 KLAPNE GRIJANJA VW PASSAT B7 MOTORI\u0106 KLAPNE VENT"}]},{"@type":"WebSite","@id":"https:\/\/psc-lukavec.hr\/#website","url":"https:\/\/psc-lukavec.hr\/","name":"PSC Lukavec - autodijelovi","description":"Online trgovina rezervnih dijelova","publisher":{"@id":"https:\/\/psc-lukavec.hr\/#organization"},"potentialAction":[{"@type":"SearchAction","target":{"@type":"EntryPoint","urlTemplate":"https:\/\/psc-lukavec.hr\/?s={search_term_string}"},"query-input":{"@type":"PropertyValueSpecification","valueRequired":true,"valueName":"search_term_string"}}],"inLanguage":"en-US"},{"@type":"Organization","@id":"https:\/\/psc-lukavec.hr\/#organization","name":"PSC Lukavec - autodijelovi","url":"https:\/\/psc-lukavec.hr\/","logo":{"@type":"ImageObject","inLanguage":"en-US","@id":"https:\/\/psc-lukavec.hr\/#\/schema\/logo\/image\/","url":"http:\/\/psc-lukavec.hr\/wp-content\/uploads\/2024\/10\/PartSmartShop-1728391966.png","contentUrl":"http:\/\/psc-lukavec.hr\/wp-content\/uploads\/2024\/10\/PartSmartShop-1728391966.png","width":470,"height":80,"caption":"PSC Lukavec - autodijelovi"},"image":{"@id":"https:\/\/psc-lukavec.hr\/#\/schema\/logo\/image\/"}}]}},"_links":{"self":[{"href":"https:\/\/psc-lukavec.hr\/en\/wp-json\/wp\/v2\/product\/66764","targetHints":{"allow":["GET"]}}],"collection":[{"href":"https:\/\/psc-lukavec.hr\/en\/wp-json\/wp\/v2\/product"}],"about":[{"href":"https:\/\/psc-lukavec.hr\/en\/wp-json\/wp\/v2\/types\/product"}],"replies":[{"embeddable":true,"href":"https:\/\/psc-lukavec.hr\/en\/wp-json\/wp\/v2\/comments?post=66764"}],"wp:featuredmedia":[{"embeddable":true,"href":"https:\/\/psc-lukavec.hr\/en\/wp-json\/wp\/v2\/media\/66765"}],"wp:attachment":[{"href":"https:\/\/psc-lukavec.hr\/en\/wp-json\/wp\/v2\/media?parent=66764"}],"wp:term":[{"taxonomy":"brend","embeddable":true,"href":"https:\/\/psc-lukavec.hr\/en\/wp-json\/wp\/v2\/brend?post=66764"},{"taxonomy":"product_cat","embeddable":true,"href":"https:\/\/psc-lukavec.hr\/en\/wp-json\/wp\/v2\/product_cat?post=66764"},{"taxonomy":"product_tag","embeddable":true,"href":"https:\/\/psc-lukavec.hr\/en\/wp-json\/wp\/v2\/product_tag?post=66764"}],"curies":[{"name":"wp","href":"https:\/\/api.w.org\/{rel}","templated":true}]}}