{"id":52465,"date":"2024-06-13T13:23:38","date_gmt":"2024-06-13T13:23:38","guid":{"rendered":"http:\/\/psclukavec.hr\/product\/peugeot-307-zavojnica-volana-96439233xt\/"},"modified":"2024-08-24T11:09:11","modified_gmt":"2024-08-24T11:09:11","slug":"peugeot-307-zavojnica-volana-96439233xt","status":"publish","type":"product","link":"https:\/\/psc-lukavec.hr\/en\/product\/peugeot-307-zavojnica-volana-96439233xt\/","title":{"rendered":"PEUGEOT 307 ZAVOJNICA VOLANA 96439233XT 96439233XT"},"content":{"rendered":"<p>PEUGEOT 307 PREKIDA\u010cI SVJETALA<br \/>\nPEUGEOT 307 MODUL SVJETALA<br \/>\nPEUGEOT 307 RU\u010cICE VOLANA<br \/>\nPEUGEOT 307 PREKIDA\u010cI SVJETALA<br \/>\nPEUGEOT 307 NAMOTAJI VOLANA<br \/>\nPEUGEOT 307 PREKIDA\u010cI BRISA\u010cA<br \/>\nPEUGEOT 307 ZAVOJNICA VOLANA<br \/>\nPEUGEOT 307 RU\u010cICE OKO VOLANA<br \/>\nPEUGEOT 307 PREKIDA\u010cI OKO VOLANA<br \/>\nPEUGEOT 307 \u0160PULA VOLANA<br \/>\nPEUGEOT 307 RU\u010cICA \u017dMIGAVACA<br \/>\nPEUGEOT 307 RU\u010cICA BRISA\u010cA<br \/>\nPEUGEOT 307 ELEKTRONIKA VOLANA<br \/>\nPEUGEOT 307 RAKETA VOLANA<br \/>\nPEUGEOT RU\u010cICE VOLANA<br \/>\nPEUGEOT 307 ZAVOJNICA ZRA\u010cNIH JASTUKA<br \/>\nPEUGEOT 307 ZAVOJNICA AIRBAGA<br \/>\nPEUGEOT 307 COM2000<br \/>\nPEUGEOT 307 PROBLEM SA SVJETLIMA<br \/>\nPEUGEOT 307 PROBLEM SA \u017dMIGAVCIMA<br \/>\n96439233XT <\/p>\n<p>SLIKA PRIKAZUJE STVARNO STANJE PREDMETA <\/p>\n<p>Kupljena roba je vrlo dobro za\u0161ti\u0107ena od o\u0161te\u0107enja prilikom transporta. <\/p>\n<p>Preporu\u010dite nas drugima! <\/p>\n<p>Vr\u0161imo i prodaju u sjedi\u0161tu tvrtke <\/p>\n<p>Radno vrijeme: Ponedjeljak-Petak 08-16h,ukoliko izvan radnog vremena(molimo sms)<br \/>\nOsobni dolazak-obavezna najava.<br \/>\n_______________________________________<br \/>\nNa lageru imamo veliki asortiman rabljenih dijelova iz inozemstva i tuzemstva(preko 6500 m2 skladi\u0161nog prostora sa preko 1500 000 artikala na stanju sa kontinuiranim rastom lagera i prodaje).<br \/>\n****Cijene dijelova se mijenjaju i cijena i raspolo\u017eivost je na upit.*****<br \/>\nDugi niz godina iskustva u prodaji dijelova i otvoreni smo za suradnju sa svim servisima.<br \/>\nZa stalne kupce odobravamo popust.<br \/>\nPo\u017eeljno VIN, slika ili OE broj dijela na email, sms, viber, whatsapp<br \/>\nDostava dijelova u HR I EU na adresu kurirskim slu\u017ebama najkasnije 96h.<br \/>\nPla\u0107anje prilikom preuzimanja, tro\u0161kove dostave snosi kupac<br \/>\n_______________________________________<br \/>\nNa sve dijelove dajemo garanciju na ispravnost i uva\u017eavamo reklamacije.<br \/>\nDogodi li se da je dio ne odgovaraju\u0107i i\/ili niste zadovoljni kupljenim,<br \/>\nvra\u0107amo novac ili mijenjamo za drugi.<br \/>\nRok za reklamaciju 14 dana od kupovine, uz uvjet da dio nije rastavljan.<br \/>\nMogu\u0107nost ugovora garancije 6 mj.<br \/>\n_______________________________________<br \/>\nNudimo usluge Servisa, prijevoza vozila i radnih strojeva<br \/>\nOTKUPLJUJEMO O\u0160TE\u0106ENA I KARAMBOLIRANA VOZILA.<br \/>\nZahvaljujemo na ukazanom povjerenju i razumijevanju.<br \/>\nPogledajte ostale na\u0161e oglase.<br \/>\n_______________________________________<br \/>\nwww.psc-lukavec.hr<br \/>\npsc.lukavec@gmail.com<br \/>\n098 539240<br \/>\n099 2998989<\/p>\n","protected":false},"excerpt":{"rendered":"<p>PEUGEOT 307 PREKIDA\u010cI SVJETALA PEUGEOT 307 MODUL SVJETALA PEUGEOT 307 RU\u010cICE VOLANA PEUGEOT 307 PREKIDA\u010cI SVJETALA PEUGEOT 307 NAMOTAJI VOLANA PEUGEOT 307 PREKIDA\u010cI BRISA\u010cA PEUGEOT 307 ZAVOJNICA VOLANA PEUGEOT 307 RU\u010cICE OKO VOLANA PEUGEOT 307 PREKIDA\u010cI OKO VOLANA PEUGEOT 307 \u0160PULA VOLANA PEUGEOT 307 RU\u010cICA \u017dMIGAVACA PEUGEOT 307 RU\u010cICA BRISA\u010cA PEUGEOT 307 ELEKTRONIKA VOLANA PEUGEOT [&hellip;]<\/p>\n","protected":false},"featured_media":52466,"comment_status":"open","ping_status":"closed","template":"","meta":{"_acf_changed":false},"brend":[2608,1608],"product_cat":[3054],"product_tag":[],"class_list":{"0":"post-52465","1":"product","2":"type-product","3":"status-publish","4":"has-post-thumbnail","6":"brend-2608","7":"brend-peugeot","8":"product_cat-auto-elektronika-i-autoelektrika","10":"first","11":"instock","12":"shipping-taxable","13":"product-type-simple"},"acf":[],"yoast_head":"<!-- This site is optimized with the Yoast SEO plugin v24.9 - https:\/\/yoast.com\/wordpress\/plugins\/seo\/ -->\n<title>PEUGEOT 307 ZAVOJNICA VOLANA 96439233XT 96439233XT - PSC Lukavec - autodijelovi<\/title>\n<meta name=\"robots\" content=\"index, follow, max-snippet:-1, max-image-preview:large, max-video-preview:-1\" \/>\n<link rel=\"canonical\" href=\"https:\/\/psc-lukavec.hr\/en\/product\/peugeot-307-zavojnica-volana-96439233xt\/\" \/>\n<meta property=\"og:locale\" content=\"en_US\" \/>\n<meta property=\"og:type\" content=\"article\" \/>\n<meta property=\"og:title\" content=\"PEUGEOT 307 ZAVOJNICA VOLANA 96439233XT 96439233XT - PSC Lukavec - autodijelovi\" \/>\n<meta property=\"og:description\" content=\"PEUGEOT 307 PREKIDA\u010cI SVJETALA PEUGEOT 307 MODUL SVJETALA PEUGEOT 307 RU\u010cICE VOLANA PEUGEOT 307 PREKIDA\u010cI SVJETALA PEUGEOT 307 NAMOTAJI VOLANA PEUGEOT 307 PREKIDA\u010cI BRISA\u010cA PEUGEOT 307 ZAVOJNICA VOLANA PEUGEOT 307 RU\u010cICE OKO VOLANA PEUGEOT 307 PREKIDA\u010cI OKO VOLANA PEUGEOT 307 \u0160PULA VOLANA PEUGEOT 307 RU\u010cICA \u017dMIGAVACA PEUGEOT 307 RU\u010cICA BRISA\u010cA PEUGEOT 307 ELEKTRONIKA VOLANA PEUGEOT [&hellip;]\" \/>\n<meta property=\"og:url\" content=\"https:\/\/psc-lukavec.hr\/en\/product\/peugeot-307-zavojnica-volana-96439233xt\/\" \/>\n<meta property=\"og:site_name\" content=\"PSC Lukavec - autodijelovi\" \/>\n<meta property=\"article:modified_time\" content=\"2024-08-24T11:09:11+00:00\" \/>\n<meta property=\"og:image\" content=\"https:\/\/psc-lukavec.hr\/wp-content\/uploads\/2024\/06\/135223940.jpg\" \/>\n\t<meta property=\"og:image:width\" content=\"1024\" \/>\n\t<meta property=\"og:image:height\" content=\"683\" \/>\n\t<meta property=\"og:image:type\" content=\"image\/jpeg\" \/>\n<meta name=\"twitter:card\" content=\"summary_large_image\" \/>\n<meta name=\"twitter:label1\" content=\"Est. reading time\" \/>\n\t<meta name=\"twitter:data1\" content=\"1 minute\" \/>\n<script type=\"application\/ld+json\" class=\"yoast-schema-graph\">{\"@context\":\"https:\/\/schema.org\",\"@graph\":[{\"@type\":\"WebPage\",\"@id\":\"https:\/\/psc-lukavec.hr\/en\/product\/peugeot-307-zavojnica-volana-96439233xt\/\",\"url\":\"https:\/\/psc-lukavec.hr\/en\/product\/peugeot-307-zavojnica-volana-96439233xt\/\",\"name\":\"PEUGEOT 307 ZAVOJNICA VOLANA 96439233XT 96439233XT - PSC Lukavec - autodijelovi\",\"isPartOf\":{\"@id\":\"https:\/\/psc-lukavec.hr\/#website\"},\"primaryImageOfPage\":{\"@id\":\"https:\/\/psc-lukavec.hr\/en\/product\/peugeot-307-zavojnica-volana-96439233xt\/#primaryimage\"},\"image\":{\"@id\":\"https:\/\/psc-lukavec.hr\/en\/product\/peugeot-307-zavojnica-volana-96439233xt\/#primaryimage\"},\"thumbnailUrl\":\"https:\/\/psc-lukavec.hr\/wp-content\/uploads\/2024\/06\/135223940.jpg\",\"datePublished\":\"2024-06-13T13:23:38+00:00\",\"dateModified\":\"2024-08-24T11:09:11+00:00\",\"breadcrumb\":{\"@id\":\"https:\/\/psc-lukavec.hr\/en\/product\/peugeot-307-zavojnica-volana-96439233xt\/#breadcrumb\"},\"inLanguage\":\"en-US\",\"potentialAction\":[{\"@type\":\"ReadAction\",\"target\":[\"https:\/\/psc-lukavec.hr\/en\/product\/peugeot-307-zavojnica-volana-96439233xt\/\"]}]},{\"@type\":\"ImageObject\",\"inLanguage\":\"en-US\",\"@id\":\"https:\/\/psc-lukavec.hr\/en\/product\/peugeot-307-zavojnica-volana-96439233xt\/#primaryimage\",\"url\":\"https:\/\/psc-lukavec.hr\/wp-content\/uploads\/2024\/06\/135223940.jpg\",\"contentUrl\":\"https:\/\/psc-lukavec.hr\/wp-content\/uploads\/2024\/06\/135223940.jpg\",\"width\":1024,\"height\":683},{\"@type\":\"BreadcrumbList\",\"@id\":\"https:\/\/psc-lukavec.hr\/en\/product\/peugeot-307-zavojnica-volana-96439233xt\/#breadcrumb\",\"itemListElement\":[{\"@type\":\"ListItem\",\"position\":1,\"name\":\"Po\u010detna stranica\",\"item\":\"https:\/\/psc-lukavec.hr\/\"},{\"@type\":\"ListItem\",\"position\":2,\"name\":\"Katalog proizvoda\",\"item\":\"https:\/\/psc-lukavec.hr\/shop\/\"},{\"@type\":\"ListItem\",\"position\":3,\"name\":\"PEUGEOT 307 ZAVOJNICA VOLANA 96439233XT 96439233XT\"}]},{\"@type\":\"WebSite\",\"@id\":\"https:\/\/psc-lukavec.hr\/#website\",\"url\":\"https:\/\/psc-lukavec.hr\/\",\"name\":\"PSC Lukavec - autodijelovi\",\"description\":\"Online trgovina rezervnih dijelova\",\"publisher\":{\"@id\":\"https:\/\/psc-lukavec.hr\/#organization\"},\"potentialAction\":[{\"@type\":\"SearchAction\",\"target\":{\"@type\":\"EntryPoint\",\"urlTemplate\":\"https:\/\/psc-lukavec.hr\/?s={search_term_string}\"},\"query-input\":{\"@type\":\"PropertyValueSpecification\",\"valueRequired\":true,\"valueName\":\"search_term_string\"}}],\"inLanguage\":\"en-US\"},{\"@type\":\"Organization\",\"@id\":\"https:\/\/psc-lukavec.hr\/#organization\",\"name\":\"PSC Lukavec - autodijelovi\",\"url\":\"https:\/\/psc-lukavec.hr\/\",\"logo\":{\"@type\":\"ImageObject\",\"inLanguage\":\"en-US\",\"@id\":\"https:\/\/psc-lukavec.hr\/#\/schema\/logo\/image\/\",\"url\":\"http:\/\/psc-lukavec.hr\/wp-content\/uploads\/2024\/10\/PartSmartShop-1728391966.png\",\"contentUrl\":\"http:\/\/psc-lukavec.hr\/wp-content\/uploads\/2024\/10\/PartSmartShop-1728391966.png\",\"width\":470,\"height\":80,\"caption\":\"PSC Lukavec - autodijelovi\"},\"image\":{\"@id\":\"https:\/\/psc-lukavec.hr\/#\/schema\/logo\/image\/\"}}]}<\/script>\n<!-- \/ Yoast SEO plugin. -->","yoast_head_json":{"title":"PEUGEOT 307 ZAVOJNICA VOLANA 96439233XT 96439233XT - PSC Lukavec - autodijelovi","robots":{"index":"index","follow":"follow","max-snippet":"max-snippet:-1","max-image-preview":"max-image-preview:large","max-video-preview":"max-video-preview:-1"},"canonical":"https:\/\/psc-lukavec.hr\/en\/product\/peugeot-307-zavojnica-volana-96439233xt\/","og_locale":"en_US","og_type":"article","og_title":"PEUGEOT 307 ZAVOJNICA VOLANA 96439233XT 96439233XT - PSC Lukavec - autodijelovi","og_description":"PEUGEOT 307 PREKIDA\u010cI SVJETALA PEUGEOT 307 MODUL SVJETALA PEUGEOT 307 RU\u010cICE VOLANA PEUGEOT 307 PREKIDA\u010cI SVJETALA PEUGEOT 307 NAMOTAJI VOLANA PEUGEOT 307 PREKIDA\u010cI BRISA\u010cA PEUGEOT 307 ZAVOJNICA VOLANA PEUGEOT 307 RU\u010cICE OKO VOLANA PEUGEOT 307 PREKIDA\u010cI OKO VOLANA PEUGEOT 307 \u0160PULA VOLANA PEUGEOT 307 RU\u010cICA \u017dMIGAVACA PEUGEOT 307 RU\u010cICA BRISA\u010cA PEUGEOT 307 ELEKTRONIKA VOLANA PEUGEOT [&hellip;]","og_url":"https:\/\/psc-lukavec.hr\/en\/product\/peugeot-307-zavojnica-volana-96439233xt\/","og_site_name":"PSC Lukavec - autodijelovi","article_modified_time":"2024-08-24T11:09:11+00:00","og_image":[{"width":1024,"height":683,"url":"https:\/\/psc-lukavec.hr\/wp-content\/uploads\/2024\/06\/135223940.jpg","type":"image\/jpeg"}],"twitter_card":"summary_large_image","twitter_misc":{"Est. reading time":"1 minute"},"schema":{"@context":"https:\/\/schema.org","@graph":[{"@type":"WebPage","@id":"https:\/\/psc-lukavec.hr\/en\/product\/peugeot-307-zavojnica-volana-96439233xt\/","url":"https:\/\/psc-lukavec.hr\/en\/product\/peugeot-307-zavojnica-volana-96439233xt\/","name":"PEUGEOT 307 ZAVOJNICA VOLANA 96439233XT 96439233XT - PSC Lukavec - autodijelovi","isPartOf":{"@id":"https:\/\/psc-lukavec.hr\/#website"},"primaryImageOfPage":{"@id":"https:\/\/psc-lukavec.hr\/en\/product\/peugeot-307-zavojnica-volana-96439233xt\/#primaryimage"},"image":{"@id":"https:\/\/psc-lukavec.hr\/en\/product\/peugeot-307-zavojnica-volana-96439233xt\/#primaryimage"},"thumbnailUrl":"https:\/\/psc-lukavec.hr\/wp-content\/uploads\/2024\/06\/135223940.jpg","datePublished":"2024-06-13T13:23:38+00:00","dateModified":"2024-08-24T11:09:11+00:00","breadcrumb":{"@id":"https:\/\/psc-lukavec.hr\/en\/product\/peugeot-307-zavojnica-volana-96439233xt\/#breadcrumb"},"inLanguage":"en-US","potentialAction":[{"@type":"ReadAction","target":["https:\/\/psc-lukavec.hr\/en\/product\/peugeot-307-zavojnica-volana-96439233xt\/"]}]},{"@type":"ImageObject","inLanguage":"en-US","@id":"https:\/\/psc-lukavec.hr\/en\/product\/peugeot-307-zavojnica-volana-96439233xt\/#primaryimage","url":"https:\/\/psc-lukavec.hr\/wp-content\/uploads\/2024\/06\/135223940.jpg","contentUrl":"https:\/\/psc-lukavec.hr\/wp-content\/uploads\/2024\/06\/135223940.jpg","width":1024,"height":683},{"@type":"BreadcrumbList","@id":"https:\/\/psc-lukavec.hr\/en\/product\/peugeot-307-zavojnica-volana-96439233xt\/#breadcrumb","itemListElement":[{"@type":"ListItem","position":1,"name":"Po\u010detna stranica","item":"https:\/\/psc-lukavec.hr\/"},{"@type":"ListItem","position":2,"name":"Katalog proizvoda","item":"https:\/\/psc-lukavec.hr\/shop\/"},{"@type":"ListItem","position":3,"name":"PEUGEOT 307 ZAVOJNICA VOLANA 96439233XT 96439233XT"}]},{"@type":"WebSite","@id":"https:\/\/psc-lukavec.hr\/#website","url":"https:\/\/psc-lukavec.hr\/","name":"PSC Lukavec - autodijelovi","description":"Online trgovina rezervnih dijelova","publisher":{"@id":"https:\/\/psc-lukavec.hr\/#organization"},"potentialAction":[{"@type":"SearchAction","target":{"@type":"EntryPoint","urlTemplate":"https:\/\/psc-lukavec.hr\/?s={search_term_string}"},"query-input":{"@type":"PropertyValueSpecification","valueRequired":true,"valueName":"search_term_string"}}],"inLanguage":"en-US"},{"@type":"Organization","@id":"https:\/\/psc-lukavec.hr\/#organization","name":"PSC Lukavec - autodijelovi","url":"https:\/\/psc-lukavec.hr\/","logo":{"@type":"ImageObject","inLanguage":"en-US","@id":"https:\/\/psc-lukavec.hr\/#\/schema\/logo\/image\/","url":"http:\/\/psc-lukavec.hr\/wp-content\/uploads\/2024\/10\/PartSmartShop-1728391966.png","contentUrl":"http:\/\/psc-lukavec.hr\/wp-content\/uploads\/2024\/10\/PartSmartShop-1728391966.png","width":470,"height":80,"caption":"PSC Lukavec - autodijelovi"},"image":{"@id":"https:\/\/psc-lukavec.hr\/#\/schema\/logo\/image\/"}}]}},"_links":{"self":[{"href":"https:\/\/psc-lukavec.hr\/en\/wp-json\/wp\/v2\/product\/52465","targetHints":{"allow":["GET"]}}],"collection":[{"href":"https:\/\/psc-lukavec.hr\/en\/wp-json\/wp\/v2\/product"}],"about":[{"href":"https:\/\/psc-lukavec.hr\/en\/wp-json\/wp\/v2\/types\/product"}],"replies":[{"embeddable":true,"href":"https:\/\/psc-lukavec.hr\/en\/wp-json\/wp\/v2\/comments?post=52465"}],"wp:featuredmedia":[{"embeddable":true,"href":"https:\/\/psc-lukavec.hr\/en\/wp-json\/wp\/v2\/media\/52466"}],"wp:attachment":[{"href":"https:\/\/psc-lukavec.hr\/en\/wp-json\/wp\/v2\/media?parent=52465"}],"wp:term":[{"taxonomy":"brend","embeddable":true,"href":"https:\/\/psc-lukavec.hr\/en\/wp-json\/wp\/v2\/brend?post=52465"},{"taxonomy":"product_cat","embeddable":true,"href":"https:\/\/psc-lukavec.hr\/en\/wp-json\/wp\/v2\/product_cat?post=52465"},{"taxonomy":"product_tag","embeddable":true,"href":"https:\/\/psc-lukavec.hr\/en\/wp-json\/wp\/v2\/product_tag?post=52465"}],"curies":[{"name":"wp","href":"https:\/\/api.w.org\/{rel}","templated":true}]}}