{"id":302976,"date":"2024-08-24T10:19:01","date_gmt":"2024-08-24T10:19:01","guid":{"rendered":"http:\/\/psclukavec.hr\/product\/vw-touran-zavojnica-volana-vw-touran-zavojnica-zracnih-jastuka\/"},"modified":"2025-12-01T08:12:13","modified_gmt":"2025-12-01T08:12:13","slug":"vw-touran-zavojnica-volana-vw-touran-zavojnica-zracnih-jastuka","status":"publish","type":"product","link":"https:\/\/psc-lukavec.hr\/en\/product\/vw-touran-zavojnica-volana-vw-touran-zavojnica-zracnih-jastuka\/","title":{"rendered":"VW TOURAN ZAVOJNICA VOLANA  VW TOURAN ZAVOJNICA ZRACNIH JASTUKA"},"content":{"rendered":"<p>VW TOURAN ZAVOJNICA VOLANA<br \/>\nVW TOURAN ZAVOJNICA ZRACNIH JASTUKA<br \/>\nVW TOURAN ZAVOJNICA AIRBAGA<br \/>\nVW TOURAN ZAVOJNICA AIRBAGA<br \/>\nVW TOURAN \u0160PULNA VOLANA<br \/>\nVW TOURAN ZAVOJNICA VOZAVEVOG ZRACNOG JASTUKA<br \/>\nVW TOURAN ELEKTRINIKA VOLANA<br \/>\nVW TOURAN ZAVOJNICA ZRACNOG JASTUKA VOZACA<br \/>\nVW TOURAN ZAVOJNICA AIRBAGA VOZACA<br \/>\nVW TOURAN \u0160PULA VOLANA<br \/>\nVW TOURAN MODUL VOLANA<br \/>\nVW TOURAN \u0160PULNA AIRBAGA<br \/>\nVW TOURAN \u0160PULNA VOZACEVOG ZRACNOG JASTUKA<br \/>\n5K0953569<br \/>\n5K0953569T<br \/>\n5K0953569C<br \/>\n5K0953569E<br \/>\n5K09535BDE<br \/>\n5K0953569AS<br \/>\n5K0953569AH<br \/>\n5K0953569BD<br \/>\n5K0953569AB<br \/>\n5K0953569N<br \/>\n5K0953569J<br \/>\n5K0953569L<\/p>\n<p>NOVO..ORIGINALNO..VI\u0160E KOMADA NA STANJU<\/p>\n<p>MOGUCNOST POPRAVAKA SVIM MODELA ZAVOJNICA U NASEM SERVISU<\/p>\n<p>SLIKA PRIKAZUJE STVARNO STANJE PREDMETA<\/p>\n<p>Kupljena roba je vrlo dobro za\u0161ti\u0107ena od o\u0161te\u0107enja prilikom transporta.<\/p>\n<p>Preporu\u010dite nas drugima!<\/p>\n<p>Vr\u0161imo i prodaju u sjedi\u0161tu tvrtke<\/p>\n<p>Radno vrijeme: Ponedjeljak-Petak 08-16h,ukoliko izvan radnog vremena(molimo sms)<br \/>\nOsobni dolazak-obavezna najava.<br \/>\n_______________________________________<br \/>\nNa lageru imamo veliki asortiman rabljenih dijelova iz inozemstva i tuzemstva(preko 6500 m2 skladi\u0161nog prostora sa preko 1500 000 artikala na stanju sa kontinuiranim rastom lagera i prodaje).<br \/>\n****Cijene dijelova se mijenjaju i cijena i raspolo\u017eivost je na upit.*****<br \/>\nDugi niz godina iskustva u prodaji dijelova i otvoreni smo za suradnju sa svim servisima.<br \/>\nZa stalne kupce odobravamo popust.<br \/>\nPo\u017eeljno VIN, slika ili OE broj dijela na email, sms, viber, whatsapp<br \/>\nDostava dijelova u HR I EU na adresu kurirskim slu\u017ebama najkasnije 96h.<br \/>\nPla\u0107anje prilikom preuzimanja, tro\u0161kove dostave snosi kupac<br \/>\n_______________________________________<br \/>\nNa sve dijelove dajemo garanciju na ispravnost i uva\u017eavamo reklamacije.<br \/>\nDogodi li se da je dio ne odgovaraju\u0107i i\/ili niste zadovoljni kupljenim,<br \/>\nvra\u0107amo novac ili mijenjamo za drugi.<br \/>\nRok za reklamaciju 14 dana od kupovine, uz uvjet da dio nije rastavljan.<br \/>\nMogu\u0107nost ugovora garancije 6 mj.<br \/>\n_______________________________________<br \/>\nNudimo usluge Servisa, prijevoza vozila i radnih strojeva<br \/>\nOTKUPLJUJEMO O\u0160TE\u0106ENA I KARAMBOLIRANA VOZILA.<br \/>\nZahvaljujemo na ukazanom povjerenju i razumijevanju.<br \/>\nPogledajte ostale na\u0161e oglase.<br \/>\n_______________________________________<br \/>\nwww.psc-lukavec.hr<br \/>\npsc.lukavec@gmail.com<br \/>\n098 539240<br \/>\n099 2998989<\/p>\n","protected":false},"excerpt":{"rendered":"<p>VW TOURAN ZAVOJNICA VOLANA VW TOURAN ZAVOJNICA ZRACNIH JASTUKA VW TOURAN ZAVOJNICA AIRBAGA VW TOURAN ZAVOJNICA AIRBAGA VW TOURAN \u0160PULNA VOLANA VW TOURAN ZAVOJNICA VOZAVEVOG ZRACNOG JASTUKA VW TOURAN ELEKTRINIKA VOLANA VW TOURAN ZAVOJNICA ZRACNOG JASTUKA VOZACA VW TOURAN ZAVOJNICA AIRBAGA VOZACA VW TOURAN \u0160PULA VOLANA VW TOURAN MODUL VOLANA VW TOURAN \u0160PULNA AIRBAGA VW [&hellip;]<\/p>\n","protected":false},"featured_media":302977,"comment_status":"open","ping_status":"closed","template":"","meta":{"_acf_changed":false},"brend":[3034,1632],"product_cat":[3054],"product_tag":[],"class_list":{"0":"post-302976","1":"product","2":"type-product","3":"status-publish","4":"has-post-thumbnail","6":"brend-touran","7":"brend-vw","8":"product_cat-auto-elektronika-i-autoelektrika","10":"first","11":"instock","12":"shipping-taxable","13":"purchasable","14":"product-type-simple"},"acf":[],"yoast_head":"<!-- This site is optimized with the Yoast SEO plugin v24.9 - https:\/\/yoast.com\/wordpress\/plugins\/seo\/ -->\n<title>VW TOURAN ZAVOJNICA VOLANA VW TOURAN ZAVOJNICA ZRACNIH JASTUKA - PSC Lukavec - autodijelovi<\/title>\n<meta name=\"robots\" content=\"index, follow, max-snippet:-1, max-image-preview:large, max-video-preview:-1\" \/>\n<link rel=\"canonical\" href=\"https:\/\/psc-lukavec.hr\/en\/product\/vw-touran-zavojnica-volana-vw-touran-zavojnica-zracnih-jastuka\/\" \/>\n<meta property=\"og:locale\" content=\"en_US\" \/>\n<meta property=\"og:type\" content=\"article\" \/>\n<meta property=\"og:title\" content=\"VW TOURAN ZAVOJNICA VOLANA VW TOURAN ZAVOJNICA ZRACNIH JASTUKA - PSC Lukavec - autodijelovi\" \/>\n<meta property=\"og:description\" content=\"VW TOURAN ZAVOJNICA VOLANA VW TOURAN ZAVOJNICA ZRACNIH JASTUKA VW TOURAN ZAVOJNICA AIRBAGA VW TOURAN ZAVOJNICA AIRBAGA VW TOURAN \u0160PULNA VOLANA VW TOURAN ZAVOJNICA VOZAVEVOG ZRACNOG JASTUKA VW TOURAN ELEKTRINIKA VOLANA VW TOURAN ZAVOJNICA ZRACNOG JASTUKA VOZACA VW TOURAN ZAVOJNICA AIRBAGA VOZACA VW TOURAN \u0160PULA VOLANA VW TOURAN MODUL VOLANA VW TOURAN \u0160PULNA AIRBAGA VW [&hellip;]\" \/>\n<meta property=\"og:url\" content=\"https:\/\/psc-lukavec.hr\/en\/product\/vw-touran-zavojnica-volana-vw-touran-zavojnica-zracnih-jastuka\/\" \/>\n<meta property=\"og:site_name\" content=\"PSC Lukavec - autodijelovi\" \/>\n<meta property=\"article:modified_time\" content=\"2025-12-01T08:12:13+00:00\" \/>\n<meta property=\"og:image\" content=\"https:\/\/psc-lukavec.hr\/wp-content\/uploads\/2024\/08\/223287034.jpg\" \/>\n\t<meta property=\"og:image:width\" content=\"920\" \/>\n\t<meta property=\"og:image:height\" content=\"690\" \/>\n\t<meta property=\"og:image:type\" content=\"image\/jpeg\" \/>\n<meta name=\"twitter:card\" content=\"summary_large_image\" \/>\n<meta name=\"twitter:label1\" content=\"Est. reading time\" \/>\n\t<meta name=\"twitter:data1\" content=\"2 minutes\" \/>\n<script type=\"application\/ld+json\" class=\"yoast-schema-graph\">{\"@context\":\"https:\/\/schema.org\",\"@graph\":[{\"@type\":\"WebPage\",\"@id\":\"https:\/\/psc-lukavec.hr\/en\/product\/vw-touran-zavojnica-volana-vw-touran-zavojnica-zracnih-jastuka\/\",\"url\":\"https:\/\/psc-lukavec.hr\/en\/product\/vw-touran-zavojnica-volana-vw-touran-zavojnica-zracnih-jastuka\/\",\"name\":\"VW TOURAN ZAVOJNICA VOLANA VW TOURAN ZAVOJNICA ZRACNIH JASTUKA - PSC Lukavec - autodijelovi\",\"isPartOf\":{\"@id\":\"http:\/\/psc-lukavec.hr\/en\/#website\"},\"primaryImageOfPage\":{\"@id\":\"https:\/\/psc-lukavec.hr\/en\/product\/vw-touran-zavojnica-volana-vw-touran-zavojnica-zracnih-jastuka\/#primaryimage\"},\"image\":{\"@id\":\"https:\/\/psc-lukavec.hr\/en\/product\/vw-touran-zavojnica-volana-vw-touran-zavojnica-zracnih-jastuka\/#primaryimage\"},\"thumbnailUrl\":\"https:\/\/psc-lukavec.hr\/wp-content\/uploads\/2024\/08\/223287034.jpg\",\"datePublished\":\"2024-08-24T10:19:01+00:00\",\"dateModified\":\"2025-12-01T08:12:13+00:00\",\"breadcrumb\":{\"@id\":\"https:\/\/psc-lukavec.hr\/en\/product\/vw-touran-zavojnica-volana-vw-touran-zavojnica-zracnih-jastuka\/#breadcrumb\"},\"inLanguage\":\"en-US\",\"potentialAction\":[{\"@type\":\"ReadAction\",\"target\":[\"https:\/\/psc-lukavec.hr\/en\/product\/vw-touran-zavojnica-volana-vw-touran-zavojnica-zracnih-jastuka\/\"]}]},{\"@type\":\"ImageObject\",\"inLanguage\":\"en-US\",\"@id\":\"https:\/\/psc-lukavec.hr\/en\/product\/vw-touran-zavojnica-volana-vw-touran-zavojnica-zracnih-jastuka\/#primaryimage\",\"url\":\"https:\/\/psc-lukavec.hr\/wp-content\/uploads\/2024\/08\/223287034.jpg\",\"contentUrl\":\"https:\/\/psc-lukavec.hr\/wp-content\/uploads\/2024\/08\/223287034.jpg\",\"width\":920,\"height\":690},{\"@type\":\"BreadcrumbList\",\"@id\":\"https:\/\/psc-lukavec.hr\/en\/product\/vw-touran-zavojnica-volana-vw-touran-zavojnica-zracnih-jastuka\/#breadcrumb\",\"itemListElement\":[{\"@type\":\"ListItem\",\"position\":1,\"name\":\"Po\u010detna stranica\",\"item\":\"http:\/\/psc-lukavec.hr\/\"},{\"@type\":\"ListItem\",\"position\":2,\"name\":\"Katalog proizvoda\",\"item\":\"http:\/\/psc-lukavec.hr\/shop\/\"},{\"@type\":\"ListItem\",\"position\":3,\"name\":\"VW TOURAN ZAVOJNICA VOLANA VW TOURAN ZAVOJNICA ZRACNIH JASTUKA\"}]},{\"@type\":\"WebSite\",\"@id\":\"http:\/\/psc-lukavec.hr\/en\/#website\",\"url\":\"http:\/\/psc-lukavec.hr\/en\/\",\"name\":\"PSC Lukavec - autodijelovi\",\"description\":\"Online trgovina rezervnih dijelova\",\"publisher\":{\"@id\":\"http:\/\/psc-lukavec.hr\/en\/#organization\"},\"potentialAction\":[{\"@type\":\"SearchAction\",\"target\":{\"@type\":\"EntryPoint\",\"urlTemplate\":\"http:\/\/psc-lukavec.hr\/en\/?s={search_term_string}\"},\"query-input\":{\"@type\":\"PropertyValueSpecification\",\"valueRequired\":true,\"valueName\":\"search_term_string\"}}],\"inLanguage\":\"en-US\"},{\"@type\":\"Organization\",\"@id\":\"http:\/\/psc-lukavec.hr\/en\/#organization\",\"name\":\"PSC Lukavec - autodijelovi\",\"url\":\"http:\/\/psc-lukavec.hr\/en\/\",\"logo\":{\"@type\":\"ImageObject\",\"inLanguage\":\"en-US\",\"@id\":\"http:\/\/psc-lukavec.hr\/en\/#\/schema\/logo\/image\/\",\"url\":\"http:\/\/psc-lukavec.hr\/wp-content\/uploads\/2024\/10\/PartSmartShop-1728391966.png\",\"contentUrl\":\"http:\/\/psc-lukavec.hr\/wp-content\/uploads\/2024\/10\/PartSmartShop-1728391966.png\",\"width\":470,\"height\":80,\"caption\":\"PSC Lukavec - autodijelovi\"},\"image\":{\"@id\":\"http:\/\/psc-lukavec.hr\/en\/#\/schema\/logo\/image\/\"}}]}<\/script>\n<!-- \/ Yoast SEO plugin. -->","yoast_head_json":{"title":"VW TOURAN ZAVOJNICA VOLANA VW TOURAN ZAVOJNICA ZRACNIH JASTUKA - PSC Lukavec - autodijelovi","robots":{"index":"index","follow":"follow","max-snippet":"max-snippet:-1","max-image-preview":"max-image-preview:large","max-video-preview":"max-video-preview:-1"},"canonical":"https:\/\/psc-lukavec.hr\/en\/product\/vw-touran-zavojnica-volana-vw-touran-zavojnica-zracnih-jastuka\/","og_locale":"en_US","og_type":"article","og_title":"VW TOURAN ZAVOJNICA VOLANA VW TOURAN ZAVOJNICA ZRACNIH JASTUKA - PSC Lukavec - autodijelovi","og_description":"VW TOURAN ZAVOJNICA VOLANA VW TOURAN ZAVOJNICA ZRACNIH JASTUKA VW TOURAN ZAVOJNICA AIRBAGA VW TOURAN ZAVOJNICA AIRBAGA VW TOURAN \u0160PULNA VOLANA VW TOURAN ZAVOJNICA VOZAVEVOG ZRACNOG JASTUKA VW TOURAN ELEKTRINIKA VOLANA VW TOURAN ZAVOJNICA ZRACNOG JASTUKA VOZACA VW TOURAN ZAVOJNICA AIRBAGA VOZACA VW TOURAN \u0160PULA VOLANA VW TOURAN MODUL VOLANA VW TOURAN \u0160PULNA AIRBAGA VW [&hellip;]","og_url":"https:\/\/psc-lukavec.hr\/en\/product\/vw-touran-zavojnica-volana-vw-touran-zavojnica-zracnih-jastuka\/","og_site_name":"PSC Lukavec - autodijelovi","article_modified_time":"2025-12-01T08:12:13+00:00","og_image":[{"width":920,"height":690,"url":"https:\/\/psc-lukavec.hr\/wp-content\/uploads\/2024\/08\/223287034.jpg","type":"image\/jpeg"}],"twitter_card":"summary_large_image","twitter_misc":{"Est. reading time":"2 minutes"},"schema":{"@context":"https:\/\/schema.org","@graph":[{"@type":"WebPage","@id":"https:\/\/psc-lukavec.hr\/en\/product\/vw-touran-zavojnica-volana-vw-touran-zavojnica-zracnih-jastuka\/","url":"https:\/\/psc-lukavec.hr\/en\/product\/vw-touran-zavojnica-volana-vw-touran-zavojnica-zracnih-jastuka\/","name":"VW TOURAN ZAVOJNICA VOLANA VW TOURAN ZAVOJNICA ZRACNIH JASTUKA - PSC Lukavec - autodijelovi","isPartOf":{"@id":"http:\/\/psc-lukavec.hr\/en\/#website"},"primaryImageOfPage":{"@id":"https:\/\/psc-lukavec.hr\/en\/product\/vw-touran-zavojnica-volana-vw-touran-zavojnica-zracnih-jastuka\/#primaryimage"},"image":{"@id":"https:\/\/psc-lukavec.hr\/en\/product\/vw-touran-zavojnica-volana-vw-touran-zavojnica-zracnih-jastuka\/#primaryimage"},"thumbnailUrl":"https:\/\/psc-lukavec.hr\/wp-content\/uploads\/2024\/08\/223287034.jpg","datePublished":"2024-08-24T10:19:01+00:00","dateModified":"2025-12-01T08:12:13+00:00","breadcrumb":{"@id":"https:\/\/psc-lukavec.hr\/en\/product\/vw-touran-zavojnica-volana-vw-touran-zavojnica-zracnih-jastuka\/#breadcrumb"},"inLanguage":"en-US","potentialAction":[{"@type":"ReadAction","target":["https:\/\/psc-lukavec.hr\/en\/product\/vw-touran-zavojnica-volana-vw-touran-zavojnica-zracnih-jastuka\/"]}]},{"@type":"ImageObject","inLanguage":"en-US","@id":"https:\/\/psc-lukavec.hr\/en\/product\/vw-touran-zavojnica-volana-vw-touran-zavojnica-zracnih-jastuka\/#primaryimage","url":"https:\/\/psc-lukavec.hr\/wp-content\/uploads\/2024\/08\/223287034.jpg","contentUrl":"https:\/\/psc-lukavec.hr\/wp-content\/uploads\/2024\/08\/223287034.jpg","width":920,"height":690},{"@type":"BreadcrumbList","@id":"https:\/\/psc-lukavec.hr\/en\/product\/vw-touran-zavojnica-volana-vw-touran-zavojnica-zracnih-jastuka\/#breadcrumb","itemListElement":[{"@type":"ListItem","position":1,"name":"Po\u010detna stranica","item":"http:\/\/psc-lukavec.hr\/"},{"@type":"ListItem","position":2,"name":"Katalog proizvoda","item":"http:\/\/psc-lukavec.hr\/shop\/"},{"@type":"ListItem","position":3,"name":"VW TOURAN ZAVOJNICA VOLANA VW TOURAN ZAVOJNICA ZRACNIH JASTUKA"}]},{"@type":"WebSite","@id":"http:\/\/psc-lukavec.hr\/en\/#website","url":"http:\/\/psc-lukavec.hr\/en\/","name":"PSC Lukavec - autodijelovi","description":"Online trgovina rezervnih dijelova","publisher":{"@id":"http:\/\/psc-lukavec.hr\/en\/#organization"},"potentialAction":[{"@type":"SearchAction","target":{"@type":"EntryPoint","urlTemplate":"http:\/\/psc-lukavec.hr\/en\/?s={search_term_string}"},"query-input":{"@type":"PropertyValueSpecification","valueRequired":true,"valueName":"search_term_string"}}],"inLanguage":"en-US"},{"@type":"Organization","@id":"http:\/\/psc-lukavec.hr\/en\/#organization","name":"PSC Lukavec - autodijelovi","url":"http:\/\/psc-lukavec.hr\/en\/","logo":{"@type":"ImageObject","inLanguage":"en-US","@id":"http:\/\/psc-lukavec.hr\/en\/#\/schema\/logo\/image\/","url":"http:\/\/psc-lukavec.hr\/wp-content\/uploads\/2024\/10\/PartSmartShop-1728391966.png","contentUrl":"http:\/\/psc-lukavec.hr\/wp-content\/uploads\/2024\/10\/PartSmartShop-1728391966.png","width":470,"height":80,"caption":"PSC Lukavec - autodijelovi"},"image":{"@id":"http:\/\/psc-lukavec.hr\/en\/#\/schema\/logo\/image\/"}}]}},"_links":{"self":[{"href":"https:\/\/psc-lukavec.hr\/en\/wp-json\/wp\/v2\/product\/302976","targetHints":{"allow":["GET"]}}],"collection":[{"href":"https:\/\/psc-lukavec.hr\/en\/wp-json\/wp\/v2\/product"}],"about":[{"href":"https:\/\/psc-lukavec.hr\/en\/wp-json\/wp\/v2\/types\/product"}],"replies":[{"embeddable":true,"href":"https:\/\/psc-lukavec.hr\/en\/wp-json\/wp\/v2\/comments?post=302976"}],"wp:featuredmedia":[{"embeddable":true,"href":"https:\/\/psc-lukavec.hr\/en\/wp-json\/wp\/v2\/media\/302977"}],"wp:attachment":[{"href":"https:\/\/psc-lukavec.hr\/en\/wp-json\/wp\/v2\/media?parent=302976"}],"wp:term":[{"taxonomy":"brend","embeddable":true,"href":"https:\/\/psc-lukavec.hr\/en\/wp-json\/wp\/v2\/brend?post=302976"},{"taxonomy":"product_cat","embeddable":true,"href":"https:\/\/psc-lukavec.hr\/en\/wp-json\/wp\/v2\/product_cat?post=302976"},{"taxonomy":"product_tag","embeddable":true,"href":"https:\/\/psc-lukavec.hr\/en\/wp-json\/wp\/v2\/product_tag?post=302976"}],"curies":[{"name":"wp","href":"https:\/\/api.w.org\/{rel}","templated":true}]}}