{"id":174059,"date":"2024-06-14T23:05:34","date_gmt":"2024-06-14T23:05:34","guid":{"rendered":"http:\/\/psclukavec.hr\/product\/renault-thalia-dijelovi-1-5-dci-2002\/"},"modified":"2024-08-24T11:22:40","modified_gmt":"2024-08-24T11:22:40","slug":"renault-thalia-dijelovi-1-5-dci-2002","status":"publish","type":"product","link":"https:\/\/psc-lukavec.hr\/en\/product\/renault-thalia-dijelovi-1-5-dci-2002\/","title":{"rendered":"RENAULT THALIA DIJELOVI 1.5 DCI 2002."},"content":{"rendered":"<p>RENAULT THALIA DIJELOVI 1.5 DCI 2002.<br \/>\nMOTOR: K9K 700<br \/>\nMJENJA\u010c: JB3 976<br \/>\n2002.<br \/>\nVF1LB07CF28119362<\/p>\n<p>SLIKA PRIKAZUJE STVARNO STANJE PREDMETA<br \/>\nKupljena roba je vrlo dobro za\u0161ti\u0107ena od o\u0161te\u0107enja prilikom transporta. <\/p>\n<p>Preporu\u010dite nas drugima! <\/p>\n<p>Vr\u0161imo i prodaju u sjedi\u0161tu tvrtke <\/p>\n<p>Radno vrijeme: Ponedjeljak-Petak 08-16h,ukoliko izvan radnog vremena(molimo sms)<br \/>\nOsobni dolazak &gt;&gt;obavezna najava.<\/p>\n","protected":false},"excerpt":{"rendered":"<p>RENAULT THALIA DIJELOVI 1.5 DCI 2002. MOTOR: K9K 700 MJENJA\u010c: JB3 976 2002. VF1LB07CF28119362 SLIKA PRIKAZUJE STVARNO STANJE PREDMETA Kupljena roba je vrlo dobro za\u0161ti\u0107ena od o\u0161te\u0107enja prilikom transporta. Preporu\u010dite nas drugima! Vr\u0161imo i prodaju u sjedi\u0161tu tvrtke Radno vrijeme: Ponedjeljak-Petak 08-16h,ukoliko izvan radnog vremena(molimo sms) Osobni dolazak &gt;&gt;obavezna najava.<\/p>\n","protected":false},"featured_media":240149,"comment_status":"open","ping_status":"closed","template":"","meta":{"_acf_changed":false},"brend":[1614],"product_cat":[3062],"product_tag":[],"class_list":{"0":"post-174059","1":"product","2":"type-product","3":"status-publish","4":"has-post-thumbnail","6":"brend-renault","7":"product_cat-karambolirani-automobili","9":"first","10":"instock","11":"shipping-taxable","12":"product-type-simple"},"acf":[],"yoast_head":"<!-- This site is optimized with the Yoast SEO plugin v24.9 - https:\/\/yoast.com\/wordpress\/plugins\/seo\/ -->\n<title>RENAULT THALIA DIJELOVI 1.5 DCI 2002. - PSC Lukavec - autodijelovi<\/title>\n<meta name=\"robots\" content=\"index, follow, max-snippet:-1, max-image-preview:large, max-video-preview:-1\" \/>\n<link rel=\"canonical\" href=\"https:\/\/psc-lukavec.hr\/en\/product\/renault-thalia-dijelovi-1-5-dci-2002\/\" \/>\n<meta property=\"og:locale\" content=\"en_US\" \/>\n<meta property=\"og:type\" content=\"article\" \/>\n<meta property=\"og:title\" content=\"RENAULT THALIA DIJELOVI 1.5 DCI 2002. - PSC Lukavec - autodijelovi\" \/>\n<meta property=\"og:description\" content=\"RENAULT THALIA DIJELOVI 1.5 DCI 2002. MOTOR: K9K 700 MJENJA\u010c: JB3 976 2002. VF1LB07CF28119362 SLIKA PRIKAZUJE STVARNO STANJE PREDMETA Kupljena roba je vrlo dobro za\u0161ti\u0107ena od o\u0161te\u0107enja prilikom transporta. Preporu\u010dite nas drugima! Vr\u0161imo i prodaju u sjedi\u0161tu tvrtke Radno vrijeme: Ponedjeljak-Petak 08-16h,ukoliko izvan radnog vremena(molimo sms) Osobni dolazak &gt;&gt;obavezna najava.\" \/>\n<meta property=\"og:url\" content=\"https:\/\/psc-lukavec.hr\/en\/product\/renault-thalia-dijelovi-1-5-dci-2002\/\" \/>\n<meta property=\"og:site_name\" content=\"PSC Lukavec - autodijelovi\" \/>\n<meta property=\"article:modified_time\" content=\"2024-08-24T11:22:40+00:00\" \/>\n<meta property=\"og:image\" content=\"https:\/\/psc-lukavec.hr\/wp-content\/uploads\/2024\/06\/192154333-1.jpg\" \/>\n\t<meta property=\"og:image:width\" content=\"1024\" \/>\n\t<meta property=\"og:image:height\" content=\"768\" \/>\n\t<meta property=\"og:image:type\" content=\"image\/jpeg\" \/>\n<meta name=\"twitter:card\" content=\"summary_large_image\" \/>\n<script type=\"application\/ld+json\" class=\"yoast-schema-graph\">{\"@context\":\"https:\/\/schema.org\",\"@graph\":[{\"@type\":\"WebPage\",\"@id\":\"https:\/\/psc-lukavec.hr\/en\/product\/renault-thalia-dijelovi-1-5-dci-2002\/\",\"url\":\"https:\/\/psc-lukavec.hr\/en\/product\/renault-thalia-dijelovi-1-5-dci-2002\/\",\"name\":\"RENAULT THALIA DIJELOVI 1.5 DCI 2002. - PSC Lukavec - autodijelovi\",\"isPartOf\":{\"@id\":\"https:\/\/psc-lukavec.hr\/#website\"},\"primaryImageOfPage\":{\"@id\":\"https:\/\/psc-lukavec.hr\/en\/product\/renault-thalia-dijelovi-1-5-dci-2002\/#primaryimage\"},\"image\":{\"@id\":\"https:\/\/psc-lukavec.hr\/en\/product\/renault-thalia-dijelovi-1-5-dci-2002\/#primaryimage\"},\"thumbnailUrl\":\"https:\/\/psc-lukavec.hr\/wp-content\/uploads\/2024\/06\/192154333-1.jpg\",\"datePublished\":\"2024-06-14T23:05:34+00:00\",\"dateModified\":\"2024-08-24T11:22:40+00:00\",\"breadcrumb\":{\"@id\":\"https:\/\/psc-lukavec.hr\/en\/product\/renault-thalia-dijelovi-1-5-dci-2002\/#breadcrumb\"},\"inLanguage\":\"en-US\",\"potentialAction\":[{\"@type\":\"ReadAction\",\"target\":[\"https:\/\/psc-lukavec.hr\/en\/product\/renault-thalia-dijelovi-1-5-dci-2002\/\"]}]},{\"@type\":\"ImageObject\",\"inLanguage\":\"en-US\",\"@id\":\"https:\/\/psc-lukavec.hr\/en\/product\/renault-thalia-dijelovi-1-5-dci-2002\/#primaryimage\",\"url\":\"https:\/\/psc-lukavec.hr\/wp-content\/uploads\/2024\/06\/192154333-1.jpg\",\"contentUrl\":\"https:\/\/psc-lukavec.hr\/wp-content\/uploads\/2024\/06\/192154333-1.jpg\",\"width\":1024,\"height\":768},{\"@type\":\"BreadcrumbList\",\"@id\":\"https:\/\/psc-lukavec.hr\/en\/product\/renault-thalia-dijelovi-1-5-dci-2002\/#breadcrumb\",\"itemListElement\":[{\"@type\":\"ListItem\",\"position\":1,\"name\":\"Po\u010detna stranica\",\"item\":\"https:\/\/psc-lukavec.hr\/\"},{\"@type\":\"ListItem\",\"position\":2,\"name\":\"Katalog proizvoda\",\"item\":\"https:\/\/psc-lukavec.hr\/shop\/\"},{\"@type\":\"ListItem\",\"position\":3,\"name\":\"RENAULT THALIA DIJELOVI 1.5 DCI 2002.\"}]},{\"@type\":\"WebSite\",\"@id\":\"https:\/\/psc-lukavec.hr\/#website\",\"url\":\"https:\/\/psc-lukavec.hr\/\",\"name\":\"PSC Lukavec - autodijelovi\",\"description\":\"Online trgovina rezervnih dijelova\",\"publisher\":{\"@id\":\"https:\/\/psc-lukavec.hr\/#organization\"},\"potentialAction\":[{\"@type\":\"SearchAction\",\"target\":{\"@type\":\"EntryPoint\",\"urlTemplate\":\"https:\/\/psc-lukavec.hr\/?s={search_term_string}\"},\"query-input\":{\"@type\":\"PropertyValueSpecification\",\"valueRequired\":true,\"valueName\":\"search_term_string\"}}],\"inLanguage\":\"en-US\"},{\"@type\":\"Organization\",\"@id\":\"https:\/\/psc-lukavec.hr\/#organization\",\"name\":\"PSC Lukavec - autodijelovi\",\"url\":\"https:\/\/psc-lukavec.hr\/\",\"logo\":{\"@type\":\"ImageObject\",\"inLanguage\":\"en-US\",\"@id\":\"https:\/\/psc-lukavec.hr\/#\/schema\/logo\/image\/\",\"url\":\"http:\/\/psc-lukavec.hr\/wp-content\/uploads\/2024\/10\/PartSmartShop-1728391966.png\",\"contentUrl\":\"http:\/\/psc-lukavec.hr\/wp-content\/uploads\/2024\/10\/PartSmartShop-1728391966.png\",\"width\":470,\"height\":80,\"caption\":\"PSC Lukavec - autodijelovi\"},\"image\":{\"@id\":\"https:\/\/psc-lukavec.hr\/#\/schema\/logo\/image\/\"}}]}<\/script>\n<!-- \/ Yoast SEO plugin. -->","yoast_head_json":{"title":"RENAULT THALIA DIJELOVI 1.5 DCI 2002. - PSC Lukavec - autodijelovi","robots":{"index":"index","follow":"follow","max-snippet":"max-snippet:-1","max-image-preview":"max-image-preview:large","max-video-preview":"max-video-preview:-1"},"canonical":"https:\/\/psc-lukavec.hr\/en\/product\/renault-thalia-dijelovi-1-5-dci-2002\/","og_locale":"en_US","og_type":"article","og_title":"RENAULT THALIA DIJELOVI 1.5 DCI 2002. - PSC Lukavec - autodijelovi","og_description":"RENAULT THALIA DIJELOVI 1.5 DCI 2002. MOTOR: K9K 700 MJENJA\u010c: JB3 976 2002. VF1LB07CF28119362 SLIKA PRIKAZUJE STVARNO STANJE PREDMETA Kupljena roba je vrlo dobro za\u0161ti\u0107ena od o\u0161te\u0107enja prilikom transporta. Preporu\u010dite nas drugima! Vr\u0161imo i prodaju u sjedi\u0161tu tvrtke Radno vrijeme: Ponedjeljak-Petak 08-16h,ukoliko izvan radnog vremena(molimo sms) Osobni dolazak &gt;&gt;obavezna najava.","og_url":"https:\/\/psc-lukavec.hr\/en\/product\/renault-thalia-dijelovi-1-5-dci-2002\/","og_site_name":"PSC Lukavec - autodijelovi","article_modified_time":"2024-08-24T11:22:40+00:00","og_image":[{"width":1024,"height":768,"url":"https:\/\/psc-lukavec.hr\/wp-content\/uploads\/2024\/06\/192154333-1.jpg","type":"image\/jpeg"}],"twitter_card":"summary_large_image","schema":{"@context":"https:\/\/schema.org","@graph":[{"@type":"WebPage","@id":"https:\/\/psc-lukavec.hr\/en\/product\/renault-thalia-dijelovi-1-5-dci-2002\/","url":"https:\/\/psc-lukavec.hr\/en\/product\/renault-thalia-dijelovi-1-5-dci-2002\/","name":"RENAULT THALIA DIJELOVI 1.5 DCI 2002. - PSC Lukavec - autodijelovi","isPartOf":{"@id":"https:\/\/psc-lukavec.hr\/#website"},"primaryImageOfPage":{"@id":"https:\/\/psc-lukavec.hr\/en\/product\/renault-thalia-dijelovi-1-5-dci-2002\/#primaryimage"},"image":{"@id":"https:\/\/psc-lukavec.hr\/en\/product\/renault-thalia-dijelovi-1-5-dci-2002\/#primaryimage"},"thumbnailUrl":"https:\/\/psc-lukavec.hr\/wp-content\/uploads\/2024\/06\/192154333-1.jpg","datePublished":"2024-06-14T23:05:34+00:00","dateModified":"2024-08-24T11:22:40+00:00","breadcrumb":{"@id":"https:\/\/psc-lukavec.hr\/en\/product\/renault-thalia-dijelovi-1-5-dci-2002\/#breadcrumb"},"inLanguage":"en-US","potentialAction":[{"@type":"ReadAction","target":["https:\/\/psc-lukavec.hr\/en\/product\/renault-thalia-dijelovi-1-5-dci-2002\/"]}]},{"@type":"ImageObject","inLanguage":"en-US","@id":"https:\/\/psc-lukavec.hr\/en\/product\/renault-thalia-dijelovi-1-5-dci-2002\/#primaryimage","url":"https:\/\/psc-lukavec.hr\/wp-content\/uploads\/2024\/06\/192154333-1.jpg","contentUrl":"https:\/\/psc-lukavec.hr\/wp-content\/uploads\/2024\/06\/192154333-1.jpg","width":1024,"height":768},{"@type":"BreadcrumbList","@id":"https:\/\/psc-lukavec.hr\/en\/product\/renault-thalia-dijelovi-1-5-dci-2002\/#breadcrumb","itemListElement":[{"@type":"ListItem","position":1,"name":"Po\u010detna stranica","item":"https:\/\/psc-lukavec.hr\/"},{"@type":"ListItem","position":2,"name":"Katalog proizvoda","item":"https:\/\/psc-lukavec.hr\/shop\/"},{"@type":"ListItem","position":3,"name":"RENAULT THALIA DIJELOVI 1.5 DCI 2002."}]},{"@type":"WebSite","@id":"https:\/\/psc-lukavec.hr\/#website","url":"https:\/\/psc-lukavec.hr\/","name":"PSC Lukavec - autodijelovi","description":"Online trgovina rezervnih dijelova","publisher":{"@id":"https:\/\/psc-lukavec.hr\/#organization"},"potentialAction":[{"@type":"SearchAction","target":{"@type":"EntryPoint","urlTemplate":"https:\/\/psc-lukavec.hr\/?s={search_term_string}"},"query-input":{"@type":"PropertyValueSpecification","valueRequired":true,"valueName":"search_term_string"}}],"inLanguage":"en-US"},{"@type":"Organization","@id":"https:\/\/psc-lukavec.hr\/#organization","name":"PSC Lukavec - autodijelovi","url":"https:\/\/psc-lukavec.hr\/","logo":{"@type":"ImageObject","inLanguage":"en-US","@id":"https:\/\/psc-lukavec.hr\/#\/schema\/logo\/image\/","url":"http:\/\/psc-lukavec.hr\/wp-content\/uploads\/2024\/10\/PartSmartShop-1728391966.png","contentUrl":"http:\/\/psc-lukavec.hr\/wp-content\/uploads\/2024\/10\/PartSmartShop-1728391966.png","width":470,"height":80,"caption":"PSC Lukavec - autodijelovi"},"image":{"@id":"https:\/\/psc-lukavec.hr\/#\/schema\/logo\/image\/"}}]}},"_links":{"self":[{"href":"https:\/\/psc-lukavec.hr\/en\/wp-json\/wp\/v2\/product\/174059","targetHints":{"allow":["GET"]}}],"collection":[{"href":"https:\/\/psc-lukavec.hr\/en\/wp-json\/wp\/v2\/product"}],"about":[{"href":"https:\/\/psc-lukavec.hr\/en\/wp-json\/wp\/v2\/types\/product"}],"replies":[{"embeddable":true,"href":"https:\/\/psc-lukavec.hr\/en\/wp-json\/wp\/v2\/comments?post=174059"}],"wp:featuredmedia":[{"embeddable":true,"href":"https:\/\/psc-lukavec.hr\/en\/wp-json\/wp\/v2\/media\/240149"}],"wp:attachment":[{"href":"https:\/\/psc-lukavec.hr\/en\/wp-json\/wp\/v2\/media?parent=174059"}],"wp:term":[{"taxonomy":"brend","embeddable":true,"href":"https:\/\/psc-lukavec.hr\/en\/wp-json\/wp\/v2\/brend?post=174059"},{"taxonomy":"product_cat","embeddable":true,"href":"https:\/\/psc-lukavec.hr\/en\/wp-json\/wp\/v2\/product_cat?post=174059"},{"taxonomy":"product_tag","embeddable":true,"href":"https:\/\/psc-lukavec.hr\/en\/wp-json\/wp\/v2\/product_tag?post=174059"}],"curies":[{"name":"wp","href":"https:\/\/api.w.org\/{rel}","templated":true}]}}