{"id":122088,"date":"2024-06-14T12:23:27","date_gmt":"2024-06-14T12:23:27","guid":{"rendered":"http:\/\/psclukavec.hr\/product\/citroen-c3-rucice-zmigavaca-c3-rucice-svjetala-96474011xt\/"},"modified":"2024-08-24T10:33:01","modified_gmt":"2024-08-24T10:33:01","slug":"citroen-c3-rucice-zmigavaca-c3-rucice-svjetala-96474011xt","status":"publish","type":"product","link":"https:\/\/psc-lukavec.hr\/en\/product\/citroen-c3-rucice-zmigavaca-c3-rucice-svjetala-96474011xt\/","title":{"rendered":"CITROEN C3 RU\u010cICE \u017dMIGAVACA  C3 RU\u010cICE SVJETALA 96474011XT"},"content":{"rendered":"<p>CITROEN C3 ZAVOJNICA VOLANA<br \/>\nCITROEN C3 RU\u010cICE VOLANA<br \/>\nCITROEN C3 MODUL SVJETALA<br \/>\nCITROEN C3 PREKIDA\u010cI SVJETALA<br \/>\nCITROEN C3 NAMOTAJI VOLANA<br \/>\nCITROEN C3 PREKIDA\u010cI BRISA\u010cA<br \/>\nCITROEN C3 RU\u010cICE OKO VOLANA<br \/>\nCITROEN C3 PREKIDA\u010cI OKO VOLANA<br \/>\nCITROEN C3 \u0160PULA VOLANA<br \/>\nCITROEN C3 RU\u010cICA \u017dMIGAVACA<br \/>\nCITROEN C3 RU\u010cICA BRISA\u010cA<br \/>\nCITROEN C3 ELEKTRONIKA VOLANA<br \/>\nCITROEN C3 RAKETA VOLANA<br \/>\nCITROEN RU\u010cICE VOLANA<br \/>\nCITROEN C3 ZAVOJNICA ZRA\u010cNIH JASTUKA<br \/>\nCITROEN C3 ZAVOJNICA AIRBAGA<br \/>\nCITROEN C3 COM2000<br \/>\nCITROEN C3 PROBLEM SA SVJETLIMA<br \/>\nCITROEN C3 PROBLEM SA \u017dMIGAVCIMA<br \/>\nVALEO<br \/>\n96474011XT<\/p>\n<p>Radno vrijeme : Ponedjeljak-Petak 08-16h, ukoliko izvan radnog vremena (molimo sms)<br \/>\nOsobni dolazak-obavezna najava.<br \/>\n_____________________________________________________________________<br \/>\nNa lageru imamo veliki asortiman rabljenih dijelova iz uvoza (preko 150 000 artikala na stanju).<br \/>\nCijene dijelova se mijenjaju i raspolo\u017eivost je na upit.<br \/>\nDugi niz godina iskustva u prodaji dijelova i otvoreni smo za suradnju sa servisima.<br \/>\nZa stalne kupce odobravamo popust.<br \/>\nPo\u017eeljno VIN,slika ili OE broj dijela na email,sms,viber,whatsapp<br \/>\nDostava dijelova na adresu kurirskim slu\u017ebama najkasnije 48h.<br \/>\nPla\u0107anje prilikom preuzimanja, tro\u0161kove dostave snosi kupac.<br \/>\nNa sve dijelove dajemo garanciju na ispravnost i uva\u017eavamo reklamacije.<br \/>\nDogodi li se da je dio ne odgovaraju\u0107i i\/ili niste zadovoljni kupljenim, vra\u0107amo novac ili mijenjamo za drugi.<br \/>\nRok za reklamaciju 14 dana od kupovine,uz uvjet da dio nije rastavljan.<br \/>\nMogu\u0107nost ugovora garancije 6 mj.<br \/>\n__________________________________________________________<br \/>\nNudimo usluge Servisa, prijevoza vozila i radnih strojeva<br \/>\nOTKUPLJUJEMO O\u0160TE\u0106ENA I KARAMBOLIRANA VOZILA.<br \/>\nZahvaljujemo na ukazanom povjerenju i razumijevanju.<br \/>\nPogledajte ostale na\u0161e oglase.<br \/>\n____________________________<br \/>\nwww.psc-lukavec.hr<br \/>\npsc.lukavec@gmail.com<br \/>\n098 539240<br \/>\n099 2998989<\/p>\n<p>DAV, DELPHI, VALEO<br \/>\nSpecijalizirani smo za reparaciju svih vrsta ru\u010dica svjetala za francuska vozila.<br \/>\nReparacija uz 1 god. garancije.<br \/>\nPo\u0161aljite svoje ru\u010dice i mi \u0107emo Vam ih reparirati. U roku 24 sata od preuzimanja ru\u010dice dolaze na Va\u0161u adresu!<\/p>\n<p>PEUGEOT 106 RU\u010cICE SVJETALA ZAVOJNICA VOLANA PREKIDA\u010cI SVJETALA ZAVOJNICA ZRA\u010cNOG JASTUKA \u0160PULA VOLANA<br \/>\nPEUGEOT 107 RU\u010cICE SVJETALA ZAVOJNICA VOLANA PREKIDA\u010cI SVJETALA ZAVOJNICA ZRA\u010cNOG JASTUKA \u0160PULA VOLANA<br \/>\nPEUGEOT 206 RU\u010cICE SVJETALA ZAVOJNICA VOLANA PREKIDA\u010cI SVJETALA ZAVOJNICA ZRA\u010cNOG JASTUKA \u0160PULA VOLANA<br \/>\nPEUGEOT 207 RU\u010cICE SVJETALA ZAVOJNICA VOLANA PREKIDA\u010cI SVJETALA ZAVOJNICA ZRA\u010cNOG JASTUKA \u0160PULA VOLANA<br \/>\nPEUGEOT 208 RU\u010cICE SVJETALA ZAVOJNICA VOLANA PREKIDA\u010cI SVJETALA ZAVOJNICA ZRA\u010cNOG JASTUKA \u0160PULA VOLANA<br \/>\nPEUGEOT 2008 RU\u010cICE SVJETALA ZAVOJNICA VOLANA PREKIDA\u010cI SVJETALA ZAVOJNICA ZRA\u010cNOG JASTUKA \u0160PULA VOLANA<br \/>\nPEUGEOT 306 RU\u010cICE SVJETALA ZAVOJNICA VOLANA PREKIDA\u010cI SVJETALA ZAVOJNICA ZRA\u010cNOG JASTUKA \u0160PULA VOLANA<br \/>\nPEUGEOT 307 RU\u010cICE SVJETALA ZAVOJNICA VOLANA PREKIDA\u010cI SVJETALA ZAVOJNICA ZRA\u010cNOG JASTUKA \u0160PULA VOLANA<br \/>\nPEUGEOT 308 RU\u010cICE SVJETALA ZAVOJNICA VOLANA PREKIDA\u010cI SVJETALA ZAVOJNICA ZRA\u010cNOG JASTUKA \u0160PULA VOLANA<br \/>\nPEUGEOT 406 RU\u010cICE SVJETALA ZAVOJNICA VOLANA PREKIDA\u010cI SVJETALA ZAVOJNICA ZRA\u010cNOG JASTUKA \u0160PULA VOLANA<br \/>\nPEUGEOT 3008 RU\u010cICE SVJETALA ZAVOJNICA VOLANA PREKIDA\u010cI SVJETALA ZAVOJNICA ZRA\u010cNOG JASTUKA \u0160PULA VOLANA<br \/>\nPEUGEOT 407 RU\u010cICE SVJETALA ZAVOJNICA VOLANA PREKIDA\u010cI SVJETALA ZAVOJNICA ZRA\u010cNOG JASTUKA \u0160PULA VOLANA<br \/>\nPEUGEOT 4007 RU\u010cICE SVJETALA ZAVOJNICA VOLANA PREKIDA\u010cI SVJETALA ZAVOJNICA ZRA\u010cNOG JASTUKA \u0160PULA VOLANA<br \/>\nPEUGEOT 508 RU\u010cICE SVJETALA ZAVOJNICA VOLANA PREKIDA\u010cI SVJETALA ZAVOJNICA ZRA\u010cNOG JASTUKA \u0160PULA VOLANA<br \/>\nPEUGEOT 607 RU\u010cICE SVJETALA ZAVOJNICA VOLANA PREKIDA\u010cI SVJETALA ZAVOJNICA ZRA\u010cNOG JASTUKA \u0160PULA VOLANA<br \/>\nPEUGEOT BIPPER RU\u010cICE SVJETALA ZAVOJNICA VOLANA PREKIDA\u010cI SVJETALA ZAVOJNICA ZRA\u010cNOG JASTUKA \u0160PULA VOLANA<br \/>\nPEUGEOT PARTNER RU\u010cICE SVJETALA ZAVOJNICA VOLANA PREKIDA\u010cI SVJETALA ZAVOJNICA ZRA\u010cNOG JASTUKA \u0160PULA VOLANA<br \/>\nPEUGEOT EXPERT RU\u010cICE SVJETALA ZAVOJNICA VOLANA PREKIDA\u010cI SVJETALA ZAVOJNICA ZRA\u010cNOG JASTUKA \u0160PULA VOLANA<br \/>\nPEUGEOT BOXER RU\u010cICE SVJETALA ZAVOJNICA VOLANA PREKIDA\u010cI SVJETALA ZAVOJNICA ZRA\u010cNOG JASTUKA \u0160PULA VOLANA<br \/>\nCITROEN XSARA RU\u010cICE SVJETALA ZAVOJNICA VOLANA PREKIDA\u010cI SVJETALA ZAVOJNICA ZRA\u010cNOG JASTUKA \u0160PULA VOLANA<br \/>\nCITOREN XSARA PICASSO RU\u010cICE SVJETALA ZAVOJNICA VOLANA PREKIDA\u010cI SVJETALA ZAVOJNICA ZRA\u010cNOG JASTUKA \u0160PULA VOLANA<br \/>\nCITOREN C1 RU\u010cICE SVJETALA ZAVOJNICA VOLANA PREKIDA\u010cI SVJETALA ZAVOJNICA ZRA\u010cNOG JASTUKA \u0160PULA VOLANA<br \/>\nCITOREN C2 RU\u010cICE SVJETALA ZAVOJNICA VOLANA PREKIDA\u010cI SVJETALA ZAVOJNICA ZRA\u010cNOG JASTUKA \u0160PULA VOLANA<br \/>\nCITROEN C3 RU\u010cICE SVJETALA ZAVOJNICA VOLANA PREKIDA\u010cI SVJETALA ZAVOJNICA ZRA\u010cNOG JASTUKA \u0160PULA VOLANA<br \/>\nCITROEN C4 RU\u010cICE SVJETALA ZAVOJNICA VOLANA PREKIDA\u010cI SVJETALA ZAVOJNICA ZRA\u010cNOG JASTUKA \u0160PULA VOLANA<br \/>\nCITROEN C4 KAKTUS RU\u010cICE SVJETALA ZAVOJNICA VOLANA PREKIDA\u010cI SVJETALA ZAVOJNICA ZRA\u010cNOG JASTUKA \u0160PULA VOLANA<br \/>\nCITROEN C4 PICASSO RU\u010cICE SVJETALA ZAVOJNICA VOLANA PREKIDA\u010cI SVJETALA ZAVOJNICA ZRA\u010cNOG JASTUKA \u0160PULA VOLANA<br \/>\nCITROEN C5 RU\u010cICE SVJETALA ZAVOJNICA VOLANA PREKIDA\u010cI SVJETALA ZAVOJNICA ZRA\u010cNOG JASTUKA \u0160PULA VOLANA<br \/>\nCITROEN C8 RU\u010cICE SVJETALA ZAVOJNICA VOLANA PREKIDA\u010cI SVJETALA ZAVOJNICA ZRA\u010cNOG JASTUKA \u0160PULA VOLANA<br \/>\nCITROEN NEMO RU\u010cICE SVJETALA ZAVOJNICA VOLANA PREKIDA\u010cI SVJETALA ZAVOJNICA ZRA\u010cNOG JASTUKA \u0160PULA VOLANA<br \/>\nCITROEN BERLINGO RU\u010cICE SVJETALA ZAVOJNICA VOLANA PREKIDA\u010cI SVJETALA ZAVOJNICA ZRA\u010cNOG JASTUKA \u0160PULA VOLANA<br \/>\nCITROEN JUMPY RU\u010cICE SVJETALA ZAVOJNICA VOLANA PREKIDA\u010cI SVJETALA ZAVOJNICA ZRA\u010cNOG JASTUKA \u0160PULA VOLANA<br \/>\nCITROEN JUMPER RU\u010cICE SVJETALA ZAVOJNICA VOLANA PREKIDA\u010cI SVJETALA ZAVOJNICA ZRA\u010cNOG JASTUKA \u0160PULA VOLANA<br \/>\nRENAULT TWINGO RU\u010cICE SVJETALA ZAVOJNICA VOLANA PREKIDA\u010cI SVJETALA ZAVOJNICA ZRA\u010cNOG JASTUKA \u0160PULA VOLANA<br \/>\nRENAULT CLIO 2 RU\u010cICE SVJETALA ZAVOJNICA VOLANA PREKIDA\u010cI SVJETALA ZAVOJNICA ZRA\u010cNOG JASTUKA \u0160PULA VOLANA<br \/>\nRENAULT CLIO 3 RU\u010cICE SVJETALA ZAVOJNICA VOLANA PREKIDA\u010cI SVJETALA ZAVOJNICA ZRA\u010cNOG JASTUKA \u0160PULA VOLANA<br \/>\nRENAULT CLIO 4 RU\u010cICE SVJETALA ZAVOJNICA VOLANA PREKIDA\u010cI SVJETALA ZAVOJNICA ZRA\u010cNOG JASTUKA \u0160PULA VOLANA<br \/>\nRENAULT SCENIC RU\u010cICE SVJETALA ZAVOJNICA VOLANA PREKIDA\u010cI SVJETALA ZAVOJNICA ZRA\u010cNOG JASTUKA \u0160PULA VOLANA<br \/>\nRENAULT CAPTUR RU\u010cICE SVJETALA ZAVOJNICA VOLANA PREKIDA\u010cI SVJETALA ZAVOJNICA ZRA\u010cNOG JASTUKA \u0160PULA VOLANA<br \/>\nRENAULT KADJAR RU\u010cICE SVJETALA ZAVOJNICA VOLANA PREKIDA\u010cI SVJETALA ZAVOJNICA ZRA\u010cNOG JASTUKA \u0160PULA VOLANA<br \/>\nRENAULT LAGUNA 2 RU\u010cICE SVJETALA ZAVOJNICA VOLANA PREKIDA\u010cI SVJETALA ZAVOJNICA ZRA\u010cNOG JASTUKA \u0160PULA VOLANA<br \/>\nRENAULT LAGUNA 3 RU\u010cICE SVJETALA ZAVOJNICA VOLANA PREKIDA\u010cI SVJETALA ZAVOJNICA ZRA\u010cNOG JASTUKA \u0160PULA VOLANA<br \/>\nRENAULT MEGANE 2 RU\u010cICE SVJETALA ZAVOJNICA VOLANA PREKIDA\u010cI SVJETALA ZAVOJNICA ZRA\u010cNOG JASTUKA \u0160PULA VOLANA<br \/>\nRENAULT MEGANE 3 RU\u010cICE SVJETALA ZAVOJNICA VOLANA PREKIDA\u010cI SVJETALA ZAVOJNICA ZRA\u010cNOG JASTUKA \u0160PULA VOLANA<br \/>\nRENAULT MEGANE 4 RU\u010cICE SVJETALA ZAVOJNICA VOLANA PREKIDA\u010cI SVJETALA ZAVOJNICA ZRA\u010cNOG JASTUKA \u0160PULA VOLANA<br \/>\nRENAULT ESPACE RU\u010cICE SVJETALA ZAVOJNICA VOLANA PREKIDA\u010cI SVJETALA ZAVOJNICA ZRA\u010cNOG JASTUKA \u0160PULA VOLANA<br \/>\nRENAULT FLUENCE RU\u010cICE SVJETALA ZAVOJNICA VOLANA PREKIDA\u010cI SVJETALA ZAVOJNICA ZRA\u010cNOG JASTUKA \u0160PULA VOLANA<br \/>\nRENAULT LATITUDE RU\u010cICE SVJETALA ZAVOJNICA VOLANA PREKIDA\u010cI SVJETALA ZAVOJNICA ZRA\u010cNOG JASTUKA \u0160PULA VOLANA<br \/>\nRENAUT TALISMAN RU\u010cICE SVJETALA ZAVOJNICA VOLANA PREKIDA\u010cI SVJETALA ZAVOJNICA ZRA\u010cNOG JASTUKA \u0160PULA VOLANA<br \/>\nRENAULT KANGOO RU\u010cICE SVJETALA ZAVOJNICA VOLANA PREKIDA\u010cI SVJETALA ZAVOJNICA ZRA\u010cNOG JASTUKA \u0160PULA VOLANA<br \/>\nRENAULT TRAFIC RU\u010cICE SVJETALA ZAVOJNICA VOLANA PREKIDA\u010cI SVJETALA ZAVOJNICA ZRA\u010cNOG JASTUKA \u0160PULA VOLANA<br \/>\nRENAULT MASTER RU\u010cICE SVJETALA ZAVOJNICA VOLANA PREKIDA\u010cI SVJETALA ZAVOJNICA ZRA\u010cNOG JASTUKA \u0160PULA VOLANA<\/p>\n","protected":false},"excerpt":{"rendered":"<p>CITROEN C3 ZAVOJNICA VOLANA CITROEN C3 RU\u010cICE VOLANA CITROEN C3 MODUL SVJETALA CITROEN C3 PREKIDA\u010cI SVJETALA CITROEN C3 NAMOTAJI VOLANA CITROEN C3 PREKIDA\u010cI BRISA\u010cA CITROEN C3 RU\u010cICE OKO VOLANA CITROEN C3 PREKIDA\u010cI OKO VOLANA CITROEN C3 \u0160PULA VOLANA CITROEN C3 RU\u010cICA \u017dMIGAVACA CITROEN C3 RU\u010cICA BRISA\u010cA CITROEN C3 ELEKTRONIKA VOLANA CITROEN C3 RAKETA VOLANA CITROEN [&hellip;]<\/p>\n","protected":false},"featured_media":122089,"comment_status":"open","ping_status":"closed","template":"","meta":{"_acf_changed":false},"brend":[1857,1557],"product_cat":[3057],"product_tag":[],"class_list":{"0":"post-122088","1":"product","2":"type-product","3":"status-publish","4":"has-post-thumbnail","6":"brend-c3","7":"brend-citroen","8":"product_cat-unutrasnjost-kabine","10":"first","11":"instock","12":"shipping-taxable","13":"product-type-simple"},"acf":[],"yoast_head":"<!-- This site is optimized with the Yoast SEO plugin v24.9 - https:\/\/yoast.com\/wordpress\/plugins\/seo\/ -->\n<title>CITROEN C3 RU\u010cICE \u017dMIGAVACA C3 RU\u010cICE SVJETALA 96474011XT - PSC Lukavec - autodijelovi<\/title>\n<meta name=\"robots\" content=\"index, follow, max-snippet:-1, max-image-preview:large, max-video-preview:-1\" \/>\n<link rel=\"canonical\" href=\"https:\/\/psc-lukavec.hr\/en\/product\/citroen-c3-rucice-zmigavaca-c3-rucice-svjetala-96474011xt\/\" \/>\n<meta property=\"og:locale\" content=\"en_US\" \/>\n<meta property=\"og:type\" content=\"article\" \/>\n<meta property=\"og:title\" content=\"CITROEN C3 RU\u010cICE \u017dMIGAVACA C3 RU\u010cICE SVJETALA 96474011XT - PSC Lukavec - autodijelovi\" \/>\n<meta property=\"og:description\" content=\"CITROEN C3 ZAVOJNICA VOLANA CITROEN C3 RU\u010cICE VOLANA CITROEN C3 MODUL SVJETALA CITROEN C3 PREKIDA\u010cI SVJETALA CITROEN C3 NAMOTAJI VOLANA CITROEN C3 PREKIDA\u010cI BRISA\u010cA CITROEN C3 RU\u010cICE OKO VOLANA CITROEN C3 PREKIDA\u010cI OKO VOLANA CITROEN C3 \u0160PULA VOLANA CITROEN C3 RU\u010cICA \u017dMIGAVACA CITROEN C3 RU\u010cICA BRISA\u010cA CITROEN C3 ELEKTRONIKA VOLANA CITROEN C3 RAKETA VOLANA CITROEN [&hellip;]\" \/>\n<meta property=\"og:url\" content=\"https:\/\/psc-lukavec.hr\/en\/product\/citroen-c3-rucice-zmigavaca-c3-rucice-svjetala-96474011xt\/\" \/>\n<meta property=\"og:site_name\" content=\"PSC Lukavec - autodijelovi\" \/>\n<meta property=\"article:modified_time\" content=\"2024-08-24T10:33:01+00:00\" \/>\n<meta property=\"og:image\" content=\"https:\/\/psc-lukavec.hr\/wp-content\/uploads\/2024\/06\/71797451.jpg\" \/>\n\t<meta property=\"og:image:width\" content=\"1024\" \/>\n\t<meta property=\"og:image:height\" content=\"681\" \/>\n\t<meta property=\"og:image:type\" content=\"image\/jpeg\" \/>\n<meta name=\"twitter:card\" content=\"summary_large_image\" \/>\n<meta name=\"twitter:label1\" content=\"Est. reading time\" \/>\n\t<meta name=\"twitter:data1\" content=\"6 minutes\" \/>\n<script type=\"application\/ld+json\" class=\"yoast-schema-graph\">{\"@context\":\"https:\/\/schema.org\",\"@graph\":[{\"@type\":\"WebPage\",\"@id\":\"https:\/\/psc-lukavec.hr\/en\/product\/citroen-c3-rucice-zmigavaca-c3-rucice-svjetala-96474011xt\/\",\"url\":\"https:\/\/psc-lukavec.hr\/en\/product\/citroen-c3-rucice-zmigavaca-c3-rucice-svjetala-96474011xt\/\",\"name\":\"CITROEN C3 RU\u010cICE \u017dMIGAVACA C3 RU\u010cICE SVJETALA 96474011XT - PSC Lukavec - autodijelovi\",\"isPartOf\":{\"@id\":\"https:\/\/psc-lukavec.hr\/#website\"},\"primaryImageOfPage\":{\"@id\":\"https:\/\/psc-lukavec.hr\/en\/product\/citroen-c3-rucice-zmigavaca-c3-rucice-svjetala-96474011xt\/#primaryimage\"},\"image\":{\"@id\":\"https:\/\/psc-lukavec.hr\/en\/product\/citroen-c3-rucice-zmigavaca-c3-rucice-svjetala-96474011xt\/#primaryimage\"},\"thumbnailUrl\":\"https:\/\/psc-lukavec.hr\/wp-content\/uploads\/2024\/06\/71797451.jpg\",\"datePublished\":\"2024-06-14T12:23:27+00:00\",\"dateModified\":\"2024-08-24T10:33:01+00:00\",\"breadcrumb\":{\"@id\":\"https:\/\/psc-lukavec.hr\/en\/product\/citroen-c3-rucice-zmigavaca-c3-rucice-svjetala-96474011xt\/#breadcrumb\"},\"inLanguage\":\"en-US\",\"potentialAction\":[{\"@type\":\"ReadAction\",\"target\":[\"https:\/\/psc-lukavec.hr\/en\/product\/citroen-c3-rucice-zmigavaca-c3-rucice-svjetala-96474011xt\/\"]}]},{\"@type\":\"ImageObject\",\"inLanguage\":\"en-US\",\"@id\":\"https:\/\/psc-lukavec.hr\/en\/product\/citroen-c3-rucice-zmigavaca-c3-rucice-svjetala-96474011xt\/#primaryimage\",\"url\":\"https:\/\/psc-lukavec.hr\/wp-content\/uploads\/2024\/06\/71797451.jpg\",\"contentUrl\":\"https:\/\/psc-lukavec.hr\/wp-content\/uploads\/2024\/06\/71797451.jpg\",\"width\":1024,\"height\":681},{\"@type\":\"BreadcrumbList\",\"@id\":\"https:\/\/psc-lukavec.hr\/en\/product\/citroen-c3-rucice-zmigavaca-c3-rucice-svjetala-96474011xt\/#breadcrumb\",\"itemListElement\":[{\"@type\":\"ListItem\",\"position\":1,\"name\":\"Po\u010detna stranica\",\"item\":\"https:\/\/psc-lukavec.hr\/\"},{\"@type\":\"ListItem\",\"position\":2,\"name\":\"Katalog proizvoda\",\"item\":\"https:\/\/psc-lukavec.hr\/shop\/\"},{\"@type\":\"ListItem\",\"position\":3,\"name\":\"CITROEN C3 RU\u010cICE \u017dMIGAVACA C3 RU\u010cICE SVJETALA 96474011XT\"}]},{\"@type\":\"WebSite\",\"@id\":\"https:\/\/psc-lukavec.hr\/#website\",\"url\":\"https:\/\/psc-lukavec.hr\/\",\"name\":\"PSC Lukavec - autodijelovi\",\"description\":\"Online trgovina rezervnih dijelova\",\"publisher\":{\"@id\":\"https:\/\/psc-lukavec.hr\/#organization\"},\"potentialAction\":[{\"@type\":\"SearchAction\",\"target\":{\"@type\":\"EntryPoint\",\"urlTemplate\":\"https:\/\/psc-lukavec.hr\/?s={search_term_string}\"},\"query-input\":{\"@type\":\"PropertyValueSpecification\",\"valueRequired\":true,\"valueName\":\"search_term_string\"}}],\"inLanguage\":\"en-US\"},{\"@type\":\"Organization\",\"@id\":\"https:\/\/psc-lukavec.hr\/#organization\",\"name\":\"PSC Lukavec - autodijelovi\",\"url\":\"https:\/\/psc-lukavec.hr\/\",\"logo\":{\"@type\":\"ImageObject\",\"inLanguage\":\"en-US\",\"@id\":\"https:\/\/psc-lukavec.hr\/#\/schema\/logo\/image\/\",\"url\":\"http:\/\/psc-lukavec.hr\/wp-content\/uploads\/2024\/10\/PartSmartShop-1728391966.png\",\"contentUrl\":\"http:\/\/psc-lukavec.hr\/wp-content\/uploads\/2024\/10\/PartSmartShop-1728391966.png\",\"width\":470,\"height\":80,\"caption\":\"PSC Lukavec - autodijelovi\"},\"image\":{\"@id\":\"https:\/\/psc-lukavec.hr\/#\/schema\/logo\/image\/\"}}]}<\/script>\n<!-- \/ Yoast SEO plugin. -->","yoast_head_json":{"title":"CITROEN C3 RU\u010cICE \u017dMIGAVACA C3 RU\u010cICE SVJETALA 96474011XT - PSC Lukavec - autodijelovi","robots":{"index":"index","follow":"follow","max-snippet":"max-snippet:-1","max-image-preview":"max-image-preview:large","max-video-preview":"max-video-preview:-1"},"canonical":"https:\/\/psc-lukavec.hr\/en\/product\/citroen-c3-rucice-zmigavaca-c3-rucice-svjetala-96474011xt\/","og_locale":"en_US","og_type":"article","og_title":"CITROEN C3 RU\u010cICE \u017dMIGAVACA C3 RU\u010cICE SVJETALA 96474011XT - PSC Lukavec - autodijelovi","og_description":"CITROEN C3 ZAVOJNICA VOLANA CITROEN C3 RU\u010cICE VOLANA CITROEN C3 MODUL SVJETALA CITROEN C3 PREKIDA\u010cI SVJETALA CITROEN C3 NAMOTAJI VOLANA CITROEN C3 PREKIDA\u010cI BRISA\u010cA CITROEN C3 RU\u010cICE OKO VOLANA CITROEN C3 PREKIDA\u010cI OKO VOLANA CITROEN C3 \u0160PULA VOLANA CITROEN C3 RU\u010cICA \u017dMIGAVACA CITROEN C3 RU\u010cICA BRISA\u010cA CITROEN C3 ELEKTRONIKA VOLANA CITROEN C3 RAKETA VOLANA CITROEN [&hellip;]","og_url":"https:\/\/psc-lukavec.hr\/en\/product\/citroen-c3-rucice-zmigavaca-c3-rucice-svjetala-96474011xt\/","og_site_name":"PSC Lukavec - autodijelovi","article_modified_time":"2024-08-24T10:33:01+00:00","og_image":[{"width":1024,"height":681,"url":"https:\/\/psc-lukavec.hr\/wp-content\/uploads\/2024\/06\/71797451.jpg","type":"image\/jpeg"}],"twitter_card":"summary_large_image","twitter_misc":{"Est. reading time":"6 minutes"},"schema":{"@context":"https:\/\/schema.org","@graph":[{"@type":"WebPage","@id":"https:\/\/psc-lukavec.hr\/en\/product\/citroen-c3-rucice-zmigavaca-c3-rucice-svjetala-96474011xt\/","url":"https:\/\/psc-lukavec.hr\/en\/product\/citroen-c3-rucice-zmigavaca-c3-rucice-svjetala-96474011xt\/","name":"CITROEN C3 RU\u010cICE \u017dMIGAVACA C3 RU\u010cICE SVJETALA 96474011XT - PSC Lukavec - autodijelovi","isPartOf":{"@id":"https:\/\/psc-lukavec.hr\/#website"},"primaryImageOfPage":{"@id":"https:\/\/psc-lukavec.hr\/en\/product\/citroen-c3-rucice-zmigavaca-c3-rucice-svjetala-96474011xt\/#primaryimage"},"image":{"@id":"https:\/\/psc-lukavec.hr\/en\/product\/citroen-c3-rucice-zmigavaca-c3-rucice-svjetala-96474011xt\/#primaryimage"},"thumbnailUrl":"https:\/\/psc-lukavec.hr\/wp-content\/uploads\/2024\/06\/71797451.jpg","datePublished":"2024-06-14T12:23:27+00:00","dateModified":"2024-08-24T10:33:01+00:00","breadcrumb":{"@id":"https:\/\/psc-lukavec.hr\/en\/product\/citroen-c3-rucice-zmigavaca-c3-rucice-svjetala-96474011xt\/#breadcrumb"},"inLanguage":"en-US","potentialAction":[{"@type":"ReadAction","target":["https:\/\/psc-lukavec.hr\/en\/product\/citroen-c3-rucice-zmigavaca-c3-rucice-svjetala-96474011xt\/"]}]},{"@type":"ImageObject","inLanguage":"en-US","@id":"https:\/\/psc-lukavec.hr\/en\/product\/citroen-c3-rucice-zmigavaca-c3-rucice-svjetala-96474011xt\/#primaryimage","url":"https:\/\/psc-lukavec.hr\/wp-content\/uploads\/2024\/06\/71797451.jpg","contentUrl":"https:\/\/psc-lukavec.hr\/wp-content\/uploads\/2024\/06\/71797451.jpg","width":1024,"height":681},{"@type":"BreadcrumbList","@id":"https:\/\/psc-lukavec.hr\/en\/product\/citroen-c3-rucice-zmigavaca-c3-rucice-svjetala-96474011xt\/#breadcrumb","itemListElement":[{"@type":"ListItem","position":1,"name":"Po\u010detna stranica","item":"https:\/\/psc-lukavec.hr\/"},{"@type":"ListItem","position":2,"name":"Katalog proizvoda","item":"https:\/\/psc-lukavec.hr\/shop\/"},{"@type":"ListItem","position":3,"name":"CITROEN C3 RU\u010cICE \u017dMIGAVACA C3 RU\u010cICE SVJETALA 96474011XT"}]},{"@type":"WebSite","@id":"https:\/\/psc-lukavec.hr\/#website","url":"https:\/\/psc-lukavec.hr\/","name":"PSC Lukavec - autodijelovi","description":"Online trgovina rezervnih dijelova","publisher":{"@id":"https:\/\/psc-lukavec.hr\/#organization"},"potentialAction":[{"@type":"SearchAction","target":{"@type":"EntryPoint","urlTemplate":"https:\/\/psc-lukavec.hr\/?s={search_term_string}"},"query-input":{"@type":"PropertyValueSpecification","valueRequired":true,"valueName":"search_term_string"}}],"inLanguage":"en-US"},{"@type":"Organization","@id":"https:\/\/psc-lukavec.hr\/#organization","name":"PSC Lukavec - autodijelovi","url":"https:\/\/psc-lukavec.hr\/","logo":{"@type":"ImageObject","inLanguage":"en-US","@id":"https:\/\/psc-lukavec.hr\/#\/schema\/logo\/image\/","url":"http:\/\/psc-lukavec.hr\/wp-content\/uploads\/2024\/10\/PartSmartShop-1728391966.png","contentUrl":"http:\/\/psc-lukavec.hr\/wp-content\/uploads\/2024\/10\/PartSmartShop-1728391966.png","width":470,"height":80,"caption":"PSC Lukavec - autodijelovi"},"image":{"@id":"https:\/\/psc-lukavec.hr\/#\/schema\/logo\/image\/"}}]}},"_links":{"self":[{"href":"https:\/\/psc-lukavec.hr\/en\/wp-json\/wp\/v2\/product\/122088","targetHints":{"allow":["GET"]}}],"collection":[{"href":"https:\/\/psc-lukavec.hr\/en\/wp-json\/wp\/v2\/product"}],"about":[{"href":"https:\/\/psc-lukavec.hr\/en\/wp-json\/wp\/v2\/types\/product"}],"replies":[{"embeddable":true,"href":"https:\/\/psc-lukavec.hr\/en\/wp-json\/wp\/v2\/comments?post=122088"}],"wp:featuredmedia":[{"embeddable":true,"href":"https:\/\/psc-lukavec.hr\/en\/wp-json\/wp\/v2\/media\/122089"}],"wp:attachment":[{"href":"https:\/\/psc-lukavec.hr\/en\/wp-json\/wp\/v2\/media?parent=122088"}],"wp:term":[{"taxonomy":"brend","embeddable":true,"href":"https:\/\/psc-lukavec.hr\/en\/wp-json\/wp\/v2\/brend?post=122088"},{"taxonomy":"product_cat","embeddable":true,"href":"https:\/\/psc-lukavec.hr\/en\/wp-json\/wp\/v2\/product_cat?post=122088"},{"taxonomy":"product_tag","embeddable":true,"href":"https:\/\/psc-lukavec.hr\/en\/wp-json\/wp\/v2\/product_tag?post=122088"}],"curies":[{"name":"wp","href":"https:\/\/api.w.org\/{rel}","templated":true}]}}