{"id":111078,"date":"2024-06-14T11:13:24","date_gmt":"2024-06-14T11:13:24","guid":{"rendered":"http:\/\/psclukavec.hr\/product\/ford-focus-c-max-zracni-jastuk-vozacsuvozac-2005\/"},"modified":"2024-08-24T10:34:32","modified_gmt":"2024-08-24T10:34:32","slug":"ford-focus-c-max-zracni-jastuk-vozacsuvozac-2005","status":"publish","type":"product","link":"https:\/\/psc-lukavec.hr\/en\/product\/ford-focus-c-max-zracni-jastuk-vozacsuvozac-2005\/","title":{"rendered":"FORD FOCUS C-MAX  ZRA\u010cNI JASTUK VOZA\u010c+SUVOZA\u010c 2005."},"content":{"rendered":"<p>FORD FOCUS C-MAX<br \/>\nZRA\u010cNI JASTUK<br \/>\nVOZA\u010c+SUVOZA\u010c<br \/>\n2005.<br \/>\n3M51RO42B84 AD<br \/>\n3M51-RO42B85 AG<br \/>\n2004.<\/p>\n<p>Cijena je po komadu<\/p>\n<p>&#8211;Molimo vas da prije no \u0161to nas kontaktirate, raspola\u017eete potrebnim podacima o Va\u0161em vozilu.<\/p>\n<p>&#8211;CIJENA POJEDINA\u010cNIH DIJELOVA  NA UPIT..!!<br \/>\n&#8212; DOLAZAK UZ NAJAVU..!!<\/p>\n<p>&#8211;Cijene se mijenjaju  na tjednoj osnovi, ovisno o raspolo\u017eivom stanju i naru\u010denoj koli\u010dini&#8211;<br \/>\n____________________________________________________________________________<\/p>\n<p>**Slike Va\u0161ih dijelova (radi provjere kompatibilnosti )mo\u017eete slati na:<br \/>\nE-MAIL &#8230;VIBER&#8230;WHATSAPP&#8230;SMS&#8230;<br \/>\n____________________________________________________________________________<\/p>\n<p>**DOSTAVA DIJELOVA<br \/>\nDostava dijelova na  adresu, a paket prije nego \u0161to platite mo\u017eete otvoriti.<br \/>\nBesplatan broj za cijenu tro\u0161ka dostave i rok isporuke: 0800 202-202<br \/>\n Cijena dostave po na\u0161em  ugovoru-povoljnija od redovnog Hp-ekspresa<br \/>\n____________________________________________________________________________<\/p>\n<p>**GARANCIJA NA KUPLJENI DIO<br \/>\nDijelovi kupljeni u na\u0161oj nju\u0161kalo trgovini su:<br \/>\n-rabljeni, originalni, ispitani i ozna\u010deni..<br \/>\nUkoliko se dogodi da je dio neispravan, mijenjamo za ispravan ili vra\u0107amo novac.<br \/>\nDijelovi kupljeni kod nas imaju garanciju na ispravnost..!!<br \/>\n____________________________________________________________________________________<\/p>\n<p>**Mogu\u0107nost narud\u017ebe dijelova**<br \/>\nObratite nam se sa povjerenjem.<\/p>\n<p>Pogledajte ostale na\u0161e oglase!<br \/>\n_____________________________________________________________________________________<\/p>\n","protected":false},"excerpt":{"rendered":"<p>FORD FOCUS C-MAX ZRA\u010cNI JASTUK VOZA\u010c+SUVOZA\u010c 2005. 3M51RO42B84 AD 3M51-RO42B85 AG 2004. Cijena je po komadu &#8211;Molimo vas da prije no \u0161to nas kontaktirate, raspola\u017eete potrebnim podacima o Va\u0161em vozilu. &#8211;CIJENA POJEDINA\u010cNIH DIJELOVA NA UPIT..!! &#8212; DOLAZAK UZ NAJAVU..!! &#8211;Cijene se mijenjaju na tjednoj osnovi, ovisno o raspolo\u017eivom stanju i naru\u010denoj koli\u010dini&#8211; ____________________________________________________________________________ **Slike Va\u0161ih [&hellip;]<\/p>\n","protected":false},"featured_media":111079,"comment_status":"open","ping_status":"closed","template":"","meta":{"_acf_changed":false},"brend":[2054,1569],"product_cat":[3057],"product_tag":[],"class_list":{"0":"post-111078","1":"product","2":"type-product","3":"status-publish","4":"has-post-thumbnail","6":"brend-focus-c-max","7":"brend-ford","8":"product_cat-unutrasnjost-kabine","10":"first","11":"instock","12":"shipping-taxable","13":"purchasable","14":"product-type-simple"},"acf":[],"yoast_head":"<!-- This site is optimized with the Yoast SEO plugin v24.9 - https:\/\/yoast.com\/wordpress\/plugins\/seo\/ -->\n<title>FORD FOCUS C-MAX ZRA\u010cNI JASTUK VOZA\u010c+SUVOZA\u010c 2005. - PSC Lukavec - autodijelovi<\/title>\n<meta name=\"robots\" content=\"index, follow, max-snippet:-1, max-image-preview:large, max-video-preview:-1\" \/>\n<link rel=\"canonical\" href=\"https:\/\/psc-lukavec.hr\/en\/product\/ford-focus-c-max-zracni-jastuk-vozacsuvozac-2005\/\" \/>\n<meta property=\"og:locale\" content=\"en_US\" \/>\n<meta property=\"og:type\" content=\"article\" \/>\n<meta property=\"og:title\" content=\"FORD FOCUS C-MAX ZRA\u010cNI JASTUK VOZA\u010c+SUVOZA\u010c 2005. - PSC Lukavec - autodijelovi\" \/>\n<meta property=\"og:description\" content=\"FORD FOCUS C-MAX ZRA\u010cNI JASTUK VOZA\u010c+SUVOZA\u010c 2005. 3M51RO42B84 AD 3M51-RO42B85 AG 2004. Cijena je po komadu &#8211;Molimo vas da prije no \u0161to nas kontaktirate, raspola\u017eete potrebnim podacima o Va\u0161em vozilu. &#8211;CIJENA POJEDINA\u010cNIH DIJELOVA NA UPIT..!! &#8212; DOLAZAK UZ NAJAVU..!! &#8211;Cijene se mijenjaju na tjednoj osnovi, ovisno o raspolo\u017eivom stanju i naru\u010denoj koli\u010dini&#8211; ____________________________________________________________________________ **Slike Va\u0161ih [&hellip;]\" \/>\n<meta property=\"og:url\" content=\"https:\/\/psc-lukavec.hr\/en\/product\/ford-focus-c-max-zracni-jastuk-vozacsuvozac-2005\/\" \/>\n<meta property=\"og:site_name\" content=\"PSC Lukavec - autodijelovi\" \/>\n<meta property=\"article:modified_time\" content=\"2024-08-24T10:34:32+00:00\" \/>\n<meta property=\"og:image\" content=\"https:\/\/psc-lukavec.hr\/wp-content\/uploads\/2024\/06\/62793221.jpg\" \/>\n\t<meta property=\"og:image:width\" content=\"1024\" \/>\n\t<meta property=\"og:image:height\" content=\"681\" \/>\n\t<meta property=\"og:image:type\" content=\"image\/jpeg\" \/>\n<meta name=\"twitter:card\" content=\"summary_large_image\" \/>\n<meta name=\"twitter:label1\" content=\"Est. reading time\" \/>\n\t<meta name=\"twitter:data1\" content=\"1 minute\" \/>\n<script type=\"application\/ld+json\" class=\"yoast-schema-graph\">{\"@context\":\"https:\/\/schema.org\",\"@graph\":[{\"@type\":\"WebPage\",\"@id\":\"https:\/\/psc-lukavec.hr\/en\/product\/ford-focus-c-max-zracni-jastuk-vozacsuvozac-2005\/\",\"url\":\"https:\/\/psc-lukavec.hr\/en\/product\/ford-focus-c-max-zracni-jastuk-vozacsuvozac-2005\/\",\"name\":\"FORD FOCUS C-MAX ZRA\u010cNI JASTUK VOZA\u010c+SUVOZA\u010c 2005. - PSC Lukavec - autodijelovi\",\"isPartOf\":{\"@id\":\"https:\/\/psc-lukavec.hr\/#website\"},\"primaryImageOfPage\":{\"@id\":\"https:\/\/psc-lukavec.hr\/en\/product\/ford-focus-c-max-zracni-jastuk-vozacsuvozac-2005\/#primaryimage\"},\"image\":{\"@id\":\"https:\/\/psc-lukavec.hr\/en\/product\/ford-focus-c-max-zracni-jastuk-vozacsuvozac-2005\/#primaryimage\"},\"thumbnailUrl\":\"https:\/\/psc-lukavec.hr\/wp-content\/uploads\/2024\/06\/62793221.jpg\",\"datePublished\":\"2024-06-14T11:13:24+00:00\",\"dateModified\":\"2024-08-24T10:34:32+00:00\",\"breadcrumb\":{\"@id\":\"https:\/\/psc-lukavec.hr\/en\/product\/ford-focus-c-max-zracni-jastuk-vozacsuvozac-2005\/#breadcrumb\"},\"inLanguage\":\"en-US\",\"potentialAction\":[{\"@type\":\"ReadAction\",\"target\":[\"https:\/\/psc-lukavec.hr\/en\/product\/ford-focus-c-max-zracni-jastuk-vozacsuvozac-2005\/\"]}]},{\"@type\":\"ImageObject\",\"inLanguage\":\"en-US\",\"@id\":\"https:\/\/psc-lukavec.hr\/en\/product\/ford-focus-c-max-zracni-jastuk-vozacsuvozac-2005\/#primaryimage\",\"url\":\"https:\/\/psc-lukavec.hr\/wp-content\/uploads\/2024\/06\/62793221.jpg\",\"contentUrl\":\"https:\/\/psc-lukavec.hr\/wp-content\/uploads\/2024\/06\/62793221.jpg\",\"width\":1024,\"height\":681},{\"@type\":\"BreadcrumbList\",\"@id\":\"https:\/\/psc-lukavec.hr\/en\/product\/ford-focus-c-max-zracni-jastuk-vozacsuvozac-2005\/#breadcrumb\",\"itemListElement\":[{\"@type\":\"ListItem\",\"position\":1,\"name\":\"Po\u010detna stranica\",\"item\":\"https:\/\/psc-lukavec.hr\/\"},{\"@type\":\"ListItem\",\"position\":2,\"name\":\"Katalog proizvoda\",\"item\":\"https:\/\/psc-lukavec.hr\/shop\/\"},{\"@type\":\"ListItem\",\"position\":3,\"name\":\"FORD FOCUS C-MAX ZRA\u010cNI JASTUK VOZA\u010c+SUVOZA\u010c 2005.\"}]},{\"@type\":\"WebSite\",\"@id\":\"https:\/\/psc-lukavec.hr\/#website\",\"url\":\"https:\/\/psc-lukavec.hr\/\",\"name\":\"PSC Lukavec - autodijelovi\",\"description\":\"Online trgovina rezervnih dijelova\",\"publisher\":{\"@id\":\"https:\/\/psc-lukavec.hr\/#organization\"},\"potentialAction\":[{\"@type\":\"SearchAction\",\"target\":{\"@type\":\"EntryPoint\",\"urlTemplate\":\"https:\/\/psc-lukavec.hr\/?s={search_term_string}\"},\"query-input\":{\"@type\":\"PropertyValueSpecification\",\"valueRequired\":true,\"valueName\":\"search_term_string\"}}],\"inLanguage\":\"en-US\"},{\"@type\":\"Organization\",\"@id\":\"https:\/\/psc-lukavec.hr\/#organization\",\"name\":\"PSC Lukavec - autodijelovi\",\"url\":\"https:\/\/psc-lukavec.hr\/\",\"logo\":{\"@type\":\"ImageObject\",\"inLanguage\":\"en-US\",\"@id\":\"https:\/\/psc-lukavec.hr\/#\/schema\/logo\/image\/\",\"url\":\"http:\/\/psc-lukavec.hr\/wp-content\/uploads\/2024\/10\/PartSmartShop-1728391966.png\",\"contentUrl\":\"http:\/\/psc-lukavec.hr\/wp-content\/uploads\/2024\/10\/PartSmartShop-1728391966.png\",\"width\":470,\"height\":80,\"caption\":\"PSC Lukavec - autodijelovi\"},\"image\":{\"@id\":\"https:\/\/psc-lukavec.hr\/#\/schema\/logo\/image\/\"}}]}<\/script>\n<!-- \/ Yoast SEO plugin. -->","yoast_head_json":{"title":"FORD FOCUS C-MAX ZRA\u010cNI JASTUK VOZA\u010c+SUVOZA\u010c 2005. - PSC Lukavec - autodijelovi","robots":{"index":"index","follow":"follow","max-snippet":"max-snippet:-1","max-image-preview":"max-image-preview:large","max-video-preview":"max-video-preview:-1"},"canonical":"https:\/\/psc-lukavec.hr\/en\/product\/ford-focus-c-max-zracni-jastuk-vozacsuvozac-2005\/","og_locale":"en_US","og_type":"article","og_title":"FORD FOCUS C-MAX ZRA\u010cNI JASTUK VOZA\u010c+SUVOZA\u010c 2005. - PSC Lukavec - autodijelovi","og_description":"FORD FOCUS C-MAX ZRA\u010cNI JASTUK VOZA\u010c+SUVOZA\u010c 2005. 3M51RO42B84 AD 3M51-RO42B85 AG 2004. Cijena je po komadu &#8211;Molimo vas da prije no \u0161to nas kontaktirate, raspola\u017eete potrebnim podacima o Va\u0161em vozilu. &#8211;CIJENA POJEDINA\u010cNIH DIJELOVA NA UPIT..!! &#8212; DOLAZAK UZ NAJAVU..!! &#8211;Cijene se mijenjaju na tjednoj osnovi, ovisno o raspolo\u017eivom stanju i naru\u010denoj koli\u010dini&#8211; ____________________________________________________________________________ **Slike Va\u0161ih [&hellip;]","og_url":"https:\/\/psc-lukavec.hr\/en\/product\/ford-focus-c-max-zracni-jastuk-vozacsuvozac-2005\/","og_site_name":"PSC Lukavec - autodijelovi","article_modified_time":"2024-08-24T10:34:32+00:00","og_image":[{"width":1024,"height":681,"url":"https:\/\/psc-lukavec.hr\/wp-content\/uploads\/2024\/06\/62793221.jpg","type":"image\/jpeg"}],"twitter_card":"summary_large_image","twitter_misc":{"Est. reading time":"1 minute"},"schema":{"@context":"https:\/\/schema.org","@graph":[{"@type":"WebPage","@id":"https:\/\/psc-lukavec.hr\/en\/product\/ford-focus-c-max-zracni-jastuk-vozacsuvozac-2005\/","url":"https:\/\/psc-lukavec.hr\/en\/product\/ford-focus-c-max-zracni-jastuk-vozacsuvozac-2005\/","name":"FORD FOCUS C-MAX ZRA\u010cNI JASTUK VOZA\u010c+SUVOZA\u010c 2005. - PSC Lukavec - autodijelovi","isPartOf":{"@id":"https:\/\/psc-lukavec.hr\/#website"},"primaryImageOfPage":{"@id":"https:\/\/psc-lukavec.hr\/en\/product\/ford-focus-c-max-zracni-jastuk-vozacsuvozac-2005\/#primaryimage"},"image":{"@id":"https:\/\/psc-lukavec.hr\/en\/product\/ford-focus-c-max-zracni-jastuk-vozacsuvozac-2005\/#primaryimage"},"thumbnailUrl":"https:\/\/psc-lukavec.hr\/wp-content\/uploads\/2024\/06\/62793221.jpg","datePublished":"2024-06-14T11:13:24+00:00","dateModified":"2024-08-24T10:34:32+00:00","breadcrumb":{"@id":"https:\/\/psc-lukavec.hr\/en\/product\/ford-focus-c-max-zracni-jastuk-vozacsuvozac-2005\/#breadcrumb"},"inLanguage":"en-US","potentialAction":[{"@type":"ReadAction","target":["https:\/\/psc-lukavec.hr\/en\/product\/ford-focus-c-max-zracni-jastuk-vozacsuvozac-2005\/"]}]},{"@type":"ImageObject","inLanguage":"en-US","@id":"https:\/\/psc-lukavec.hr\/en\/product\/ford-focus-c-max-zracni-jastuk-vozacsuvozac-2005\/#primaryimage","url":"https:\/\/psc-lukavec.hr\/wp-content\/uploads\/2024\/06\/62793221.jpg","contentUrl":"https:\/\/psc-lukavec.hr\/wp-content\/uploads\/2024\/06\/62793221.jpg","width":1024,"height":681},{"@type":"BreadcrumbList","@id":"https:\/\/psc-lukavec.hr\/en\/product\/ford-focus-c-max-zracni-jastuk-vozacsuvozac-2005\/#breadcrumb","itemListElement":[{"@type":"ListItem","position":1,"name":"Po\u010detna stranica","item":"https:\/\/psc-lukavec.hr\/"},{"@type":"ListItem","position":2,"name":"Katalog proizvoda","item":"https:\/\/psc-lukavec.hr\/shop\/"},{"@type":"ListItem","position":3,"name":"FORD FOCUS C-MAX ZRA\u010cNI JASTUK VOZA\u010c+SUVOZA\u010c 2005."}]},{"@type":"WebSite","@id":"https:\/\/psc-lukavec.hr\/#website","url":"https:\/\/psc-lukavec.hr\/","name":"PSC Lukavec - autodijelovi","description":"Online trgovina rezervnih dijelova","publisher":{"@id":"https:\/\/psc-lukavec.hr\/#organization"},"potentialAction":[{"@type":"SearchAction","target":{"@type":"EntryPoint","urlTemplate":"https:\/\/psc-lukavec.hr\/?s={search_term_string}"},"query-input":{"@type":"PropertyValueSpecification","valueRequired":true,"valueName":"search_term_string"}}],"inLanguage":"en-US"},{"@type":"Organization","@id":"https:\/\/psc-lukavec.hr\/#organization","name":"PSC Lukavec - autodijelovi","url":"https:\/\/psc-lukavec.hr\/","logo":{"@type":"ImageObject","inLanguage":"en-US","@id":"https:\/\/psc-lukavec.hr\/#\/schema\/logo\/image\/","url":"http:\/\/psc-lukavec.hr\/wp-content\/uploads\/2024\/10\/PartSmartShop-1728391966.png","contentUrl":"http:\/\/psc-lukavec.hr\/wp-content\/uploads\/2024\/10\/PartSmartShop-1728391966.png","width":470,"height":80,"caption":"PSC Lukavec - autodijelovi"},"image":{"@id":"https:\/\/psc-lukavec.hr\/#\/schema\/logo\/image\/"}}]}},"_links":{"self":[{"href":"https:\/\/psc-lukavec.hr\/en\/wp-json\/wp\/v2\/product\/111078","targetHints":{"allow":["GET"]}}],"collection":[{"href":"https:\/\/psc-lukavec.hr\/en\/wp-json\/wp\/v2\/product"}],"about":[{"href":"https:\/\/psc-lukavec.hr\/en\/wp-json\/wp\/v2\/types\/product"}],"replies":[{"embeddable":true,"href":"https:\/\/psc-lukavec.hr\/en\/wp-json\/wp\/v2\/comments?post=111078"}],"wp:featuredmedia":[{"embeddable":true,"href":"https:\/\/psc-lukavec.hr\/en\/wp-json\/wp\/v2\/media\/111079"}],"wp:attachment":[{"href":"https:\/\/psc-lukavec.hr\/en\/wp-json\/wp\/v2\/media?parent=111078"}],"wp:term":[{"taxonomy":"brend","embeddable":true,"href":"https:\/\/psc-lukavec.hr\/en\/wp-json\/wp\/v2\/brend?post=111078"},{"taxonomy":"product_cat","embeddable":true,"href":"https:\/\/psc-lukavec.hr\/en\/wp-json\/wp\/v2\/product_cat?post=111078"},{"taxonomy":"product_tag","embeddable":true,"href":"https:\/\/psc-lukavec.hr\/en\/wp-json\/wp\/v2\/product_tag?post=111078"}],"curies":[{"name":"wp","href":"https:\/\/api.w.org\/{rel}","templated":true}]}}