{"id":80574,"date":"2024-06-13T19:42:30","date_gmt":"2024-06-13T19:42:30","guid":{"rendered":"http:\/\/psclukavec.hr\/product\/peugeot-1-5-hdi-bregaste-osovine-2018-2023\/"},"modified":"2025-01-28T09:05:31","modified_gmt":"2025-01-28T09:05:31","slug":"peugeot-1-5-hdi-bregaste-osovine-2018-2023","status":"publish","type":"product","link":"http:\/\/psc-lukavec.hr\/en\/product\/peugeot-1-5-hdi-bregaste-osovine-2018-2023\/","title":{"rendered":"PEUGEOT 1.5 HDI BREGASTE OSOVINE 2018-2023"},"content":{"rendered":"<p>PEUGEOT 1.5 HDI BREGASTE OSOVINE<br \/>\nPEUGEOT 1.5 HDI SET BREGASTIH OSOVINA<\/p>\n<p>POJA\u010cANI SET LANCA 8mm &#8230;NOVO ORIGINALNO!!!<\/p>\n<p>PREINAKA SA LANCEM 8mm&#8230;stari lanac prve ugradnje je debljine 7mm i u opozivu je od 2018.god zbog tvornickih nedostataka..<\/p>\n<p>Mi imamo na stanju POJA\u010cANE BREGASTE OSOVINE I POJACANI SET LANCA 8mm<\/p>\n<p>Nas set sadrzi:<br \/>\n-OBJE BREGASTE OSOVINE<br \/>\n-LANAC DEBLJINE 8mm<br \/>\n-NATEZA\u010c LANCA SA KLIZACIMA<br \/>\n-KOMPLETNO KU\u010cI\u0160TE, KOMORA BREGASTIH OSOVINA<\/p>\n<p>NOVO ORIGINALNO<br \/>\n1638159880<br \/>\n9830146880<br \/>\n9828655380<br \/>\n9828655580<br \/>\n9830580480<br \/>\n**9823954880<br \/>\n**9826028980<br \/>\n**9812647280<\/p>\n<p>PRODAJA ISKLJUCIVO U KOMPLETU.!<br \/>\nNOVO..ORIGINALNO..VISE ISTIH KOMADA NA STANJU!<\/p>\n<p>Citroen<br \/>\nBerlingo III, C-Elysee, C3 Aircross II, C3 III, C4 Cactus, C4 III, C4 Spacetourer, C5 Aircross, Jumpy IV, Spacetourer<\/p>\n<p>Peugeot<br \/>\n2008 I &amp; II, 208 II, 301, 308 II &amp; III, 5008 II, 508 II, Expert IV, Partner III, Rifter, Traveler<\/p>\n<p>Opel<br \/>\nAstra K&amp;L, Combo E, Crossland X, Grandland X, Mokka, Vivaro C, Zafira III<\/p>\n<p>Ford<br \/>\nEcosport, Focus IV, Kuga III, Puma 20-, Tourneo 18-, Transit Connect 18-<\/p>\n<p>SLIKA PRIKAZUJE STVARNO STANJE PREDMETA<br \/>\nKupljena roba je vrlo dobro za\u0161ti\u0107ena od o\u0161te\u0107enja prilikom transporta.<\/p>\n<p>Preporu\u010dite nas drugima!<\/p>\n<p>Vr\u0161imo i prodaju u sjedi\u0161tu tvrtke<\/p>\n<p>Radno vrijeme: Ponedjeljak-Petak 08-16h,ukoliko izvan radnog vremena(molimo sms)<br \/>\nOsobni dolazak-obavezna najava.<br \/>\n_______________________________________<br \/>\nNa lageru imamo veliki asortiman rabljenih dijelova iz inozemstva i tuzemstva(preko 6500 m2 skladi\u0161nog prostora sa preko 1500 000 artikala na stanju sa kontinuiranim rastom lagera i prodaje).<br \/>\n****Cijene dijelova se mijenjaju i cijena i raspolo\u017eivost je na upit.*****<br \/>\nDugi niz godina iskustva u prodaji dijelova i otvoreni smo za suradnju sa svim servisima.<br \/>\nZa stalne kupce odobravamo popust.<br \/>\nPo\u017eeljno VIN, slika ili OE broj dijela na email, sms, viber, whatsapp<br \/>\nDostava dijelova u HR I EU na adresu kurirskim slu\u017ebama najkasnije 96h.<br \/>\nPla\u0107anje prilikom preuzimanja, tro\u0161kove dostave snosi kupac<br \/>\n_______________________________________<br \/>\nNa sve dijelove dajemo garanciju na ispravnost i uva\u017eavamo reklamacije.<br \/>\nDogodi li se da je dio ne odgovaraju\u0107i i\/ili niste zadovoljni kupljenim,<br \/>\nvra\u0107amo novac ili mijenjamo za drugi.<br \/>\nRok za reklamaciju 14 dana od kupovine, uz uvjet da dio nije rastavljan.<br \/>\nMogu\u0107nost ugovora garancije 6 mj.<br \/>\n_______________________________________<br \/>\nNudimo usluge Servisa, prijevoza vozila i radnih strojeva<br \/>\nOTKUPLJUJEMO O\u0160TE\u0106ENA I KARAMBOLIRANA VOZILA.<br \/>\nZahvaljujemo na ukazanom povjerenju i razumijevanju.<br \/>\nPogledajte ostale na\u0161e oglase.<br \/>\n_______________________________________<br \/>\nwww.psc-lukavec.hr<br \/>\npsc.lukavec@gmail.com<br \/>\n098 539240<br \/>\n099 2998989<\/p>\n","protected":false},"excerpt":{"rendered":"<p>PEUGEOT 1.5 HDI BREGASTE OSOVINE PEUGEOT 1.5 HDI SET BREGASTIH OSOVINA POJA\u010cANI SET LANCA 8mm &#8230;NOVO ORIGINALNO!!! PREINAKA SA LANCEM 8mm&#8230;stari lanac prve ugradnje je debljine 7mm i u opozivu je od 2018.god zbog tvornickih nedostataka.. Mi imamo na stanju POJA\u010cANE BREGASTE OSOVINE I POJACANI SET LANCA 8mm Nas set sadrzi: -OBJE BREGASTE OSOVINE -LANAC [&hellip;]<\/p>\n","protected":false},"featured_media":80575,"comment_status":"open","ping_status":"closed","template":"","meta":{"_acf_changed":false},"brend":[1608],"product_cat":[3055],"product_tag":[],"class_list":{"0":"post-80574","1":"product","2":"type-product","3":"status-publish","4":"has-post-thumbnail","6":"brend-peugeot","7":"product_cat-motor-i-pogonski-dijelovi","9":"first","10":"instock","11":"shipping-taxable","12":"purchasable","13":"product-type-simple"},"acf":[],"yoast_head":"<!-- This site is optimized with the Yoast SEO plugin v24.9 - https:\/\/yoast.com\/wordpress\/plugins\/seo\/ -->\n<title>PEUGEOT 1.5 HDI BREGASTE OSOVINE 2018-2023 - PSC Lukavec - autodijelovi<\/title>\n<meta name=\"robots\" content=\"index, follow, max-snippet:-1, max-image-preview:large, max-video-preview:-1\" \/>\n<link rel=\"canonical\" href=\"https:\/\/psc-lukavec.hr\/product\/peugeot-1-5-hdi-bregaste-osovine-2018-2023\/\" \/>\n<meta property=\"og:locale\" content=\"en_US\" \/>\n<meta property=\"og:type\" content=\"article\" \/>\n<meta property=\"og:title\" content=\"PEUGEOT 1.5 HDI BREGASTE OSOVINE 2018-2023 - PSC Lukavec - autodijelovi\" \/>\n<meta property=\"og:description\" content=\"PEUGEOT 1.5 HDI BREGASTE OSOVINE PEUGEOT 1.5 HDI SET BREGASTIH OSOVINA POJA\u010cANI SET LANCA 8mm &#8230;NOVO ORIGINALNO!!! PREINAKA SA LANCEM 8mm&#8230;stari lanac prve ugradnje je debljine 7mm i u opozivu je od 2018.god zbog tvornickih nedostataka.. Mi imamo na stanju POJA\u010cANE BREGASTE OSOVINE I POJACANI SET LANCA 8mm Nas set sadrzi: -OBJE BREGASTE OSOVINE -LANAC [&hellip;]\" \/>\n<meta property=\"og:url\" content=\"https:\/\/psc-lukavec.hr\/product\/peugeot-1-5-hdi-bregaste-osovine-2018-2023\/\" \/>\n<meta property=\"og:site_name\" content=\"PSC Lukavec - autodijelovi\" \/>\n<meta property=\"article:modified_time\" content=\"2025-01-28T09:05:31+00:00\" \/>\n<meta property=\"og:image\" content=\"https:\/\/psc-lukavec.hr\/wp-content\/uploads\/2024\/06\/216384350.jpg\" \/>\n\t<meta property=\"og:image:width\" content=\"1600\" \/>\n\t<meta property=\"og:image:height\" content=\"1200\" \/>\n\t<meta property=\"og:image:type\" content=\"image\/jpeg\" \/>\n<meta name=\"twitter:card\" content=\"summary_large_image\" \/>\n<meta name=\"twitter:label1\" content=\"Est. reading time\" \/>\n\t<meta name=\"twitter:data1\" content=\"2 minutes\" \/>\n<script type=\"application\/ld+json\" class=\"yoast-schema-graph\">{\"@context\":\"https:\/\/schema.org\",\"@graph\":[{\"@type\":\"WebPage\",\"@id\":\"https:\/\/psc-lukavec.hr\/product\/peugeot-1-5-hdi-bregaste-osovine-2018-2023\/\",\"url\":\"https:\/\/psc-lukavec.hr\/product\/peugeot-1-5-hdi-bregaste-osovine-2018-2023\/\",\"name\":\"PEUGEOT 1.5 HDI BREGASTE OSOVINE 2018-2023 - PSC Lukavec - autodijelovi\",\"isPartOf\":{\"@id\":\"https:\/\/psc-lukavec.hr\/#website\"},\"primaryImageOfPage\":{\"@id\":\"https:\/\/psc-lukavec.hr\/product\/peugeot-1-5-hdi-bregaste-osovine-2018-2023\/#primaryimage\"},\"image\":{\"@id\":\"https:\/\/psc-lukavec.hr\/product\/peugeot-1-5-hdi-bregaste-osovine-2018-2023\/#primaryimage\"},\"thumbnailUrl\":\"http:\/\/psc-lukavec.hr\/wp-content\/uploads\/2024\/06\/216384350.jpg\",\"datePublished\":\"2024-06-13T19:42:30+00:00\",\"dateModified\":\"2025-01-28T09:05:31+00:00\",\"breadcrumb\":{\"@id\":\"https:\/\/psc-lukavec.hr\/product\/peugeot-1-5-hdi-bregaste-osovine-2018-2023\/#breadcrumb\"},\"inLanguage\":\"en-US\",\"potentialAction\":[{\"@type\":\"ReadAction\",\"target\":[\"https:\/\/psc-lukavec.hr\/product\/peugeot-1-5-hdi-bregaste-osovine-2018-2023\/\"]}]},{\"@type\":\"ImageObject\",\"inLanguage\":\"en-US\",\"@id\":\"https:\/\/psc-lukavec.hr\/product\/peugeot-1-5-hdi-bregaste-osovine-2018-2023\/#primaryimage\",\"url\":\"http:\/\/psc-lukavec.hr\/wp-content\/uploads\/2024\/06\/216384350.jpg\",\"contentUrl\":\"http:\/\/psc-lukavec.hr\/wp-content\/uploads\/2024\/06\/216384350.jpg\",\"width\":1600,\"height\":1200},{\"@type\":\"BreadcrumbList\",\"@id\":\"https:\/\/psc-lukavec.hr\/product\/peugeot-1-5-hdi-bregaste-osovine-2018-2023\/#breadcrumb\",\"itemListElement\":[{\"@type\":\"ListItem\",\"position\":1,\"name\":\"Po\u010detna stranica\",\"item\":\"https:\/\/psc-lukavec.hr\/\"},{\"@type\":\"ListItem\",\"position\":2,\"name\":\"Katalog proizvoda\",\"item\":\"https:\/\/psc-lukavec.hr\/shop\/\"},{\"@type\":\"ListItem\",\"position\":3,\"name\":\"PEUGEOT 1.5 HDI BREGASTE OSOVINE 2018-2023\"}]},{\"@type\":\"WebSite\",\"@id\":\"https:\/\/psc-lukavec.hr\/#website\",\"url\":\"https:\/\/psc-lukavec.hr\/\",\"name\":\"PSC Lukavec - autodijelovi\",\"description\":\"Online trgovina rezervnih dijelova\",\"publisher\":{\"@id\":\"https:\/\/psc-lukavec.hr\/#organization\"},\"potentialAction\":[{\"@type\":\"SearchAction\",\"target\":{\"@type\":\"EntryPoint\",\"urlTemplate\":\"https:\/\/psc-lukavec.hr\/?s={search_term_string}\"},\"query-input\":{\"@type\":\"PropertyValueSpecification\",\"valueRequired\":true,\"valueName\":\"search_term_string\"}}],\"inLanguage\":\"en-US\"},{\"@type\":\"Organization\",\"@id\":\"https:\/\/psc-lukavec.hr\/#organization\",\"name\":\"PSC Lukavec - autodijelovi\",\"url\":\"https:\/\/psc-lukavec.hr\/\",\"logo\":{\"@type\":\"ImageObject\",\"inLanguage\":\"en-US\",\"@id\":\"https:\/\/psc-lukavec.hr\/#\/schema\/logo\/image\/\",\"url\":\"http:\/\/psc-lukavec.hr\/wp-content\/uploads\/2024\/10\/PartSmartShop-1728391966.png\",\"contentUrl\":\"http:\/\/psc-lukavec.hr\/wp-content\/uploads\/2024\/10\/PartSmartShop-1728391966.png\",\"width\":470,\"height\":80,\"caption\":\"PSC Lukavec - autodijelovi\"},\"image\":{\"@id\":\"https:\/\/psc-lukavec.hr\/#\/schema\/logo\/image\/\"}}]}<\/script>\n<!-- \/ Yoast SEO plugin. -->","yoast_head_json":{"title":"PEUGEOT 1.5 HDI BREGASTE OSOVINE 2018-2023 - PSC Lukavec - autodijelovi","robots":{"index":"index","follow":"follow","max-snippet":"max-snippet:-1","max-image-preview":"max-image-preview:large","max-video-preview":"max-video-preview:-1"},"canonical":"https:\/\/psc-lukavec.hr\/product\/peugeot-1-5-hdi-bregaste-osovine-2018-2023\/","og_locale":"en_US","og_type":"article","og_title":"PEUGEOT 1.5 HDI BREGASTE OSOVINE 2018-2023 - PSC Lukavec - autodijelovi","og_description":"PEUGEOT 1.5 HDI BREGASTE OSOVINE PEUGEOT 1.5 HDI SET BREGASTIH OSOVINA POJA\u010cANI SET LANCA 8mm &#8230;NOVO ORIGINALNO!!! PREINAKA SA LANCEM 8mm&#8230;stari lanac prve ugradnje je debljine 7mm i u opozivu je od 2018.god zbog tvornickih nedostataka.. Mi imamo na stanju POJA\u010cANE BREGASTE OSOVINE I POJACANI SET LANCA 8mm Nas set sadrzi: -OBJE BREGASTE OSOVINE -LANAC [&hellip;]","og_url":"https:\/\/psc-lukavec.hr\/product\/peugeot-1-5-hdi-bregaste-osovine-2018-2023\/","og_site_name":"PSC Lukavec - autodijelovi","article_modified_time":"2025-01-28T09:05:31+00:00","og_image":[{"width":1600,"height":1200,"url":"https:\/\/psc-lukavec.hr\/wp-content\/uploads\/2024\/06\/216384350.jpg","type":"image\/jpeg"}],"twitter_card":"summary_large_image","twitter_misc":{"Est. reading time":"2 minutes"},"schema":{"@context":"https:\/\/schema.org","@graph":[{"@type":"WebPage","@id":"https:\/\/psc-lukavec.hr\/product\/peugeot-1-5-hdi-bregaste-osovine-2018-2023\/","url":"https:\/\/psc-lukavec.hr\/product\/peugeot-1-5-hdi-bregaste-osovine-2018-2023\/","name":"PEUGEOT 1.5 HDI BREGASTE OSOVINE 2018-2023 - PSC Lukavec - autodijelovi","isPartOf":{"@id":"https:\/\/psc-lukavec.hr\/#website"},"primaryImageOfPage":{"@id":"https:\/\/psc-lukavec.hr\/product\/peugeot-1-5-hdi-bregaste-osovine-2018-2023\/#primaryimage"},"image":{"@id":"https:\/\/psc-lukavec.hr\/product\/peugeot-1-5-hdi-bregaste-osovine-2018-2023\/#primaryimage"},"thumbnailUrl":"http:\/\/psc-lukavec.hr\/wp-content\/uploads\/2024\/06\/216384350.jpg","datePublished":"2024-06-13T19:42:30+00:00","dateModified":"2025-01-28T09:05:31+00:00","breadcrumb":{"@id":"https:\/\/psc-lukavec.hr\/product\/peugeot-1-5-hdi-bregaste-osovine-2018-2023\/#breadcrumb"},"inLanguage":"en-US","potentialAction":[{"@type":"ReadAction","target":["https:\/\/psc-lukavec.hr\/product\/peugeot-1-5-hdi-bregaste-osovine-2018-2023\/"]}]},{"@type":"ImageObject","inLanguage":"en-US","@id":"https:\/\/psc-lukavec.hr\/product\/peugeot-1-5-hdi-bregaste-osovine-2018-2023\/#primaryimage","url":"http:\/\/psc-lukavec.hr\/wp-content\/uploads\/2024\/06\/216384350.jpg","contentUrl":"http:\/\/psc-lukavec.hr\/wp-content\/uploads\/2024\/06\/216384350.jpg","width":1600,"height":1200},{"@type":"BreadcrumbList","@id":"https:\/\/psc-lukavec.hr\/product\/peugeot-1-5-hdi-bregaste-osovine-2018-2023\/#breadcrumb","itemListElement":[{"@type":"ListItem","position":1,"name":"Po\u010detna stranica","item":"https:\/\/psc-lukavec.hr\/"},{"@type":"ListItem","position":2,"name":"Katalog proizvoda","item":"https:\/\/psc-lukavec.hr\/shop\/"},{"@type":"ListItem","position":3,"name":"PEUGEOT 1.5 HDI BREGASTE OSOVINE 2018-2023"}]},{"@type":"WebSite","@id":"https:\/\/psc-lukavec.hr\/#website","url":"https:\/\/psc-lukavec.hr\/","name":"PSC Lukavec - autodijelovi","description":"Online trgovina rezervnih dijelova","publisher":{"@id":"https:\/\/psc-lukavec.hr\/#organization"},"potentialAction":[{"@type":"SearchAction","target":{"@type":"EntryPoint","urlTemplate":"https:\/\/psc-lukavec.hr\/?s={search_term_string}"},"query-input":{"@type":"PropertyValueSpecification","valueRequired":true,"valueName":"search_term_string"}}],"inLanguage":"en-US"},{"@type":"Organization","@id":"https:\/\/psc-lukavec.hr\/#organization","name":"PSC Lukavec - autodijelovi","url":"https:\/\/psc-lukavec.hr\/","logo":{"@type":"ImageObject","inLanguage":"en-US","@id":"https:\/\/psc-lukavec.hr\/#\/schema\/logo\/image\/","url":"http:\/\/psc-lukavec.hr\/wp-content\/uploads\/2024\/10\/PartSmartShop-1728391966.png","contentUrl":"http:\/\/psc-lukavec.hr\/wp-content\/uploads\/2024\/10\/PartSmartShop-1728391966.png","width":470,"height":80,"caption":"PSC Lukavec - autodijelovi"},"image":{"@id":"https:\/\/psc-lukavec.hr\/#\/schema\/logo\/image\/"}}]}},"_links":{"self":[{"href":"http:\/\/psc-lukavec.hr\/en\/wp-json\/wp\/v2\/product\/80574","targetHints":{"allow":["GET"]}}],"collection":[{"href":"http:\/\/psc-lukavec.hr\/en\/wp-json\/wp\/v2\/product"}],"about":[{"href":"http:\/\/psc-lukavec.hr\/en\/wp-json\/wp\/v2\/types\/product"}],"replies":[{"embeddable":true,"href":"http:\/\/psc-lukavec.hr\/en\/wp-json\/wp\/v2\/comments?post=80574"}],"wp:featuredmedia":[{"embeddable":true,"href":"http:\/\/psc-lukavec.hr\/en\/wp-json\/wp\/v2\/media\/80575"}],"wp:attachment":[{"href":"http:\/\/psc-lukavec.hr\/en\/wp-json\/wp\/v2\/media?parent=80574"}],"wp:term":[{"taxonomy":"brend","embeddable":true,"href":"http:\/\/psc-lukavec.hr\/en\/wp-json\/wp\/v2\/brend?post=80574"},{"taxonomy":"product_cat","embeddable":true,"href":"http:\/\/psc-lukavec.hr\/en\/wp-json\/wp\/v2\/product_cat?post=80574"},{"taxonomy":"product_tag","embeddable":true,"href":"http:\/\/psc-lukavec.hr\/en\/wp-json\/wp\/v2\/product_tag?post=80574"}],"curies":[{"name":"wp","href":"https:\/\/api.w.org\/{rel}","templated":true}]}}