{"id":75598,"date":"2024-06-13T19:18:09","date_gmt":"2024-06-13T19:18:09","guid":{"rendered":"http:\/\/psclukavec.hr\/product\/balast-ksenona-trafo-xenona-1307329082\/"},"modified":"2025-01-16T09:45:30","modified_gmt":"2025-01-16T09:45:30","slug":"balast-ksenona-trafo-xenona-1307329082","status":"publish","type":"product","link":"http:\/\/psc-lukavec.hr\/en\/product\/balast-ksenona-trafo-xenona-1307329082\/","title":{"rendered":"BALAST KSENONA TRAFO XENONA 1307329082"},"content":{"rendered":"<p>BALAST KSENONA TRAFO XENONA<br \/>\nBALLAST Model: AL 1 307 329 074 \/ 1307329074<br \/>\n1307329082<br \/>\n63126907496<br \/>\n63126912114<br \/>\n63126918593<br \/>\n63127176068<br \/>\n6312406709 <\/p>\n<p>1307329082, 1307329088, 1307329072, 1307329066, 63126907496, 6907496, 63126918593, 6918593, 63127176068, 7176068, 63120406709, 0406709, 63126912114, 6912114, 4D0907476B, 1T0 907 391, 1T0907391, 63127176068, 7176068, 63126907496, 6907496, 63126912114, 6912114, 63126918593, 6918593, 63120406709, 0406709, 63120149277, 0149277, YXC000500<br \/>\n1307329082<br \/>\n1 307 329 064<br \/>\n1 307 329 060<br \/>\n1 307 329 066<br \/>\n1 307 329 068<br \/>\n1 307 329 072<br \/>\n1 307 329 073<br \/>\n1 307 329 074<br \/>\n1 307 329 081<br \/>\n1 307 329 082<br \/>\n1 307 329 084<br \/>\n1 307 329 087<br \/>\n1 307 329 088<br \/>\n1 307 329 089<br \/>\n1 307 329 090<br \/>\n1 307 329 092<br \/>\n63126907496 6907496 [BMW]<br \/>\n63126918593 6918593 [BMW]<br \/>\n63127176068 7176068 [BMW]<br \/>\n63120406709 0406709 [BMW]<br \/>\n63126912114 6912114 [BMW]<br \/>\n4D0907476B [AUDI]<br \/>\n1T0 907 391 1T0907391 [VW]<br \/>\n63127176068 &#8211; 63 12 7 176 068 &#8211; 7176068<br \/>\n63126907496 &#8211; 63 12 6 907 496 &#8211; 6907496<br \/>\n63126912114 &#8211; 63 12 6 912 114 &#8211; 6912114<br \/>\n63126918593 &#8211; 63 12 6 918 593 &#8211; 6918593<br \/>\n63120406709 &#8211; 63 12 0 406 709 &#8211; 0406709<br \/>\n63120149277 &#8211; 63 12 0 149 277 &#8211; 0149277<br \/>\nYXC 000500 &#8211; YXC000500<\/p>\n<p>SLIKA PRIKAZUJE STVARNO STANJE PREDMETA<br \/>\nKupljena roba je vrlo dobro za\u0161ti\u0107ena od o\u0161te\u0107enja prilikom transporta. <\/p>\n<p>Preporu\u010dite nas drugima! <\/p>\n<p>Vr\u0161imo i prodaju u sjedi\u0161tu tvrtke <\/p>\n<p>Radno vrijeme: Ponedjeljak-Petak 08-16h,ukoliko izvan radnog vremena(molimo sms)<br \/>\nOsobni dolazak &gt;obavezna najava.&lt;<br \/>\n_______________________________________<br \/>\nNa lageru imamo veliki asortiman rabljenih dijelova iz inozemstva i tuzemstva(preko 6500 m2 skladi\u0161nog prostora sa preko 1500 000 artikala u ponudi sa kontinuiranim rastom lagera i prodaje).<br \/>\n***Cijene dijelova se mijenjaju i cijena i raspolo\u017eivost je na upit.***<br \/>\nDugi niz godina iskustva u prodaji dijelova i otvoreni smo za suradnju sa svim servisima.<br \/>\nZa stalne kupce odobravamo popust.<br \/>\nPo\u017eeljno VIN, slika ili OE broj dijela na email, sms, viber, whatsapp<br \/>\nDostava dijelova u HR i EU na adresu kurirskim slu\u017ebama 48h.<br \/>\nPla\u0107anje prilikom preuzimanja, tro\u0161kove dostave snosi kupac.!<br \/>\n_______________________________________<br \/>\nNa sve dijelove dajemo garanciju na ispravnost i uva\u017eavamo reklamacije.<br \/>\nDogodi li se da je dio ne odgovaraju\u0107i i\/ili niste zadovoljni kupljenim,<br \/>\nvra\u0107amo novac ili mijenjamo za drugi dio.<br \/>\nRok za reklamaciju 14 dana od kupovine, uz uvjet da dio nije rastavljan.<br \/>\nMogu\u0107nost ugovora garancije 6 mj.<br \/>\n_______________________________________<br \/>\nNudimo usluge Servisa, prijevoza vozila i radnih strojeva<br \/>\nOTKUPLJUJEMO O\u0160TE\u0106ENA I KARAMBOLIRANA VOZILA.<br \/>\nZahvaljujemo na ukazanom povjerenju i razumijevanju.<br \/>\nPogledajte ostale na\u0161e oglase.<br \/>\n_______________________________________<br \/>\nwww.psc-lukavec.hr<br \/>\npsc.lukavec@gmail.com<br \/>\n098 539240<br \/>\n099 2998989<\/p>\n","protected":false},"excerpt":{"rendered":"<p>BALAST KSENONA TRAFO XENONA BALLAST Model: AL 1 307 329 074 \/ 1307329074 1307329082 63126907496 63126912114 63126918593 63127176068 6312406709 1307329082, 1307329088, 1307329072, 1307329066, 63126907496, 6907496, 63126918593, 6918593, 63127176068, 7176068, 63120406709, 0406709, 63126912114, 6912114, 4D0907476B, 1T0 907 391, 1T0907391, 63127176068, 7176068, 63126907496, 6907496, 63126912114, 6912114, 63126918593, 6918593, 63120406709, 0406709, 63120149277, 0149277, YXC000500 1307329082 1 307 329 [&hellip;]<\/p>\n","protected":false},"featured_media":75599,"comment_status":"open","ping_status":"closed","template":"","meta":{"_acf_changed":false},"brend":[],"product_cat":[3054],"product_tag":[],"class_list":{"0":"post-75598","1":"product","2":"type-product","3":"status-publish","4":"has-post-thumbnail","6":"product_cat-auto-elektronika-i-autoelektrika","8":"first","9":"instock","10":"shipping-taxable","11":"purchasable","12":"product-type-simple"},"acf":[],"yoast_head":"<!-- This site is optimized with the Yoast SEO plugin v24.9 - https:\/\/yoast.com\/wordpress\/plugins\/seo\/ -->\n<title>BALAST KSENONA TRAFO XENONA 1307329082 - PSC Lukavec - autodijelovi<\/title>\n<meta name=\"robots\" content=\"index, follow, max-snippet:-1, max-image-preview:large, max-video-preview:-1\" \/>\n<link rel=\"canonical\" href=\"http:\/\/psc-lukavec.hr\/product\/balast-ksenona-trafo-xenona-1307329082\/\" \/>\n<meta property=\"og:locale\" content=\"en_US\" \/>\n<meta property=\"og:type\" content=\"article\" \/>\n<meta property=\"og:title\" content=\"BALAST KSENONA TRAFO XENONA 1307329082 - PSC Lukavec - autodijelovi\" \/>\n<meta property=\"og:description\" content=\"BALAST KSENONA TRAFO XENONA BALLAST Model: AL 1 307 329 074 \/ 1307329074 1307329082 63126907496 63126912114 63126918593 63127176068 6312406709 1307329082, 1307329088, 1307329072, 1307329066, 63126907496, 6907496, 63126918593, 6918593, 63127176068, 7176068, 63120406709, 0406709, 63126912114, 6912114, 4D0907476B, 1T0 907 391, 1T0907391, 63127176068, 7176068, 63126907496, 6907496, 63126912114, 6912114, 63126918593, 6918593, 63120406709, 0406709, 63120149277, 0149277, YXC000500 1307329082 1 307 329 [&hellip;]\" \/>\n<meta property=\"og:url\" content=\"http:\/\/psc-lukavec.hr\/product\/balast-ksenona-trafo-xenona-1307329082\/\" \/>\n<meta property=\"og:site_name\" content=\"PSC Lukavec - autodijelovi\" \/>\n<meta property=\"article:modified_time\" content=\"2025-01-16T09:45:30+00:00\" \/>\n<meta property=\"og:image\" content=\"http:\/\/psc-lukavec.hr\/wp-content\/uploads\/2024\/06\/213250781.jpg\" \/>\n\t<meta property=\"og:image:width\" content=\"920\" \/>\n\t<meta property=\"og:image:height\" content=\"690\" \/>\n\t<meta property=\"og:image:type\" content=\"image\/jpeg\" \/>\n<meta name=\"twitter:card\" content=\"summary_large_image\" \/>\n<meta name=\"twitter:label1\" content=\"Est. reading time\" \/>\n\t<meta name=\"twitter:data1\" content=\"1 minute\" \/>\n<script type=\"application\/ld+json\" class=\"yoast-schema-graph\">{\"@context\":\"https:\/\/schema.org\",\"@graph\":[{\"@type\":\"WebPage\",\"@id\":\"http:\/\/psc-lukavec.hr\/product\/balast-ksenona-trafo-xenona-1307329082\/\",\"url\":\"http:\/\/psc-lukavec.hr\/product\/balast-ksenona-trafo-xenona-1307329082\/\",\"name\":\"BALAST KSENONA TRAFO XENONA 1307329082 - PSC Lukavec - autodijelovi\",\"isPartOf\":{\"@id\":\"https:\/\/psc-lukavec.hr\/#website\"},\"primaryImageOfPage\":{\"@id\":\"http:\/\/psc-lukavec.hr\/product\/balast-ksenona-trafo-xenona-1307329082\/#primaryimage\"},\"image\":{\"@id\":\"http:\/\/psc-lukavec.hr\/product\/balast-ksenona-trafo-xenona-1307329082\/#primaryimage\"},\"thumbnailUrl\":\"http:\/\/psc-lukavec.hr\/wp-content\/uploads\/2024\/06\/213250781.jpg\",\"datePublished\":\"2024-06-13T19:18:09+00:00\",\"dateModified\":\"2025-01-16T09:45:30+00:00\",\"breadcrumb\":{\"@id\":\"http:\/\/psc-lukavec.hr\/product\/balast-ksenona-trafo-xenona-1307329082\/#breadcrumb\"},\"inLanguage\":\"en-US\",\"potentialAction\":[{\"@type\":\"ReadAction\",\"target\":[\"http:\/\/psc-lukavec.hr\/product\/balast-ksenona-trafo-xenona-1307329082\/\"]}]},{\"@type\":\"ImageObject\",\"inLanguage\":\"en-US\",\"@id\":\"http:\/\/psc-lukavec.hr\/product\/balast-ksenona-trafo-xenona-1307329082\/#primaryimage\",\"url\":\"http:\/\/psc-lukavec.hr\/wp-content\/uploads\/2024\/06\/213250781.jpg\",\"contentUrl\":\"http:\/\/psc-lukavec.hr\/wp-content\/uploads\/2024\/06\/213250781.jpg\",\"width\":920,\"height\":690},{\"@type\":\"BreadcrumbList\",\"@id\":\"http:\/\/psc-lukavec.hr\/product\/balast-ksenona-trafo-xenona-1307329082\/#breadcrumb\",\"itemListElement\":[{\"@type\":\"ListItem\",\"position\":1,\"name\":\"Po\u010detna stranica\",\"item\":\"https:\/\/psc-lukavec.hr\/\"},{\"@type\":\"ListItem\",\"position\":2,\"name\":\"Katalog proizvoda\",\"item\":\"https:\/\/psc-lukavec.hr\/shop\/\"},{\"@type\":\"ListItem\",\"position\":3,\"name\":\"BALAST KSENONA TRAFO XENONA 1307329082\"}]},{\"@type\":\"WebSite\",\"@id\":\"https:\/\/psc-lukavec.hr\/#website\",\"url\":\"https:\/\/psc-lukavec.hr\/\",\"name\":\"PSC Lukavec - autodijelovi\",\"description\":\"Online trgovina rezervnih dijelova\",\"publisher\":{\"@id\":\"https:\/\/psc-lukavec.hr\/#organization\"},\"potentialAction\":[{\"@type\":\"SearchAction\",\"target\":{\"@type\":\"EntryPoint\",\"urlTemplate\":\"https:\/\/psc-lukavec.hr\/?s={search_term_string}\"},\"query-input\":{\"@type\":\"PropertyValueSpecification\",\"valueRequired\":true,\"valueName\":\"search_term_string\"}}],\"inLanguage\":\"en-US\"},{\"@type\":\"Organization\",\"@id\":\"https:\/\/psc-lukavec.hr\/#organization\",\"name\":\"PSC Lukavec - autodijelovi\",\"url\":\"https:\/\/psc-lukavec.hr\/\",\"logo\":{\"@type\":\"ImageObject\",\"inLanguage\":\"en-US\",\"@id\":\"https:\/\/psc-lukavec.hr\/#\/schema\/logo\/image\/\",\"url\":\"http:\/\/psc-lukavec.hr\/wp-content\/uploads\/2024\/10\/PartSmartShop-1728391966.png\",\"contentUrl\":\"http:\/\/psc-lukavec.hr\/wp-content\/uploads\/2024\/10\/PartSmartShop-1728391966.png\",\"width\":470,\"height\":80,\"caption\":\"PSC Lukavec - autodijelovi\"},\"image\":{\"@id\":\"https:\/\/psc-lukavec.hr\/#\/schema\/logo\/image\/\"}}]}<\/script>\n<!-- \/ Yoast SEO plugin. -->","yoast_head_json":{"title":"BALAST KSENONA TRAFO XENONA 1307329082 - PSC Lukavec - autodijelovi","robots":{"index":"index","follow":"follow","max-snippet":"max-snippet:-1","max-image-preview":"max-image-preview:large","max-video-preview":"max-video-preview:-1"},"canonical":"http:\/\/psc-lukavec.hr\/product\/balast-ksenona-trafo-xenona-1307329082\/","og_locale":"en_US","og_type":"article","og_title":"BALAST KSENONA TRAFO XENONA 1307329082 - PSC Lukavec - autodijelovi","og_description":"BALAST KSENONA TRAFO XENONA BALLAST Model: AL 1 307 329 074 \/ 1307329074 1307329082 63126907496 63126912114 63126918593 63127176068 6312406709 1307329082, 1307329088, 1307329072, 1307329066, 63126907496, 6907496, 63126918593, 6918593, 63127176068, 7176068, 63120406709, 0406709, 63126912114, 6912114, 4D0907476B, 1T0 907 391, 1T0907391, 63127176068, 7176068, 63126907496, 6907496, 63126912114, 6912114, 63126918593, 6918593, 63120406709, 0406709, 63120149277, 0149277, YXC000500 1307329082 1 307 329 [&hellip;]","og_url":"http:\/\/psc-lukavec.hr\/product\/balast-ksenona-trafo-xenona-1307329082\/","og_site_name":"PSC Lukavec - autodijelovi","article_modified_time":"2025-01-16T09:45:30+00:00","og_image":[{"width":920,"height":690,"url":"http:\/\/psc-lukavec.hr\/wp-content\/uploads\/2024\/06\/213250781.jpg","type":"image\/jpeg"}],"twitter_card":"summary_large_image","twitter_misc":{"Est. reading time":"1 minute"},"schema":{"@context":"https:\/\/schema.org","@graph":[{"@type":"WebPage","@id":"http:\/\/psc-lukavec.hr\/product\/balast-ksenona-trafo-xenona-1307329082\/","url":"http:\/\/psc-lukavec.hr\/product\/balast-ksenona-trafo-xenona-1307329082\/","name":"BALAST KSENONA TRAFO XENONA 1307329082 - PSC Lukavec - autodijelovi","isPartOf":{"@id":"https:\/\/psc-lukavec.hr\/#website"},"primaryImageOfPage":{"@id":"http:\/\/psc-lukavec.hr\/product\/balast-ksenona-trafo-xenona-1307329082\/#primaryimage"},"image":{"@id":"http:\/\/psc-lukavec.hr\/product\/balast-ksenona-trafo-xenona-1307329082\/#primaryimage"},"thumbnailUrl":"http:\/\/psc-lukavec.hr\/wp-content\/uploads\/2024\/06\/213250781.jpg","datePublished":"2024-06-13T19:18:09+00:00","dateModified":"2025-01-16T09:45:30+00:00","breadcrumb":{"@id":"http:\/\/psc-lukavec.hr\/product\/balast-ksenona-trafo-xenona-1307329082\/#breadcrumb"},"inLanguage":"en-US","potentialAction":[{"@type":"ReadAction","target":["http:\/\/psc-lukavec.hr\/product\/balast-ksenona-trafo-xenona-1307329082\/"]}]},{"@type":"ImageObject","inLanguage":"en-US","@id":"http:\/\/psc-lukavec.hr\/product\/balast-ksenona-trafo-xenona-1307329082\/#primaryimage","url":"http:\/\/psc-lukavec.hr\/wp-content\/uploads\/2024\/06\/213250781.jpg","contentUrl":"http:\/\/psc-lukavec.hr\/wp-content\/uploads\/2024\/06\/213250781.jpg","width":920,"height":690},{"@type":"BreadcrumbList","@id":"http:\/\/psc-lukavec.hr\/product\/balast-ksenona-trafo-xenona-1307329082\/#breadcrumb","itemListElement":[{"@type":"ListItem","position":1,"name":"Po\u010detna stranica","item":"https:\/\/psc-lukavec.hr\/"},{"@type":"ListItem","position":2,"name":"Katalog proizvoda","item":"https:\/\/psc-lukavec.hr\/shop\/"},{"@type":"ListItem","position":3,"name":"BALAST KSENONA TRAFO XENONA 1307329082"}]},{"@type":"WebSite","@id":"https:\/\/psc-lukavec.hr\/#website","url":"https:\/\/psc-lukavec.hr\/","name":"PSC Lukavec - autodijelovi","description":"Online trgovina rezervnih dijelova","publisher":{"@id":"https:\/\/psc-lukavec.hr\/#organization"},"potentialAction":[{"@type":"SearchAction","target":{"@type":"EntryPoint","urlTemplate":"https:\/\/psc-lukavec.hr\/?s={search_term_string}"},"query-input":{"@type":"PropertyValueSpecification","valueRequired":true,"valueName":"search_term_string"}}],"inLanguage":"en-US"},{"@type":"Organization","@id":"https:\/\/psc-lukavec.hr\/#organization","name":"PSC Lukavec - autodijelovi","url":"https:\/\/psc-lukavec.hr\/","logo":{"@type":"ImageObject","inLanguage":"en-US","@id":"https:\/\/psc-lukavec.hr\/#\/schema\/logo\/image\/","url":"http:\/\/psc-lukavec.hr\/wp-content\/uploads\/2024\/10\/PartSmartShop-1728391966.png","contentUrl":"http:\/\/psc-lukavec.hr\/wp-content\/uploads\/2024\/10\/PartSmartShop-1728391966.png","width":470,"height":80,"caption":"PSC Lukavec - autodijelovi"},"image":{"@id":"https:\/\/psc-lukavec.hr\/#\/schema\/logo\/image\/"}}]}},"_links":{"self":[{"href":"http:\/\/psc-lukavec.hr\/en\/wp-json\/wp\/v2\/product\/75598","targetHints":{"allow":["GET"]}}],"collection":[{"href":"http:\/\/psc-lukavec.hr\/en\/wp-json\/wp\/v2\/product"}],"about":[{"href":"http:\/\/psc-lukavec.hr\/en\/wp-json\/wp\/v2\/types\/product"}],"replies":[{"embeddable":true,"href":"http:\/\/psc-lukavec.hr\/en\/wp-json\/wp\/v2\/comments?post=75598"}],"wp:featuredmedia":[{"embeddable":true,"href":"http:\/\/psc-lukavec.hr\/en\/wp-json\/wp\/v2\/media\/75599"}],"wp:attachment":[{"href":"http:\/\/psc-lukavec.hr\/en\/wp-json\/wp\/v2\/media?parent=75598"}],"wp:term":[{"taxonomy":"brend","embeddable":true,"href":"http:\/\/psc-lukavec.hr\/en\/wp-json\/wp\/v2\/brend?post=75598"},{"taxonomy":"product_cat","embeddable":true,"href":"http:\/\/psc-lukavec.hr\/en\/wp-json\/wp\/v2\/product_cat?post=75598"},{"taxonomy":"product_tag","embeddable":true,"href":"http:\/\/psc-lukavec.hr\/en\/wp-json\/wp\/v2\/product_tag?post=75598"}],"curies":[{"name":"wp","href":"https:\/\/api.w.org\/{rel}","templated":true}]}}