{"id":72802,"date":"2024-06-13T19:05:56","date_gmt":"2024-06-13T19:05:56","guid":{"rendered":"http:\/\/psclukavec.hr\/product\/renault-clio-3-rucica-mjenjaca\/"},"modified":"2025-01-28T08:52:02","modified_gmt":"2025-01-28T08:52:02","slug":"renault-clio-3-rucica-mjenjaca","status":"publish","type":"product","link":"http:\/\/psc-lukavec.hr\/en\/product\/renault-clio-3-rucica-mjenjaca\/","title":{"rendered":"RENAULT CLIO 3 RU\u010cICA MJENJA\u010cA"},"content":{"rendered":"<p>RENAULT CLIO 3 RU\u010cICA BIRA\u010cA BRZINA<br \/>\nRENAULT CLIO 3 RU\u010cICA BRZINA<br \/>\nRENAULT CLIO 3 KUGLA MJENJA\u010cA<br \/>\nMODEL SA 5 BRZINA<\/p>\n<p>NOVO..ODLI\u010cNA KVALITETA..<br \/>\n100+ISTIH NA STANJU..!!<\/p>\n<p>SLIKA PRIKAZUJE STVARNO STANJE PREDMETA<\/p>\n<p>Kupljena roba je vrlo dobro za\u0161ti\u0107ena od o\u0161te\u0107enja prilikom transporta.<\/p>\n<p>Preporu\u010dite nas drugima!<\/p>\n<p>Vr\u0161imo i prodaju u sjedi\u0161tu tvrtke&lt;&lt;UZ NAJAVU DOLASKA&gt;&gt;<\/p>\n<p>Radno vrijeme: Ponedjeljak-Petak 08-16h,ukoliko izvan radnog vremena(molimo sms)<\/p>\n<p>Osobni dolazak-obavezna najava.<\/p>\n<p>_______________________________________<\/p>\n<p>Na lageru imamo veliki asortiman rabljenih dijelova iz inozemstva i tuzemstva(preko 6500 m2 skladi\u0161nog prostora sa preko 1500 000 artikala na stanju sa kontinuiranim rastom lagera i prodaje).<\/p>\n<p>****Cijene dijelova se mijenjaju i cijena i raspolo\u017eivost je na upit.*****<\/p>\n<p>Dugi niz godina iskustva u prodaji dijelova i otvoreni smo za suradnju sa svim servisima.<\/p>\n<p>Za stalne kupce odobravamo popust.<\/p>\n<p>Po\u017eeljno VIN, slika ili OE broj dijela na email, sms, viber, whatsapp<\/p>\n<p>Dostava dijelova u HR I EU na adresu kurirskim slu\u017ebama najkasnije 96h.<\/p>\n<p>Pla\u0107anje prilikom preuzimanja, tro\u0161kove dostave snosi kupac<\/p>\n<p>_______________________________________<\/p>\n<p>Na sve dijelove dajemo garanciju na ispravnost i uva\u017eavamo reklamacije.<\/p>\n<p>Dogodi li se da je dio ne odgovaraju\u0107i i\/ili niste zadovoljni kupljenim,<\/p>\n<p>vra\u0107amo novac ili mijenjamo za drugi.<\/p>\n<p>Rok za reklamaciju 14 dana od kupovine, uz uvjet da dio nije rastavljan.<\/p>\n<p>Mogu\u0107nost ugovora garancije 6 mj.<\/p>\n<p>_______________________________________<\/p>\n<p>Nudimo usluge Servisa, prijevoza vozila i radnih strojeva<\/p>\n<p>OTKUPLJUJEMO O\u0160TE\u0106ENA I KARAMBOLIRANA VOZILA.<\/p>\n<p>Zahvaljujemo na ukazanom povjerenju i razumijevanju.<\/p>\n<p>Pogledajte ostale na\u0161e oglase.<\/p>\n<p>_______________________________________<\/p>\n<p>www.psclukavec.hr<\/p>\n<p>psc.lukavec@gmail.com<\/p>\n<p>098 539240<\/p>\n<p>099 2998989<\/p>\n<p>&nbsp;<\/p>\n<p>&nbsp;<\/p>\n","protected":false},"excerpt":{"rendered":"<p>RENAULT CLIO 3 RU\u010cICA BIRA\u010cA BRZINA RENAULT CLIO 3 RU\u010cICA BRZINA RENAULT CLIO 3 KUGLA MJENJA\u010cA MODEL SA 5 BRZINA NOVO..ODLI\u010cNA KVALITETA.. 100+ISTIH NA STANJU..!! SLIKA PRIKAZUJE STVARNO STANJE PREDMETA Kupljena roba je vrlo dobro za\u0161ti\u0107ena od o\u0161te\u0107enja prilikom transporta. Preporu\u010dite nas drugima! Vr\u0161imo i prodaju u sjedi\u0161tu tvrtke&lt;&lt;UZ NAJAVU DOLASKA&gt;&gt; Radno vrijeme: Ponedjeljak-Petak 08-16h,ukoliko [&hellip;]<\/p>\n","protected":false},"featured_media":72803,"comment_status":"open","ping_status":"closed","template":"","meta":{"_acf_changed":false},"brend":[2699,1614],"product_cat":[3057],"product_tag":[],"class_list":{"0":"post-72802","1":"product","2":"type-product","3":"status-publish","4":"has-post-thumbnail","6":"brend-clio","7":"brend-renault","8":"product_cat-unutrasnjost-kabine","10":"first","11":"instock","12":"shipping-taxable","13":"purchasable","14":"product-type-simple"},"acf":[],"yoast_head":"<!-- This site is optimized with the Yoast SEO plugin v24.9 - https:\/\/yoast.com\/wordpress\/plugins\/seo\/ -->\n<title>RENAULT CLIO 3 RU\u010cICA MJENJA\u010cA - PSC Lukavec - autodijelovi<\/title>\n<meta name=\"robots\" content=\"index, follow, max-snippet:-1, max-image-preview:large, max-video-preview:-1\" \/>\n<link rel=\"canonical\" href=\"http:\/\/psc-lukavec.hr\/en\/product\/renault-clio-3-rucica-mjenjaca\/\" \/>\n<meta property=\"og:locale\" content=\"en_US\" \/>\n<meta property=\"og:type\" content=\"article\" \/>\n<meta property=\"og:title\" content=\"RENAULT CLIO 3 RU\u010cICA MJENJA\u010cA - PSC Lukavec - autodijelovi\" \/>\n<meta property=\"og:description\" content=\"RENAULT CLIO 3 RU\u010cICA BIRA\u010cA BRZINA RENAULT CLIO 3 RU\u010cICA BRZINA RENAULT CLIO 3 KUGLA MJENJA\u010cA MODEL SA 5 BRZINA NOVO..ODLI\u010cNA KVALITETA.. 100+ISTIH NA STANJU..!! SLIKA PRIKAZUJE STVARNO STANJE PREDMETA Kupljena roba je vrlo dobro za\u0161ti\u0107ena od o\u0161te\u0107enja prilikom transporta. Preporu\u010dite nas drugima! Vr\u0161imo i prodaju u sjedi\u0161tu tvrtke&lt;&lt;UZ NAJAVU DOLASKA&gt;&gt; Radno vrijeme: Ponedjeljak-Petak 08-16h,ukoliko [&hellip;]\" \/>\n<meta property=\"og:url\" content=\"http:\/\/psc-lukavec.hr\/en\/product\/renault-clio-3-rucica-mjenjaca\/\" \/>\n<meta property=\"og:site_name\" content=\"PSC Lukavec - autodijelovi\" \/>\n<meta property=\"article:modified_time\" content=\"2025-01-28T08:52:02+00:00\" \/>\n<meta property=\"og:image\" content=\"http:\/\/psc-lukavec.hr\/wp-content\/uploads\/2024\/06\/199942628.jpg\" \/>\n\t<meta property=\"og:image:width\" content=\"1024\" \/>\n\t<meta property=\"og:image:height\" content=\"682\" \/>\n\t<meta property=\"og:image:type\" content=\"image\/jpeg\" \/>\n<meta name=\"twitter:card\" content=\"summary_large_image\" \/>\n<meta name=\"twitter:label1\" content=\"Est. reading time\" \/>\n\t<meta name=\"twitter:data1\" content=\"1 minute\" \/>\n<script type=\"application\/ld+json\" class=\"yoast-schema-graph\">{\"@context\":\"https:\/\/schema.org\",\"@graph\":[{\"@type\":\"WebPage\",\"@id\":\"http:\/\/psc-lukavec.hr\/en\/product\/renault-clio-3-rucica-mjenjaca\/\",\"url\":\"http:\/\/psc-lukavec.hr\/en\/product\/renault-clio-3-rucica-mjenjaca\/\",\"name\":\"RENAULT CLIO 3 RU\u010cICA MJENJA\u010cA - PSC Lukavec - autodijelovi\",\"isPartOf\":{\"@id\":\"https:\/\/psc-lukavec.hr\/#website\"},\"primaryImageOfPage\":{\"@id\":\"http:\/\/psc-lukavec.hr\/en\/product\/renault-clio-3-rucica-mjenjaca\/#primaryimage\"},\"image\":{\"@id\":\"http:\/\/psc-lukavec.hr\/en\/product\/renault-clio-3-rucica-mjenjaca\/#primaryimage\"},\"thumbnailUrl\":\"http:\/\/psc-lukavec.hr\/wp-content\/uploads\/2024\/06\/199942628.jpg\",\"datePublished\":\"2024-06-13T19:05:56+00:00\",\"dateModified\":\"2025-01-28T08:52:02+00:00\",\"breadcrumb\":{\"@id\":\"http:\/\/psc-lukavec.hr\/en\/product\/renault-clio-3-rucica-mjenjaca\/#breadcrumb\"},\"inLanguage\":\"en-US\",\"potentialAction\":[{\"@type\":\"ReadAction\",\"target\":[\"http:\/\/psc-lukavec.hr\/en\/product\/renault-clio-3-rucica-mjenjaca\/\"]}]},{\"@type\":\"ImageObject\",\"inLanguage\":\"en-US\",\"@id\":\"http:\/\/psc-lukavec.hr\/en\/product\/renault-clio-3-rucica-mjenjaca\/#primaryimage\",\"url\":\"http:\/\/psc-lukavec.hr\/wp-content\/uploads\/2024\/06\/199942628.jpg\",\"contentUrl\":\"http:\/\/psc-lukavec.hr\/wp-content\/uploads\/2024\/06\/199942628.jpg\",\"width\":1024,\"height\":682},{\"@type\":\"BreadcrumbList\",\"@id\":\"http:\/\/psc-lukavec.hr\/en\/product\/renault-clio-3-rucica-mjenjaca\/#breadcrumb\",\"itemListElement\":[{\"@type\":\"ListItem\",\"position\":1,\"name\":\"Po\u010detna stranica\",\"item\":\"https:\/\/psc-lukavec.hr\/\"},{\"@type\":\"ListItem\",\"position\":2,\"name\":\"Katalog proizvoda\",\"item\":\"https:\/\/psc-lukavec.hr\/shop\/\"},{\"@type\":\"ListItem\",\"position\":3,\"name\":\"RENAULT CLIO 3 RU\u010cICA MJENJA\u010cA\"}]},{\"@type\":\"WebSite\",\"@id\":\"https:\/\/psc-lukavec.hr\/#website\",\"url\":\"https:\/\/psc-lukavec.hr\/\",\"name\":\"PSC Lukavec - autodijelovi\",\"description\":\"Online trgovina rezervnih dijelova\",\"publisher\":{\"@id\":\"https:\/\/psc-lukavec.hr\/#organization\"},\"potentialAction\":[{\"@type\":\"SearchAction\",\"target\":{\"@type\":\"EntryPoint\",\"urlTemplate\":\"https:\/\/psc-lukavec.hr\/?s={search_term_string}\"},\"query-input\":{\"@type\":\"PropertyValueSpecification\",\"valueRequired\":true,\"valueName\":\"search_term_string\"}}],\"inLanguage\":\"en-US\"},{\"@type\":\"Organization\",\"@id\":\"https:\/\/psc-lukavec.hr\/#organization\",\"name\":\"PSC Lukavec - autodijelovi\",\"url\":\"https:\/\/psc-lukavec.hr\/\",\"logo\":{\"@type\":\"ImageObject\",\"inLanguage\":\"en-US\",\"@id\":\"https:\/\/psc-lukavec.hr\/#\/schema\/logo\/image\/\",\"url\":\"http:\/\/psc-lukavec.hr\/wp-content\/uploads\/2024\/10\/PartSmartShop-1728391966.png\",\"contentUrl\":\"http:\/\/psc-lukavec.hr\/wp-content\/uploads\/2024\/10\/PartSmartShop-1728391966.png\",\"width\":470,\"height\":80,\"caption\":\"PSC Lukavec - autodijelovi\"},\"image\":{\"@id\":\"https:\/\/psc-lukavec.hr\/#\/schema\/logo\/image\/\"}}]}<\/script>\n<!-- \/ Yoast SEO plugin. -->","yoast_head_json":{"title":"RENAULT CLIO 3 RU\u010cICA MJENJA\u010cA - PSC Lukavec - autodijelovi","robots":{"index":"index","follow":"follow","max-snippet":"max-snippet:-1","max-image-preview":"max-image-preview:large","max-video-preview":"max-video-preview:-1"},"canonical":"http:\/\/psc-lukavec.hr\/en\/product\/renault-clio-3-rucica-mjenjaca\/","og_locale":"en_US","og_type":"article","og_title":"RENAULT CLIO 3 RU\u010cICA MJENJA\u010cA - PSC Lukavec - autodijelovi","og_description":"RENAULT CLIO 3 RU\u010cICA BIRA\u010cA BRZINA RENAULT CLIO 3 RU\u010cICA BRZINA RENAULT CLIO 3 KUGLA MJENJA\u010cA MODEL SA 5 BRZINA NOVO..ODLI\u010cNA KVALITETA.. 100+ISTIH NA STANJU..!! SLIKA PRIKAZUJE STVARNO STANJE PREDMETA Kupljena roba je vrlo dobro za\u0161ti\u0107ena od o\u0161te\u0107enja prilikom transporta. Preporu\u010dite nas drugima! Vr\u0161imo i prodaju u sjedi\u0161tu tvrtke&lt;&lt;UZ NAJAVU DOLASKA&gt;&gt; Radno vrijeme: Ponedjeljak-Petak 08-16h,ukoliko [&hellip;]","og_url":"http:\/\/psc-lukavec.hr\/en\/product\/renault-clio-3-rucica-mjenjaca\/","og_site_name":"PSC Lukavec - autodijelovi","article_modified_time":"2025-01-28T08:52:02+00:00","og_image":[{"width":1024,"height":682,"url":"http:\/\/psc-lukavec.hr\/wp-content\/uploads\/2024\/06\/199942628.jpg","type":"image\/jpeg"}],"twitter_card":"summary_large_image","twitter_misc":{"Est. reading time":"1 minute"},"schema":{"@context":"https:\/\/schema.org","@graph":[{"@type":"WebPage","@id":"http:\/\/psc-lukavec.hr\/en\/product\/renault-clio-3-rucica-mjenjaca\/","url":"http:\/\/psc-lukavec.hr\/en\/product\/renault-clio-3-rucica-mjenjaca\/","name":"RENAULT CLIO 3 RU\u010cICA MJENJA\u010cA - PSC Lukavec - autodijelovi","isPartOf":{"@id":"https:\/\/psc-lukavec.hr\/#website"},"primaryImageOfPage":{"@id":"http:\/\/psc-lukavec.hr\/en\/product\/renault-clio-3-rucica-mjenjaca\/#primaryimage"},"image":{"@id":"http:\/\/psc-lukavec.hr\/en\/product\/renault-clio-3-rucica-mjenjaca\/#primaryimage"},"thumbnailUrl":"http:\/\/psc-lukavec.hr\/wp-content\/uploads\/2024\/06\/199942628.jpg","datePublished":"2024-06-13T19:05:56+00:00","dateModified":"2025-01-28T08:52:02+00:00","breadcrumb":{"@id":"http:\/\/psc-lukavec.hr\/en\/product\/renault-clio-3-rucica-mjenjaca\/#breadcrumb"},"inLanguage":"en-US","potentialAction":[{"@type":"ReadAction","target":["http:\/\/psc-lukavec.hr\/en\/product\/renault-clio-3-rucica-mjenjaca\/"]}]},{"@type":"ImageObject","inLanguage":"en-US","@id":"http:\/\/psc-lukavec.hr\/en\/product\/renault-clio-3-rucica-mjenjaca\/#primaryimage","url":"http:\/\/psc-lukavec.hr\/wp-content\/uploads\/2024\/06\/199942628.jpg","contentUrl":"http:\/\/psc-lukavec.hr\/wp-content\/uploads\/2024\/06\/199942628.jpg","width":1024,"height":682},{"@type":"BreadcrumbList","@id":"http:\/\/psc-lukavec.hr\/en\/product\/renault-clio-3-rucica-mjenjaca\/#breadcrumb","itemListElement":[{"@type":"ListItem","position":1,"name":"Po\u010detna stranica","item":"https:\/\/psc-lukavec.hr\/"},{"@type":"ListItem","position":2,"name":"Katalog proizvoda","item":"https:\/\/psc-lukavec.hr\/shop\/"},{"@type":"ListItem","position":3,"name":"RENAULT CLIO 3 RU\u010cICA MJENJA\u010cA"}]},{"@type":"WebSite","@id":"https:\/\/psc-lukavec.hr\/#website","url":"https:\/\/psc-lukavec.hr\/","name":"PSC Lukavec - autodijelovi","description":"Online trgovina rezervnih dijelova","publisher":{"@id":"https:\/\/psc-lukavec.hr\/#organization"},"potentialAction":[{"@type":"SearchAction","target":{"@type":"EntryPoint","urlTemplate":"https:\/\/psc-lukavec.hr\/?s={search_term_string}"},"query-input":{"@type":"PropertyValueSpecification","valueRequired":true,"valueName":"search_term_string"}}],"inLanguage":"en-US"},{"@type":"Organization","@id":"https:\/\/psc-lukavec.hr\/#organization","name":"PSC Lukavec - autodijelovi","url":"https:\/\/psc-lukavec.hr\/","logo":{"@type":"ImageObject","inLanguage":"en-US","@id":"https:\/\/psc-lukavec.hr\/#\/schema\/logo\/image\/","url":"http:\/\/psc-lukavec.hr\/wp-content\/uploads\/2024\/10\/PartSmartShop-1728391966.png","contentUrl":"http:\/\/psc-lukavec.hr\/wp-content\/uploads\/2024\/10\/PartSmartShop-1728391966.png","width":470,"height":80,"caption":"PSC Lukavec - autodijelovi"},"image":{"@id":"https:\/\/psc-lukavec.hr\/#\/schema\/logo\/image\/"}}]}},"_links":{"self":[{"href":"http:\/\/psc-lukavec.hr\/en\/wp-json\/wp\/v2\/product\/72802","targetHints":{"allow":["GET"]}}],"collection":[{"href":"http:\/\/psc-lukavec.hr\/en\/wp-json\/wp\/v2\/product"}],"about":[{"href":"http:\/\/psc-lukavec.hr\/en\/wp-json\/wp\/v2\/types\/product"}],"replies":[{"embeddable":true,"href":"http:\/\/psc-lukavec.hr\/en\/wp-json\/wp\/v2\/comments?post=72802"}],"wp:featuredmedia":[{"embeddable":true,"href":"http:\/\/psc-lukavec.hr\/en\/wp-json\/wp\/v2\/media\/72803"}],"wp:attachment":[{"href":"http:\/\/psc-lukavec.hr\/en\/wp-json\/wp\/v2\/media?parent=72802"}],"wp:term":[{"taxonomy":"brend","embeddable":true,"href":"http:\/\/psc-lukavec.hr\/en\/wp-json\/wp\/v2\/brend?post=72802"},{"taxonomy":"product_cat","embeddable":true,"href":"http:\/\/psc-lukavec.hr\/en\/wp-json\/wp\/v2\/product_cat?post=72802"},{"taxonomy":"product_tag","embeddable":true,"href":"http:\/\/psc-lukavec.hr\/en\/wp-json\/wp\/v2\/product_tag?post=72802"}],"curies":[{"name":"wp","href":"https:\/\/api.w.org\/{rel}","templated":true}]}}