{"id":65714,"date":"2024-06-13T15:25:07","date_gmt":"2024-06-13T15:25:07","guid":{"rendered":"http:\/\/psclukavec.hr\/product\/bmw-3-e90-alnaser-320d-0001139002-7812034\/"},"modified":"2024-08-24T10:42:27","modified_gmt":"2024-08-24T10:42:27","slug":"bmw-3-e90-alnaser-320d-0001139002-7812034","status":"publish","type":"product","link":"http:\/\/psc-lukavec.hr\/en\/product\/bmw-3-e90-alnaser-320d-0001139002-7812034\/","title":{"rendered":"BMW 3 E90 ALNASER 320D 0001139002 7812034"},"content":{"rendered":"<p>BMW 3 E90 ALNASER 320D<br \/>\n0001139002<br \/>\n12417812034<br \/>\n12417798006<br \/>\n12417804140<br \/>\n12417812034<br \/>\n12417823700<br \/>\n12417823701<br \/>\n12418506657<br \/>\n12418509198<br \/>\n12418515795<br \/>\n12418515796<br \/>\n12418519154<br \/>\n12418570238<br \/>\n12418570383<br \/>\n12418574102<br \/>\n12418577006<br \/>\n12418581097<br \/>\n0001139001<br \/>\n0001139002<br \/>\n0001139015<br \/>\n0001139016<br \/>\n0001148009<br \/>\n0001148010<br \/>\n0001148025<br \/>\n0001148026<br \/>\n0001148029<br \/>\n0001148030<br \/>\n0001148033<br \/>\n0001148034<br \/>\n0001148508<br \/>\n0001148509<br \/>\n0986022023<\/p>\n<p>SLIKA PRIKAZUJE STVARNO STANJE PREDMETA <\/p>\n<p>Kupljena roba je vrlo dobro za\u0161ti\u0107ena od o\u0161te\u0107enja prilikom transporta. <\/p>\n<p>Preporu\u010dite nas drugima! <\/p>\n<p>Vr\u0161imo i prodaju u sjedi\u0161tu tvrtke <\/p>\n<p>Radno vrijeme: Ponedjeljak-Petak 08-16h,ukoliko izvan radnog vremena(molimo sms)<br \/>\nOsobni dolazak-obavezna najava.<br \/>\n_______________________________________<br \/>\nNa lageru imamo veliki asortiman rabljenih dijelova iz inozemstva i tuzemstva(preko 6500 m2 skladi\u0161nog prostora sa preko 1500 000 artikala na stanju sa kontinuiranim rastom lagera i prodaje).<br \/>\n****Cijene dijelova se mijenjaju i cijena i raspolo\u017eivost je na upit.*****<br \/>\nDugi niz godina iskustva u prodaji dijelova i otvoreni smo za suradnju sa svim servisima.<br \/>\nZa stalne kupce odobravamo popust.<br \/>\nPo\u017eeljno VIN, slika ili OE broj dijela na email, sms, viber, whatsapp<br \/>\nDostava dijelova u HR I EU na adresu kurirskim slu\u017ebama najkasnije 96h.<br \/>\nPla\u0107anje prilikom preuzimanja, tro\u0161kove dostave snosi kupac<br \/>\n_______________________________________<br \/>\nNa sve dijelove dajemo garanciju na ispravnost i uva\u017eavamo reklamacije.<br \/>\nDogodi li se da je dio ne odgovaraju\u0107i i\/ili niste zadovoljni kupljenim,<br \/>\nvra\u0107amo novac ili mijenjamo za drugi.<br \/>\nRok za reklamaciju 14 dana od kupovine, uz uvjet da dio nije rastavljan.<br \/>\nMogu\u0107nost ugovora garancije 6 mj.<br \/>\n_______________________________________<br \/>\nNudimo usluge Servisa, prijevoza vozila i radnih strojeva<br \/>\nOTKUPLJUJEMO O\u0160TE\u0106ENA I KARAMBOLIRANA VOZILA.<br \/>\nZahvaljujemo na ukazanom povjerenju i razumijevanju.<br \/>\nPogledajte ostale na\u0161e oglase.<br \/>\n_______________________________________<br \/>\nwww.psc-lukavec.hr<br \/>\npsc.lukavec@gmail.com<br \/>\n098 539240<br \/>\n099 2998989<\/p>\n","protected":false},"excerpt":{"rendered":"<p>BMW 3 E90 ALNASER 320D 0001139002 12417812034 12417798006 12417804140 12417812034 12417823700 12417823701 12418506657 12418509198 12418515795 12418515796 12418519154 12418570238 12418570383 12418574102 12418577006 12418581097 0001139001 0001139002 0001139015 0001139016 0001148009 0001148010 0001148025 0001148026 0001148029 0001148030 0001148033 0001148034 0001148508 0001148509 0986022023 SLIKA PRIKAZUJE STVARNO STANJE PREDMETA Kupljena roba je vrlo dobro za\u0161ti\u0107ena od o\u0161te\u0107enja prilikom transporta. Preporu\u010dite nas drugima! [&hellip;]<\/p>\n","protected":false},"featured_media":65715,"comment_status":"open","ping_status":"closed","template":"","meta":{"_acf_changed":false},"brend":[1553,1762],"product_cat":[3054],"product_tag":[],"class_list":{"0":"post-65714","1":"product","2":"type-product","3":"status-publish","4":"has-post-thumbnail","6":"brend-bmw","7":"brend-serija-3","8":"product_cat-auto-elektronika-i-autoelektrika","10":"first","11":"instock","12":"shipping-taxable","13":"product-type-simple"},"acf":[],"yoast_head":"<!-- This site is optimized with the Yoast SEO plugin v24.9 - https:\/\/yoast.com\/wordpress\/plugins\/seo\/ -->\n<title>BMW 3 E90 ALNASER 320D 0001139002 7812034 - PSC Lukavec - autodijelovi<\/title>\n<meta name=\"robots\" content=\"index, follow, max-snippet:-1, max-image-preview:large, max-video-preview:-1\" \/>\n<link rel=\"canonical\" href=\"http:\/\/psc-lukavec.hr\/en\/product\/bmw-3-e90-alnaser-320d-0001139002-7812034\/\" \/>\n<meta property=\"og:locale\" content=\"en_US\" \/>\n<meta property=\"og:type\" content=\"article\" \/>\n<meta property=\"og:title\" content=\"BMW 3 E90 ALNASER 320D 0001139002 7812034 - PSC Lukavec - autodijelovi\" \/>\n<meta property=\"og:description\" content=\"BMW 3 E90 ALNASER 320D 0001139002 12417812034 12417798006 12417804140 12417812034 12417823700 12417823701 12418506657 12418509198 12418515795 12418515796 12418519154 12418570238 12418570383 12418574102 12418577006 12418581097 0001139001 0001139002 0001139015 0001139016 0001148009 0001148010 0001148025 0001148026 0001148029 0001148030 0001148033 0001148034 0001148508 0001148509 0986022023 SLIKA PRIKAZUJE STVARNO STANJE PREDMETA Kupljena roba je vrlo dobro za\u0161ti\u0107ena od o\u0161te\u0107enja prilikom transporta. Preporu\u010dite nas drugima! [&hellip;]\" \/>\n<meta property=\"og:url\" content=\"http:\/\/psc-lukavec.hr\/en\/product\/bmw-3-e90-alnaser-320d-0001139002-7812034\/\" \/>\n<meta property=\"og:site_name\" content=\"PSC Lukavec - autodijelovi\" \/>\n<meta property=\"article:modified_time\" content=\"2024-08-24T10:42:27+00:00\" \/>\n<meta property=\"og:image\" content=\"http:\/\/psc-lukavec.hr\/wp-content\/uploads\/2024\/06\/209256138.jpg\" \/>\n\t<meta property=\"og:image:width\" content=\"1024\" \/>\n\t<meta property=\"og:image:height\" content=\"768\" \/>\n\t<meta property=\"og:image:type\" content=\"image\/jpeg\" \/>\n<meta name=\"twitter:card\" content=\"summary_large_image\" \/>\n<meta name=\"twitter:label1\" content=\"Est. reading time\" \/>\n\t<meta name=\"twitter:data1\" content=\"1 minute\" \/>\n<script type=\"application\/ld+json\" class=\"yoast-schema-graph\">{\"@context\":\"https:\/\/schema.org\",\"@graph\":[{\"@type\":\"WebPage\",\"@id\":\"http:\/\/psc-lukavec.hr\/en\/product\/bmw-3-e90-alnaser-320d-0001139002-7812034\/\",\"url\":\"http:\/\/psc-lukavec.hr\/en\/product\/bmw-3-e90-alnaser-320d-0001139002-7812034\/\",\"name\":\"BMW 3 E90 ALNASER 320D 0001139002 7812034 - PSC Lukavec - autodijelovi\",\"isPartOf\":{\"@id\":\"https:\/\/psc-lukavec.hr\/#website\"},\"primaryImageOfPage\":{\"@id\":\"http:\/\/psc-lukavec.hr\/en\/product\/bmw-3-e90-alnaser-320d-0001139002-7812034\/#primaryimage\"},\"image\":{\"@id\":\"http:\/\/psc-lukavec.hr\/en\/product\/bmw-3-e90-alnaser-320d-0001139002-7812034\/#primaryimage\"},\"thumbnailUrl\":\"http:\/\/psc-lukavec.hr\/wp-content\/uploads\/2024\/06\/209256138.jpg\",\"datePublished\":\"2024-06-13T15:25:07+00:00\",\"dateModified\":\"2024-08-24T10:42:27+00:00\",\"breadcrumb\":{\"@id\":\"http:\/\/psc-lukavec.hr\/en\/product\/bmw-3-e90-alnaser-320d-0001139002-7812034\/#breadcrumb\"},\"inLanguage\":\"en-US\",\"potentialAction\":[{\"@type\":\"ReadAction\",\"target\":[\"http:\/\/psc-lukavec.hr\/en\/product\/bmw-3-e90-alnaser-320d-0001139002-7812034\/\"]}]},{\"@type\":\"ImageObject\",\"inLanguage\":\"en-US\",\"@id\":\"http:\/\/psc-lukavec.hr\/en\/product\/bmw-3-e90-alnaser-320d-0001139002-7812034\/#primaryimage\",\"url\":\"http:\/\/psc-lukavec.hr\/wp-content\/uploads\/2024\/06\/209256138.jpg\",\"contentUrl\":\"http:\/\/psc-lukavec.hr\/wp-content\/uploads\/2024\/06\/209256138.jpg\",\"width\":1024,\"height\":768},{\"@type\":\"BreadcrumbList\",\"@id\":\"http:\/\/psc-lukavec.hr\/en\/product\/bmw-3-e90-alnaser-320d-0001139002-7812034\/#breadcrumb\",\"itemListElement\":[{\"@type\":\"ListItem\",\"position\":1,\"name\":\"Po\u010detna stranica\",\"item\":\"https:\/\/psc-lukavec.hr\/\"},{\"@type\":\"ListItem\",\"position\":2,\"name\":\"Katalog proizvoda\",\"item\":\"https:\/\/psc-lukavec.hr\/shop\/\"},{\"@type\":\"ListItem\",\"position\":3,\"name\":\"BMW 3 E90 ALNASER 320D 0001139002 7812034\"}]},{\"@type\":\"WebSite\",\"@id\":\"https:\/\/psc-lukavec.hr\/#website\",\"url\":\"https:\/\/psc-lukavec.hr\/\",\"name\":\"PSC Lukavec - autodijelovi\",\"description\":\"Online trgovina rezervnih dijelova\",\"publisher\":{\"@id\":\"https:\/\/psc-lukavec.hr\/#organization\"},\"potentialAction\":[{\"@type\":\"SearchAction\",\"target\":{\"@type\":\"EntryPoint\",\"urlTemplate\":\"https:\/\/psc-lukavec.hr\/?s={search_term_string}\"},\"query-input\":{\"@type\":\"PropertyValueSpecification\",\"valueRequired\":true,\"valueName\":\"search_term_string\"}}],\"inLanguage\":\"en-US\"},{\"@type\":\"Organization\",\"@id\":\"https:\/\/psc-lukavec.hr\/#organization\",\"name\":\"PSC Lukavec - autodijelovi\",\"url\":\"https:\/\/psc-lukavec.hr\/\",\"logo\":{\"@type\":\"ImageObject\",\"inLanguage\":\"en-US\",\"@id\":\"https:\/\/psc-lukavec.hr\/#\/schema\/logo\/image\/\",\"url\":\"http:\/\/psc-lukavec.hr\/wp-content\/uploads\/2024\/10\/PartSmartShop-1728391966.png\",\"contentUrl\":\"http:\/\/psc-lukavec.hr\/wp-content\/uploads\/2024\/10\/PartSmartShop-1728391966.png\",\"width\":470,\"height\":80,\"caption\":\"PSC Lukavec - autodijelovi\"},\"image\":{\"@id\":\"https:\/\/psc-lukavec.hr\/#\/schema\/logo\/image\/\"}}]}<\/script>\n<!-- \/ Yoast SEO plugin. -->","yoast_head_json":{"title":"BMW 3 E90 ALNASER 320D 0001139002 7812034 - PSC Lukavec - autodijelovi","robots":{"index":"index","follow":"follow","max-snippet":"max-snippet:-1","max-image-preview":"max-image-preview:large","max-video-preview":"max-video-preview:-1"},"canonical":"http:\/\/psc-lukavec.hr\/en\/product\/bmw-3-e90-alnaser-320d-0001139002-7812034\/","og_locale":"en_US","og_type":"article","og_title":"BMW 3 E90 ALNASER 320D 0001139002 7812034 - PSC Lukavec - autodijelovi","og_description":"BMW 3 E90 ALNASER 320D 0001139002 12417812034 12417798006 12417804140 12417812034 12417823700 12417823701 12418506657 12418509198 12418515795 12418515796 12418519154 12418570238 12418570383 12418574102 12418577006 12418581097 0001139001 0001139002 0001139015 0001139016 0001148009 0001148010 0001148025 0001148026 0001148029 0001148030 0001148033 0001148034 0001148508 0001148509 0986022023 SLIKA PRIKAZUJE STVARNO STANJE PREDMETA Kupljena roba je vrlo dobro za\u0161ti\u0107ena od o\u0161te\u0107enja prilikom transporta. Preporu\u010dite nas drugima! [&hellip;]","og_url":"http:\/\/psc-lukavec.hr\/en\/product\/bmw-3-e90-alnaser-320d-0001139002-7812034\/","og_site_name":"PSC Lukavec - autodijelovi","article_modified_time":"2024-08-24T10:42:27+00:00","og_image":[{"width":1024,"height":768,"url":"http:\/\/psc-lukavec.hr\/wp-content\/uploads\/2024\/06\/209256138.jpg","type":"image\/jpeg"}],"twitter_card":"summary_large_image","twitter_misc":{"Est. reading time":"1 minute"},"schema":{"@context":"https:\/\/schema.org","@graph":[{"@type":"WebPage","@id":"http:\/\/psc-lukavec.hr\/en\/product\/bmw-3-e90-alnaser-320d-0001139002-7812034\/","url":"http:\/\/psc-lukavec.hr\/en\/product\/bmw-3-e90-alnaser-320d-0001139002-7812034\/","name":"BMW 3 E90 ALNASER 320D 0001139002 7812034 - PSC Lukavec - autodijelovi","isPartOf":{"@id":"https:\/\/psc-lukavec.hr\/#website"},"primaryImageOfPage":{"@id":"http:\/\/psc-lukavec.hr\/en\/product\/bmw-3-e90-alnaser-320d-0001139002-7812034\/#primaryimage"},"image":{"@id":"http:\/\/psc-lukavec.hr\/en\/product\/bmw-3-e90-alnaser-320d-0001139002-7812034\/#primaryimage"},"thumbnailUrl":"http:\/\/psc-lukavec.hr\/wp-content\/uploads\/2024\/06\/209256138.jpg","datePublished":"2024-06-13T15:25:07+00:00","dateModified":"2024-08-24T10:42:27+00:00","breadcrumb":{"@id":"http:\/\/psc-lukavec.hr\/en\/product\/bmw-3-e90-alnaser-320d-0001139002-7812034\/#breadcrumb"},"inLanguage":"en-US","potentialAction":[{"@type":"ReadAction","target":["http:\/\/psc-lukavec.hr\/en\/product\/bmw-3-e90-alnaser-320d-0001139002-7812034\/"]}]},{"@type":"ImageObject","inLanguage":"en-US","@id":"http:\/\/psc-lukavec.hr\/en\/product\/bmw-3-e90-alnaser-320d-0001139002-7812034\/#primaryimage","url":"http:\/\/psc-lukavec.hr\/wp-content\/uploads\/2024\/06\/209256138.jpg","contentUrl":"http:\/\/psc-lukavec.hr\/wp-content\/uploads\/2024\/06\/209256138.jpg","width":1024,"height":768},{"@type":"BreadcrumbList","@id":"http:\/\/psc-lukavec.hr\/en\/product\/bmw-3-e90-alnaser-320d-0001139002-7812034\/#breadcrumb","itemListElement":[{"@type":"ListItem","position":1,"name":"Po\u010detna stranica","item":"https:\/\/psc-lukavec.hr\/"},{"@type":"ListItem","position":2,"name":"Katalog proizvoda","item":"https:\/\/psc-lukavec.hr\/shop\/"},{"@type":"ListItem","position":3,"name":"BMW 3 E90 ALNASER 320D 0001139002 7812034"}]},{"@type":"WebSite","@id":"https:\/\/psc-lukavec.hr\/#website","url":"https:\/\/psc-lukavec.hr\/","name":"PSC Lukavec - autodijelovi","description":"Online trgovina rezervnih dijelova","publisher":{"@id":"https:\/\/psc-lukavec.hr\/#organization"},"potentialAction":[{"@type":"SearchAction","target":{"@type":"EntryPoint","urlTemplate":"https:\/\/psc-lukavec.hr\/?s={search_term_string}"},"query-input":{"@type":"PropertyValueSpecification","valueRequired":true,"valueName":"search_term_string"}}],"inLanguage":"en-US"},{"@type":"Organization","@id":"https:\/\/psc-lukavec.hr\/#organization","name":"PSC Lukavec - autodijelovi","url":"https:\/\/psc-lukavec.hr\/","logo":{"@type":"ImageObject","inLanguage":"en-US","@id":"https:\/\/psc-lukavec.hr\/#\/schema\/logo\/image\/","url":"http:\/\/psc-lukavec.hr\/wp-content\/uploads\/2024\/10\/PartSmartShop-1728391966.png","contentUrl":"http:\/\/psc-lukavec.hr\/wp-content\/uploads\/2024\/10\/PartSmartShop-1728391966.png","width":470,"height":80,"caption":"PSC Lukavec - autodijelovi"},"image":{"@id":"https:\/\/psc-lukavec.hr\/#\/schema\/logo\/image\/"}}]}},"_links":{"self":[{"href":"http:\/\/psc-lukavec.hr\/en\/wp-json\/wp\/v2\/product\/65714","targetHints":{"allow":["GET"]}}],"collection":[{"href":"http:\/\/psc-lukavec.hr\/en\/wp-json\/wp\/v2\/product"}],"about":[{"href":"http:\/\/psc-lukavec.hr\/en\/wp-json\/wp\/v2\/types\/product"}],"replies":[{"embeddable":true,"href":"http:\/\/psc-lukavec.hr\/en\/wp-json\/wp\/v2\/comments?post=65714"}],"wp:featuredmedia":[{"embeddable":true,"href":"http:\/\/psc-lukavec.hr\/en\/wp-json\/wp\/v2\/media\/65715"}],"wp:attachment":[{"href":"http:\/\/psc-lukavec.hr\/en\/wp-json\/wp\/v2\/media?parent=65714"}],"wp:term":[{"taxonomy":"brend","embeddable":true,"href":"http:\/\/psc-lukavec.hr\/en\/wp-json\/wp\/v2\/brend?post=65714"},{"taxonomy":"product_cat","embeddable":true,"href":"http:\/\/psc-lukavec.hr\/en\/wp-json\/wp\/v2\/product_cat?post=65714"},{"taxonomy":"product_tag","embeddable":true,"href":"http:\/\/psc-lukavec.hr\/en\/wp-json\/wp\/v2\/product_tag?post=65714"}],"curies":[{"name":"wp","href":"https:\/\/api.w.org\/{rel}","templated":true}]}}