{"id":64476,"date":"2024-06-13T15:20:09","date_gmt":"2024-06-13T15:20:09","guid":{"rendered":"http:\/\/psclukavec.hr\/product\/bmw-x5-elektricna-parkirna-kocnica-bmw-x5-rucna-kocnica\/"},"modified":"2025-01-17T09:36:02","modified_gmt":"2025-01-17T09:36:02","slug":"bmw-x5-elektricna-parkirna-kocnica-bmw-x5-rucna-kocnica","status":"publish","type":"product","link":"http:\/\/psc-lukavec.hr\/en\/product\/bmw-x5-elektricna-parkirna-kocnica-bmw-x5-rucna-kocnica\/","title":{"rendered":"BMW X5 ELEKTRI\u010cNA PARKIRNA KO\u010cNICA  BMW X5 RU\u010cNA KO\u010cNICA"},"content":{"rendered":"<p>BMW X5 ELEKTRI\u010cNA PARKIRNA KO\u010cNICA .<br \/>\nBMW X5 PARKIRNA KO\u010cNICA<br \/>\nBMW X5 RU\u010cNA KO\u010cNICA<\/p>\n<p>34436850289<br \/>\n34436796072<br \/>\n34436779451<br \/>\n34436782205<br \/>\n34436788968<br \/>\n34436788556<br \/>\n34436785487<br \/>\n34436782205<br \/>\n34436797176<br \/>\n34406761383<br \/>\n34406781184<br \/>\n34436784652<br \/>\n34406762606<br \/>\n34436782755<br \/>\n3440676260<br \/>\n34406762606<\/p>\n<p>VI\u0160E KOMADA NA STANJU..!<\/p>\n<p>X5 (E70) 2006-2011<br \/>\nX5 (E70LCI) 2009-2013<br \/>\nX6 (E71) 2007-2014<br \/>\nX6 (E72)  2008-2011<\/p>\n<p>34436850289, 34436796072, 34436788968, 34436788556, 34436785487, 34436782205, 34436779451<\/p>\n<p>SLIKA PRIKAZUJE STVARNO STANJE PREDMETA<br \/>\nKupljena roba je vrlo dobro za\u0161ti\u0107ena od o\u0161te\u0107enja prilikom transporta. <\/p>\n<p>Preporu\u010dite nas drugima! <\/p>\n<p>Vr\u0161imo i prodaju u sjedi\u0161tu tvrtke <\/p>\n<p>Radno vrijeme: Ponedjeljak-Petak 08-16h,ukoliko izvan radnog vremena(molimo sms)<br \/>\nOsobni dolazak &gt;obavezna najava.&lt;<br \/>\n_______________________________________<br \/>\nNa lageru imamo veliki asortiman rabljenih dijelova iz inozemstva i tuzemstva(preko 6500 m2 skladi\u0161nog prostora sa preko 1500 000 artikala u ponudi sa kontinuiranim rastom lagera i prodaje).<br \/>\n***Cijene dijelova se mijenjaju i cijena i raspolo\u017eivost je na upit.***<br \/>\nDugi niz godina iskustva u prodaji dijelova i otvoreni smo za suradnju sa svim servisima.<br \/>\nZa stalne kupce odobravamo popust.<br \/>\nPo\u017eeljno VIN, slika ili OE broj dijela na email, sms, viber, whatsapp<br \/>\nDostava dijelova u HR i EU na adresu kurirskim slu\u017ebama 48h.<br \/>\nPla\u0107anje prilikom preuzimanja, tro\u0161kove dostave snosi kupac.!<br \/>\n_______________________________________<br \/>\nNa sve dijelove dajemo garanciju na ispravnost i uva\u017eavamo reklamacije.<br \/>\nDogodi li se da je dio ne odgovaraju\u0107i i\/ili niste zadovoljni kupljenim,<br \/>\nvra\u0107amo novac ili mijenjamo za drugi dio.<br \/>\nRok za reklamaciju 14 dana od kupovine, uz uvjet da dio nije rastavljan.<br \/>\nMogu\u0107nost ugovora garancije 6 mj.<br \/>\n_______________________________________<br \/>\nNudimo usluge Servisa, prijevoza vozila i radnih strojeva<br \/>\nOTKUPLJUJEMO O\u0160TE\u0106ENA I KARAMBOLIRANA VOZILA.<br \/>\nZahvaljujemo na ukazanom povjerenju i razumijevanju.<br \/>\nPogledajte ostale na\u0161e oglase.<br \/>\n_______________________________________<br \/>\nwww.psc-lukavec.hr<br \/>\npsc.lukavec@gmail.com<br \/>\n098 539240<br \/>\n099 2998989<\/p>\n","protected":false},"excerpt":{"rendered":"<p>BMW X5 ELEKTRI\u010cNA PARKIRNA KO\u010cNICA . BMW X5 PARKIRNA KO\u010cNICA BMW X5 RU\u010cNA KO\u010cNICA 34436850289 34436796072 34436779451 34436782205 34436788968 34436788556 34436785487 34436782205 34436797176 34406761383 34406781184 34436784652 34406762606 34436782755 3440676260 34406762606 VI\u0160E KOMADA NA STANJU..! X5 (E70) 2006-2011 X5 (E70LCI) 2009-2013 X6 (E71) 2007-2014 X6 (E72) 2008-2011 34436850289, 34436796072, 34436788968, 34436788556, 34436785487, 34436782205, 34436779451 SLIKA PRIKAZUJE [&hellip;]<\/p>\n","protected":false},"featured_media":64477,"comment_status":"open","ping_status":"closed","template":"","meta":{"_acf_changed":false},"brend":[1553,1782],"product_cat":[3054],"product_tag":[],"class_list":{"0":"post-64476","1":"product","2":"type-product","3":"status-publish","4":"has-post-thumbnail","6":"brend-bmw","7":"brend-x5","8":"product_cat-auto-elektronika-i-autoelektrika","10":"first","11":"instock","12":"shipping-taxable","13":"purchasable","14":"product-type-simple"},"acf":[],"yoast_head":"<!-- This site is optimized with the Yoast SEO plugin v24.9 - https:\/\/yoast.com\/wordpress\/plugins\/seo\/ -->\n<title>BMW X5 ELEKTRI\u010cNA PARKIRNA KO\u010cNICA BMW X5 RU\u010cNA KO\u010cNICA - PSC Lukavec - autodijelovi<\/title>\n<meta name=\"robots\" content=\"index, follow, max-snippet:-1, max-image-preview:large, max-video-preview:-1\" \/>\n<link rel=\"canonical\" href=\"http:\/\/psc-lukavec.hr\/product\/bmw-x5-elektricna-parkirna-kocnica-bmw-x5-rucna-kocnica\/\" \/>\n<meta property=\"og:locale\" content=\"en_US\" \/>\n<meta property=\"og:type\" content=\"article\" \/>\n<meta property=\"og:title\" content=\"BMW X5 ELEKTRI\u010cNA PARKIRNA KO\u010cNICA BMW X5 RU\u010cNA KO\u010cNICA - PSC Lukavec - autodijelovi\" \/>\n<meta property=\"og:description\" content=\"BMW X5 ELEKTRI\u010cNA PARKIRNA KO\u010cNICA . BMW X5 PARKIRNA KO\u010cNICA BMW X5 RU\u010cNA KO\u010cNICA 34436850289 34436796072 34436779451 34436782205 34436788968 34436788556 34436785487 34436782205 34436797176 34406761383 34406781184 34436784652 34406762606 34436782755 3440676260 34406762606 VI\u0160E KOMADA NA STANJU..! X5 (E70) 2006-2011 X5 (E70LCI) 2009-2013 X6 (E71) 2007-2014 X6 (E72) 2008-2011 34436850289, 34436796072, 34436788968, 34436788556, 34436785487, 34436782205, 34436779451 SLIKA PRIKAZUJE [&hellip;]\" \/>\n<meta property=\"og:url\" content=\"http:\/\/psc-lukavec.hr\/product\/bmw-x5-elektricna-parkirna-kocnica-bmw-x5-rucna-kocnica\/\" \/>\n<meta property=\"og:site_name\" content=\"PSC Lukavec - autodijelovi\" \/>\n<meta property=\"article:modified_time\" content=\"2025-01-17T09:36:02+00:00\" \/>\n<meta property=\"og:image\" content=\"http:\/\/psc-lukavec.hr\/wp-content\/uploads\/2024\/06\/211851398.jpg\" \/>\n\t<meta property=\"og:image:width\" content=\"1080\" \/>\n\t<meta property=\"og:image:height\" content=\"796\" \/>\n\t<meta property=\"og:image:type\" content=\"image\/jpeg\" \/>\n<meta name=\"twitter:card\" content=\"summary_large_image\" \/>\n<meta name=\"twitter:label1\" content=\"Est. reading time\" \/>\n\t<meta name=\"twitter:data1\" content=\"1 minute\" \/>\n<script type=\"application\/ld+json\" class=\"yoast-schema-graph\">{\"@context\":\"https:\/\/schema.org\",\"@graph\":[{\"@type\":\"WebPage\",\"@id\":\"http:\/\/psc-lukavec.hr\/product\/bmw-x5-elektricna-parkirna-kocnica-bmw-x5-rucna-kocnica\/\",\"url\":\"http:\/\/psc-lukavec.hr\/product\/bmw-x5-elektricna-parkirna-kocnica-bmw-x5-rucna-kocnica\/\",\"name\":\"BMW X5 ELEKTRI\u010cNA PARKIRNA KO\u010cNICA BMW X5 RU\u010cNA KO\u010cNICA - PSC Lukavec - autodijelovi\",\"isPartOf\":{\"@id\":\"https:\/\/psc-lukavec.hr\/#website\"},\"primaryImageOfPage\":{\"@id\":\"http:\/\/psc-lukavec.hr\/product\/bmw-x5-elektricna-parkirna-kocnica-bmw-x5-rucna-kocnica\/#primaryimage\"},\"image\":{\"@id\":\"http:\/\/psc-lukavec.hr\/product\/bmw-x5-elektricna-parkirna-kocnica-bmw-x5-rucna-kocnica\/#primaryimage\"},\"thumbnailUrl\":\"http:\/\/psc-lukavec.hr\/wp-content\/uploads\/2024\/06\/211851398.jpg\",\"datePublished\":\"2024-06-13T15:20:09+00:00\",\"dateModified\":\"2025-01-17T09:36:02+00:00\",\"breadcrumb\":{\"@id\":\"http:\/\/psc-lukavec.hr\/product\/bmw-x5-elektricna-parkirna-kocnica-bmw-x5-rucna-kocnica\/#breadcrumb\"},\"inLanguage\":\"en-US\",\"potentialAction\":[{\"@type\":\"ReadAction\",\"target\":[\"http:\/\/psc-lukavec.hr\/product\/bmw-x5-elektricna-parkirna-kocnica-bmw-x5-rucna-kocnica\/\"]}]},{\"@type\":\"ImageObject\",\"inLanguage\":\"en-US\",\"@id\":\"http:\/\/psc-lukavec.hr\/product\/bmw-x5-elektricna-parkirna-kocnica-bmw-x5-rucna-kocnica\/#primaryimage\",\"url\":\"http:\/\/psc-lukavec.hr\/wp-content\/uploads\/2024\/06\/211851398.jpg\",\"contentUrl\":\"http:\/\/psc-lukavec.hr\/wp-content\/uploads\/2024\/06\/211851398.jpg\",\"width\":1080,\"height\":796},{\"@type\":\"BreadcrumbList\",\"@id\":\"http:\/\/psc-lukavec.hr\/product\/bmw-x5-elektricna-parkirna-kocnica-bmw-x5-rucna-kocnica\/#breadcrumb\",\"itemListElement\":[{\"@type\":\"ListItem\",\"position\":1,\"name\":\"Po\u010detna stranica\",\"item\":\"https:\/\/psc-lukavec.hr\/\"},{\"@type\":\"ListItem\",\"position\":2,\"name\":\"Katalog proizvoda\",\"item\":\"https:\/\/psc-lukavec.hr\/shop\/\"},{\"@type\":\"ListItem\",\"position\":3,\"name\":\"BMW X5 ELEKTRI\u010cNA PARKIRNA KO\u010cNICA BMW X5 RU\u010cNA KO\u010cNICA\"}]},{\"@type\":\"WebSite\",\"@id\":\"https:\/\/psc-lukavec.hr\/#website\",\"url\":\"https:\/\/psc-lukavec.hr\/\",\"name\":\"PSC Lukavec - autodijelovi\",\"description\":\"Online trgovina rezervnih dijelova\",\"publisher\":{\"@id\":\"https:\/\/psc-lukavec.hr\/#organization\"},\"potentialAction\":[{\"@type\":\"SearchAction\",\"target\":{\"@type\":\"EntryPoint\",\"urlTemplate\":\"https:\/\/psc-lukavec.hr\/?s={search_term_string}\"},\"query-input\":{\"@type\":\"PropertyValueSpecification\",\"valueRequired\":true,\"valueName\":\"search_term_string\"}}],\"inLanguage\":\"en-US\"},{\"@type\":\"Organization\",\"@id\":\"https:\/\/psc-lukavec.hr\/#organization\",\"name\":\"PSC Lukavec - autodijelovi\",\"url\":\"https:\/\/psc-lukavec.hr\/\",\"logo\":{\"@type\":\"ImageObject\",\"inLanguage\":\"en-US\",\"@id\":\"https:\/\/psc-lukavec.hr\/#\/schema\/logo\/image\/\",\"url\":\"http:\/\/psc-lukavec.hr\/wp-content\/uploads\/2024\/10\/PartSmartShop-1728391966.png\",\"contentUrl\":\"http:\/\/psc-lukavec.hr\/wp-content\/uploads\/2024\/10\/PartSmartShop-1728391966.png\",\"width\":470,\"height\":80,\"caption\":\"PSC Lukavec - autodijelovi\"},\"image\":{\"@id\":\"https:\/\/psc-lukavec.hr\/#\/schema\/logo\/image\/\"}}]}<\/script>\n<!-- \/ Yoast SEO plugin. -->","yoast_head_json":{"title":"BMW X5 ELEKTRI\u010cNA PARKIRNA KO\u010cNICA BMW X5 RU\u010cNA KO\u010cNICA - PSC Lukavec - autodijelovi","robots":{"index":"index","follow":"follow","max-snippet":"max-snippet:-1","max-image-preview":"max-image-preview:large","max-video-preview":"max-video-preview:-1"},"canonical":"http:\/\/psc-lukavec.hr\/product\/bmw-x5-elektricna-parkirna-kocnica-bmw-x5-rucna-kocnica\/","og_locale":"en_US","og_type":"article","og_title":"BMW X5 ELEKTRI\u010cNA PARKIRNA KO\u010cNICA BMW X5 RU\u010cNA KO\u010cNICA - PSC Lukavec - autodijelovi","og_description":"BMW X5 ELEKTRI\u010cNA PARKIRNA KO\u010cNICA . BMW X5 PARKIRNA KO\u010cNICA BMW X5 RU\u010cNA KO\u010cNICA 34436850289 34436796072 34436779451 34436782205 34436788968 34436788556 34436785487 34436782205 34436797176 34406761383 34406781184 34436784652 34406762606 34436782755 3440676260 34406762606 VI\u0160E KOMADA NA STANJU..! X5 (E70) 2006-2011 X5 (E70LCI) 2009-2013 X6 (E71) 2007-2014 X6 (E72) 2008-2011 34436850289, 34436796072, 34436788968, 34436788556, 34436785487, 34436782205, 34436779451 SLIKA PRIKAZUJE [&hellip;]","og_url":"http:\/\/psc-lukavec.hr\/product\/bmw-x5-elektricna-parkirna-kocnica-bmw-x5-rucna-kocnica\/","og_site_name":"PSC Lukavec - autodijelovi","article_modified_time":"2025-01-17T09:36:02+00:00","og_image":[{"width":1080,"height":796,"url":"http:\/\/psc-lukavec.hr\/wp-content\/uploads\/2024\/06\/211851398.jpg","type":"image\/jpeg"}],"twitter_card":"summary_large_image","twitter_misc":{"Est. reading time":"1 minute"},"schema":{"@context":"https:\/\/schema.org","@graph":[{"@type":"WebPage","@id":"http:\/\/psc-lukavec.hr\/product\/bmw-x5-elektricna-parkirna-kocnica-bmw-x5-rucna-kocnica\/","url":"http:\/\/psc-lukavec.hr\/product\/bmw-x5-elektricna-parkirna-kocnica-bmw-x5-rucna-kocnica\/","name":"BMW X5 ELEKTRI\u010cNA PARKIRNA KO\u010cNICA BMW X5 RU\u010cNA KO\u010cNICA - PSC Lukavec - autodijelovi","isPartOf":{"@id":"https:\/\/psc-lukavec.hr\/#website"},"primaryImageOfPage":{"@id":"http:\/\/psc-lukavec.hr\/product\/bmw-x5-elektricna-parkirna-kocnica-bmw-x5-rucna-kocnica\/#primaryimage"},"image":{"@id":"http:\/\/psc-lukavec.hr\/product\/bmw-x5-elektricna-parkirna-kocnica-bmw-x5-rucna-kocnica\/#primaryimage"},"thumbnailUrl":"http:\/\/psc-lukavec.hr\/wp-content\/uploads\/2024\/06\/211851398.jpg","datePublished":"2024-06-13T15:20:09+00:00","dateModified":"2025-01-17T09:36:02+00:00","breadcrumb":{"@id":"http:\/\/psc-lukavec.hr\/product\/bmw-x5-elektricna-parkirna-kocnica-bmw-x5-rucna-kocnica\/#breadcrumb"},"inLanguage":"en-US","potentialAction":[{"@type":"ReadAction","target":["http:\/\/psc-lukavec.hr\/product\/bmw-x5-elektricna-parkirna-kocnica-bmw-x5-rucna-kocnica\/"]}]},{"@type":"ImageObject","inLanguage":"en-US","@id":"http:\/\/psc-lukavec.hr\/product\/bmw-x5-elektricna-parkirna-kocnica-bmw-x5-rucna-kocnica\/#primaryimage","url":"http:\/\/psc-lukavec.hr\/wp-content\/uploads\/2024\/06\/211851398.jpg","contentUrl":"http:\/\/psc-lukavec.hr\/wp-content\/uploads\/2024\/06\/211851398.jpg","width":1080,"height":796},{"@type":"BreadcrumbList","@id":"http:\/\/psc-lukavec.hr\/product\/bmw-x5-elektricna-parkirna-kocnica-bmw-x5-rucna-kocnica\/#breadcrumb","itemListElement":[{"@type":"ListItem","position":1,"name":"Po\u010detna stranica","item":"https:\/\/psc-lukavec.hr\/"},{"@type":"ListItem","position":2,"name":"Katalog proizvoda","item":"https:\/\/psc-lukavec.hr\/shop\/"},{"@type":"ListItem","position":3,"name":"BMW X5 ELEKTRI\u010cNA PARKIRNA KO\u010cNICA BMW X5 RU\u010cNA KO\u010cNICA"}]},{"@type":"WebSite","@id":"https:\/\/psc-lukavec.hr\/#website","url":"https:\/\/psc-lukavec.hr\/","name":"PSC Lukavec - autodijelovi","description":"Online trgovina rezervnih dijelova","publisher":{"@id":"https:\/\/psc-lukavec.hr\/#organization"},"potentialAction":[{"@type":"SearchAction","target":{"@type":"EntryPoint","urlTemplate":"https:\/\/psc-lukavec.hr\/?s={search_term_string}"},"query-input":{"@type":"PropertyValueSpecification","valueRequired":true,"valueName":"search_term_string"}}],"inLanguage":"en-US"},{"@type":"Organization","@id":"https:\/\/psc-lukavec.hr\/#organization","name":"PSC Lukavec - autodijelovi","url":"https:\/\/psc-lukavec.hr\/","logo":{"@type":"ImageObject","inLanguage":"en-US","@id":"https:\/\/psc-lukavec.hr\/#\/schema\/logo\/image\/","url":"http:\/\/psc-lukavec.hr\/wp-content\/uploads\/2024\/10\/PartSmartShop-1728391966.png","contentUrl":"http:\/\/psc-lukavec.hr\/wp-content\/uploads\/2024\/10\/PartSmartShop-1728391966.png","width":470,"height":80,"caption":"PSC Lukavec - autodijelovi"},"image":{"@id":"https:\/\/psc-lukavec.hr\/#\/schema\/logo\/image\/"}}]}},"_links":{"self":[{"href":"http:\/\/psc-lukavec.hr\/en\/wp-json\/wp\/v2\/product\/64476","targetHints":{"allow":["GET"]}}],"collection":[{"href":"http:\/\/psc-lukavec.hr\/en\/wp-json\/wp\/v2\/product"}],"about":[{"href":"http:\/\/psc-lukavec.hr\/en\/wp-json\/wp\/v2\/types\/product"}],"replies":[{"embeddable":true,"href":"http:\/\/psc-lukavec.hr\/en\/wp-json\/wp\/v2\/comments?post=64476"}],"wp:featuredmedia":[{"embeddable":true,"href":"http:\/\/psc-lukavec.hr\/en\/wp-json\/wp\/v2\/media\/64477"}],"wp:attachment":[{"href":"http:\/\/psc-lukavec.hr\/en\/wp-json\/wp\/v2\/media?parent=64476"}],"wp:term":[{"taxonomy":"brend","embeddable":true,"href":"http:\/\/psc-lukavec.hr\/en\/wp-json\/wp\/v2\/brend?post=64476"},{"taxonomy":"product_cat","embeddable":true,"href":"http:\/\/psc-lukavec.hr\/en\/wp-json\/wp\/v2\/product_cat?post=64476"},{"taxonomy":"product_tag","embeddable":true,"href":"http:\/\/psc-lukavec.hr\/en\/wp-json\/wp\/v2\/product_tag?post=64476"}],"curies":[{"name":"wp","href":"https:\/\/api.w.org\/{rel}","templated":true}]}}