{"id":38198,"date":"2024-06-13T11:35:04","date_gmt":"2024-06-13T11:35:04","guid":{"rendered":"http:\/\/psclukavec.hr\/product\/audi-a3-zavojnica-volana-audi-a3-spula-volana\/"},"modified":"2024-08-24T11:12:05","modified_gmt":"2024-08-24T11:12:05","slug":"audi-a3-zavojnica-volana-audi-a3-spula-volana","status":"publish","type":"product","link":"http:\/\/psc-lukavec.hr\/en\/product\/audi-a3-zavojnica-volana-audi-a3-spula-volana\/","title":{"rendered":"AUDI A3 ZAVOJNICA VOLANA AUDI A3 \u0160PULA VOLANA 5Q0953549 2016."},"content":{"rendered":"<p>AUDI A3 ZAVOJNICA VOLANA<br \/>\nAUDI A3 \u0160PULA VOLANA<br \/>\nAUDI A3 ZAVOJNICA ZRA\u010cNOG JASTUKA<br \/>\nAUDI A3 ZAVOJNICA AIRBAGA<br \/>\nAUDI A3 MODUL SVJETALA<br \/>\nAUDI A3 RU\u010cICE VOLANA<br \/>\nAUDI A3 PREKIDA\u010cI SVJETALA<br \/>\nAUDI A3 NAMOTAJI VOLANA<br \/>\nAUDI A3 PREKIDA\u010cI BRISA\u010cA<br \/>\nAUDI A3 RU\u010cICE OKO VOLANA<br \/>\nAUDI A3 PREKIDA\u010cI OKO VOLANA<br \/>\nAUDI A3 RU\u010cICA \u017dMIGAVACA<br \/>\nAUDI A3 RU\u010cICA BRISA\u010cA<br \/>\nAUDI A3 ELEKTRONIKA VOLANA<br \/>\nAUDI A3 RAKETA VOLANA<br \/>\nAUDI A3 RU\u010cICE VOLANA<br \/>\nAUDI A3 PROBLEM SA SVJETLIMA<br \/>\nAUDI A3 PROBLEM SA \u017dMIGAVCIMA<br \/>\n5Q0953549<br \/>\n5Q0 953 549A<br \/>\n5Q0 953 549C<br \/>\n5Q0 953 549E<br \/>\n2016.<\/p>\n<p>SLIKA PRIKAZUJE STVARNO STANJE PREDMETA <\/p>\n<p>Kupljena roba je vrlo dobro za\u0161ti\u0107ena od o\u0161te\u0107enja prilikom transporta. <\/p>\n<p>Preporu\u010dite nas drugima! <\/p>\n<p>Vr\u0161imo i prodaju u sjedi\u0161tu tvrtke <\/p>\n<p>Radno vrijeme: Ponedjeljak-Petak 08-16h,ukoliko izvan radnog vremena(molimo sms)<br \/>\nOsobni dolazak-obavezna najava.<br \/>\n_______________________________________<br \/>\nNa lageru imamo veliki asortiman rabljenih dijelova iz inozemstva i tuzemstva(preko 6500 m2 skladi\u0161nog prostora sa preko 1500 000 artikala na stanju sa kontinuiranim rastom lagera i prodaje).<br \/>\n****Cijene dijelova se mijenjaju i cijena i raspolo\u017eivost je na upit.*****<br \/>\nDugi niz godina iskustva u prodaji dijelova i otvoreni smo za suradnju sa svim servisima.<br \/>\nZa stalne kupce odobravamo popust.<br \/>\nPo\u017eeljno VIN, slika ili OE broj dijela na email, sms, viber, whatsapp<br \/>\nDostava dijelova u HR I EU na adresu kurirskim slu\u017ebama najkasnije 96h.<br \/>\nPla\u0107anje prilikom preuzimanja, tro\u0161kove dostave snosi kupac<br \/>\n_______________________________________<br \/>\nNa sve dijelove dajemo garanciju na ispravnost i uva\u017eavamo reklamacije.<br \/>\nDogodi li se da je dio ne odgovaraju\u0107i i\/ili niste zadovoljni kupljenim,<br \/>\nvra\u0107amo novac ili mijenjamo za drugi.<br \/>\nRok za reklamaciju 14 dana od kupovine, uz uvjet da dio nije rastavljan.<br \/>\nMogu\u0107nost ugovora garancije 6 mj.<br \/>\n_______________________________________<br \/>\nNudimo usluge Servisa, prijevoza vozila i radnih strojeva<br \/>\nOTKUPLJUJEMO O\u0160TE\u0106ENA I KARAMBOLIRANA VOZILA.<br \/>\nZahvaljujemo na ukazanom povjerenju i razumijevanju.<br \/>\nPogledajte ostale na\u0161e oglase.<br \/>\n_______________________________________<br \/>\nwww.psc-lukavec.hr<br \/>\npsc.lukavec@gmail.com<br \/>\n098 539240<br \/>\n099 2998989<\/p>\n","protected":false},"excerpt":{"rendered":"<p>AUDI A3 ZAVOJNICA VOLANA AUDI A3 \u0160PULA VOLANA AUDI A3 ZAVOJNICA ZRA\u010cNOG JASTUKA AUDI A3 ZAVOJNICA AIRBAGA AUDI A3 MODUL SVJETALA AUDI A3 RU\u010cICE VOLANA AUDI A3 PREKIDA\u010cI SVJETALA AUDI A3 NAMOTAJI VOLANA AUDI A3 PREKIDA\u010cI BRISA\u010cA AUDI A3 RU\u010cICE OKO VOLANA AUDI A3 PREKIDA\u010cI OKO VOLANA AUDI A3 RU\u010cICA \u017dMIGAVACA AUDI A3 RU\u010cICA BRISA\u010cA [&hellip;]<\/p>\n","protected":false},"featured_media":38199,"comment_status":"open","ping_status":"closed","template":"","meta":{"_acf_changed":false},"brend":[1691,1551],"product_cat":[3054],"product_tag":[],"class_list":{"0":"post-38198","1":"product","2":"type-product","3":"status-publish","4":"has-post-thumbnail","6":"brend-a3","7":"brend-audi","8":"product_cat-auto-elektronika-i-autoelektrika","10":"first","11":"instock","12":"shipping-taxable","13":"product-type-simple"},"acf":[],"yoast_head":"<!-- This site is optimized with the Yoast SEO plugin v24.9 - https:\/\/yoast.com\/wordpress\/plugins\/seo\/ -->\n<title>AUDI A3 ZAVOJNICA VOLANA AUDI A3 \u0160PULA VOLANA 5Q0953549 2016. - PSC Lukavec - autodijelovi<\/title>\n<meta name=\"robots\" content=\"index, follow, max-snippet:-1, max-image-preview:large, max-video-preview:-1\" \/>\n<link rel=\"canonical\" href=\"http:\/\/psc-lukavec.hr\/en\/product\/audi-a3-zavojnica-volana-audi-a3-spula-volana\/\" \/>\n<meta property=\"og:locale\" content=\"en_US\" \/>\n<meta property=\"og:type\" content=\"article\" \/>\n<meta property=\"og:title\" content=\"AUDI A3 ZAVOJNICA VOLANA AUDI A3 \u0160PULA VOLANA 5Q0953549 2016. - PSC Lukavec - autodijelovi\" \/>\n<meta property=\"og:description\" content=\"AUDI A3 ZAVOJNICA VOLANA AUDI A3 \u0160PULA VOLANA AUDI A3 ZAVOJNICA ZRA\u010cNOG JASTUKA AUDI A3 ZAVOJNICA AIRBAGA AUDI A3 MODUL SVJETALA AUDI A3 RU\u010cICE VOLANA AUDI A3 PREKIDA\u010cI SVJETALA AUDI A3 NAMOTAJI VOLANA AUDI A3 PREKIDA\u010cI BRISA\u010cA AUDI A3 RU\u010cICE OKO VOLANA AUDI A3 PREKIDA\u010cI OKO VOLANA AUDI A3 RU\u010cICA \u017dMIGAVACA AUDI A3 RU\u010cICA BRISA\u010cA [&hellip;]\" \/>\n<meta property=\"og:url\" content=\"http:\/\/psc-lukavec.hr\/en\/product\/audi-a3-zavojnica-volana-audi-a3-spula-volana\/\" \/>\n<meta property=\"og:site_name\" content=\"PSC Lukavec - autodijelovi\" \/>\n<meta property=\"article:modified_time\" content=\"2024-08-24T11:12:05+00:00\" \/>\n<meta property=\"og:image\" content=\"http:\/\/psc-lukavec.hr\/wp-content\/uploads\/2024\/06\/124327518.jpg\" \/>\n\t<meta property=\"og:image:width\" content=\"920\" \/>\n\t<meta property=\"og:image:height\" content=\"612\" \/>\n\t<meta property=\"og:image:type\" content=\"image\/jpeg\" \/>\n<meta name=\"twitter:card\" content=\"summary_large_image\" \/>\n<meta name=\"twitter:label1\" content=\"Est. reading time\" \/>\n\t<meta name=\"twitter:data1\" content=\"2 minutes\" \/>\n<script type=\"application\/ld+json\" class=\"yoast-schema-graph\">{\"@context\":\"https:\/\/schema.org\",\"@graph\":[{\"@type\":\"WebPage\",\"@id\":\"http:\/\/psc-lukavec.hr\/en\/product\/audi-a3-zavojnica-volana-audi-a3-spula-volana\/\",\"url\":\"http:\/\/psc-lukavec.hr\/en\/product\/audi-a3-zavojnica-volana-audi-a3-spula-volana\/\",\"name\":\"AUDI A3 ZAVOJNICA VOLANA AUDI A3 \u0160PULA VOLANA 5Q0953549 2016. - PSC Lukavec - autodijelovi\",\"isPartOf\":{\"@id\":\"https:\/\/psc-lukavec.hr\/#website\"},\"primaryImageOfPage\":{\"@id\":\"http:\/\/psc-lukavec.hr\/en\/product\/audi-a3-zavojnica-volana-audi-a3-spula-volana\/#primaryimage\"},\"image\":{\"@id\":\"http:\/\/psc-lukavec.hr\/en\/product\/audi-a3-zavojnica-volana-audi-a3-spula-volana\/#primaryimage\"},\"thumbnailUrl\":\"http:\/\/psc-lukavec.hr\/wp-content\/uploads\/2024\/06\/124327518.jpg\",\"datePublished\":\"2024-06-13T11:35:04+00:00\",\"dateModified\":\"2024-08-24T11:12:05+00:00\",\"breadcrumb\":{\"@id\":\"http:\/\/psc-lukavec.hr\/en\/product\/audi-a3-zavojnica-volana-audi-a3-spula-volana\/#breadcrumb\"},\"inLanguage\":\"en-US\",\"potentialAction\":[{\"@type\":\"ReadAction\",\"target\":[\"http:\/\/psc-lukavec.hr\/en\/product\/audi-a3-zavojnica-volana-audi-a3-spula-volana\/\"]}]},{\"@type\":\"ImageObject\",\"inLanguage\":\"en-US\",\"@id\":\"http:\/\/psc-lukavec.hr\/en\/product\/audi-a3-zavojnica-volana-audi-a3-spula-volana\/#primaryimage\",\"url\":\"http:\/\/psc-lukavec.hr\/wp-content\/uploads\/2024\/06\/124327518.jpg\",\"contentUrl\":\"http:\/\/psc-lukavec.hr\/wp-content\/uploads\/2024\/06\/124327518.jpg\",\"width\":920,\"height\":612},{\"@type\":\"BreadcrumbList\",\"@id\":\"http:\/\/psc-lukavec.hr\/en\/product\/audi-a3-zavojnica-volana-audi-a3-spula-volana\/#breadcrumb\",\"itemListElement\":[{\"@type\":\"ListItem\",\"position\":1,\"name\":\"Po\u010detna stranica\",\"item\":\"https:\/\/psc-lukavec.hr\/\"},{\"@type\":\"ListItem\",\"position\":2,\"name\":\"Katalog proizvoda\",\"item\":\"https:\/\/psc-lukavec.hr\/shop\/\"},{\"@type\":\"ListItem\",\"position\":3,\"name\":\"AUDI A3 ZAVOJNICA VOLANA AUDI A3 \u0160PULA VOLANA 5Q0953549 2016.\"}]},{\"@type\":\"WebSite\",\"@id\":\"https:\/\/psc-lukavec.hr\/#website\",\"url\":\"https:\/\/psc-lukavec.hr\/\",\"name\":\"PSC Lukavec - autodijelovi\",\"description\":\"Online trgovina rezervnih dijelova\",\"publisher\":{\"@id\":\"https:\/\/psc-lukavec.hr\/#organization\"},\"potentialAction\":[{\"@type\":\"SearchAction\",\"target\":{\"@type\":\"EntryPoint\",\"urlTemplate\":\"https:\/\/psc-lukavec.hr\/?s={search_term_string}\"},\"query-input\":{\"@type\":\"PropertyValueSpecification\",\"valueRequired\":true,\"valueName\":\"search_term_string\"}}],\"inLanguage\":\"en-US\"},{\"@type\":\"Organization\",\"@id\":\"https:\/\/psc-lukavec.hr\/#organization\",\"name\":\"PSC Lukavec - autodijelovi\",\"url\":\"https:\/\/psc-lukavec.hr\/\",\"logo\":{\"@type\":\"ImageObject\",\"inLanguage\":\"en-US\",\"@id\":\"https:\/\/psc-lukavec.hr\/#\/schema\/logo\/image\/\",\"url\":\"http:\/\/psc-lukavec.hr\/wp-content\/uploads\/2024\/10\/PartSmartShop-1728391966.png\",\"contentUrl\":\"http:\/\/psc-lukavec.hr\/wp-content\/uploads\/2024\/10\/PartSmartShop-1728391966.png\",\"width\":470,\"height\":80,\"caption\":\"PSC Lukavec - autodijelovi\"},\"image\":{\"@id\":\"https:\/\/psc-lukavec.hr\/#\/schema\/logo\/image\/\"}}]}<\/script>\n<!-- \/ Yoast SEO plugin. -->","yoast_head_json":{"title":"AUDI A3 ZAVOJNICA VOLANA AUDI A3 \u0160PULA VOLANA 5Q0953549 2016. - PSC Lukavec - autodijelovi","robots":{"index":"index","follow":"follow","max-snippet":"max-snippet:-1","max-image-preview":"max-image-preview:large","max-video-preview":"max-video-preview:-1"},"canonical":"http:\/\/psc-lukavec.hr\/en\/product\/audi-a3-zavojnica-volana-audi-a3-spula-volana\/","og_locale":"en_US","og_type":"article","og_title":"AUDI A3 ZAVOJNICA VOLANA AUDI A3 \u0160PULA VOLANA 5Q0953549 2016. - PSC Lukavec - autodijelovi","og_description":"AUDI A3 ZAVOJNICA VOLANA AUDI A3 \u0160PULA VOLANA AUDI A3 ZAVOJNICA ZRA\u010cNOG JASTUKA AUDI A3 ZAVOJNICA AIRBAGA AUDI A3 MODUL SVJETALA AUDI A3 RU\u010cICE VOLANA AUDI A3 PREKIDA\u010cI SVJETALA AUDI A3 NAMOTAJI VOLANA AUDI A3 PREKIDA\u010cI BRISA\u010cA AUDI A3 RU\u010cICE OKO VOLANA AUDI A3 PREKIDA\u010cI OKO VOLANA AUDI A3 RU\u010cICA \u017dMIGAVACA AUDI A3 RU\u010cICA BRISA\u010cA [&hellip;]","og_url":"http:\/\/psc-lukavec.hr\/en\/product\/audi-a3-zavojnica-volana-audi-a3-spula-volana\/","og_site_name":"PSC Lukavec - autodijelovi","article_modified_time":"2024-08-24T11:12:05+00:00","og_image":[{"width":920,"height":612,"url":"http:\/\/psc-lukavec.hr\/wp-content\/uploads\/2024\/06\/124327518.jpg","type":"image\/jpeg"}],"twitter_card":"summary_large_image","twitter_misc":{"Est. reading time":"2 minutes"},"schema":{"@context":"https:\/\/schema.org","@graph":[{"@type":"WebPage","@id":"http:\/\/psc-lukavec.hr\/en\/product\/audi-a3-zavojnica-volana-audi-a3-spula-volana\/","url":"http:\/\/psc-lukavec.hr\/en\/product\/audi-a3-zavojnica-volana-audi-a3-spula-volana\/","name":"AUDI A3 ZAVOJNICA VOLANA AUDI A3 \u0160PULA VOLANA 5Q0953549 2016. - PSC Lukavec - autodijelovi","isPartOf":{"@id":"https:\/\/psc-lukavec.hr\/#website"},"primaryImageOfPage":{"@id":"http:\/\/psc-lukavec.hr\/en\/product\/audi-a3-zavojnica-volana-audi-a3-spula-volana\/#primaryimage"},"image":{"@id":"http:\/\/psc-lukavec.hr\/en\/product\/audi-a3-zavojnica-volana-audi-a3-spula-volana\/#primaryimage"},"thumbnailUrl":"http:\/\/psc-lukavec.hr\/wp-content\/uploads\/2024\/06\/124327518.jpg","datePublished":"2024-06-13T11:35:04+00:00","dateModified":"2024-08-24T11:12:05+00:00","breadcrumb":{"@id":"http:\/\/psc-lukavec.hr\/en\/product\/audi-a3-zavojnica-volana-audi-a3-spula-volana\/#breadcrumb"},"inLanguage":"en-US","potentialAction":[{"@type":"ReadAction","target":["http:\/\/psc-lukavec.hr\/en\/product\/audi-a3-zavojnica-volana-audi-a3-spula-volana\/"]}]},{"@type":"ImageObject","inLanguage":"en-US","@id":"http:\/\/psc-lukavec.hr\/en\/product\/audi-a3-zavojnica-volana-audi-a3-spula-volana\/#primaryimage","url":"http:\/\/psc-lukavec.hr\/wp-content\/uploads\/2024\/06\/124327518.jpg","contentUrl":"http:\/\/psc-lukavec.hr\/wp-content\/uploads\/2024\/06\/124327518.jpg","width":920,"height":612},{"@type":"BreadcrumbList","@id":"http:\/\/psc-lukavec.hr\/en\/product\/audi-a3-zavojnica-volana-audi-a3-spula-volana\/#breadcrumb","itemListElement":[{"@type":"ListItem","position":1,"name":"Po\u010detna stranica","item":"https:\/\/psc-lukavec.hr\/"},{"@type":"ListItem","position":2,"name":"Katalog proizvoda","item":"https:\/\/psc-lukavec.hr\/shop\/"},{"@type":"ListItem","position":3,"name":"AUDI A3 ZAVOJNICA VOLANA AUDI A3 \u0160PULA VOLANA 5Q0953549 2016."}]},{"@type":"WebSite","@id":"https:\/\/psc-lukavec.hr\/#website","url":"https:\/\/psc-lukavec.hr\/","name":"PSC Lukavec - autodijelovi","description":"Online trgovina rezervnih dijelova","publisher":{"@id":"https:\/\/psc-lukavec.hr\/#organization"},"potentialAction":[{"@type":"SearchAction","target":{"@type":"EntryPoint","urlTemplate":"https:\/\/psc-lukavec.hr\/?s={search_term_string}"},"query-input":{"@type":"PropertyValueSpecification","valueRequired":true,"valueName":"search_term_string"}}],"inLanguage":"en-US"},{"@type":"Organization","@id":"https:\/\/psc-lukavec.hr\/#organization","name":"PSC Lukavec - autodijelovi","url":"https:\/\/psc-lukavec.hr\/","logo":{"@type":"ImageObject","inLanguage":"en-US","@id":"https:\/\/psc-lukavec.hr\/#\/schema\/logo\/image\/","url":"http:\/\/psc-lukavec.hr\/wp-content\/uploads\/2024\/10\/PartSmartShop-1728391966.png","contentUrl":"http:\/\/psc-lukavec.hr\/wp-content\/uploads\/2024\/10\/PartSmartShop-1728391966.png","width":470,"height":80,"caption":"PSC Lukavec - autodijelovi"},"image":{"@id":"https:\/\/psc-lukavec.hr\/#\/schema\/logo\/image\/"}}]}},"_links":{"self":[{"href":"http:\/\/psc-lukavec.hr\/en\/wp-json\/wp\/v2\/product\/38198","targetHints":{"allow":["GET"]}}],"collection":[{"href":"http:\/\/psc-lukavec.hr\/en\/wp-json\/wp\/v2\/product"}],"about":[{"href":"http:\/\/psc-lukavec.hr\/en\/wp-json\/wp\/v2\/types\/product"}],"replies":[{"embeddable":true,"href":"http:\/\/psc-lukavec.hr\/en\/wp-json\/wp\/v2\/comments?post=38198"}],"wp:featuredmedia":[{"embeddable":true,"href":"http:\/\/psc-lukavec.hr\/en\/wp-json\/wp\/v2\/media\/38199"}],"wp:attachment":[{"href":"http:\/\/psc-lukavec.hr\/en\/wp-json\/wp\/v2\/media?parent=38198"}],"wp:term":[{"taxonomy":"brend","embeddable":true,"href":"http:\/\/psc-lukavec.hr\/en\/wp-json\/wp\/v2\/brend?post=38198"},{"taxonomy":"product_cat","embeddable":true,"href":"http:\/\/psc-lukavec.hr\/en\/wp-json\/wp\/v2\/product_cat?post=38198"},{"taxonomy":"product_tag","embeddable":true,"href":"http:\/\/psc-lukavec.hr\/en\/wp-json\/wp\/v2\/product_tag?post=38198"}],"curies":[{"name":"wp","href":"https:\/\/api.w.org\/{rel}","templated":true}]}}