{"id":36634,"date":"2024-06-13T11:28:58","date_gmt":"2024-06-13T11:28:58","guid":{"rendered":"http:\/\/psclukavec.hr\/product\/renault-twingo-rucica-mjenjaca-renault-twingo-kugla-mjenjaca\/"},"modified":"2025-02-06T09:40:13","modified_gmt":"2025-02-06T09:40:13","slug":"renault-twingo-rucica-mjenjaca-renault-twingo-kugla-mjenjaca","status":"publish","type":"product","link":"http:\/\/psc-lukavec.hr\/en\/product\/renault-twingo-rucica-mjenjaca-renault-twingo-kugla-mjenjaca\/","title":{"rendered":"RENAULT TWINGO RU\u010cICA MJENJA\u010cA  RENAULT TWINGO KUGLA MJENJA\u010cA"},"content":{"rendered":"<p>RENAULT TWINGO RU\u010cICA BRZINA<br \/>\nRENAULT TWINGO RU\u010cICA MJENJA\u010cA<br \/>\nRENAULT TWINGO RU\u010cICA MJENJA\u010cA<br \/>\nRENAULT TWINGO KUGLA MJENJA\u010cA<br \/>\nRWNAULT TWINGO RU\u010cKA MJENJACA<\/p>\n<p>NOVO ..100+ ISTIH KOMADA NA STANJU&#8230;!<br \/>\nODLI\u010cNA KVALITETA..!<\/p>\n<p>SLIKA PRIKAZUJE STVARNO STANJE PREDMETA<br \/>\nKupljena roba je vrlo dobro za\u0161ti\u0107ena od o\u0161te\u0107enja prilikom transporta.<\/p>\n<p>Preporu\u010dite nas drugima!<\/p>\n<p>Vr\u0161imo i prodaju u sjedi\u0161tu tvrtke<\/p>\n<p>Radno vrijeme: Ponedjeljak-Petak 08-16h,ukoliko izvan radnog vremena(molimo sms)<br \/>\nOsobni dolazak &gt;&gt;obavezna najava.<\/p>\n","protected":false},"excerpt":{"rendered":"<p>RENAULT TWINGO RU\u010cICA BRZINA RENAULT TWINGO RU\u010cICA MJENJA\u010cA RENAULT TWINGO RU\u010cICA MJENJA\u010cA RENAULT TWINGO KUGLA MJENJA\u010cA RWNAULT TWINGO RU\u010cKA MJENJACA NOVO ..100+ ISTIH KOMADA NA STANJU&#8230;! ODLI\u010cNA KVALITETA..! SLIKA PRIKAZUJE STVARNO STANJE PREDMETA Kupljena roba je vrlo dobro za\u0161ti\u0107ena od o\u0161te\u0107enja prilikom transporta. Preporu\u010dite nas drugima! Vr\u0161imo i prodaju u sjedi\u0161tu tvrtke Radno vrijeme: Ponedjeljak-Petak [&hellip;]<\/p>\n","protected":false},"featured_media":36635,"comment_status":"open","ping_status":"closed","template":"","meta":{"_acf_changed":false},"brend":[1614,2735],"product_cat":[3057],"product_tag":[],"class_list":{"0":"post-36634","1":"product","2":"type-product","3":"status-publish","4":"has-post-thumbnail","6":"brend-renault","7":"brend-twingo","8":"product_cat-unutrasnjost-kabine","10":"first","11":"instock","12":"shipping-taxable","13":"purchasable","14":"product-type-simple"},"acf":[],"yoast_head":"<!-- This site is optimized with the Yoast SEO plugin v24.9 - https:\/\/yoast.com\/wordpress\/plugins\/seo\/ -->\n<title>RENAULT TWINGO RU\u010cICA MJENJA\u010cA RENAULT TWINGO KUGLA MJENJA\u010cA - PSC Lukavec - autodijelovi<\/title>\n<meta name=\"robots\" content=\"index, follow, max-snippet:-1, max-image-preview:large, max-video-preview:-1\" \/>\n<link rel=\"canonical\" href=\"http:\/\/psc-lukavec.hr\/en\/product\/renault-twingo-rucica-mjenjaca-renault-twingo-kugla-mjenjaca\/\" \/>\n<meta property=\"og:locale\" content=\"en_US\" \/>\n<meta property=\"og:type\" content=\"article\" \/>\n<meta property=\"og:title\" content=\"RENAULT TWINGO RU\u010cICA MJENJA\u010cA RENAULT TWINGO KUGLA MJENJA\u010cA - PSC Lukavec - autodijelovi\" \/>\n<meta property=\"og:description\" content=\"RENAULT TWINGO RU\u010cICA BRZINA RENAULT TWINGO RU\u010cICA MJENJA\u010cA RENAULT TWINGO RU\u010cICA MJENJA\u010cA RENAULT TWINGO KUGLA MJENJA\u010cA RWNAULT TWINGO RU\u010cKA MJENJACA NOVO ..100+ ISTIH KOMADA NA STANJU&#8230;! ODLI\u010cNA KVALITETA..! SLIKA PRIKAZUJE STVARNO STANJE PREDMETA Kupljena roba je vrlo dobro za\u0161ti\u0107ena od o\u0161te\u0107enja prilikom transporta. Preporu\u010dite nas drugima! Vr\u0161imo i prodaju u sjedi\u0161tu tvrtke Radno vrijeme: Ponedjeljak-Petak [&hellip;]\" \/>\n<meta property=\"og:url\" content=\"http:\/\/psc-lukavec.hr\/en\/product\/renault-twingo-rucica-mjenjaca-renault-twingo-kugla-mjenjaca\/\" \/>\n<meta property=\"og:site_name\" content=\"PSC Lukavec - autodijelovi\" \/>\n<meta property=\"article:modified_time\" content=\"2025-02-06T09:40:13+00:00\" \/>\n<meta property=\"og:image\" content=\"http:\/\/psc-lukavec.hr\/wp-content\/uploads\/2024\/06\/131097811.jpg\" \/>\n\t<meta property=\"og:image:width\" content=\"920\" \/>\n\t<meta property=\"og:image:height\" content=\"613\" \/>\n\t<meta property=\"og:image:type\" content=\"image\/jpeg\" \/>\n<meta name=\"twitter:card\" content=\"summary_large_image\" \/>\n<script type=\"application\/ld+json\" class=\"yoast-schema-graph\">{\"@context\":\"https:\/\/schema.org\",\"@graph\":[{\"@type\":\"WebPage\",\"@id\":\"http:\/\/psc-lukavec.hr\/en\/product\/renault-twingo-rucica-mjenjaca-renault-twingo-kugla-mjenjaca\/\",\"url\":\"http:\/\/psc-lukavec.hr\/en\/product\/renault-twingo-rucica-mjenjaca-renault-twingo-kugla-mjenjaca\/\",\"name\":\"RENAULT TWINGO RU\u010cICA MJENJA\u010cA RENAULT TWINGO KUGLA MJENJA\u010cA - PSC Lukavec - autodijelovi\",\"isPartOf\":{\"@id\":\"https:\/\/psc-lukavec.hr\/#website\"},\"primaryImageOfPage\":{\"@id\":\"http:\/\/psc-lukavec.hr\/en\/product\/renault-twingo-rucica-mjenjaca-renault-twingo-kugla-mjenjaca\/#primaryimage\"},\"image\":{\"@id\":\"http:\/\/psc-lukavec.hr\/en\/product\/renault-twingo-rucica-mjenjaca-renault-twingo-kugla-mjenjaca\/#primaryimage\"},\"thumbnailUrl\":\"http:\/\/psc-lukavec.hr\/wp-content\/uploads\/2024\/06\/131097811.jpg\",\"datePublished\":\"2024-06-13T11:28:58+00:00\",\"dateModified\":\"2025-02-06T09:40:13+00:00\",\"breadcrumb\":{\"@id\":\"http:\/\/psc-lukavec.hr\/en\/product\/renault-twingo-rucica-mjenjaca-renault-twingo-kugla-mjenjaca\/#breadcrumb\"},\"inLanguage\":\"en-US\",\"potentialAction\":[{\"@type\":\"ReadAction\",\"target\":[\"http:\/\/psc-lukavec.hr\/en\/product\/renault-twingo-rucica-mjenjaca-renault-twingo-kugla-mjenjaca\/\"]}]},{\"@type\":\"ImageObject\",\"inLanguage\":\"en-US\",\"@id\":\"http:\/\/psc-lukavec.hr\/en\/product\/renault-twingo-rucica-mjenjaca-renault-twingo-kugla-mjenjaca\/#primaryimage\",\"url\":\"http:\/\/psc-lukavec.hr\/wp-content\/uploads\/2024\/06\/131097811.jpg\",\"contentUrl\":\"http:\/\/psc-lukavec.hr\/wp-content\/uploads\/2024\/06\/131097811.jpg\",\"width\":920,\"height\":613},{\"@type\":\"BreadcrumbList\",\"@id\":\"http:\/\/psc-lukavec.hr\/en\/product\/renault-twingo-rucica-mjenjaca-renault-twingo-kugla-mjenjaca\/#breadcrumb\",\"itemListElement\":[{\"@type\":\"ListItem\",\"position\":1,\"name\":\"Po\u010detna stranica\",\"item\":\"https:\/\/psc-lukavec.hr\/\"},{\"@type\":\"ListItem\",\"position\":2,\"name\":\"Katalog proizvoda\",\"item\":\"https:\/\/psc-lukavec.hr\/shop\/\"},{\"@type\":\"ListItem\",\"position\":3,\"name\":\"RENAULT TWINGO RU\u010cICA MJENJA\u010cA RENAULT TWINGO KUGLA MJENJA\u010cA\"}]},{\"@type\":\"WebSite\",\"@id\":\"https:\/\/psc-lukavec.hr\/#website\",\"url\":\"https:\/\/psc-lukavec.hr\/\",\"name\":\"PSC Lukavec - autodijelovi\",\"description\":\"Online trgovina rezervnih dijelova\",\"publisher\":{\"@id\":\"https:\/\/psc-lukavec.hr\/#organization\"},\"potentialAction\":[{\"@type\":\"SearchAction\",\"target\":{\"@type\":\"EntryPoint\",\"urlTemplate\":\"https:\/\/psc-lukavec.hr\/?s={search_term_string}\"},\"query-input\":{\"@type\":\"PropertyValueSpecification\",\"valueRequired\":true,\"valueName\":\"search_term_string\"}}],\"inLanguage\":\"en-US\"},{\"@type\":\"Organization\",\"@id\":\"https:\/\/psc-lukavec.hr\/#organization\",\"name\":\"PSC Lukavec - autodijelovi\",\"url\":\"https:\/\/psc-lukavec.hr\/\",\"logo\":{\"@type\":\"ImageObject\",\"inLanguage\":\"en-US\",\"@id\":\"https:\/\/psc-lukavec.hr\/#\/schema\/logo\/image\/\",\"url\":\"http:\/\/psc-lukavec.hr\/wp-content\/uploads\/2024\/10\/PartSmartShop-1728391966.png\",\"contentUrl\":\"http:\/\/psc-lukavec.hr\/wp-content\/uploads\/2024\/10\/PartSmartShop-1728391966.png\",\"width\":470,\"height\":80,\"caption\":\"PSC Lukavec - autodijelovi\"},\"image\":{\"@id\":\"https:\/\/psc-lukavec.hr\/#\/schema\/logo\/image\/\"}}]}<\/script>\n<!-- \/ Yoast SEO plugin. -->","yoast_head_json":{"title":"RENAULT TWINGO RU\u010cICA MJENJA\u010cA RENAULT TWINGO KUGLA MJENJA\u010cA - PSC Lukavec - autodijelovi","robots":{"index":"index","follow":"follow","max-snippet":"max-snippet:-1","max-image-preview":"max-image-preview:large","max-video-preview":"max-video-preview:-1"},"canonical":"http:\/\/psc-lukavec.hr\/en\/product\/renault-twingo-rucica-mjenjaca-renault-twingo-kugla-mjenjaca\/","og_locale":"en_US","og_type":"article","og_title":"RENAULT TWINGO RU\u010cICA MJENJA\u010cA RENAULT TWINGO KUGLA MJENJA\u010cA - PSC Lukavec - autodijelovi","og_description":"RENAULT TWINGO RU\u010cICA BRZINA RENAULT TWINGO RU\u010cICA MJENJA\u010cA RENAULT TWINGO RU\u010cICA MJENJA\u010cA RENAULT TWINGO KUGLA MJENJA\u010cA RWNAULT TWINGO RU\u010cKA MJENJACA NOVO ..100+ ISTIH KOMADA NA STANJU&#8230;! ODLI\u010cNA KVALITETA..! SLIKA PRIKAZUJE STVARNO STANJE PREDMETA Kupljena roba je vrlo dobro za\u0161ti\u0107ena od o\u0161te\u0107enja prilikom transporta. Preporu\u010dite nas drugima! Vr\u0161imo i prodaju u sjedi\u0161tu tvrtke Radno vrijeme: Ponedjeljak-Petak [&hellip;]","og_url":"http:\/\/psc-lukavec.hr\/en\/product\/renault-twingo-rucica-mjenjaca-renault-twingo-kugla-mjenjaca\/","og_site_name":"PSC Lukavec - autodijelovi","article_modified_time":"2025-02-06T09:40:13+00:00","og_image":[{"width":920,"height":613,"url":"http:\/\/psc-lukavec.hr\/wp-content\/uploads\/2024\/06\/131097811.jpg","type":"image\/jpeg"}],"twitter_card":"summary_large_image","schema":{"@context":"https:\/\/schema.org","@graph":[{"@type":"WebPage","@id":"http:\/\/psc-lukavec.hr\/en\/product\/renault-twingo-rucica-mjenjaca-renault-twingo-kugla-mjenjaca\/","url":"http:\/\/psc-lukavec.hr\/en\/product\/renault-twingo-rucica-mjenjaca-renault-twingo-kugla-mjenjaca\/","name":"RENAULT TWINGO RU\u010cICA MJENJA\u010cA RENAULT TWINGO KUGLA MJENJA\u010cA - PSC Lukavec - autodijelovi","isPartOf":{"@id":"https:\/\/psc-lukavec.hr\/#website"},"primaryImageOfPage":{"@id":"http:\/\/psc-lukavec.hr\/en\/product\/renault-twingo-rucica-mjenjaca-renault-twingo-kugla-mjenjaca\/#primaryimage"},"image":{"@id":"http:\/\/psc-lukavec.hr\/en\/product\/renault-twingo-rucica-mjenjaca-renault-twingo-kugla-mjenjaca\/#primaryimage"},"thumbnailUrl":"http:\/\/psc-lukavec.hr\/wp-content\/uploads\/2024\/06\/131097811.jpg","datePublished":"2024-06-13T11:28:58+00:00","dateModified":"2025-02-06T09:40:13+00:00","breadcrumb":{"@id":"http:\/\/psc-lukavec.hr\/en\/product\/renault-twingo-rucica-mjenjaca-renault-twingo-kugla-mjenjaca\/#breadcrumb"},"inLanguage":"en-US","potentialAction":[{"@type":"ReadAction","target":["http:\/\/psc-lukavec.hr\/en\/product\/renault-twingo-rucica-mjenjaca-renault-twingo-kugla-mjenjaca\/"]}]},{"@type":"ImageObject","inLanguage":"en-US","@id":"http:\/\/psc-lukavec.hr\/en\/product\/renault-twingo-rucica-mjenjaca-renault-twingo-kugla-mjenjaca\/#primaryimage","url":"http:\/\/psc-lukavec.hr\/wp-content\/uploads\/2024\/06\/131097811.jpg","contentUrl":"http:\/\/psc-lukavec.hr\/wp-content\/uploads\/2024\/06\/131097811.jpg","width":920,"height":613},{"@type":"BreadcrumbList","@id":"http:\/\/psc-lukavec.hr\/en\/product\/renault-twingo-rucica-mjenjaca-renault-twingo-kugla-mjenjaca\/#breadcrumb","itemListElement":[{"@type":"ListItem","position":1,"name":"Po\u010detna stranica","item":"https:\/\/psc-lukavec.hr\/"},{"@type":"ListItem","position":2,"name":"Katalog proizvoda","item":"https:\/\/psc-lukavec.hr\/shop\/"},{"@type":"ListItem","position":3,"name":"RENAULT TWINGO RU\u010cICA MJENJA\u010cA RENAULT TWINGO KUGLA MJENJA\u010cA"}]},{"@type":"WebSite","@id":"https:\/\/psc-lukavec.hr\/#website","url":"https:\/\/psc-lukavec.hr\/","name":"PSC Lukavec - autodijelovi","description":"Online trgovina rezervnih dijelova","publisher":{"@id":"https:\/\/psc-lukavec.hr\/#organization"},"potentialAction":[{"@type":"SearchAction","target":{"@type":"EntryPoint","urlTemplate":"https:\/\/psc-lukavec.hr\/?s={search_term_string}"},"query-input":{"@type":"PropertyValueSpecification","valueRequired":true,"valueName":"search_term_string"}}],"inLanguage":"en-US"},{"@type":"Organization","@id":"https:\/\/psc-lukavec.hr\/#organization","name":"PSC Lukavec - autodijelovi","url":"https:\/\/psc-lukavec.hr\/","logo":{"@type":"ImageObject","inLanguage":"en-US","@id":"https:\/\/psc-lukavec.hr\/#\/schema\/logo\/image\/","url":"http:\/\/psc-lukavec.hr\/wp-content\/uploads\/2024\/10\/PartSmartShop-1728391966.png","contentUrl":"http:\/\/psc-lukavec.hr\/wp-content\/uploads\/2024\/10\/PartSmartShop-1728391966.png","width":470,"height":80,"caption":"PSC Lukavec - autodijelovi"},"image":{"@id":"https:\/\/psc-lukavec.hr\/#\/schema\/logo\/image\/"}}]}},"_links":{"self":[{"href":"http:\/\/psc-lukavec.hr\/en\/wp-json\/wp\/v2\/product\/36634","targetHints":{"allow":["GET"]}}],"collection":[{"href":"http:\/\/psc-lukavec.hr\/en\/wp-json\/wp\/v2\/product"}],"about":[{"href":"http:\/\/psc-lukavec.hr\/en\/wp-json\/wp\/v2\/types\/product"}],"replies":[{"embeddable":true,"href":"http:\/\/psc-lukavec.hr\/en\/wp-json\/wp\/v2\/comments?post=36634"}],"wp:featuredmedia":[{"embeddable":true,"href":"http:\/\/psc-lukavec.hr\/en\/wp-json\/wp\/v2\/media\/36635"}],"wp:attachment":[{"href":"http:\/\/psc-lukavec.hr\/en\/wp-json\/wp\/v2\/media?parent=36634"}],"wp:term":[{"taxonomy":"brend","embeddable":true,"href":"http:\/\/psc-lukavec.hr\/en\/wp-json\/wp\/v2\/brend?post=36634"},{"taxonomy":"product_cat","embeddable":true,"href":"http:\/\/psc-lukavec.hr\/en\/wp-json\/wp\/v2\/product_cat?post=36634"},{"taxonomy":"product_tag","embeddable":true,"href":"http:\/\/psc-lukavec.hr\/en\/wp-json\/wp\/v2\/product_tag?post=36634"}],"curies":[{"name":"wp","href":"https:\/\/api.w.org\/{rel}","templated":true}]}}