{"id":303974,"date":"2024-08-24T10:20:09","date_gmt":"2024-08-24T10:20:09","guid":{"rendered":"http:\/\/psclukavec.hr\/product\/vw-t5-kompresor-klime-1k0-820-803g-2014\/"},"modified":"2024-08-24T11:21:15","modified_gmt":"2024-08-24T11:21:15","slug":"vw-t5-kompresor-klime-1k0-820-803g-2014","status":"publish","type":"product","link":"http:\/\/psc-lukavec.hr\/en\/product\/vw-t5-kompresor-klime-1k0-820-803g-2014\/","title":{"rendered":"VW T5 KOMPRESOR KLIME 1K0 820 803G  2014."},"content":{"rendered":"<p>VW T5 KOMPRESOR KLIME<br \/>\n1K0 820 803G<br \/>\n1K0 820 803N<br \/>\n1K0 820 803P<br \/>\n1K0 820 803Q<br \/>\n1K0 820 803S<br \/>\n1K0 820 808B<br \/>\n1K0 820 808D<br \/>\n1K0 820 808F<br \/>\n1K0 820 859D<br \/>\n1K0 820 859E<br \/>\n1K0 820 859F<br \/>\n1K0 820 859M<br \/>\n1K0 820 859Q<br \/>\n1K0 820 859QX<br \/>\n1K0 820 859S<br \/>\n1K0 820 859SX<br \/>\n1K0820803E<br \/>\n1K0820803H<br \/>\n1K0820803J<br \/>\n1K0820803K<br \/>\n1K0820803L<br \/>\n1K0820803R<br \/>\n1K0820803T<br \/>\n1K0820808A<br \/>\n1K0820808AX<br \/>\n1K0820808BX<br \/>\n1K0820808DX<br \/>\n1K0820808FX<br \/>\n1K0820859C<br \/>\n1K0820859G<br \/>\n1K0820859H<br \/>\n1K0820859J<br \/>\n1K0820859N<br \/>\n1K0820859P<br \/>\n1K0820859T<br \/>\n1K0820859TX<br \/>\n2E0820803B<br \/>\n2E0820803C<br \/>\n2E0820803D<br \/>\n2E0820803G<br \/>\n5C0820803A<br \/>\n5C0820803B<br \/>\n5C0820803C<br \/>\n5C0820803G<br \/>\n5K0 820 803 K<br \/>\n5K0 820 803G<br \/>\n5K0 820 803H<br \/>\n5K0 820 803J<br \/>\n5K0 820 803L<br \/>\n5K0820803<br \/>\n5K0820803A<br \/>\n5K0820803B<br \/>\n5K0820803C<br \/>\n5K0820803CX<br \/>\n5K0820803E<br \/>\n5K0820803EX<br \/>\n5K0820803GX<br \/>\n5K0820803HX<br \/>\n5K0820803JX<br \/>\n5K0820803KX<br \/>\n5K0820803LX<br \/>\n5K0820803X<br \/>\n5N0 820 803<br \/>\n5N0 820 803A<br \/>\n5N0 820 803C<br \/>\n5N0 820 803F<br \/>\n5N0 820 803H<br \/>\n5N0820803B<br \/>\n5N0820803G<br \/>\n5N0820803HX<br \/>\n5Q0816803E<br \/>\n5Q0820803J<br \/>\n5Q0820803B<br \/>\n5Q0820803D<br \/>\n5Q0820803R<br \/>\n5Q0816803<br \/>\n5Q0816803B<br \/>\n5Q0816803D<br \/>\n5Q0816803F<br \/>\n5Q0816803H<br \/>\n5Q0820803<br \/>\n5Q0820803A<br \/>\n5Q0820803C<br \/>\n5Q0820803E<br \/>\n5Q0820803F<br \/>\n5Q0820803G<br \/>\n5Q0820803K<br \/>\n8J0260805<br \/>\n8J0260805A<\/p>\n<p>SLIKA PRIKAZUJE STVARNO STANJE PREDMETA <\/p>\n<p>Kupljena roba je vrlo dobro za\u0161ti\u0107ena od o\u0161te\u0107enja prilikom transporta. <\/p>\n<p>Preporu\u010dite nas drugima! <\/p>\n<p>Vr\u0161imo i prodaju u sjedi\u0161tu tvrtke <\/p>\n<p>Radno vrijeme: Ponedjeljak-Petak 08-16h,ukoliko izvan radnog vremena(molimo sms)<br \/>\nOsobni dolazak-obavezna najava.<br \/>\n_______________________________________<br \/>\nNa lageru imamo veliki asortiman rabljenih dijelova iz inozemstva i tuzemstva(preko 6500 m2 skladi\u0161nog prostora sa preko 1500 000 artikala na stanju sa kontinuiranim rastom lagera i prodaje).<br \/>\n****Cijene dijelova se mijenjaju i cijena i raspolo\u017eivost je na upit.*****<br \/>\nDugi niz godina iskustva u prodaji dijelova i otvoreni smo za suradnju sa svim servisima.<br \/>\nZa stalne kupce odobravamo popust.<br \/>\nPo\u017eeljno VIN, slika ili OE broj dijela na email, sms, viber, whatsapp<br \/>\nDostava dijelova u HR I EU na adresu kurirskim slu\u017ebama najkasnije 96h.<br \/>\nPla\u0107anje prilikom preuzimanja, tro\u0161kove dostave snosi kupac<br \/>\n_______________________________________<br \/>\nNa sve dijelove dajemo garanciju na ispravnost i uva\u017eavamo reklamacije.<br \/>\nDogodi li se da je dio ne odgovaraju\u0107i i\/ili niste zadovoljni kupljenim,<br \/>\nvra\u0107amo novac ili mijenjamo za drugi.<br \/>\nRok za reklamaciju 14 dana od kupovine, uz uvjet da dio nije rastavljan.<br \/>\nMogu\u0107nost ugovora garancije 6 mj.<br \/>\n_______________________________________<br \/>\nNudimo usluge Servisa, prijevoza vozila i radnih strojeva<br \/>\nOTKUPLJUJEMO O\u0160TE\u0106ENA I KARAMBOLIRANA VOZILA.<br \/>\nZahvaljujemo na ukazanom povjerenju i razumijevanju.<br \/>\nPogledajte ostale na\u0161e oglase.<br \/>\n_______________________________________<br \/>\nwww.psc-lukavec.hr<br \/>\npsc.lukavec@gmail.com<br \/>\n098 539240<br \/>\n099 2998989<\/p>\n","protected":false},"excerpt":{"rendered":"<p>VW T5 KOMPRESOR KLIME 1K0 820 803G 1K0 820 803N 1K0 820 803P 1K0 820 803Q 1K0 820 803S 1K0 820 808B 1K0 820 808D 1K0 820 808F 1K0 820 859D 1K0 820 859E 1K0 820 859F 1K0 820 859M 1K0 820 859Q 1K0 820 859QX 1K0 820 859S 1K0 820 859SX 1K0820803E 1K0820803H 1K0820803J [&hellip;]<\/p>\n","protected":false},"featured_media":303975,"comment_status":"open","ping_status":"closed","template":"","meta":{"_acf_changed":false},"brend":[1632],"product_cat":[3058],"product_tag":[],"class_list":{"0":"post-303974","1":"product","2":"type-product","3":"status-publish","4":"has-post-thumbnail","6":"brend-vw","7":"product_cat-ventilacija-i-klima","9":"first","10":"instock","11":"shipping-taxable","12":"product-type-simple"},"acf":[],"yoast_head":"<!-- This site is optimized with the Yoast SEO plugin v24.9 - https:\/\/yoast.com\/wordpress\/plugins\/seo\/ -->\n<title>VW T5 KOMPRESOR KLIME 1K0 820 803G 2014. - PSC Lukavec - autodijelovi<\/title>\n<meta name=\"robots\" content=\"index, follow, max-snippet:-1, max-image-preview:large, max-video-preview:-1\" \/>\n<link rel=\"canonical\" href=\"http:\/\/psc-lukavec.hr\/en\/product\/vw-t5-kompresor-klime-1k0-820-803g-2014\/\" \/>\n<meta property=\"og:locale\" content=\"en_US\" \/>\n<meta property=\"og:type\" content=\"article\" \/>\n<meta property=\"og:title\" content=\"VW T5 KOMPRESOR KLIME 1K0 820 803G 2014. - PSC Lukavec - autodijelovi\" \/>\n<meta property=\"og:description\" content=\"VW T5 KOMPRESOR KLIME 1K0 820 803G 1K0 820 803N 1K0 820 803P 1K0 820 803Q 1K0 820 803S 1K0 820 808B 1K0 820 808D 1K0 820 808F 1K0 820 859D 1K0 820 859E 1K0 820 859F 1K0 820 859M 1K0 820 859Q 1K0 820 859QX 1K0 820 859S 1K0 820 859SX 1K0820803E 1K0820803H 1K0820803J [&hellip;]\" \/>\n<meta property=\"og:url\" content=\"http:\/\/psc-lukavec.hr\/en\/product\/vw-t5-kompresor-klime-1k0-820-803g-2014\/\" \/>\n<meta property=\"og:site_name\" content=\"PSC Lukavec - autodijelovi\" \/>\n<meta property=\"article:modified_time\" content=\"2024-08-24T11:21:15+00:00\" \/>\n<meta property=\"og:image\" content=\"http:\/\/psc-lukavec.hr\/wp-content\/uploads\/2024\/08\/225814707.jpg\" \/>\n\t<meta property=\"og:image:width\" content=\"920\" \/>\n\t<meta property=\"og:image:height\" content=\"690\" \/>\n\t<meta property=\"og:image:type\" content=\"image\/jpeg\" \/>\n<meta name=\"twitter:card\" content=\"summary_large_image\" \/>\n<meta name=\"twitter:label1\" content=\"Est. reading time\" \/>\n\t<meta name=\"twitter:data1\" content=\"2 minutes\" \/>\n<script type=\"application\/ld+json\" class=\"yoast-schema-graph\">{\"@context\":\"https:\/\/schema.org\",\"@graph\":[{\"@type\":\"WebPage\",\"@id\":\"http:\/\/psc-lukavec.hr\/en\/product\/vw-t5-kompresor-klime-1k0-820-803g-2014\/\",\"url\":\"http:\/\/psc-lukavec.hr\/en\/product\/vw-t5-kompresor-klime-1k0-820-803g-2014\/\",\"name\":\"VW T5 KOMPRESOR KLIME 1K0 820 803G 2014. - PSC Lukavec - autodijelovi\",\"isPartOf\":{\"@id\":\"http:\/\/psc-lukavec.hr\/en\/#website\"},\"primaryImageOfPage\":{\"@id\":\"http:\/\/psc-lukavec.hr\/en\/product\/vw-t5-kompresor-klime-1k0-820-803g-2014\/#primaryimage\"},\"image\":{\"@id\":\"http:\/\/psc-lukavec.hr\/en\/product\/vw-t5-kompresor-klime-1k0-820-803g-2014\/#primaryimage\"},\"thumbnailUrl\":\"http:\/\/psc-lukavec.hr\/wp-content\/uploads\/2024\/08\/225814707.jpg\",\"datePublished\":\"2024-08-24T10:20:09+00:00\",\"dateModified\":\"2024-08-24T11:21:15+00:00\",\"breadcrumb\":{\"@id\":\"http:\/\/psc-lukavec.hr\/en\/product\/vw-t5-kompresor-klime-1k0-820-803g-2014\/#breadcrumb\"},\"inLanguage\":\"en-US\",\"potentialAction\":[{\"@type\":\"ReadAction\",\"target\":[\"http:\/\/psc-lukavec.hr\/en\/product\/vw-t5-kompresor-klime-1k0-820-803g-2014\/\"]}]},{\"@type\":\"ImageObject\",\"inLanguage\":\"en-US\",\"@id\":\"http:\/\/psc-lukavec.hr\/en\/product\/vw-t5-kompresor-klime-1k0-820-803g-2014\/#primaryimage\",\"url\":\"http:\/\/psc-lukavec.hr\/wp-content\/uploads\/2024\/08\/225814707.jpg\",\"contentUrl\":\"http:\/\/psc-lukavec.hr\/wp-content\/uploads\/2024\/08\/225814707.jpg\",\"width\":920,\"height\":690},{\"@type\":\"BreadcrumbList\",\"@id\":\"http:\/\/psc-lukavec.hr\/en\/product\/vw-t5-kompresor-klime-1k0-820-803g-2014\/#breadcrumb\",\"itemListElement\":[{\"@type\":\"ListItem\",\"position\":1,\"name\":\"Po\u010detna stranica\",\"item\":\"http:\/\/psc-lukavec.hr\/\"},{\"@type\":\"ListItem\",\"position\":2,\"name\":\"Katalog proizvoda\",\"item\":\"http:\/\/psc-lukavec.hr\/shop\/\"},{\"@type\":\"ListItem\",\"position\":3,\"name\":\"VW T5 KOMPRESOR KLIME 1K0 820 803G 2014.\"}]},{\"@type\":\"WebSite\",\"@id\":\"http:\/\/psc-lukavec.hr\/en\/#website\",\"url\":\"http:\/\/psc-lukavec.hr\/en\/\",\"name\":\"PSC Lukavec - autodijelovi\",\"description\":\"Online trgovina rezervnih dijelova\",\"publisher\":{\"@id\":\"http:\/\/psc-lukavec.hr\/en\/#organization\"},\"potentialAction\":[{\"@type\":\"SearchAction\",\"target\":{\"@type\":\"EntryPoint\",\"urlTemplate\":\"http:\/\/psc-lukavec.hr\/en\/?s={search_term_string}\"},\"query-input\":{\"@type\":\"PropertyValueSpecification\",\"valueRequired\":true,\"valueName\":\"search_term_string\"}}],\"inLanguage\":\"en-US\"},{\"@type\":\"Organization\",\"@id\":\"http:\/\/psc-lukavec.hr\/en\/#organization\",\"name\":\"PSC Lukavec - autodijelovi\",\"url\":\"http:\/\/psc-lukavec.hr\/en\/\",\"logo\":{\"@type\":\"ImageObject\",\"inLanguage\":\"en-US\",\"@id\":\"http:\/\/psc-lukavec.hr\/en\/#\/schema\/logo\/image\/\",\"url\":\"http:\/\/psc-lukavec.hr\/wp-content\/uploads\/2024\/10\/PartSmartShop-1728391966.png\",\"contentUrl\":\"http:\/\/psc-lukavec.hr\/wp-content\/uploads\/2024\/10\/PartSmartShop-1728391966.png\",\"width\":470,\"height\":80,\"caption\":\"PSC Lukavec - autodijelovi\"},\"image\":{\"@id\":\"http:\/\/psc-lukavec.hr\/en\/#\/schema\/logo\/image\/\"}}]}<\/script>\n<!-- \/ Yoast SEO plugin. -->","yoast_head_json":{"title":"VW T5 KOMPRESOR KLIME 1K0 820 803G 2014. - PSC Lukavec - autodijelovi","robots":{"index":"index","follow":"follow","max-snippet":"max-snippet:-1","max-image-preview":"max-image-preview:large","max-video-preview":"max-video-preview:-1"},"canonical":"http:\/\/psc-lukavec.hr\/en\/product\/vw-t5-kompresor-klime-1k0-820-803g-2014\/","og_locale":"en_US","og_type":"article","og_title":"VW T5 KOMPRESOR KLIME 1K0 820 803G 2014. - PSC Lukavec - autodijelovi","og_description":"VW T5 KOMPRESOR KLIME 1K0 820 803G 1K0 820 803N 1K0 820 803P 1K0 820 803Q 1K0 820 803S 1K0 820 808B 1K0 820 808D 1K0 820 808F 1K0 820 859D 1K0 820 859E 1K0 820 859F 1K0 820 859M 1K0 820 859Q 1K0 820 859QX 1K0 820 859S 1K0 820 859SX 1K0820803E 1K0820803H 1K0820803J [&hellip;]","og_url":"http:\/\/psc-lukavec.hr\/en\/product\/vw-t5-kompresor-klime-1k0-820-803g-2014\/","og_site_name":"PSC Lukavec - autodijelovi","article_modified_time":"2024-08-24T11:21:15+00:00","og_image":[{"width":920,"height":690,"url":"http:\/\/psc-lukavec.hr\/wp-content\/uploads\/2024\/08\/225814707.jpg","type":"image\/jpeg"}],"twitter_card":"summary_large_image","twitter_misc":{"Est. reading time":"2 minutes"},"schema":{"@context":"https:\/\/schema.org","@graph":[{"@type":"WebPage","@id":"http:\/\/psc-lukavec.hr\/en\/product\/vw-t5-kompresor-klime-1k0-820-803g-2014\/","url":"http:\/\/psc-lukavec.hr\/en\/product\/vw-t5-kompresor-klime-1k0-820-803g-2014\/","name":"VW T5 KOMPRESOR KLIME 1K0 820 803G 2014. - PSC Lukavec - autodijelovi","isPartOf":{"@id":"http:\/\/psc-lukavec.hr\/en\/#website"},"primaryImageOfPage":{"@id":"http:\/\/psc-lukavec.hr\/en\/product\/vw-t5-kompresor-klime-1k0-820-803g-2014\/#primaryimage"},"image":{"@id":"http:\/\/psc-lukavec.hr\/en\/product\/vw-t5-kompresor-klime-1k0-820-803g-2014\/#primaryimage"},"thumbnailUrl":"http:\/\/psc-lukavec.hr\/wp-content\/uploads\/2024\/08\/225814707.jpg","datePublished":"2024-08-24T10:20:09+00:00","dateModified":"2024-08-24T11:21:15+00:00","breadcrumb":{"@id":"http:\/\/psc-lukavec.hr\/en\/product\/vw-t5-kompresor-klime-1k0-820-803g-2014\/#breadcrumb"},"inLanguage":"en-US","potentialAction":[{"@type":"ReadAction","target":["http:\/\/psc-lukavec.hr\/en\/product\/vw-t5-kompresor-klime-1k0-820-803g-2014\/"]}]},{"@type":"ImageObject","inLanguage":"en-US","@id":"http:\/\/psc-lukavec.hr\/en\/product\/vw-t5-kompresor-klime-1k0-820-803g-2014\/#primaryimage","url":"http:\/\/psc-lukavec.hr\/wp-content\/uploads\/2024\/08\/225814707.jpg","contentUrl":"http:\/\/psc-lukavec.hr\/wp-content\/uploads\/2024\/08\/225814707.jpg","width":920,"height":690},{"@type":"BreadcrumbList","@id":"http:\/\/psc-lukavec.hr\/en\/product\/vw-t5-kompresor-klime-1k0-820-803g-2014\/#breadcrumb","itemListElement":[{"@type":"ListItem","position":1,"name":"Po\u010detna stranica","item":"http:\/\/psc-lukavec.hr\/"},{"@type":"ListItem","position":2,"name":"Katalog proizvoda","item":"http:\/\/psc-lukavec.hr\/shop\/"},{"@type":"ListItem","position":3,"name":"VW T5 KOMPRESOR KLIME 1K0 820 803G 2014."}]},{"@type":"WebSite","@id":"http:\/\/psc-lukavec.hr\/en\/#website","url":"http:\/\/psc-lukavec.hr\/en\/","name":"PSC Lukavec - autodijelovi","description":"Online trgovina rezervnih dijelova","publisher":{"@id":"http:\/\/psc-lukavec.hr\/en\/#organization"},"potentialAction":[{"@type":"SearchAction","target":{"@type":"EntryPoint","urlTemplate":"http:\/\/psc-lukavec.hr\/en\/?s={search_term_string}"},"query-input":{"@type":"PropertyValueSpecification","valueRequired":true,"valueName":"search_term_string"}}],"inLanguage":"en-US"},{"@type":"Organization","@id":"http:\/\/psc-lukavec.hr\/en\/#organization","name":"PSC Lukavec - autodijelovi","url":"http:\/\/psc-lukavec.hr\/en\/","logo":{"@type":"ImageObject","inLanguage":"en-US","@id":"http:\/\/psc-lukavec.hr\/en\/#\/schema\/logo\/image\/","url":"http:\/\/psc-lukavec.hr\/wp-content\/uploads\/2024\/10\/PartSmartShop-1728391966.png","contentUrl":"http:\/\/psc-lukavec.hr\/wp-content\/uploads\/2024\/10\/PartSmartShop-1728391966.png","width":470,"height":80,"caption":"PSC Lukavec - autodijelovi"},"image":{"@id":"http:\/\/psc-lukavec.hr\/en\/#\/schema\/logo\/image\/"}}]}},"_links":{"self":[{"href":"http:\/\/psc-lukavec.hr\/en\/wp-json\/wp\/v2\/product\/303974","targetHints":{"allow":["GET"]}}],"collection":[{"href":"http:\/\/psc-lukavec.hr\/en\/wp-json\/wp\/v2\/product"}],"about":[{"href":"http:\/\/psc-lukavec.hr\/en\/wp-json\/wp\/v2\/types\/product"}],"replies":[{"embeddable":true,"href":"http:\/\/psc-lukavec.hr\/en\/wp-json\/wp\/v2\/comments?post=303974"}],"wp:featuredmedia":[{"embeddable":true,"href":"http:\/\/psc-lukavec.hr\/en\/wp-json\/wp\/v2\/media\/303975"}],"wp:attachment":[{"href":"http:\/\/psc-lukavec.hr\/en\/wp-json\/wp\/v2\/media?parent=303974"}],"wp:term":[{"taxonomy":"brend","embeddable":true,"href":"http:\/\/psc-lukavec.hr\/en\/wp-json\/wp\/v2\/brend?post=303974"},{"taxonomy":"product_cat","embeddable":true,"href":"http:\/\/psc-lukavec.hr\/en\/wp-json\/wp\/v2\/product_cat?post=303974"},{"taxonomy":"product_tag","embeddable":true,"href":"http:\/\/psc-lukavec.hr\/en\/wp-json\/wp\/v2\/product_tag?post=303974"}],"curies":[{"name":"wp","href":"https:\/\/api.w.org\/{rel}","templated":true}]}}