{"id":303454,"date":"2024-08-24T10:19:34","date_gmt":"2024-08-24T10:19:34","guid":{"rendered":"http:\/\/psclukavec.hr\/product\/vw-ventilator-hladnjaka-klime-vw-ventilator-motora-1k0121207t\/"},"modified":"2024-08-24T11:21:05","modified_gmt":"2024-08-24T11:21:05","slug":"vw-ventilator-hladnjaka-klime-vw-ventilator-motora-1k0121207t","status":"publish","type":"product","link":"http:\/\/psc-lukavec.hr\/en\/product\/vw-ventilator-hladnjaka-klime-vw-ventilator-motora-1k0121207t\/","title":{"rendered":"VW VENTILATOR HLADNJAKA KLIME VW VENTILATOR MOTORA 1K0121207T"},"content":{"rendered":"<p>VW VENTILATOR HLADNJAKA KLIME<br \/>\nVW VENTILATOR MOTORA<br \/>\n1K0121207BB<br \/>\n1K0121207T<br \/>\n1K0959455BC<br \/>\n1K0959455CS<br \/>\n1K0959455CT<br \/>\n1K0959455DG<br \/>\n1K0959455EA<br \/>\n1K0959455ES<br \/>\n1K0959455FF<br \/>\n1K0959455FP<br \/>\n1K0959455P<br \/>\n1K0959455R<br \/>\n1K0998455<\/p>\n<p>VW CADDY<br \/>\nVW TOURAN<br \/>\nVW PASSAT B6<br \/>\nVW PASSAT B7<br \/>\nVW SCIROCCO III<br \/>\nVW GOLF V<br \/>\nVW GOLF VI<br \/>\nVW POLO V<br \/>\nVW JETTA III<br \/>\nVW JETTA IV<\/p>\n<p>SLIKA PRIKAZUJE STVARNO STANJE PREDMETA <\/p>\n<p>Kupljena roba je vrlo dobro za\u0161ti\u0107ena od o\u0161te\u0107enja prilikom transporta. <\/p>\n<p>Preporu\u010dite nas drugima! <\/p>\n<p>Vr\u0161imo i prodaju u sjedi\u0161tu tvrtke <\/p>\n<p>Radno vrijeme: Ponedjeljak-Petak 08-16h,ukoliko izvan radnog vremena(molimo sms)<br \/>\nOsobni dolazak-obavezna najava.<br \/>\n_______________________________________<br \/>\nNa lageru imamo veliki asortiman rabljenih dijelova iz inozemstva i tuzemstva(preko 6500 m2 skladi\u0161nog prostora sa preko 1500 000 artikala na stanju sa kontinuiranim rastom lagera i prodaje).<br \/>\n****Cijene dijelova se mijenjaju i cijena i raspolo\u017eivost je na upit.*****<br \/>\nDugi niz godina iskustva u prodaji dijelova i otvoreni smo za suradnju sa svim servisima.<br \/>\nZa stalne kupce odobravamo popust.<br \/>\nPo\u017eeljno VIN, slika ili OE broj dijela na email, sms, viber, whatsapp<br \/>\nDostava dijelova u HR I EU na adresu kurirskim slu\u017ebama najkasnije 96h.<br \/>\nPla\u0107anje prilikom preuzimanja, tro\u0161kove dostave snosi kupac<br \/>\n_______________________________________<br \/>\nNa sve dijelove dajemo garanciju na ispravnost i uva\u017eavamo reklamacije.<br \/>\nDogodi li se da je dio ne odgovaraju\u0107i i\/ili niste zadovoljni kupljenim,<br \/>\nvra\u0107amo novac ili mijenjamo za drugi.<br \/>\nRok za reklamaciju 14 dana od kupovine, uz uvjet da dio nije rastavljan.<br \/>\nMogu\u0107nost ugovora garancije 6 mj.<br \/>\n_______________________________________<br \/>\nNudimo usluge Servisa, prijevoza vozila i radnih strojeva<br \/>\nOTKUPLJUJEMO O\u0160TE\u0106ENA I KARAMBOLIRANA VOZILA.<br \/>\nZahvaljujemo na ukazanom povjerenju i razumijevanju.<br \/>\nPogledajte ostale na\u0161e oglase.<br \/>\n_______________________________________<br \/>\nwww.psc-lukavec.hr<br \/>\npsc.lukavec@gmail.com<br \/>\n098 539240<br \/>\n099 2998989<\/p>\n","protected":false},"excerpt":{"rendered":"<p>VW VENTILATOR HLADNJAKA KLIME VW VENTILATOR MOTORA 1K0121207BB 1K0121207T 1K0959455BC 1K0959455CS 1K0959455CT 1K0959455DG 1K0959455EA 1K0959455ES 1K0959455FF 1K0959455FP 1K0959455P 1K0959455R 1K0998455 VW CADDY VW TOURAN VW PASSAT B6 VW PASSAT B7 VW SCIROCCO III VW GOLF V VW GOLF VI VW POLO V VW JETTA III VW JETTA IV SLIKA PRIKAZUJE STVARNO STANJE PREDMETA Kupljena roba [&hellip;]<\/p>\n","protected":false},"featured_media":303455,"comment_status":"open","ping_status":"closed","template":"","meta":{"_acf_changed":false},"brend":[1632],"product_cat":[3058],"product_tag":[],"class_list":{"0":"post-303454","1":"product","2":"type-product","3":"status-publish","4":"has-post-thumbnail","6":"brend-vw","7":"product_cat-ventilacija-i-klima","9":"first","10":"instock","11":"shipping-taxable","12":"product-type-simple"},"acf":[],"yoast_head":"<!-- This site is optimized with the Yoast SEO plugin v24.9 - https:\/\/yoast.com\/wordpress\/plugins\/seo\/ -->\n<title>VW VENTILATOR HLADNJAKA KLIME VW VENTILATOR MOTORA 1K0121207T - PSC Lukavec - autodijelovi<\/title>\n<meta name=\"robots\" content=\"index, follow, max-snippet:-1, max-image-preview:large, max-video-preview:-1\" \/>\n<link rel=\"canonical\" href=\"http:\/\/psc-lukavec.hr\/en\/product\/vw-ventilator-hladnjaka-klime-vw-ventilator-motora-1k0121207t\/\" \/>\n<meta property=\"og:locale\" content=\"en_US\" \/>\n<meta property=\"og:type\" content=\"article\" \/>\n<meta property=\"og:title\" content=\"VW VENTILATOR HLADNJAKA KLIME VW VENTILATOR MOTORA 1K0121207T - PSC Lukavec - autodijelovi\" \/>\n<meta property=\"og:description\" content=\"VW VENTILATOR HLADNJAKA KLIME VW VENTILATOR MOTORA 1K0121207BB 1K0121207T 1K0959455BC 1K0959455CS 1K0959455CT 1K0959455DG 1K0959455EA 1K0959455ES 1K0959455FF 1K0959455FP 1K0959455P 1K0959455R 1K0998455 VW CADDY VW TOURAN VW PASSAT B6 VW PASSAT B7 VW SCIROCCO III VW GOLF V VW GOLF VI VW POLO V VW JETTA III VW JETTA IV SLIKA PRIKAZUJE STVARNO STANJE PREDMETA Kupljena roba [&hellip;]\" \/>\n<meta property=\"og:url\" content=\"http:\/\/psc-lukavec.hr\/en\/product\/vw-ventilator-hladnjaka-klime-vw-ventilator-motora-1k0121207t\/\" \/>\n<meta property=\"og:site_name\" content=\"PSC Lukavec - autodijelovi\" \/>\n<meta property=\"article:modified_time\" content=\"2024-08-24T11:21:05+00:00\" \/>\n<meta property=\"og:image\" content=\"http:\/\/psc-lukavec.hr\/wp-content\/uploads\/2024\/08\/227104676.jpg\" \/>\n\t<meta property=\"og:image:width\" content=\"1024\" \/>\n\t<meta property=\"og:image:height\" content=\"683\" \/>\n\t<meta property=\"og:image:type\" content=\"image\/jpeg\" \/>\n<meta name=\"twitter:card\" content=\"summary_large_image\" \/>\n<meta name=\"twitter:label1\" content=\"Est. reading time\" \/>\n\t<meta name=\"twitter:data1\" content=\"1 minute\" \/>\n<script type=\"application\/ld+json\" class=\"yoast-schema-graph\">{\"@context\":\"https:\/\/schema.org\",\"@graph\":[{\"@type\":\"WebPage\",\"@id\":\"http:\/\/psc-lukavec.hr\/en\/product\/vw-ventilator-hladnjaka-klime-vw-ventilator-motora-1k0121207t\/\",\"url\":\"http:\/\/psc-lukavec.hr\/en\/product\/vw-ventilator-hladnjaka-klime-vw-ventilator-motora-1k0121207t\/\",\"name\":\"VW VENTILATOR HLADNJAKA KLIME VW VENTILATOR MOTORA 1K0121207T - PSC Lukavec - autodijelovi\",\"isPartOf\":{\"@id\":\"http:\/\/psc-lukavec.hr\/en\/#website\"},\"primaryImageOfPage\":{\"@id\":\"http:\/\/psc-lukavec.hr\/en\/product\/vw-ventilator-hladnjaka-klime-vw-ventilator-motora-1k0121207t\/#primaryimage\"},\"image\":{\"@id\":\"http:\/\/psc-lukavec.hr\/en\/product\/vw-ventilator-hladnjaka-klime-vw-ventilator-motora-1k0121207t\/#primaryimage\"},\"thumbnailUrl\":\"http:\/\/psc-lukavec.hr\/wp-content\/uploads\/2024\/08\/227104676.jpg\",\"datePublished\":\"2024-08-24T10:19:34+00:00\",\"dateModified\":\"2024-08-24T11:21:05+00:00\",\"breadcrumb\":{\"@id\":\"http:\/\/psc-lukavec.hr\/en\/product\/vw-ventilator-hladnjaka-klime-vw-ventilator-motora-1k0121207t\/#breadcrumb\"},\"inLanguage\":\"en-US\",\"potentialAction\":[{\"@type\":\"ReadAction\",\"target\":[\"http:\/\/psc-lukavec.hr\/en\/product\/vw-ventilator-hladnjaka-klime-vw-ventilator-motora-1k0121207t\/\"]}]},{\"@type\":\"ImageObject\",\"inLanguage\":\"en-US\",\"@id\":\"http:\/\/psc-lukavec.hr\/en\/product\/vw-ventilator-hladnjaka-klime-vw-ventilator-motora-1k0121207t\/#primaryimage\",\"url\":\"http:\/\/psc-lukavec.hr\/wp-content\/uploads\/2024\/08\/227104676.jpg\",\"contentUrl\":\"http:\/\/psc-lukavec.hr\/wp-content\/uploads\/2024\/08\/227104676.jpg\",\"width\":1024,\"height\":683},{\"@type\":\"BreadcrumbList\",\"@id\":\"http:\/\/psc-lukavec.hr\/en\/product\/vw-ventilator-hladnjaka-klime-vw-ventilator-motora-1k0121207t\/#breadcrumb\",\"itemListElement\":[{\"@type\":\"ListItem\",\"position\":1,\"name\":\"Po\u010detna stranica\",\"item\":\"http:\/\/psc-lukavec.hr\/\"},{\"@type\":\"ListItem\",\"position\":2,\"name\":\"Katalog proizvoda\",\"item\":\"http:\/\/psc-lukavec.hr\/shop\/\"},{\"@type\":\"ListItem\",\"position\":3,\"name\":\"VW VENTILATOR HLADNJAKA KLIME VW VENTILATOR MOTORA 1K0121207T\"}]},{\"@type\":\"WebSite\",\"@id\":\"http:\/\/psc-lukavec.hr\/en\/#website\",\"url\":\"http:\/\/psc-lukavec.hr\/en\/\",\"name\":\"PSC Lukavec - autodijelovi\",\"description\":\"Online trgovina rezervnih dijelova\",\"publisher\":{\"@id\":\"http:\/\/psc-lukavec.hr\/en\/#organization\"},\"potentialAction\":[{\"@type\":\"SearchAction\",\"target\":{\"@type\":\"EntryPoint\",\"urlTemplate\":\"http:\/\/psc-lukavec.hr\/en\/?s={search_term_string}\"},\"query-input\":{\"@type\":\"PropertyValueSpecification\",\"valueRequired\":true,\"valueName\":\"search_term_string\"}}],\"inLanguage\":\"en-US\"},{\"@type\":\"Organization\",\"@id\":\"http:\/\/psc-lukavec.hr\/en\/#organization\",\"name\":\"PSC Lukavec - autodijelovi\",\"url\":\"http:\/\/psc-lukavec.hr\/en\/\",\"logo\":{\"@type\":\"ImageObject\",\"inLanguage\":\"en-US\",\"@id\":\"http:\/\/psc-lukavec.hr\/en\/#\/schema\/logo\/image\/\",\"url\":\"http:\/\/psc-lukavec.hr\/wp-content\/uploads\/2024\/10\/PartSmartShop-1728391966.png\",\"contentUrl\":\"http:\/\/psc-lukavec.hr\/wp-content\/uploads\/2024\/10\/PartSmartShop-1728391966.png\",\"width\":470,\"height\":80,\"caption\":\"PSC Lukavec - autodijelovi\"},\"image\":{\"@id\":\"http:\/\/psc-lukavec.hr\/en\/#\/schema\/logo\/image\/\"}}]}<\/script>\n<!-- \/ Yoast SEO plugin. -->","yoast_head_json":{"title":"VW VENTILATOR HLADNJAKA KLIME VW VENTILATOR MOTORA 1K0121207T - PSC Lukavec - autodijelovi","robots":{"index":"index","follow":"follow","max-snippet":"max-snippet:-1","max-image-preview":"max-image-preview:large","max-video-preview":"max-video-preview:-1"},"canonical":"http:\/\/psc-lukavec.hr\/en\/product\/vw-ventilator-hladnjaka-klime-vw-ventilator-motora-1k0121207t\/","og_locale":"en_US","og_type":"article","og_title":"VW VENTILATOR HLADNJAKA KLIME VW VENTILATOR MOTORA 1K0121207T - PSC Lukavec - autodijelovi","og_description":"VW VENTILATOR HLADNJAKA KLIME VW VENTILATOR MOTORA 1K0121207BB 1K0121207T 1K0959455BC 1K0959455CS 1K0959455CT 1K0959455DG 1K0959455EA 1K0959455ES 1K0959455FF 1K0959455FP 1K0959455P 1K0959455R 1K0998455 VW CADDY VW TOURAN VW PASSAT B6 VW PASSAT B7 VW SCIROCCO III VW GOLF V VW GOLF VI VW POLO V VW JETTA III VW JETTA IV SLIKA PRIKAZUJE STVARNO STANJE PREDMETA Kupljena roba [&hellip;]","og_url":"http:\/\/psc-lukavec.hr\/en\/product\/vw-ventilator-hladnjaka-klime-vw-ventilator-motora-1k0121207t\/","og_site_name":"PSC Lukavec - autodijelovi","article_modified_time":"2024-08-24T11:21:05+00:00","og_image":[{"width":1024,"height":683,"url":"http:\/\/psc-lukavec.hr\/wp-content\/uploads\/2024\/08\/227104676.jpg","type":"image\/jpeg"}],"twitter_card":"summary_large_image","twitter_misc":{"Est. reading time":"1 minute"},"schema":{"@context":"https:\/\/schema.org","@graph":[{"@type":"WebPage","@id":"http:\/\/psc-lukavec.hr\/en\/product\/vw-ventilator-hladnjaka-klime-vw-ventilator-motora-1k0121207t\/","url":"http:\/\/psc-lukavec.hr\/en\/product\/vw-ventilator-hladnjaka-klime-vw-ventilator-motora-1k0121207t\/","name":"VW VENTILATOR HLADNJAKA KLIME VW VENTILATOR MOTORA 1K0121207T - PSC Lukavec - autodijelovi","isPartOf":{"@id":"http:\/\/psc-lukavec.hr\/en\/#website"},"primaryImageOfPage":{"@id":"http:\/\/psc-lukavec.hr\/en\/product\/vw-ventilator-hladnjaka-klime-vw-ventilator-motora-1k0121207t\/#primaryimage"},"image":{"@id":"http:\/\/psc-lukavec.hr\/en\/product\/vw-ventilator-hladnjaka-klime-vw-ventilator-motora-1k0121207t\/#primaryimage"},"thumbnailUrl":"http:\/\/psc-lukavec.hr\/wp-content\/uploads\/2024\/08\/227104676.jpg","datePublished":"2024-08-24T10:19:34+00:00","dateModified":"2024-08-24T11:21:05+00:00","breadcrumb":{"@id":"http:\/\/psc-lukavec.hr\/en\/product\/vw-ventilator-hladnjaka-klime-vw-ventilator-motora-1k0121207t\/#breadcrumb"},"inLanguage":"en-US","potentialAction":[{"@type":"ReadAction","target":["http:\/\/psc-lukavec.hr\/en\/product\/vw-ventilator-hladnjaka-klime-vw-ventilator-motora-1k0121207t\/"]}]},{"@type":"ImageObject","inLanguage":"en-US","@id":"http:\/\/psc-lukavec.hr\/en\/product\/vw-ventilator-hladnjaka-klime-vw-ventilator-motora-1k0121207t\/#primaryimage","url":"http:\/\/psc-lukavec.hr\/wp-content\/uploads\/2024\/08\/227104676.jpg","contentUrl":"http:\/\/psc-lukavec.hr\/wp-content\/uploads\/2024\/08\/227104676.jpg","width":1024,"height":683},{"@type":"BreadcrumbList","@id":"http:\/\/psc-lukavec.hr\/en\/product\/vw-ventilator-hladnjaka-klime-vw-ventilator-motora-1k0121207t\/#breadcrumb","itemListElement":[{"@type":"ListItem","position":1,"name":"Po\u010detna stranica","item":"http:\/\/psc-lukavec.hr\/"},{"@type":"ListItem","position":2,"name":"Katalog proizvoda","item":"http:\/\/psc-lukavec.hr\/shop\/"},{"@type":"ListItem","position":3,"name":"VW VENTILATOR HLADNJAKA KLIME VW VENTILATOR MOTORA 1K0121207T"}]},{"@type":"WebSite","@id":"http:\/\/psc-lukavec.hr\/en\/#website","url":"http:\/\/psc-lukavec.hr\/en\/","name":"PSC Lukavec - autodijelovi","description":"Online trgovina rezervnih dijelova","publisher":{"@id":"http:\/\/psc-lukavec.hr\/en\/#organization"},"potentialAction":[{"@type":"SearchAction","target":{"@type":"EntryPoint","urlTemplate":"http:\/\/psc-lukavec.hr\/en\/?s={search_term_string}"},"query-input":{"@type":"PropertyValueSpecification","valueRequired":true,"valueName":"search_term_string"}}],"inLanguage":"en-US"},{"@type":"Organization","@id":"http:\/\/psc-lukavec.hr\/en\/#organization","name":"PSC Lukavec - autodijelovi","url":"http:\/\/psc-lukavec.hr\/en\/","logo":{"@type":"ImageObject","inLanguage":"en-US","@id":"http:\/\/psc-lukavec.hr\/en\/#\/schema\/logo\/image\/","url":"http:\/\/psc-lukavec.hr\/wp-content\/uploads\/2024\/10\/PartSmartShop-1728391966.png","contentUrl":"http:\/\/psc-lukavec.hr\/wp-content\/uploads\/2024\/10\/PartSmartShop-1728391966.png","width":470,"height":80,"caption":"PSC Lukavec - autodijelovi"},"image":{"@id":"http:\/\/psc-lukavec.hr\/en\/#\/schema\/logo\/image\/"}}]}},"_links":{"self":[{"href":"http:\/\/psc-lukavec.hr\/en\/wp-json\/wp\/v2\/product\/303454","targetHints":{"allow":["GET"]}}],"collection":[{"href":"http:\/\/psc-lukavec.hr\/en\/wp-json\/wp\/v2\/product"}],"about":[{"href":"http:\/\/psc-lukavec.hr\/en\/wp-json\/wp\/v2\/types\/product"}],"replies":[{"embeddable":true,"href":"http:\/\/psc-lukavec.hr\/en\/wp-json\/wp\/v2\/comments?post=303454"}],"wp:featuredmedia":[{"embeddable":true,"href":"http:\/\/psc-lukavec.hr\/en\/wp-json\/wp\/v2\/media\/303455"}],"wp:attachment":[{"href":"http:\/\/psc-lukavec.hr\/en\/wp-json\/wp\/v2\/media?parent=303454"}],"wp:term":[{"taxonomy":"brend","embeddable":true,"href":"http:\/\/psc-lukavec.hr\/en\/wp-json\/wp\/v2\/brend?post=303454"},{"taxonomy":"product_cat","embeddable":true,"href":"http:\/\/psc-lukavec.hr\/en\/wp-json\/wp\/v2\/product_cat?post=303454"},{"taxonomy":"product_tag","embeddable":true,"href":"http:\/\/psc-lukavec.hr\/en\/wp-json\/wp\/v2\/product_tag?post=303454"}],"curies":[{"name":"wp","href":"https:\/\/api.w.org\/{rel}","templated":true}]}}