{"id":25677,"date":"2024-06-13T10:48:55","date_gmt":"2024-06-13T10:48:55","guid":{"rendered":"http:\/\/psclukavec.hr\/product\/bmw-balast-ksenona-bmw-trafo-ksenona\/"},"modified":"2024-08-24T11:16:29","modified_gmt":"2024-08-24T11:16:29","slug":"bmw-balast-ksenona-bmw-trafo-ksenona","status":"publish","type":"product","link":"http:\/\/psc-lukavec.hr\/en\/product\/bmw-balast-ksenona-bmw-trafo-ksenona\/","title":{"rendered":"BMW BALAST KSENONA BMW TRAFO KSENONA"},"content":{"rendered":"<p>BMW BALAST KSENONA<br \/>\nBMW TRAFO KSENONA<br \/>\nBMW Xenon balast<br \/>\n7237647<br \/>\nW003T20071<br \/>\n63117237644<br \/>\nBMW Xenon balast<br \/>\nBMW Trafo<br \/>\nBMW F20 Xenon balast trafo<br \/>\nBMW F21 Xenon balast trafo<br \/>\nBMW F23 Xenon balast trafo<br \/>\nBMW E90 LCi Xenon balast trafo<br \/>\nBMW F10 Xenon balast trafo<br \/>\nBMW F11 Xenon balast trafo<br \/>\nBMW F01 Xenon balast trafo<br \/>\nBMW F07 Xenon balast trafo<br \/>\nBMW F04 Xenon balast trafo<br \/>\nBMW E87 Xenon balast trafo<br \/>\nBMW E84 Xenon balast trafo<br \/>\nBMW E89 Xenon balas trafo<\/p>\n<p>SLIKA PRIKAZUJE STVARNO STANJE PREDMETA <\/p>\n<p>Kupljena roba je vrlo dobro za\u0161ti\u0107ena od o\u0161te\u0107enja prilikom transporta. <\/p>\n<p>Preporu\u010dite nas drugima! <\/p>\n<p>Vr\u0161imo i prodaju u sjedi\u0161tu tvrtke <\/p>\n<p>Radno vrijeme: Ponedjeljak-Petak 08-16h,ukoliko izvan radnog vremena(molimo sms)<br \/>\nOsobni dolazak-obavezna najava.<br \/>\n_______________________________________<br \/>\nNa lageru imamo veliki asortiman rabljenih dijelova iz inozemstva i tuzemstva(preko 6500 m2 skladi\u0161nog prostora sa preko 1500 000 artikala na stanju sa kontinuiranim rastom lagera i prodaje).<br \/>\n****Cijene dijelova se mijenjaju i cijena i raspolo\u017eivost je na upit.*****<br \/>\nDugi niz godina iskustva u prodaji dijelova i otvoreni smo za suradnju sa svim servisima.<br \/>\nZa stalne kupce odobravamo popust.<br \/>\nPo\u017eeljno VIN, slika ili OE broj dijela na email, sms, viber, whatsapp<br \/>\nDostava dijelova u HR I EU na adresu kurirskim slu\u017ebama najkasnije 96h.<br \/>\nPla\u0107anje prilikom preuzimanja, tro\u0161kove dostave snosi kupac<br \/>\n_______________________________________<br \/>\nNa sve dijelove dajemo garanciju na ispravnost i uva\u017eavamo reklamacije.<br \/>\nDogodi li se da je dio ne odgovaraju\u0107i i\/ili niste zadovoljni kupljenim,<br \/>\nvra\u0107amo novac ili mijenjamo za drugi.<br \/>\nRok za reklamaciju 14 dana od kupovine, uz uvjet da dio nije rastavljan.<br \/>\nMogu\u0107nost ugovora garancije 6 mj.<br \/>\n_______________________________________<br \/>\nNudimo usluge Servisa, prijevoza vozila i radnih strojeva<br \/>\nOTKUPLJUJEMO O\u0160TE\u0106ENA I KARAMBOLIRANA VOZILA.<br \/>\nZahvaljujemo na ukazanom povjerenju i razumijevanju.<br \/>\nPogledajte ostale na\u0161e oglase.<br \/>\n_______________________________________<br \/>\nwww.psc-lukavec.hr<br \/>\npsc.lukavec@gmail.com<br \/>\n098 539240<br \/>\n099 2998989<\/p>\n","protected":false},"excerpt":{"rendered":"<p>BMW BALAST KSENONA BMW TRAFO KSENONA BMW Xenon balast 7237647 W003T20071 63117237644 BMW Xenon balast BMW Trafo BMW F20 Xenon balast trafo BMW F21 Xenon balast trafo BMW F23 Xenon balast trafo BMW E90 LCi Xenon balast trafo BMW F10 Xenon balast trafo BMW F11 Xenon balast trafo BMW F01 Xenon balast trafo BMW F07 [&hellip;]<\/p>\n","protected":false},"featured_media":25678,"comment_status":"open","ping_status":"closed","template":"","meta":{"_acf_changed":false},"brend":[1553],"product_cat":[3054],"product_tag":[],"class_list":{"0":"post-25677","1":"product","2":"type-product","3":"status-publish","4":"has-post-thumbnail","6":"brend-bmw","7":"product_cat-auto-elektronika-i-autoelektrika","9":"first","10":"instock","11":"shipping-taxable","12":"product-type-simple"},"acf":[],"yoast_head":"<!-- This site is optimized with the Yoast SEO plugin v24.9 - https:\/\/yoast.com\/wordpress\/plugins\/seo\/ -->\n<title>BMW BALAST KSENONA BMW TRAFO KSENONA - PSC Lukavec - autodijelovi<\/title>\n<meta name=\"robots\" content=\"index, follow, max-snippet:-1, max-image-preview:large, max-video-preview:-1\" \/>\n<link rel=\"canonical\" href=\"https:\/\/psc-lukavec.hr\/product\/bmw-balast-ksenona-bmw-trafo-ksenona\/\" \/>\n<meta property=\"og:locale\" content=\"en_US\" \/>\n<meta property=\"og:type\" content=\"article\" \/>\n<meta property=\"og:title\" content=\"BMW BALAST KSENONA BMW TRAFO KSENONA - PSC Lukavec - autodijelovi\" \/>\n<meta property=\"og:description\" content=\"BMW BALAST KSENONA BMW TRAFO KSENONA BMW Xenon balast 7237647 W003T20071 63117237644 BMW Xenon balast BMW Trafo BMW F20 Xenon balast trafo BMW F21 Xenon balast trafo BMW F23 Xenon balast trafo BMW E90 LCi Xenon balast trafo BMW F10 Xenon balast trafo BMW F11 Xenon balast trafo BMW F01 Xenon balast trafo BMW F07 [&hellip;]\" \/>\n<meta property=\"og:url\" content=\"https:\/\/psc-lukavec.hr\/product\/bmw-balast-ksenona-bmw-trafo-ksenona\/\" \/>\n<meta property=\"og:site_name\" content=\"PSC Lukavec - autodijelovi\" \/>\n<meta property=\"article:modified_time\" content=\"2024-08-24T11:16:29+00:00\" \/>\n<meta property=\"og:image\" content=\"https:\/\/psc-lukavec.hr\/wp-content\/uploads\/2024\/06\/123243314.jpg\" \/>\n\t<meta property=\"og:image:width\" content=\"1024\" \/>\n\t<meta property=\"og:image:height\" content=\"682\" \/>\n\t<meta property=\"og:image:type\" content=\"image\/jpeg\" \/>\n<meta name=\"twitter:card\" content=\"summary_large_image\" \/>\n<meta name=\"twitter:label1\" content=\"Est. reading time\" \/>\n\t<meta name=\"twitter:data1\" content=\"1 minute\" \/>\n<script type=\"application\/ld+json\" class=\"yoast-schema-graph\">{\"@context\":\"https:\/\/schema.org\",\"@graph\":[{\"@type\":\"WebPage\",\"@id\":\"https:\/\/psc-lukavec.hr\/product\/bmw-balast-ksenona-bmw-trafo-ksenona\/\",\"url\":\"https:\/\/psc-lukavec.hr\/product\/bmw-balast-ksenona-bmw-trafo-ksenona\/\",\"name\":\"BMW BALAST KSENONA BMW TRAFO KSENONA - PSC Lukavec - autodijelovi\",\"isPartOf\":{\"@id\":\"https:\/\/psc-lukavec.hr\/#website\"},\"primaryImageOfPage\":{\"@id\":\"https:\/\/psc-lukavec.hr\/product\/bmw-balast-ksenona-bmw-trafo-ksenona\/#primaryimage\"},\"image\":{\"@id\":\"https:\/\/psc-lukavec.hr\/product\/bmw-balast-ksenona-bmw-trafo-ksenona\/#primaryimage\"},\"thumbnailUrl\":\"http:\/\/psc-lukavec.hr\/wp-content\/uploads\/2024\/06\/123243314.jpg\",\"datePublished\":\"2024-06-13T10:48:55+00:00\",\"dateModified\":\"2024-08-24T11:16:29+00:00\",\"breadcrumb\":{\"@id\":\"https:\/\/psc-lukavec.hr\/product\/bmw-balast-ksenona-bmw-trafo-ksenona\/#breadcrumb\"},\"inLanguage\":\"en-US\",\"potentialAction\":[{\"@type\":\"ReadAction\",\"target\":[\"https:\/\/psc-lukavec.hr\/product\/bmw-balast-ksenona-bmw-trafo-ksenona\/\"]}]},{\"@type\":\"ImageObject\",\"inLanguage\":\"en-US\",\"@id\":\"https:\/\/psc-lukavec.hr\/product\/bmw-balast-ksenona-bmw-trafo-ksenona\/#primaryimage\",\"url\":\"http:\/\/psc-lukavec.hr\/wp-content\/uploads\/2024\/06\/123243314.jpg\",\"contentUrl\":\"http:\/\/psc-lukavec.hr\/wp-content\/uploads\/2024\/06\/123243314.jpg\",\"width\":1024,\"height\":682},{\"@type\":\"BreadcrumbList\",\"@id\":\"https:\/\/psc-lukavec.hr\/product\/bmw-balast-ksenona-bmw-trafo-ksenona\/#breadcrumb\",\"itemListElement\":[{\"@type\":\"ListItem\",\"position\":1,\"name\":\"Po\u010detna stranica\",\"item\":\"https:\/\/psc-lukavec.hr\/\"},{\"@type\":\"ListItem\",\"position\":2,\"name\":\"Katalog proizvoda\",\"item\":\"https:\/\/psc-lukavec.hr\/shop\/\"},{\"@type\":\"ListItem\",\"position\":3,\"name\":\"BMW BALAST KSENONA BMW TRAFO KSENONA\"}]},{\"@type\":\"WebSite\",\"@id\":\"https:\/\/psc-lukavec.hr\/#website\",\"url\":\"https:\/\/psc-lukavec.hr\/\",\"name\":\"PSC Lukavec - autodijelovi\",\"description\":\"Online trgovina rezervnih dijelova\",\"publisher\":{\"@id\":\"https:\/\/psc-lukavec.hr\/#organization\"},\"potentialAction\":[{\"@type\":\"SearchAction\",\"target\":{\"@type\":\"EntryPoint\",\"urlTemplate\":\"https:\/\/psc-lukavec.hr\/?s={search_term_string}\"},\"query-input\":{\"@type\":\"PropertyValueSpecification\",\"valueRequired\":true,\"valueName\":\"search_term_string\"}}],\"inLanguage\":\"en-US\"},{\"@type\":\"Organization\",\"@id\":\"https:\/\/psc-lukavec.hr\/#organization\",\"name\":\"PSC Lukavec - autodijelovi\",\"url\":\"https:\/\/psc-lukavec.hr\/\",\"logo\":{\"@type\":\"ImageObject\",\"inLanguage\":\"en-US\",\"@id\":\"https:\/\/psc-lukavec.hr\/#\/schema\/logo\/image\/\",\"url\":\"http:\/\/psc-lukavec.hr\/wp-content\/uploads\/2024\/10\/PartSmartShop-1728391966.png\",\"contentUrl\":\"http:\/\/psc-lukavec.hr\/wp-content\/uploads\/2024\/10\/PartSmartShop-1728391966.png\",\"width\":470,\"height\":80,\"caption\":\"PSC Lukavec - autodijelovi\"},\"image\":{\"@id\":\"https:\/\/psc-lukavec.hr\/#\/schema\/logo\/image\/\"}}]}<\/script>\n<!-- \/ Yoast SEO plugin. -->","yoast_head_json":{"title":"BMW BALAST KSENONA BMW TRAFO KSENONA - PSC Lukavec - autodijelovi","robots":{"index":"index","follow":"follow","max-snippet":"max-snippet:-1","max-image-preview":"max-image-preview:large","max-video-preview":"max-video-preview:-1"},"canonical":"https:\/\/psc-lukavec.hr\/product\/bmw-balast-ksenona-bmw-trafo-ksenona\/","og_locale":"en_US","og_type":"article","og_title":"BMW BALAST KSENONA BMW TRAFO KSENONA - PSC Lukavec - autodijelovi","og_description":"BMW BALAST KSENONA BMW TRAFO KSENONA BMW Xenon balast 7237647 W003T20071 63117237644 BMW Xenon balast BMW Trafo BMW F20 Xenon balast trafo BMW F21 Xenon balast trafo BMW F23 Xenon balast trafo BMW E90 LCi Xenon balast trafo BMW F10 Xenon balast trafo BMW F11 Xenon balast trafo BMW F01 Xenon balast trafo BMW F07 [&hellip;]","og_url":"https:\/\/psc-lukavec.hr\/product\/bmw-balast-ksenona-bmw-trafo-ksenona\/","og_site_name":"PSC Lukavec - autodijelovi","article_modified_time":"2024-08-24T11:16:29+00:00","og_image":[{"width":1024,"height":682,"url":"https:\/\/psc-lukavec.hr\/wp-content\/uploads\/2024\/06\/123243314.jpg","type":"image\/jpeg"}],"twitter_card":"summary_large_image","twitter_misc":{"Est. reading time":"1 minute"},"schema":{"@context":"https:\/\/schema.org","@graph":[{"@type":"WebPage","@id":"https:\/\/psc-lukavec.hr\/product\/bmw-balast-ksenona-bmw-trafo-ksenona\/","url":"https:\/\/psc-lukavec.hr\/product\/bmw-balast-ksenona-bmw-trafo-ksenona\/","name":"BMW BALAST KSENONA BMW TRAFO KSENONA - PSC Lukavec - autodijelovi","isPartOf":{"@id":"https:\/\/psc-lukavec.hr\/#website"},"primaryImageOfPage":{"@id":"https:\/\/psc-lukavec.hr\/product\/bmw-balast-ksenona-bmw-trafo-ksenona\/#primaryimage"},"image":{"@id":"https:\/\/psc-lukavec.hr\/product\/bmw-balast-ksenona-bmw-trafo-ksenona\/#primaryimage"},"thumbnailUrl":"http:\/\/psc-lukavec.hr\/wp-content\/uploads\/2024\/06\/123243314.jpg","datePublished":"2024-06-13T10:48:55+00:00","dateModified":"2024-08-24T11:16:29+00:00","breadcrumb":{"@id":"https:\/\/psc-lukavec.hr\/product\/bmw-balast-ksenona-bmw-trafo-ksenona\/#breadcrumb"},"inLanguage":"en-US","potentialAction":[{"@type":"ReadAction","target":["https:\/\/psc-lukavec.hr\/product\/bmw-balast-ksenona-bmw-trafo-ksenona\/"]}]},{"@type":"ImageObject","inLanguage":"en-US","@id":"https:\/\/psc-lukavec.hr\/product\/bmw-balast-ksenona-bmw-trafo-ksenona\/#primaryimage","url":"http:\/\/psc-lukavec.hr\/wp-content\/uploads\/2024\/06\/123243314.jpg","contentUrl":"http:\/\/psc-lukavec.hr\/wp-content\/uploads\/2024\/06\/123243314.jpg","width":1024,"height":682},{"@type":"BreadcrumbList","@id":"https:\/\/psc-lukavec.hr\/product\/bmw-balast-ksenona-bmw-trafo-ksenona\/#breadcrumb","itemListElement":[{"@type":"ListItem","position":1,"name":"Po\u010detna stranica","item":"https:\/\/psc-lukavec.hr\/"},{"@type":"ListItem","position":2,"name":"Katalog proizvoda","item":"https:\/\/psc-lukavec.hr\/shop\/"},{"@type":"ListItem","position":3,"name":"BMW BALAST KSENONA BMW TRAFO KSENONA"}]},{"@type":"WebSite","@id":"https:\/\/psc-lukavec.hr\/#website","url":"https:\/\/psc-lukavec.hr\/","name":"PSC Lukavec - autodijelovi","description":"Online trgovina rezervnih dijelova","publisher":{"@id":"https:\/\/psc-lukavec.hr\/#organization"},"potentialAction":[{"@type":"SearchAction","target":{"@type":"EntryPoint","urlTemplate":"https:\/\/psc-lukavec.hr\/?s={search_term_string}"},"query-input":{"@type":"PropertyValueSpecification","valueRequired":true,"valueName":"search_term_string"}}],"inLanguage":"en-US"},{"@type":"Organization","@id":"https:\/\/psc-lukavec.hr\/#organization","name":"PSC Lukavec - autodijelovi","url":"https:\/\/psc-lukavec.hr\/","logo":{"@type":"ImageObject","inLanguage":"en-US","@id":"https:\/\/psc-lukavec.hr\/#\/schema\/logo\/image\/","url":"http:\/\/psc-lukavec.hr\/wp-content\/uploads\/2024\/10\/PartSmartShop-1728391966.png","contentUrl":"http:\/\/psc-lukavec.hr\/wp-content\/uploads\/2024\/10\/PartSmartShop-1728391966.png","width":470,"height":80,"caption":"PSC Lukavec - autodijelovi"},"image":{"@id":"https:\/\/psc-lukavec.hr\/#\/schema\/logo\/image\/"}}]}},"_links":{"self":[{"href":"http:\/\/psc-lukavec.hr\/en\/wp-json\/wp\/v2\/product\/25677","targetHints":{"allow":["GET"]}}],"collection":[{"href":"http:\/\/psc-lukavec.hr\/en\/wp-json\/wp\/v2\/product"}],"about":[{"href":"http:\/\/psc-lukavec.hr\/en\/wp-json\/wp\/v2\/types\/product"}],"replies":[{"embeddable":true,"href":"http:\/\/psc-lukavec.hr\/en\/wp-json\/wp\/v2\/comments?post=25677"}],"wp:featuredmedia":[{"embeddable":true,"href":"http:\/\/psc-lukavec.hr\/en\/wp-json\/wp\/v2\/media\/25678"}],"wp:attachment":[{"href":"http:\/\/psc-lukavec.hr\/en\/wp-json\/wp\/v2\/media?parent=25677"}],"wp:term":[{"taxonomy":"brend","embeddable":true,"href":"http:\/\/psc-lukavec.hr\/en\/wp-json\/wp\/v2\/brend?post=25677"},{"taxonomy":"product_cat","embeddable":true,"href":"http:\/\/psc-lukavec.hr\/en\/wp-json\/wp\/v2\/product_cat?post=25677"},{"taxonomy":"product_tag","embeddable":true,"href":"http:\/\/psc-lukavec.hr\/en\/wp-json\/wp\/v2\/product_tag?post=25677"}],"curies":[{"name":"wp","href":"https:\/\/api.w.org\/{rel}","templated":true}]}}