{"id":236075,"date":"2024-06-18T12:12:21","date_gmt":"2024-06-18T12:12:21","guid":{"rendered":"http:\/\/psclukavec.hr\/product\/peugeot-3008-dpf-spremnik-peugeot-3008-spremnik-aditiva-2012\/"},"modified":"2024-08-24T11:05:59","modified_gmt":"2024-08-24T11:05:59","slug":"peugeot-3008-dpf-spremnik-peugeot-3008-spremnik-aditiva-2012","status":"publish","type":"product","link":"http:\/\/psc-lukavec.hr\/en\/product\/peugeot-3008-dpf-spremnik-peugeot-3008-spremnik-aditiva-2012\/","title":{"rendered":"PEUGEOT 3008 DPF SPREMNIK PEUGEOT 3008 SPREMNIK ADITIVA 2012."},"content":{"rendered":"<p>PEUGEOT 3008 DPF SPREMNIK<br \/>\nPEUGEOT 3008 SPREMNIK ADITIVA<br \/>\n2012.<\/p>\n<p>SLIKA PRIKAZUJE STVARNO STANJE PREDMETA<br \/>\nKupljena roba je vrlo dobro za\u0161ti\u0107ena od o\u0161te\u0107enja prilikom transporta. <\/p>\n<p>Preporu\u010dite nas drugima! <\/p>\n<p>Vr\u0161imo i prodaju u sjedi\u0161tu tvrtke <\/p>\n<p>Radno vrijeme: Ponedjeljak-Petak 08-16h,ukoliko izvan radnog vremena(molimo sms)<br \/>\nOsobni dolazak &gt;&gt;obavezna najava.<\/p>\n","protected":false},"excerpt":{"rendered":"<p>PEUGEOT 3008 DPF SPREMNIK PEUGEOT 3008 SPREMNIK ADITIVA 2012. SLIKA PRIKAZUJE STVARNO STANJE PREDMETA Kupljena roba je vrlo dobro za\u0161ti\u0107ena od o\u0161te\u0107enja prilikom transporta. Preporu\u010dite nas drugima! Vr\u0161imo i prodaju u sjedi\u0161tu tvrtke Radno vrijeme: Ponedjeljak-Petak 08-16h,ukoliko izvan radnog vremena(molimo sms) Osobni dolazak &gt;&gt;obavezna najava.<\/p>\n","protected":false},"featured_media":236076,"comment_status":"open","ping_status":"closed","template":"","meta":{"_acf_changed":false},"brend":[2636,1608],"product_cat":[3064],"product_tag":[],"class_list":{"0":"post-236075","1":"product","2":"type-product","3":"status-publish","4":"has-post-thumbnail","6":"brend-2636","7":"brend-peugeot","8":"product_cat-ostali-rezervni-auto-dijelovi","10":"first","11":"instock","12":"shipping-taxable","13":"product-type-simple"},"acf":[],"yoast_head":"<!-- This site is optimized with the Yoast SEO plugin v24.9 - https:\/\/yoast.com\/wordpress\/plugins\/seo\/ -->\n<title>PEUGEOT 3008 DPF SPREMNIK PEUGEOT 3008 SPREMNIK ADITIVA 2012. - PSC Lukavec - autodijelovi<\/title>\n<meta name=\"robots\" content=\"index, follow, max-snippet:-1, max-image-preview:large, max-video-preview:-1\" \/>\n<link rel=\"canonical\" href=\"https:\/\/psc-lukavec.hr\/product\/peugeot-3008-dpf-spremnik-peugeot-3008-spremnik-aditiva-2012\/\" \/>\n<meta property=\"og:locale\" content=\"en_US\" \/>\n<meta property=\"og:type\" content=\"article\" \/>\n<meta property=\"og:title\" content=\"PEUGEOT 3008 DPF SPREMNIK PEUGEOT 3008 SPREMNIK ADITIVA 2012. - PSC Lukavec - autodijelovi\" \/>\n<meta property=\"og:description\" content=\"PEUGEOT 3008 DPF SPREMNIK PEUGEOT 3008 SPREMNIK ADITIVA 2012. SLIKA PRIKAZUJE STVARNO STANJE PREDMETA Kupljena roba je vrlo dobro za\u0161ti\u0107ena od o\u0161te\u0107enja prilikom transporta. Preporu\u010dite nas drugima! Vr\u0161imo i prodaju u sjedi\u0161tu tvrtke Radno vrijeme: Ponedjeljak-Petak 08-16h,ukoliko izvan radnog vremena(molimo sms) Osobni dolazak &gt;&gt;obavezna najava.\" \/>\n<meta property=\"og:url\" content=\"https:\/\/psc-lukavec.hr\/product\/peugeot-3008-dpf-spremnik-peugeot-3008-spremnik-aditiva-2012\/\" \/>\n<meta property=\"og:site_name\" content=\"PSC Lukavec - autodijelovi\" \/>\n<meta property=\"article:modified_time\" content=\"2024-08-24T11:05:59+00:00\" \/>\n<meta property=\"og:image\" content=\"https:\/\/psc-lukavec.hr\/wp-content\/uploads\/2024\/06\/173306047.jpg\" \/>\n\t<meta property=\"og:image:width\" content=\"1024\" \/>\n\t<meta property=\"og:image:height\" content=\"683\" \/>\n\t<meta property=\"og:image:type\" content=\"image\/jpeg\" \/>\n<meta name=\"twitter:card\" content=\"summary_large_image\" \/>\n<script type=\"application\/ld+json\" class=\"yoast-schema-graph\">{\"@context\":\"https:\/\/schema.org\",\"@graph\":[{\"@type\":\"WebPage\",\"@id\":\"https:\/\/psc-lukavec.hr\/product\/peugeot-3008-dpf-spremnik-peugeot-3008-spremnik-aditiva-2012\/\",\"url\":\"https:\/\/psc-lukavec.hr\/product\/peugeot-3008-dpf-spremnik-peugeot-3008-spremnik-aditiva-2012\/\",\"name\":\"PEUGEOT 3008 DPF SPREMNIK PEUGEOT 3008 SPREMNIK ADITIVA 2012. - PSC Lukavec - autodijelovi\",\"isPartOf\":{\"@id\":\"https:\/\/psc-lukavec.hr\/#website\"},\"primaryImageOfPage\":{\"@id\":\"https:\/\/psc-lukavec.hr\/product\/peugeot-3008-dpf-spremnik-peugeot-3008-spremnik-aditiva-2012\/#primaryimage\"},\"image\":{\"@id\":\"https:\/\/psc-lukavec.hr\/product\/peugeot-3008-dpf-spremnik-peugeot-3008-spremnik-aditiva-2012\/#primaryimage\"},\"thumbnailUrl\":\"http:\/\/psc-lukavec.hr\/wp-content\/uploads\/2024\/06\/173306047.jpg\",\"datePublished\":\"2024-06-18T12:12:21+00:00\",\"dateModified\":\"2024-08-24T11:05:59+00:00\",\"breadcrumb\":{\"@id\":\"https:\/\/psc-lukavec.hr\/product\/peugeot-3008-dpf-spremnik-peugeot-3008-spremnik-aditiva-2012\/#breadcrumb\"},\"inLanguage\":\"en-US\",\"potentialAction\":[{\"@type\":\"ReadAction\",\"target\":[\"https:\/\/psc-lukavec.hr\/product\/peugeot-3008-dpf-spremnik-peugeot-3008-spremnik-aditiva-2012\/\"]}]},{\"@type\":\"ImageObject\",\"inLanguage\":\"en-US\",\"@id\":\"https:\/\/psc-lukavec.hr\/product\/peugeot-3008-dpf-spremnik-peugeot-3008-spremnik-aditiva-2012\/#primaryimage\",\"url\":\"http:\/\/psc-lukavec.hr\/wp-content\/uploads\/2024\/06\/173306047.jpg\",\"contentUrl\":\"http:\/\/psc-lukavec.hr\/wp-content\/uploads\/2024\/06\/173306047.jpg\",\"width\":1024,\"height\":683},{\"@type\":\"BreadcrumbList\",\"@id\":\"https:\/\/psc-lukavec.hr\/product\/peugeot-3008-dpf-spremnik-peugeot-3008-spremnik-aditiva-2012\/#breadcrumb\",\"itemListElement\":[{\"@type\":\"ListItem\",\"position\":1,\"name\":\"Po\u010detna stranica\",\"item\":\"https:\/\/psc-lukavec.hr\/\"},{\"@type\":\"ListItem\",\"position\":2,\"name\":\"Katalog proizvoda\",\"item\":\"https:\/\/psc-lukavec.hr\/shop\/\"},{\"@type\":\"ListItem\",\"position\":3,\"name\":\"PEUGEOT 3008 DPF SPREMNIK PEUGEOT 3008 SPREMNIK ADITIVA 2012.\"}]},{\"@type\":\"WebSite\",\"@id\":\"https:\/\/psc-lukavec.hr\/#website\",\"url\":\"https:\/\/psc-lukavec.hr\/\",\"name\":\"PSC Lukavec - autodijelovi\",\"description\":\"Online trgovina rezervnih dijelova\",\"publisher\":{\"@id\":\"https:\/\/psc-lukavec.hr\/#organization\"},\"potentialAction\":[{\"@type\":\"SearchAction\",\"target\":{\"@type\":\"EntryPoint\",\"urlTemplate\":\"https:\/\/psc-lukavec.hr\/?s={search_term_string}\"},\"query-input\":{\"@type\":\"PropertyValueSpecification\",\"valueRequired\":true,\"valueName\":\"search_term_string\"}}],\"inLanguage\":\"en-US\"},{\"@type\":\"Organization\",\"@id\":\"https:\/\/psc-lukavec.hr\/#organization\",\"name\":\"PSC Lukavec - autodijelovi\",\"url\":\"https:\/\/psc-lukavec.hr\/\",\"logo\":{\"@type\":\"ImageObject\",\"inLanguage\":\"en-US\",\"@id\":\"https:\/\/psc-lukavec.hr\/#\/schema\/logo\/image\/\",\"url\":\"http:\/\/psc-lukavec.hr\/wp-content\/uploads\/2024\/10\/PartSmartShop-1728391966.png\",\"contentUrl\":\"http:\/\/psc-lukavec.hr\/wp-content\/uploads\/2024\/10\/PartSmartShop-1728391966.png\",\"width\":470,\"height\":80,\"caption\":\"PSC Lukavec - autodijelovi\"},\"image\":{\"@id\":\"https:\/\/psc-lukavec.hr\/#\/schema\/logo\/image\/\"}}]}<\/script>\n<!-- \/ Yoast SEO plugin. -->","yoast_head_json":{"title":"PEUGEOT 3008 DPF SPREMNIK PEUGEOT 3008 SPREMNIK ADITIVA 2012. - PSC Lukavec - autodijelovi","robots":{"index":"index","follow":"follow","max-snippet":"max-snippet:-1","max-image-preview":"max-image-preview:large","max-video-preview":"max-video-preview:-1"},"canonical":"https:\/\/psc-lukavec.hr\/product\/peugeot-3008-dpf-spremnik-peugeot-3008-spremnik-aditiva-2012\/","og_locale":"en_US","og_type":"article","og_title":"PEUGEOT 3008 DPF SPREMNIK PEUGEOT 3008 SPREMNIK ADITIVA 2012. - PSC Lukavec - autodijelovi","og_description":"PEUGEOT 3008 DPF SPREMNIK PEUGEOT 3008 SPREMNIK ADITIVA 2012. SLIKA PRIKAZUJE STVARNO STANJE PREDMETA Kupljena roba je vrlo dobro za\u0161ti\u0107ena od o\u0161te\u0107enja prilikom transporta. Preporu\u010dite nas drugima! Vr\u0161imo i prodaju u sjedi\u0161tu tvrtke Radno vrijeme: Ponedjeljak-Petak 08-16h,ukoliko izvan radnog vremena(molimo sms) Osobni dolazak &gt;&gt;obavezna najava.","og_url":"https:\/\/psc-lukavec.hr\/product\/peugeot-3008-dpf-spremnik-peugeot-3008-spremnik-aditiva-2012\/","og_site_name":"PSC Lukavec - autodijelovi","article_modified_time":"2024-08-24T11:05:59+00:00","og_image":[{"width":1024,"height":683,"url":"https:\/\/psc-lukavec.hr\/wp-content\/uploads\/2024\/06\/173306047.jpg","type":"image\/jpeg"}],"twitter_card":"summary_large_image","schema":{"@context":"https:\/\/schema.org","@graph":[{"@type":"WebPage","@id":"https:\/\/psc-lukavec.hr\/product\/peugeot-3008-dpf-spremnik-peugeot-3008-spremnik-aditiva-2012\/","url":"https:\/\/psc-lukavec.hr\/product\/peugeot-3008-dpf-spremnik-peugeot-3008-spremnik-aditiva-2012\/","name":"PEUGEOT 3008 DPF SPREMNIK PEUGEOT 3008 SPREMNIK ADITIVA 2012. - PSC Lukavec - autodijelovi","isPartOf":{"@id":"https:\/\/psc-lukavec.hr\/#website"},"primaryImageOfPage":{"@id":"https:\/\/psc-lukavec.hr\/product\/peugeot-3008-dpf-spremnik-peugeot-3008-spremnik-aditiva-2012\/#primaryimage"},"image":{"@id":"https:\/\/psc-lukavec.hr\/product\/peugeot-3008-dpf-spremnik-peugeot-3008-spremnik-aditiva-2012\/#primaryimage"},"thumbnailUrl":"http:\/\/psc-lukavec.hr\/wp-content\/uploads\/2024\/06\/173306047.jpg","datePublished":"2024-06-18T12:12:21+00:00","dateModified":"2024-08-24T11:05:59+00:00","breadcrumb":{"@id":"https:\/\/psc-lukavec.hr\/product\/peugeot-3008-dpf-spremnik-peugeot-3008-spremnik-aditiva-2012\/#breadcrumb"},"inLanguage":"en-US","potentialAction":[{"@type":"ReadAction","target":["https:\/\/psc-lukavec.hr\/product\/peugeot-3008-dpf-spremnik-peugeot-3008-spremnik-aditiva-2012\/"]}]},{"@type":"ImageObject","inLanguage":"en-US","@id":"https:\/\/psc-lukavec.hr\/product\/peugeot-3008-dpf-spremnik-peugeot-3008-spremnik-aditiva-2012\/#primaryimage","url":"http:\/\/psc-lukavec.hr\/wp-content\/uploads\/2024\/06\/173306047.jpg","contentUrl":"http:\/\/psc-lukavec.hr\/wp-content\/uploads\/2024\/06\/173306047.jpg","width":1024,"height":683},{"@type":"BreadcrumbList","@id":"https:\/\/psc-lukavec.hr\/product\/peugeot-3008-dpf-spremnik-peugeot-3008-spremnik-aditiva-2012\/#breadcrumb","itemListElement":[{"@type":"ListItem","position":1,"name":"Po\u010detna stranica","item":"https:\/\/psc-lukavec.hr\/"},{"@type":"ListItem","position":2,"name":"Katalog proizvoda","item":"https:\/\/psc-lukavec.hr\/shop\/"},{"@type":"ListItem","position":3,"name":"PEUGEOT 3008 DPF SPREMNIK PEUGEOT 3008 SPREMNIK ADITIVA 2012."}]},{"@type":"WebSite","@id":"https:\/\/psc-lukavec.hr\/#website","url":"https:\/\/psc-lukavec.hr\/","name":"PSC Lukavec - autodijelovi","description":"Online trgovina rezervnih dijelova","publisher":{"@id":"https:\/\/psc-lukavec.hr\/#organization"},"potentialAction":[{"@type":"SearchAction","target":{"@type":"EntryPoint","urlTemplate":"https:\/\/psc-lukavec.hr\/?s={search_term_string}"},"query-input":{"@type":"PropertyValueSpecification","valueRequired":true,"valueName":"search_term_string"}}],"inLanguage":"en-US"},{"@type":"Organization","@id":"https:\/\/psc-lukavec.hr\/#organization","name":"PSC Lukavec - autodijelovi","url":"https:\/\/psc-lukavec.hr\/","logo":{"@type":"ImageObject","inLanguage":"en-US","@id":"https:\/\/psc-lukavec.hr\/#\/schema\/logo\/image\/","url":"http:\/\/psc-lukavec.hr\/wp-content\/uploads\/2024\/10\/PartSmartShop-1728391966.png","contentUrl":"http:\/\/psc-lukavec.hr\/wp-content\/uploads\/2024\/10\/PartSmartShop-1728391966.png","width":470,"height":80,"caption":"PSC Lukavec - autodijelovi"},"image":{"@id":"https:\/\/psc-lukavec.hr\/#\/schema\/logo\/image\/"}}]}},"_links":{"self":[{"href":"http:\/\/psc-lukavec.hr\/en\/wp-json\/wp\/v2\/product\/236075","targetHints":{"allow":["GET"]}}],"collection":[{"href":"http:\/\/psc-lukavec.hr\/en\/wp-json\/wp\/v2\/product"}],"about":[{"href":"http:\/\/psc-lukavec.hr\/en\/wp-json\/wp\/v2\/types\/product"}],"replies":[{"embeddable":true,"href":"http:\/\/psc-lukavec.hr\/en\/wp-json\/wp\/v2\/comments?post=236075"}],"wp:featuredmedia":[{"embeddable":true,"href":"http:\/\/psc-lukavec.hr\/en\/wp-json\/wp\/v2\/media\/236076"}],"wp:attachment":[{"href":"http:\/\/psc-lukavec.hr\/en\/wp-json\/wp\/v2\/media?parent=236075"}],"wp:term":[{"taxonomy":"brend","embeddable":true,"href":"http:\/\/psc-lukavec.hr\/en\/wp-json\/wp\/v2\/brend?post=236075"},{"taxonomy":"product_cat","embeddable":true,"href":"http:\/\/psc-lukavec.hr\/en\/wp-json\/wp\/v2\/product_cat?post=236075"},{"taxonomy":"product_tag","embeddable":true,"href":"http:\/\/psc-lukavec.hr\/en\/wp-json\/wp\/v2\/product_tag?post=236075"}],"curies":[{"name":"wp","href":"https:\/\/api.w.org\/{rel}","templated":true}]}}