{"id":233384,"date":"2024-06-18T12:02:42","date_gmt":"2024-06-18T12:02:42","guid":{"rendered":"http:\/\/psclukavec.hr\/product\/zavojnica-volana-vw-seat-skoda-audi-5k0953569a\/"},"modified":"2024-11-27T09:56:53","modified_gmt":"2024-11-27T09:56:53","slug":"zavojnica-volana-vw-seat-skoda-audi-5k0953569a","status":"publish","type":"product","link":"http:\/\/psc-lukavec.hr\/en\/product\/zavojnica-volana-vw-seat-skoda-audi-5k0953569a\/","title":{"rendered":"ZAVOJNICA VOLANA VW SEAT SKODA  AUDI 5K0953569A"},"content":{"rendered":"<p>\u0160KODA OCTAVIA ZAVOJNICA VOLANA<br \/>\n\u0160KODA OCTAVIA ZAVOJNICA ZRACNOG JASTUKA<br \/>\n\u0160KODA OCTAVIA ELEKTRONIKA VOLANA<br \/>\n\u0160KODA OCTAVIA MODUL VOLANA<br \/>\n\u0160KODA OCTAVIA ELEKTRONIKA ZRA\u010cNOG JASTUKA<br \/>\n\u0160KODA OCTAVIA \u0160PULNA VOLANA<br \/>\n\u0160KODA OCTAVIA \u0160PULA ZRA\u010cNOG JASTUKA<br \/>\n\u0160KODA OCTAVIA NAMOTAJI VOLANA<br \/>\n\u0160KODA OCTAVIA ZAVOJNICA AIRBAGA<br \/>\n\u0160KODA OCTAVIA MODUL STUPA VOLANA<br \/>\n\u0160KODA OCTAVIA ELEKTRONIKA STUPA VOLANA<br \/>\n5K0 953 569 A VAG<br \/>\n5K0 953 569 AD VAG<br \/>\n5K0 953 569 AG VAG<br \/>\n5K0 953 569 AK VAG<br \/>\n5K0 953 569 AN VAG<br \/>\n5K0 953 569 D VAG<br \/>\n5K0 953 569 G VAG<br \/>\n5K0 953 569 AG<\/p>\n<p>2011 &#8211; 2016<\/p>\n<p>NOVO..ORIGINALAN DIO&#8230;VISE ISTIH NA STANJU..<\/p>\n<p>SLIKA PRIKAZUJE STVARNO STANJE PREDMETA<\/p>\n<p>Kupljena roba je vrlo dobro za\u0161ti\u0107ena od o\u0161te\u0107enja prilikom transporta.<\/p>\n<p>Preporu\u010dite nas drugima!<\/p>\n<p>Vr\u0161imo i prodaju u sjedi\u0161tu tvrtke<\/p>\n<p>Radno vrijeme: Ponedjeljak-Petak 08-16h,ukoliko izvan radnog vremena(molimo sms)<br \/>\nOsobni dolazak-obavezna najava.<br \/>\n_______________________________________<br \/>\nNa lageru imamo veliki asortiman rabljenih dijelova iz inozemstva i tuzemstva(preko 6500 m2 skladi\u0161nog prostora sa preko 1500 000 artikala na stanju sa kontinuiranim rastom lagera i prodaje).<br \/>\n****Cijene dijelova se mijenjaju i cijena i raspolo\u017eivost je na upit.*****<br \/>\nDugi niz godina iskustva u prodaji dijelova i otvoreni smo za suradnju sa svim servisima.<br \/>\nZa stalne kupce odobravamo popust.<br \/>\nPo\u017eeljno VIN, slika ili OE broj dijela na email, sms, viber, whatsapp<br \/>\nDostava dijelova u HR I EU na adresu kurirskim slu\u017ebama najkasnije 96h.<br \/>\nPla\u0107anje prilikom preuzimanja, tro\u0161kove dostave snosi kupac<br \/>\n_______________________________________<br \/>\nNa sve dijelove dajemo garanciju na ispravnost i uva\u017eavamo reklamacije.<br \/>\nDogodi li se da je dio ne odgovaraju\u0107i i\/ili niste zadovoljni kupljenim,<br \/>\nvra\u0107amo novac ili mijenjamo za drugi.<br \/>\nRok za reklamaciju 14 dana od kupovine, uz uvjet da dio nije rastavljan.<br \/>\nMogu\u0107nost ugovora garancije 6 mj.<br \/>\n_______________________________________<br \/>\nNudimo usluge Servisa, prijevoza vozila i radnih strojeva<br \/>\nOTKUPLJUJEMO O\u0160TE\u0106ENA I KARAMBOLIRANA VOZILA.<br \/>\nZahvaljujemo na ukazanom povjerenju i razumijevanju.<br \/>\nPogledajte ostale na\u0161e oglase.<br \/>\n_______________________________________<br \/>\nwww.psc-lukavec.hr<br \/>\npsc.lukavec@gmail.com<br \/>\n098 539240<br \/>\n099 2998989<\/p>\n","protected":false},"excerpt":{"rendered":"<p>\u0160KODA OCTAVIA ZAVOJNICA VOLANA \u0160KODA OCTAVIA ZAVOJNICA ZRACNOG JASTUKA \u0160KODA OCTAVIA ELEKTRONIKA VOLANA \u0160KODA OCTAVIA MODUL VOLANA \u0160KODA OCTAVIA ELEKTRONIKA ZRA\u010cNOG JASTUKA \u0160KODA OCTAVIA \u0160PULNA VOLANA \u0160KODA OCTAVIA \u0160PULA ZRA\u010cNOG JASTUKA \u0160KODA OCTAVIA NAMOTAJI VOLANA \u0160KODA OCTAVIA ZAVOJNICA AIRBAGA \u0160KODA OCTAVIA MODUL STUPA VOLANA \u0160KODA OCTAVIA ELEKTRONIKA STUPA VOLANA 5K0 953 569 A VAG 5K0 [&hellip;]<\/p>\n","protected":false},"featured_media":233385,"comment_status":"open","ping_status":"closed","template":"","meta":{"_acf_changed":false},"brend":[1551,1619,1624,1632],"product_cat":[3054],"product_tag":[],"class_list":{"0":"post-233384","1":"product","2":"type-product","3":"status-publish","4":"has-post-thumbnail","6":"brend-audi","7":"brend-seat","8":"brend-skoda","9":"brend-vw","10":"product_cat-auto-elektronika-i-autoelektrika","12":"first","13":"instock","14":"shipping-taxable","15":"purchasable","16":"product-type-simple"},"acf":[],"yoast_head":"<!-- This site is optimized with the Yoast SEO plugin v24.9 - https:\/\/yoast.com\/wordpress\/plugins\/seo\/ -->\n<title>ZAVOJNICA VOLANA VW SEAT SKODA AUDI 5K0953569A - PSC Lukavec - autodijelovi<\/title>\n<meta name=\"robots\" content=\"index, follow, max-snippet:-1, max-image-preview:large, max-video-preview:-1\" \/>\n<link rel=\"canonical\" href=\"http:\/\/psc-lukavec.hr\/en\/product\/zavojnica-volana-vw-seat-skoda-audi-5k0953569a\/\" \/>\n<meta property=\"og:locale\" content=\"en_US\" \/>\n<meta property=\"og:type\" content=\"article\" \/>\n<meta property=\"og:title\" content=\"ZAVOJNICA VOLANA VW SEAT SKODA AUDI 5K0953569A - PSC Lukavec - autodijelovi\" \/>\n<meta property=\"og:description\" content=\"\u0160KODA OCTAVIA ZAVOJNICA VOLANA \u0160KODA OCTAVIA ZAVOJNICA ZRACNOG JASTUKA \u0160KODA OCTAVIA ELEKTRONIKA VOLANA \u0160KODA OCTAVIA MODUL VOLANA \u0160KODA OCTAVIA ELEKTRONIKA ZRA\u010cNOG JASTUKA \u0160KODA OCTAVIA \u0160PULNA VOLANA \u0160KODA OCTAVIA \u0160PULA ZRA\u010cNOG JASTUKA \u0160KODA OCTAVIA NAMOTAJI VOLANA \u0160KODA OCTAVIA ZAVOJNICA AIRBAGA \u0160KODA OCTAVIA MODUL STUPA VOLANA \u0160KODA OCTAVIA ELEKTRONIKA STUPA VOLANA 5K0 953 569 A VAG 5K0 [&hellip;]\" \/>\n<meta property=\"og:url\" content=\"http:\/\/psc-lukavec.hr\/en\/product\/zavojnica-volana-vw-seat-skoda-audi-5k0953569a\/\" \/>\n<meta property=\"og:site_name\" content=\"PSC Lukavec - autodijelovi\" \/>\n<meta property=\"article:modified_time\" content=\"2024-11-27T09:56:53+00:00\" \/>\n<meta property=\"og:image\" content=\"http:\/\/psc-lukavec.hr\/wp-content\/uploads\/2024\/06\/167193721.jpg\" \/>\n\t<meta property=\"og:image:width\" content=\"1024\" \/>\n\t<meta property=\"og:image:height\" content=\"683\" \/>\n\t<meta property=\"og:image:type\" content=\"image\/jpeg\" \/>\n<meta name=\"twitter:card\" content=\"summary_large_image\" \/>\n<meta name=\"twitter:label1\" content=\"Est. reading time\" \/>\n\t<meta name=\"twitter:data1\" content=\"2 minutes\" \/>\n<script type=\"application\/ld+json\" class=\"yoast-schema-graph\">{\"@context\":\"https:\/\/schema.org\",\"@graph\":[{\"@type\":\"WebPage\",\"@id\":\"http:\/\/psc-lukavec.hr\/en\/product\/zavojnica-volana-vw-seat-skoda-audi-5k0953569a\/\",\"url\":\"http:\/\/psc-lukavec.hr\/en\/product\/zavojnica-volana-vw-seat-skoda-audi-5k0953569a\/\",\"name\":\"ZAVOJNICA VOLANA VW SEAT SKODA AUDI 5K0953569A - PSC Lukavec - autodijelovi\",\"isPartOf\":{\"@id\":\"https:\/\/psc-lukavec.hr\/#website\"},\"primaryImageOfPage\":{\"@id\":\"http:\/\/psc-lukavec.hr\/en\/product\/zavojnica-volana-vw-seat-skoda-audi-5k0953569a\/#primaryimage\"},\"image\":{\"@id\":\"http:\/\/psc-lukavec.hr\/en\/product\/zavojnica-volana-vw-seat-skoda-audi-5k0953569a\/#primaryimage\"},\"thumbnailUrl\":\"http:\/\/psc-lukavec.hr\/wp-content\/uploads\/2024\/06\/167193721.jpg\",\"datePublished\":\"2024-06-18T12:02:42+00:00\",\"dateModified\":\"2024-11-27T09:56:53+00:00\",\"breadcrumb\":{\"@id\":\"http:\/\/psc-lukavec.hr\/en\/product\/zavojnica-volana-vw-seat-skoda-audi-5k0953569a\/#breadcrumb\"},\"inLanguage\":\"en-US\",\"potentialAction\":[{\"@type\":\"ReadAction\",\"target\":[\"http:\/\/psc-lukavec.hr\/en\/product\/zavojnica-volana-vw-seat-skoda-audi-5k0953569a\/\"]}]},{\"@type\":\"ImageObject\",\"inLanguage\":\"en-US\",\"@id\":\"http:\/\/psc-lukavec.hr\/en\/product\/zavojnica-volana-vw-seat-skoda-audi-5k0953569a\/#primaryimage\",\"url\":\"http:\/\/psc-lukavec.hr\/wp-content\/uploads\/2024\/06\/167193721.jpg\",\"contentUrl\":\"http:\/\/psc-lukavec.hr\/wp-content\/uploads\/2024\/06\/167193721.jpg\",\"width\":1024,\"height\":683},{\"@type\":\"BreadcrumbList\",\"@id\":\"http:\/\/psc-lukavec.hr\/en\/product\/zavojnica-volana-vw-seat-skoda-audi-5k0953569a\/#breadcrumb\",\"itemListElement\":[{\"@type\":\"ListItem\",\"position\":1,\"name\":\"Po\u010detna stranica\",\"item\":\"https:\/\/psc-lukavec.hr\/\"},{\"@type\":\"ListItem\",\"position\":2,\"name\":\"Katalog proizvoda\",\"item\":\"https:\/\/psc-lukavec.hr\/shop\/\"},{\"@type\":\"ListItem\",\"position\":3,\"name\":\"ZAVOJNICA VOLANA VW SEAT SKODA AUDI 5K0953569A\"}]},{\"@type\":\"WebSite\",\"@id\":\"https:\/\/psc-lukavec.hr\/#website\",\"url\":\"https:\/\/psc-lukavec.hr\/\",\"name\":\"PSC Lukavec - autodijelovi\",\"description\":\"Online trgovina rezervnih dijelova\",\"publisher\":{\"@id\":\"https:\/\/psc-lukavec.hr\/#organization\"},\"potentialAction\":[{\"@type\":\"SearchAction\",\"target\":{\"@type\":\"EntryPoint\",\"urlTemplate\":\"https:\/\/psc-lukavec.hr\/?s={search_term_string}\"},\"query-input\":{\"@type\":\"PropertyValueSpecification\",\"valueRequired\":true,\"valueName\":\"search_term_string\"}}],\"inLanguage\":\"en-US\"},{\"@type\":\"Organization\",\"@id\":\"https:\/\/psc-lukavec.hr\/#organization\",\"name\":\"PSC Lukavec - autodijelovi\",\"url\":\"https:\/\/psc-lukavec.hr\/\",\"logo\":{\"@type\":\"ImageObject\",\"inLanguage\":\"en-US\",\"@id\":\"https:\/\/psc-lukavec.hr\/#\/schema\/logo\/image\/\",\"url\":\"http:\/\/psc-lukavec.hr\/wp-content\/uploads\/2024\/10\/PartSmartShop-1728391966.png\",\"contentUrl\":\"http:\/\/psc-lukavec.hr\/wp-content\/uploads\/2024\/10\/PartSmartShop-1728391966.png\",\"width\":470,\"height\":80,\"caption\":\"PSC Lukavec - autodijelovi\"},\"image\":{\"@id\":\"https:\/\/psc-lukavec.hr\/#\/schema\/logo\/image\/\"}}]}<\/script>\n<!-- \/ Yoast SEO plugin. -->","yoast_head_json":{"title":"ZAVOJNICA VOLANA VW SEAT SKODA AUDI 5K0953569A - PSC Lukavec - autodijelovi","robots":{"index":"index","follow":"follow","max-snippet":"max-snippet:-1","max-image-preview":"max-image-preview:large","max-video-preview":"max-video-preview:-1"},"canonical":"http:\/\/psc-lukavec.hr\/en\/product\/zavojnica-volana-vw-seat-skoda-audi-5k0953569a\/","og_locale":"en_US","og_type":"article","og_title":"ZAVOJNICA VOLANA VW SEAT SKODA AUDI 5K0953569A - PSC Lukavec - autodijelovi","og_description":"\u0160KODA OCTAVIA ZAVOJNICA VOLANA \u0160KODA OCTAVIA ZAVOJNICA ZRACNOG JASTUKA \u0160KODA OCTAVIA ELEKTRONIKA VOLANA \u0160KODA OCTAVIA MODUL VOLANA \u0160KODA OCTAVIA ELEKTRONIKA ZRA\u010cNOG JASTUKA \u0160KODA OCTAVIA \u0160PULNA VOLANA \u0160KODA OCTAVIA \u0160PULA ZRA\u010cNOG JASTUKA \u0160KODA OCTAVIA NAMOTAJI VOLANA \u0160KODA OCTAVIA ZAVOJNICA AIRBAGA \u0160KODA OCTAVIA MODUL STUPA VOLANA \u0160KODA OCTAVIA ELEKTRONIKA STUPA VOLANA 5K0 953 569 A VAG 5K0 [&hellip;]","og_url":"http:\/\/psc-lukavec.hr\/en\/product\/zavojnica-volana-vw-seat-skoda-audi-5k0953569a\/","og_site_name":"PSC Lukavec - autodijelovi","article_modified_time":"2024-11-27T09:56:53+00:00","og_image":[{"width":1024,"height":683,"url":"http:\/\/psc-lukavec.hr\/wp-content\/uploads\/2024\/06\/167193721.jpg","type":"image\/jpeg"}],"twitter_card":"summary_large_image","twitter_misc":{"Est. reading time":"2 minutes"},"schema":{"@context":"https:\/\/schema.org","@graph":[{"@type":"WebPage","@id":"http:\/\/psc-lukavec.hr\/en\/product\/zavojnica-volana-vw-seat-skoda-audi-5k0953569a\/","url":"http:\/\/psc-lukavec.hr\/en\/product\/zavojnica-volana-vw-seat-skoda-audi-5k0953569a\/","name":"ZAVOJNICA VOLANA VW SEAT SKODA AUDI 5K0953569A - PSC Lukavec - autodijelovi","isPartOf":{"@id":"https:\/\/psc-lukavec.hr\/#website"},"primaryImageOfPage":{"@id":"http:\/\/psc-lukavec.hr\/en\/product\/zavojnica-volana-vw-seat-skoda-audi-5k0953569a\/#primaryimage"},"image":{"@id":"http:\/\/psc-lukavec.hr\/en\/product\/zavojnica-volana-vw-seat-skoda-audi-5k0953569a\/#primaryimage"},"thumbnailUrl":"http:\/\/psc-lukavec.hr\/wp-content\/uploads\/2024\/06\/167193721.jpg","datePublished":"2024-06-18T12:02:42+00:00","dateModified":"2024-11-27T09:56:53+00:00","breadcrumb":{"@id":"http:\/\/psc-lukavec.hr\/en\/product\/zavojnica-volana-vw-seat-skoda-audi-5k0953569a\/#breadcrumb"},"inLanguage":"en-US","potentialAction":[{"@type":"ReadAction","target":["http:\/\/psc-lukavec.hr\/en\/product\/zavojnica-volana-vw-seat-skoda-audi-5k0953569a\/"]}]},{"@type":"ImageObject","inLanguage":"en-US","@id":"http:\/\/psc-lukavec.hr\/en\/product\/zavojnica-volana-vw-seat-skoda-audi-5k0953569a\/#primaryimage","url":"http:\/\/psc-lukavec.hr\/wp-content\/uploads\/2024\/06\/167193721.jpg","contentUrl":"http:\/\/psc-lukavec.hr\/wp-content\/uploads\/2024\/06\/167193721.jpg","width":1024,"height":683},{"@type":"BreadcrumbList","@id":"http:\/\/psc-lukavec.hr\/en\/product\/zavojnica-volana-vw-seat-skoda-audi-5k0953569a\/#breadcrumb","itemListElement":[{"@type":"ListItem","position":1,"name":"Po\u010detna stranica","item":"https:\/\/psc-lukavec.hr\/"},{"@type":"ListItem","position":2,"name":"Katalog proizvoda","item":"https:\/\/psc-lukavec.hr\/shop\/"},{"@type":"ListItem","position":3,"name":"ZAVOJNICA VOLANA VW SEAT SKODA AUDI 5K0953569A"}]},{"@type":"WebSite","@id":"https:\/\/psc-lukavec.hr\/#website","url":"https:\/\/psc-lukavec.hr\/","name":"PSC Lukavec - autodijelovi","description":"Online trgovina rezervnih dijelova","publisher":{"@id":"https:\/\/psc-lukavec.hr\/#organization"},"potentialAction":[{"@type":"SearchAction","target":{"@type":"EntryPoint","urlTemplate":"https:\/\/psc-lukavec.hr\/?s={search_term_string}"},"query-input":{"@type":"PropertyValueSpecification","valueRequired":true,"valueName":"search_term_string"}}],"inLanguage":"en-US"},{"@type":"Organization","@id":"https:\/\/psc-lukavec.hr\/#organization","name":"PSC Lukavec - autodijelovi","url":"https:\/\/psc-lukavec.hr\/","logo":{"@type":"ImageObject","inLanguage":"en-US","@id":"https:\/\/psc-lukavec.hr\/#\/schema\/logo\/image\/","url":"http:\/\/psc-lukavec.hr\/wp-content\/uploads\/2024\/10\/PartSmartShop-1728391966.png","contentUrl":"http:\/\/psc-lukavec.hr\/wp-content\/uploads\/2024\/10\/PartSmartShop-1728391966.png","width":470,"height":80,"caption":"PSC Lukavec - autodijelovi"},"image":{"@id":"https:\/\/psc-lukavec.hr\/#\/schema\/logo\/image\/"}}]}},"_links":{"self":[{"href":"http:\/\/psc-lukavec.hr\/en\/wp-json\/wp\/v2\/product\/233384","targetHints":{"allow":["GET"]}}],"collection":[{"href":"http:\/\/psc-lukavec.hr\/en\/wp-json\/wp\/v2\/product"}],"about":[{"href":"http:\/\/psc-lukavec.hr\/en\/wp-json\/wp\/v2\/types\/product"}],"replies":[{"embeddable":true,"href":"http:\/\/psc-lukavec.hr\/en\/wp-json\/wp\/v2\/comments?post=233384"}],"wp:featuredmedia":[{"embeddable":true,"href":"http:\/\/psc-lukavec.hr\/en\/wp-json\/wp\/v2\/media\/233385"}],"wp:attachment":[{"href":"http:\/\/psc-lukavec.hr\/en\/wp-json\/wp\/v2\/media?parent=233384"}],"wp:term":[{"taxonomy":"brend","embeddable":true,"href":"http:\/\/psc-lukavec.hr\/en\/wp-json\/wp\/v2\/brend?post=233384"},{"taxonomy":"product_cat","embeddable":true,"href":"http:\/\/psc-lukavec.hr\/en\/wp-json\/wp\/v2\/product_cat?post=233384"},{"taxonomy":"product_tag","embeddable":true,"href":"http:\/\/psc-lukavec.hr\/en\/wp-json\/wp\/v2\/product_tag?post=233384"}],"curies":[{"name":"wp","href":"https:\/\/api.w.org\/{rel}","templated":true}]}}