{"id":228854,"date":"2024-06-18T11:45:58","date_gmt":"2024-06-18T11:45:58","guid":{"rendered":"http:\/\/psclukavec.hr\/product\/zamasnjak-renault-laguna-2-0-dci-110-kw-set\/"},"modified":"2024-08-24T10:59:22","modified_gmt":"2024-08-24T10:59:22","slug":"zamasnjak-renault-laguna-2-0-dci-110-kw-set","status":"publish","type":"product","link":"http:\/\/psc-lukavec.hr\/en\/product\/zamasnjak-renault-laguna-2-0-dci-110-kw-set\/","title":{"rendered":"ZAMA\u0160NJAK RENAULT LAGUNA 2.0 DCI 110 KW SET"},"content":{"rendered":"<p>ZAMA\u0160NJAK RENAULT LAGUNA 3<br \/>\n2.0 DCI 110 KW\/150<br \/>\nSET  ZAMA\u0160NJAK KORPA LAMELA,BEZ POTISNOG LE\u017dAJA ,LE\u017dAJ KUPITE NOVI<br \/>\nSTANJE  ZAMA\u0160NJAKA ODLI\u010cNO &#8230;NEMA LUFTA PREKOMEJRNOG<\/p>\n<p>8200734627<br \/>\n12310 00Q1E NISSAN<br \/>\n12310-00Q1C NISSAN<br \/>\n23354 00QAH NISSAN<br \/>\n30620 00Q0H NISSAN<br \/>\n30620-00Q1G NISSAN<br \/>\n30620-5974R NISSAN<br \/>\n3062000Q1R NISSAN<br \/>\n306A0 JA60A NISSAN<br \/>\n306A0 JA60B NISSAN<br \/>\n306A0 JA60C NISSAN<br \/>\n306A0 JA60D NISSAN<br \/>\n306A0-JA60E NISSAN<br \/>\n32150 00QAA NISSAN<br \/>\n32150 00QAB NISSAN<br \/>\n32150 00QAC NISSAN<br \/>\n12 30 064 56R RENAULT<br \/>\n30 62 014 73R RENAULT<br \/>\n30 62 059 74R RENAULT<br \/>\n30 62 062 99R RENAULT<br \/>\n30 62 066 27R RENAULT<br \/>\n30 62 068 22R RENAULT<br \/>\n30 6A 0JA 60A RENAULT<br \/>\n30 6A 0JA 60B RENAULT<br \/>\n30 6A 0JA 60C RENAULT<br \/>\n30 6A 0JA 60D RENAULT<br \/>\n77 01 476 589 RENAULT<br \/>\n77 01 477 461 RENAULT<br \/>\n77 01 478 676 RENAULT<br \/>\n77 01 478 942 RENAULT<br \/>\n82 00 213 679 RENAULT<br \/>\n82 00 421 191 RENAULT<br \/>\n82 00 501 027 RENAULT<br \/>\n82 00 501 035 RENAULT<br \/>\n82 00 764 616 RENAULT<br \/>\n82 00 764 617 RENAULT<br \/>\n82 00 805 652 RENAULT<br \/>\n82 00 842 575 RENAULT<br \/>\n82 00 907 219 RENAULT<br \/>\n82 01 184 888<\/p>\n<p>Radno vrijeme: Ponedjeljak-Petak 08-16h,ukoliko izvan radnog vremena(molimo sms)<br \/>\nOsobni dolazak-obavezna najava.<br \/>\n_______________________________________________________________<br \/>\nNa lageru imamo veliki asortiman rabljenih dijelova iz uvoza (preko 150 000 artikala na stanju).<br \/>\nCijene dijelova se mijenjaju i raspolo\u017eivost je na upit.<br \/>\nDugi niz godina iskustva u prodaji dijelova i otvoreni smo za suradnju sa servisima.<br \/>\nZa stalne kupce odobravamo popust.<br \/>\nPo\u017eeljno VIN, slika ili OE broj dijela na email, sms, viber, whatsapp<br \/>\nDostava dijelova na adresu kurirskim slu\u017ebama najkasnije 48h.<br \/>\nPla\u0107anje prilikom preuzimanja, tro\u0161kove dostave snosi kupac<\/p>\n<p>______________________________________________________________<br \/>\nNa sve dijelove dajemo garanciju na ispravnost i uva\u017eavamo reklamacije.<br \/>\nDogodi li se da je dio ne odgovaraju\u0107i i\/ili niste zadovoljni kupljenim,<br \/>\nvra\u0107amo novac ili mijenjamo za drugi.<br \/>\nRok za reklamaciju 14 dana od kupovine, uz uvjet da dio nije rastavljan.<br \/>\nMogu\u0107nost ugovora garancije 6 mj.<br \/>\n________________________________________________<\/p>\n<p>Nudimo usluge Servisa, prijevoza vozila i radnih strojeva<br \/>\nOTKUPLJUJEMO O\u0160TE\u0106ENA I KARAMBOLIRANA VOZILA.<br \/>\nZahvaljujemo na ukazanom povjerenju i razumijevanju.<br \/>\nPogledajte ostale na\u0161e oglase.<br \/>\n_________________________________________<br \/>\nwww.psc-lukavec.hr<br \/>\npsc.lukavec@gmail.com<br \/>\n098 539240<br \/>\n099 2998989<\/p>\n","protected":false},"excerpt":{"rendered":"<p>ZAMA\u0160NJAK RENAULT LAGUNA 3 2.0 DCI 110 KW\/150 SET ZAMA\u0160NJAK KORPA LAMELA,BEZ POTISNOG LE\u017dAJA ,LE\u017dAJ KUPITE NOVI STANJE ZAMA\u0160NJAKA ODLI\u010cNO &#8230;NEMA LUFTA PREKOMEJRNOG 8200734627 12310 00Q1E NISSAN 12310-00Q1C NISSAN 23354 00QAH NISSAN 30620 00Q0H NISSAN 30620-00Q1G NISSAN 30620-5974R NISSAN 3062000Q1R NISSAN 306A0 JA60A NISSAN 306A0 JA60B NISSAN 306A0 JA60C NISSAN 306A0 JA60D NISSAN 306A0-JA60E NISSAN [&hellip;]<\/p>\n","protected":false},"featured_media":228855,"comment_status":"open","ping_status":"closed","template":"","meta":{"_acf_changed":false},"brend":[2712,1614],"product_cat":[3055],"product_tag":[],"class_list":{"0":"post-228854","1":"product","2":"type-product","3":"status-publish","4":"has-post-thumbnail","6":"brend-laguna","7":"brend-renault","8":"product_cat-motor-i-pogonski-dijelovi","10":"first","11":"instock","12":"shipping-taxable","13":"product-type-simple"},"acf":[],"yoast_head":"<!-- This site is optimized with the Yoast SEO plugin v24.9 - https:\/\/yoast.com\/wordpress\/plugins\/seo\/ -->\n<title>ZAMA\u0160NJAK RENAULT LAGUNA 2.0 DCI 110 KW SET - PSC Lukavec - autodijelovi<\/title>\n<meta name=\"robots\" content=\"index, follow, max-snippet:-1, max-image-preview:large, max-video-preview:-1\" \/>\n<link rel=\"canonical\" href=\"https:\/\/psc-lukavec.hr\/product\/zamasnjak-renault-laguna-2-0-dci-110-kw-set\/\" \/>\n<meta property=\"og:locale\" content=\"en_US\" \/>\n<meta property=\"og:type\" content=\"article\" \/>\n<meta property=\"og:title\" content=\"ZAMA\u0160NJAK RENAULT LAGUNA 2.0 DCI 110 KW SET - PSC Lukavec - autodijelovi\" \/>\n<meta property=\"og:description\" content=\"ZAMA\u0160NJAK RENAULT LAGUNA 3 2.0 DCI 110 KW\/150 SET ZAMA\u0160NJAK KORPA LAMELA,BEZ POTISNOG LE\u017dAJA ,LE\u017dAJ KUPITE NOVI STANJE ZAMA\u0160NJAKA ODLI\u010cNO &#8230;NEMA LUFTA PREKOMEJRNOG 8200734627 12310 00Q1E NISSAN 12310-00Q1C NISSAN 23354 00QAH NISSAN 30620 00Q0H NISSAN 30620-00Q1G NISSAN 30620-5974R NISSAN 3062000Q1R NISSAN 306A0 JA60A NISSAN 306A0 JA60B NISSAN 306A0 JA60C NISSAN 306A0 JA60D NISSAN 306A0-JA60E NISSAN [&hellip;]\" \/>\n<meta property=\"og:url\" content=\"https:\/\/psc-lukavec.hr\/product\/zamasnjak-renault-laguna-2-0-dci-110-kw-set\/\" \/>\n<meta property=\"og:site_name\" content=\"PSC Lukavec - autodijelovi\" \/>\n<meta property=\"article:modified_time\" content=\"2024-08-24T10:59:22+00:00\" \/>\n<meta property=\"og:image\" content=\"https:\/\/psc-lukavec.hr\/wp-content\/uploads\/2024\/06\/167524849.jpg\" \/>\n\t<meta property=\"og:image:width\" content=\"1024\" \/>\n\t<meta property=\"og:image:height\" content=\"683\" \/>\n\t<meta property=\"og:image:type\" content=\"image\/jpeg\" \/>\n<meta name=\"twitter:card\" content=\"summary_large_image\" \/>\n<meta name=\"twitter:label1\" content=\"Est. reading time\" \/>\n\t<meta name=\"twitter:data1\" content=\"1 minute\" \/>\n<script type=\"application\/ld+json\" class=\"yoast-schema-graph\">{\"@context\":\"https:\/\/schema.org\",\"@graph\":[{\"@type\":\"WebPage\",\"@id\":\"https:\/\/psc-lukavec.hr\/product\/zamasnjak-renault-laguna-2-0-dci-110-kw-set\/\",\"url\":\"https:\/\/psc-lukavec.hr\/product\/zamasnjak-renault-laguna-2-0-dci-110-kw-set\/\",\"name\":\"ZAMA\u0160NJAK RENAULT LAGUNA 2.0 DCI 110 KW SET - PSC Lukavec - autodijelovi\",\"isPartOf\":{\"@id\":\"https:\/\/psc-lukavec.hr\/#website\"},\"primaryImageOfPage\":{\"@id\":\"https:\/\/psc-lukavec.hr\/product\/zamasnjak-renault-laguna-2-0-dci-110-kw-set\/#primaryimage\"},\"image\":{\"@id\":\"https:\/\/psc-lukavec.hr\/product\/zamasnjak-renault-laguna-2-0-dci-110-kw-set\/#primaryimage\"},\"thumbnailUrl\":\"http:\/\/psc-lukavec.hr\/wp-content\/uploads\/2024\/06\/167524849.jpg\",\"datePublished\":\"2024-06-18T11:45:58+00:00\",\"dateModified\":\"2024-08-24T10:59:22+00:00\",\"breadcrumb\":{\"@id\":\"https:\/\/psc-lukavec.hr\/product\/zamasnjak-renault-laguna-2-0-dci-110-kw-set\/#breadcrumb\"},\"inLanguage\":\"en-US\",\"potentialAction\":[{\"@type\":\"ReadAction\",\"target\":[\"https:\/\/psc-lukavec.hr\/product\/zamasnjak-renault-laguna-2-0-dci-110-kw-set\/\"]}]},{\"@type\":\"ImageObject\",\"inLanguage\":\"en-US\",\"@id\":\"https:\/\/psc-lukavec.hr\/product\/zamasnjak-renault-laguna-2-0-dci-110-kw-set\/#primaryimage\",\"url\":\"http:\/\/psc-lukavec.hr\/wp-content\/uploads\/2024\/06\/167524849.jpg\",\"contentUrl\":\"http:\/\/psc-lukavec.hr\/wp-content\/uploads\/2024\/06\/167524849.jpg\",\"width\":1024,\"height\":683},{\"@type\":\"BreadcrumbList\",\"@id\":\"https:\/\/psc-lukavec.hr\/product\/zamasnjak-renault-laguna-2-0-dci-110-kw-set\/#breadcrumb\",\"itemListElement\":[{\"@type\":\"ListItem\",\"position\":1,\"name\":\"Po\u010detna stranica\",\"item\":\"https:\/\/psc-lukavec.hr\/\"},{\"@type\":\"ListItem\",\"position\":2,\"name\":\"Katalog proizvoda\",\"item\":\"https:\/\/psc-lukavec.hr\/shop\/\"},{\"@type\":\"ListItem\",\"position\":3,\"name\":\"ZAMA\u0160NJAK RENAULT LAGUNA 2.0 DCI 110 KW SET\"}]},{\"@type\":\"WebSite\",\"@id\":\"https:\/\/psc-lukavec.hr\/#website\",\"url\":\"https:\/\/psc-lukavec.hr\/\",\"name\":\"PSC Lukavec - autodijelovi\",\"description\":\"Online trgovina rezervnih dijelova\",\"publisher\":{\"@id\":\"https:\/\/psc-lukavec.hr\/#organization\"},\"potentialAction\":[{\"@type\":\"SearchAction\",\"target\":{\"@type\":\"EntryPoint\",\"urlTemplate\":\"https:\/\/psc-lukavec.hr\/?s={search_term_string}\"},\"query-input\":{\"@type\":\"PropertyValueSpecification\",\"valueRequired\":true,\"valueName\":\"search_term_string\"}}],\"inLanguage\":\"en-US\"},{\"@type\":\"Organization\",\"@id\":\"https:\/\/psc-lukavec.hr\/#organization\",\"name\":\"PSC Lukavec - autodijelovi\",\"url\":\"https:\/\/psc-lukavec.hr\/\",\"logo\":{\"@type\":\"ImageObject\",\"inLanguage\":\"en-US\",\"@id\":\"https:\/\/psc-lukavec.hr\/#\/schema\/logo\/image\/\",\"url\":\"http:\/\/psc-lukavec.hr\/wp-content\/uploads\/2024\/10\/PartSmartShop-1728391966.png\",\"contentUrl\":\"http:\/\/psc-lukavec.hr\/wp-content\/uploads\/2024\/10\/PartSmartShop-1728391966.png\",\"width\":470,\"height\":80,\"caption\":\"PSC Lukavec - autodijelovi\"},\"image\":{\"@id\":\"https:\/\/psc-lukavec.hr\/#\/schema\/logo\/image\/\"}}]}<\/script>\n<!-- \/ Yoast SEO plugin. -->","yoast_head_json":{"title":"ZAMA\u0160NJAK RENAULT LAGUNA 2.0 DCI 110 KW SET - PSC Lukavec - autodijelovi","robots":{"index":"index","follow":"follow","max-snippet":"max-snippet:-1","max-image-preview":"max-image-preview:large","max-video-preview":"max-video-preview:-1"},"canonical":"https:\/\/psc-lukavec.hr\/product\/zamasnjak-renault-laguna-2-0-dci-110-kw-set\/","og_locale":"en_US","og_type":"article","og_title":"ZAMA\u0160NJAK RENAULT LAGUNA 2.0 DCI 110 KW SET - PSC Lukavec - autodijelovi","og_description":"ZAMA\u0160NJAK RENAULT LAGUNA 3 2.0 DCI 110 KW\/150 SET ZAMA\u0160NJAK KORPA LAMELA,BEZ POTISNOG LE\u017dAJA ,LE\u017dAJ KUPITE NOVI STANJE ZAMA\u0160NJAKA ODLI\u010cNO &#8230;NEMA LUFTA PREKOMEJRNOG 8200734627 12310 00Q1E NISSAN 12310-00Q1C NISSAN 23354 00QAH NISSAN 30620 00Q0H NISSAN 30620-00Q1G NISSAN 30620-5974R NISSAN 3062000Q1R NISSAN 306A0 JA60A NISSAN 306A0 JA60B NISSAN 306A0 JA60C NISSAN 306A0 JA60D NISSAN 306A0-JA60E NISSAN [&hellip;]","og_url":"https:\/\/psc-lukavec.hr\/product\/zamasnjak-renault-laguna-2-0-dci-110-kw-set\/","og_site_name":"PSC Lukavec - autodijelovi","article_modified_time":"2024-08-24T10:59:22+00:00","og_image":[{"width":1024,"height":683,"url":"https:\/\/psc-lukavec.hr\/wp-content\/uploads\/2024\/06\/167524849.jpg","type":"image\/jpeg"}],"twitter_card":"summary_large_image","twitter_misc":{"Est. reading time":"1 minute"},"schema":{"@context":"https:\/\/schema.org","@graph":[{"@type":"WebPage","@id":"https:\/\/psc-lukavec.hr\/product\/zamasnjak-renault-laguna-2-0-dci-110-kw-set\/","url":"https:\/\/psc-lukavec.hr\/product\/zamasnjak-renault-laguna-2-0-dci-110-kw-set\/","name":"ZAMA\u0160NJAK RENAULT LAGUNA 2.0 DCI 110 KW SET - PSC Lukavec - autodijelovi","isPartOf":{"@id":"https:\/\/psc-lukavec.hr\/#website"},"primaryImageOfPage":{"@id":"https:\/\/psc-lukavec.hr\/product\/zamasnjak-renault-laguna-2-0-dci-110-kw-set\/#primaryimage"},"image":{"@id":"https:\/\/psc-lukavec.hr\/product\/zamasnjak-renault-laguna-2-0-dci-110-kw-set\/#primaryimage"},"thumbnailUrl":"http:\/\/psc-lukavec.hr\/wp-content\/uploads\/2024\/06\/167524849.jpg","datePublished":"2024-06-18T11:45:58+00:00","dateModified":"2024-08-24T10:59:22+00:00","breadcrumb":{"@id":"https:\/\/psc-lukavec.hr\/product\/zamasnjak-renault-laguna-2-0-dci-110-kw-set\/#breadcrumb"},"inLanguage":"en-US","potentialAction":[{"@type":"ReadAction","target":["https:\/\/psc-lukavec.hr\/product\/zamasnjak-renault-laguna-2-0-dci-110-kw-set\/"]}]},{"@type":"ImageObject","inLanguage":"en-US","@id":"https:\/\/psc-lukavec.hr\/product\/zamasnjak-renault-laguna-2-0-dci-110-kw-set\/#primaryimage","url":"http:\/\/psc-lukavec.hr\/wp-content\/uploads\/2024\/06\/167524849.jpg","contentUrl":"http:\/\/psc-lukavec.hr\/wp-content\/uploads\/2024\/06\/167524849.jpg","width":1024,"height":683},{"@type":"BreadcrumbList","@id":"https:\/\/psc-lukavec.hr\/product\/zamasnjak-renault-laguna-2-0-dci-110-kw-set\/#breadcrumb","itemListElement":[{"@type":"ListItem","position":1,"name":"Po\u010detna stranica","item":"https:\/\/psc-lukavec.hr\/"},{"@type":"ListItem","position":2,"name":"Katalog proizvoda","item":"https:\/\/psc-lukavec.hr\/shop\/"},{"@type":"ListItem","position":3,"name":"ZAMA\u0160NJAK RENAULT LAGUNA 2.0 DCI 110 KW SET"}]},{"@type":"WebSite","@id":"https:\/\/psc-lukavec.hr\/#website","url":"https:\/\/psc-lukavec.hr\/","name":"PSC Lukavec - autodijelovi","description":"Online trgovina rezervnih dijelova","publisher":{"@id":"https:\/\/psc-lukavec.hr\/#organization"},"potentialAction":[{"@type":"SearchAction","target":{"@type":"EntryPoint","urlTemplate":"https:\/\/psc-lukavec.hr\/?s={search_term_string}"},"query-input":{"@type":"PropertyValueSpecification","valueRequired":true,"valueName":"search_term_string"}}],"inLanguage":"en-US"},{"@type":"Organization","@id":"https:\/\/psc-lukavec.hr\/#organization","name":"PSC Lukavec - autodijelovi","url":"https:\/\/psc-lukavec.hr\/","logo":{"@type":"ImageObject","inLanguage":"en-US","@id":"https:\/\/psc-lukavec.hr\/#\/schema\/logo\/image\/","url":"http:\/\/psc-lukavec.hr\/wp-content\/uploads\/2024\/10\/PartSmartShop-1728391966.png","contentUrl":"http:\/\/psc-lukavec.hr\/wp-content\/uploads\/2024\/10\/PartSmartShop-1728391966.png","width":470,"height":80,"caption":"PSC Lukavec - autodijelovi"},"image":{"@id":"https:\/\/psc-lukavec.hr\/#\/schema\/logo\/image\/"}}]}},"_links":{"self":[{"href":"http:\/\/psc-lukavec.hr\/en\/wp-json\/wp\/v2\/product\/228854","targetHints":{"allow":["GET"]}}],"collection":[{"href":"http:\/\/psc-lukavec.hr\/en\/wp-json\/wp\/v2\/product"}],"about":[{"href":"http:\/\/psc-lukavec.hr\/en\/wp-json\/wp\/v2\/types\/product"}],"replies":[{"embeddable":true,"href":"http:\/\/psc-lukavec.hr\/en\/wp-json\/wp\/v2\/comments?post=228854"}],"wp:featuredmedia":[{"embeddable":true,"href":"http:\/\/psc-lukavec.hr\/en\/wp-json\/wp\/v2\/media\/228855"}],"wp:attachment":[{"href":"http:\/\/psc-lukavec.hr\/en\/wp-json\/wp\/v2\/media?parent=228854"}],"wp:term":[{"taxonomy":"brend","embeddable":true,"href":"http:\/\/psc-lukavec.hr\/en\/wp-json\/wp\/v2\/brend?post=228854"},{"taxonomy":"product_cat","embeddable":true,"href":"http:\/\/psc-lukavec.hr\/en\/wp-json\/wp\/v2\/product_cat?post=228854"},{"taxonomy":"product_tag","embeddable":true,"href":"http:\/\/psc-lukavec.hr\/en\/wp-json\/wp\/v2\/product_tag?post=228854"}],"curies":[{"name":"wp","href":"https:\/\/api.w.org\/{rel}","templated":true}]}}