{"id":221784,"date":"2024-06-15T04:18:40","date_gmt":"2024-06-15T04:18:40","guid":{"rendered":"http:\/\/psclukavec.hr\/product\/skoda-superb-ratkapa-16-5e0601147c\/"},"modified":"2024-08-24T11:07:24","modified_gmt":"2024-08-24T11:07:24","slug":"skoda-superb-ratkapa-16-5e0601147c","status":"publish","type":"product","link":"http:\/\/psc-lukavec.hr\/en\/product\/skoda-superb-ratkapa-16-5e0601147c\/","title":{"rendered":"\u0160KODA SUPERB RATKAPA 16&#8243; 5E0601147C"},"content":{"rendered":"<p>\u0160KODA SUPERB RATKAPA 16&#8243;<br \/>\n5E0601147C <\/p>\n<p>SLIKA PRIKAZUJE STVARNO STANJE PREDMETA <\/p>\n<p>Kupljena roba je vrlo dobro za\u0161ti\u0107ena od o\u0161te\u0107enja prilikom transporta. <\/p>\n<p>Preporu\u010dite nas drugima! <\/p>\n<p>Vr\u0161imo i prodaju u sjedi\u0161tu tvrtke <\/p>\n<p>Radno vrijeme: Ponedjeljak-Petak 08-16h,ukoliko izvan radnog vremena(molimo sms)<br \/>\nOsobni dolazak-obavezna najava.<br \/>\n_______________________________________<br \/>\nNa lageru imamo veliki asortiman rabljenih dijelova iz inozemstva i tuzemstva(preko 6500 m2 skladi\u0161nog prostora sa preko 1500 000 artikala na stanju sa kontinuiranim rastom lagera i prodaje).<br \/>\nCijene dijelova se mijenjaju i cijena i raspolo\u017eivost je na upit.*<br \/>\nDugi niz godina iskustva u prodaji dijelova i otvoreni smo za suradnju sa svim servisima.<br \/>\nZa stalne kupce odobravamo popust.<br \/>\nPo\u017eeljno VIN, slika ili OE broj dijela na email, sms, viber, whatsapp<br \/>\nDostava dijelova u HR I EU na adresu kurirskim slu\u017ebama najkasnije 96h.<br \/>\nPla\u0107anje prilikom preuzimanja, tro\u0161kove dostave snosi kupac<br \/>\n_______________________________________<br \/>\nNa sve dijelove dajemo garanciju na ispravnost i uva\u017eavamo reklamacije.<br \/>\nDogodi li se da je dio ne odgovaraju\u0107i i\/ili niste zadovoljni kupljenim,<br \/>\nvra\u0107amo novac ili mijenjamo za drugi.<br \/>\nRok za reklamaciju 14 dana od kupovine, uz uvjet da dio nije rastavljan.<br \/>\nMogu\u0107nost ugovora garancije 6 mj.<br \/>\n_______________________________________<br \/>\nNudimo usluge Servisa, prijevoza vozila i radnih strojeva<br \/>\nOTKUPLJUJEMO O\u0160TE\u0106ENA I KARAMBOLIRANA VOZILA.<br \/>\nZahvaljujemo na ukazanom povjerenju i razumijevanju.<br \/>\nPogledajte ostale na\u0161e oglase.<br \/>\n_______________________________________<br \/>\nwww.psc-lukavec.hr<br \/>\npsc.lukavec@gmail.com<\/p>\n<p>098 539 240<br \/>\n099 299 8989 <\/p>\n<p>DIJELOVI MEHANIKE motor , injektori ,dizne , visoko tla\u010dna pumpa , pumpa goriva, common rail pumpa, turbina ,turbo punja\u010d,dobavna pumpa , start stop alternator , alnaser, alternator, starter, rail rampa ,kva\u010dilo<br \/>\nkompjuter motora ,racunalo motora ecu motora , egr ventil, mjenja\u010d, getriba, zama\u0161njak ,aktivni  zamajac, klapna gasa, usisna grana ,crijeva goriva,<br \/>\nMotor 2.2hdi,motor 1.9dci,motor 2.0tdi cr,motor 1.6vti,motor 1.6hdi motor 1.5 bluehdi,motor 1.6 tdci,motor 1.6dci biturbo,motor 1.7 dci,motor 0.9TCe, motor 1.2 TCe motor 1.4 TCe, 1.0 TCe motor 2.0dci,motor 2.3 dci,motor 2.5 dci, rukavac, rame, sajla gasa, sajla ru\u010dne ko\u010dnice, sajla mjenja\u010da, remenica radilice, \u0161paner kanalnog remena, ko\u010diona klije\u0161ta, glav\u010dina, pumpa goriva grrednja, glav\u010dina stra\u017enja, vilica, vilica gornja, vilica donja, vilica ravna, vilica, lager, most prednji, most stra\u017enji, spone, krajnik letve volana, letva volana, amortizer, balans \u0161tanga, opruga amortizera, nosa\u010d motora, turbina, usisna grana, servo pumpa, lajtung serva, hladnjak zraka, intercooler cijevi hladnjaka zraka, felge \u010deli\u010dne, felge aluminijske, bregasta osovina, klip, klipnja\u010da, glava motora, nosa\u010d motora, klackalica, sajle mjenja\u010da, \u0161althebla, sajla ru\u010dne ko\u010dnice, ku\u0107i\u0161te filtera zraka, ku\u0107i\u0161te filtera goriva, vakuum pumpa, lager, dizna, egr ventil, turbina, turbopunja\u010d, starter, diferencijal, kardan, le\u017eaj kota\u010da, lager kota\u010da, vijci kota\u010da, felga \u010deli\u010dna, felga aluminijska, felge set, mjenja\u010d, poluosovina lijeva, poluosovina desna, homokineti\u010dki zglob, kuplung set, zama\u0161njak, lamela, druk lager, korpa, aktivni zamajac, dvomaseni zama\u0161njak,<br \/>\nadblue spremnik, spremnik aditiva, sonda, ad blue \u0161prica, ad blue sustav, ad blue spremnik, posuda dpf-a fleksibilno crijevo, auspuh, srednji lonac, zadnji lonac, nox senzor, ispu\u0161na grana, katalizator, dpf filter, lambda sonda, senzor temperature dpf-a<br \/>\nDIJELOVI KAROSERIJE \u2013 lajsna gepeka,vrata prtljaznika,zadnji branik prednji branik,prednja hauba,obloge kotaca ,pvc obloga, donja zastita motora,blatobran lijevi, blatobran desni,amortizer zadnje haube, pvc za\u0161tita zadnja, lajsna vrata, pvc za\u0161tita prednja, za\u0161tita ispod motora, pvc oplata blatobrana, poklopac motora, brava zadnje haube, hauba prednja, hauba stra\u017enja, vrata prednja lijeva, vrata prednja desna,\u0161uspleh, vrata stra\u017enja lijeva, vrata stra\u017enja desna,stranica sa pragom,branik prednji, \u0161tosdenfer, branik stra\u017enji, vezni lim, far, prednje svjetlo, lampa , \u0161ajba prednja, staklo prednje, staklo stra\u017enje, bo\u010dno staklo klizno, bo\u010dno staklo fiksno, motori\u0107 brisa\u010da, \u0161kare brisa\u010da, motor brisa\u010da, poluga brisa\u010da, ruka brisa\u010da prednja, metlica brisa\u010da, ruka brisa\u010da stra\u017enja, zadnji \u0161top, vanjska lampa zadnja unutarnja, \u017emigavac, retrovizor, vezni lim stra\u017enji, traverza, nosa\u010d branika prednji, nosa\u010d branika stra\u017enji, prag, zadnji kraj sa krovom,rubnjak, mulda, blatobran, stranica zadnja, krov, pvc za\u0161tita motora, pvc obloga blatobrana, kvaka vanjska, brava prednje haube, brava stra\u017enje haube, guma oko vrata, vezni lim stra\u017enji, vezni lim prednji, prednja stijena<br \/>\nDIJELOVI ELEKTRIKE \u2013 ecu, kompjuter motora, ra\u010dunalo motora, glavno racunalo, kompjuter ubrizgavanja,parking senzor,centrala parkirnih senzora,tms modul,sam modul,uch modul upc modul bsi modul,pdc senzor ,ra\u010dunalo ubrizgavanja, procesor motora otpornik grijanja, ulo\u017eak brave paljenja, bobina, brava vrata ,kontakt brava,regulator ventilacije, otpornik ventilacije, relej klime, presostat relej elektronika modul abs centrala, anlaser, alternator, elektronika start stop modul el kutija, modul volana, modul parking senzora, modul za kuku, modul serva, ra\u010dunalo serva, modul kleme, elektronika akumulatora, start stop modul hibridni alternator, start stop alternator, modul prenapona, modul akumulatora, abs centrala, hidroblok, relej grija\u010da, centrala zra\u010dnih jastuka, kompjuter motora, brava, podiza\u010d stakla, prekida\u010d podiza\u010da stakla, bobina, razvodnik paljenja, transformator fara, ballast fara, kompjuter letve volana, elektri\u010dna letva volana, elektri\u010dna servo pumpa, senzor radilice, senzor bregaste, senzor ABS-a, egr ventil, vakuum ventil, klapna gasa, pumpa goriva, dizne, rampa za dizne, mjera\u010d protoka zraka, egr ventil senzor zra\u010dnog jastuka, prekida\u010di svjetla, prekida\u010di brisa\u010da, prekida\u010d, kutija osigura\u010da, radio, multimedia, cd ure\u0111aj, displej, kilometar sat ,instrument tabla, instalacija, priklju\u010dak, dizna, injektor.<br \/>\nDIJELOVI UNUTRA\u0160NJOSTI \u2013 suncobrani, ru\u010dica brzina, kugla mjenja\u010da, rukohvati, podnica,\u0161althebla, kugla biraca brzina,nebo,krovni tapecirung , lajsne kabine,ventilacijeske resetke, tapecirunzi, zra\u010dni jastuk, sigurnosni pojas, zra\u010dna zavjesa,tabla sa jastucima, krovna zavjesa ,garnitura zra\u010dnih jastuka, cd izmjenjiva\u010d, kop\u010de sigurnosnog pojasa, maska cd ure\u0111aja, tapecirung vrata, krovni tapecirung, sjedi\u0161te, sjedalo, armatura, sredi\u0161nja konzola, sjenilo za sunce, ru\u010dica mjenja\u010da, podni tepih, pepeljara, unutra\u0161nji retrovizor, poluge sjedala, sajla sica, rucka sica, sjedalo vozacevo, tipkalo klime,pepeljara,<br \/>\nprekida\u010di ventilacije, ku\u0107i\u0161te ventilacije, otpornik ventilacije, rukohvat, kozna sjedala, pretinac,ladica suvozaca,konzola klime,rukohvati vrata, volan kolo volana,kozni volan ,multifunkcionalni volan prekidaci,rucice sijedala,kvaka vrata, ladica vrata,ru\u010dica svijetala,zavojnica volana,rucice sjedala,ru\u010dica \u017emigavaca,rucka vrata i kvaka vrata.<\/p>\n","protected":false},"excerpt":{"rendered":"<p>\u0160KODA SUPERB RATKAPA 16&#8243; 5E0601147C SLIKA PRIKAZUJE STVARNO STANJE PREDMETA Kupljena roba je vrlo dobro za\u0161ti\u0107ena od o\u0161te\u0107enja prilikom transporta. Preporu\u010dite nas drugima! Vr\u0161imo i prodaju u sjedi\u0161tu tvrtke Radno vrijeme: Ponedjeljak-Petak 08-16h,ukoliko izvan radnog vremena(molimo sms) Osobni dolazak-obavezna najava. _______________________________________ Na lageru imamo veliki asortiman rabljenih dijelova iz inozemstva i tuzemstva(preko 6500 m2 skladi\u0161nog [&hellip;]<\/p>\n","protected":false},"featured_media":267929,"comment_status":"open","ping_status":"closed","template":"","meta":{"_acf_changed":false},"brend":[1624,2881],"product_cat":[3070],"product_tag":[],"class_list":{"0":"post-221784","1":"product","2":"type-product","3":"status-publish","4":"has-post-thumbnail","6":"brend-skoda","7":"brend-superb","8":"product_cat-ratkape","10":"first","11":"instock","12":"shipping-taxable","13":"product-type-simple"},"acf":[],"yoast_head":"<!-- This site is optimized with the Yoast SEO plugin v24.9 - https:\/\/yoast.com\/wordpress\/plugins\/seo\/ -->\n<title>\u0160KODA SUPERB RATKAPA 16&quot; 5E0601147C - PSC Lukavec - autodijelovi<\/title>\n<meta name=\"robots\" content=\"index, follow, max-snippet:-1, max-image-preview:large, max-video-preview:-1\" \/>\n<link rel=\"canonical\" href=\"http:\/\/psc-lukavec.hr\/en\/product\/skoda-superb-ratkapa-16-5e0601147c\/\" \/>\n<meta property=\"og:locale\" content=\"en_US\" \/>\n<meta property=\"og:type\" content=\"article\" \/>\n<meta property=\"og:title\" content=\"\u0160KODA SUPERB RATKAPA 16&quot; 5E0601147C - PSC Lukavec - autodijelovi\" \/>\n<meta property=\"og:description\" content=\"\u0160KODA SUPERB RATKAPA 16&#8243; 5E0601147C SLIKA PRIKAZUJE STVARNO STANJE PREDMETA Kupljena roba je vrlo dobro za\u0161ti\u0107ena od o\u0161te\u0107enja prilikom transporta. Preporu\u010dite nas drugima! Vr\u0161imo i prodaju u sjedi\u0161tu tvrtke Radno vrijeme: Ponedjeljak-Petak 08-16h,ukoliko izvan radnog vremena(molimo sms) Osobni dolazak-obavezna najava. _______________________________________ Na lageru imamo veliki asortiman rabljenih dijelova iz inozemstva i tuzemstva(preko 6500 m2 skladi\u0161nog [&hellip;]\" \/>\n<meta property=\"og:url\" content=\"http:\/\/psc-lukavec.hr\/en\/product\/skoda-superb-ratkapa-16-5e0601147c\/\" \/>\n<meta property=\"og:site_name\" content=\"PSC Lukavec - autodijelovi\" \/>\n<meta property=\"article:modified_time\" content=\"2024-08-24T11:07:24+00:00\" \/>\n<meta property=\"og:image\" content=\"http:\/\/psc-lukavec.hr\/wp-content\/uploads\/2024\/06\/140875146-1.jpg\" \/>\n\t<meta property=\"og:image:width\" content=\"1024\" \/>\n\t<meta property=\"og:image:height\" content=\"683\" \/>\n\t<meta property=\"og:image:type\" content=\"image\/jpeg\" \/>\n<meta name=\"twitter:card\" content=\"summary_large_image\" \/>\n<meta name=\"twitter:label1\" content=\"Est. reading time\" \/>\n\t<meta name=\"twitter:data1\" content=\"5 minutes\" \/>\n<script type=\"application\/ld+json\" class=\"yoast-schema-graph\">{\"@context\":\"https:\/\/schema.org\",\"@graph\":[{\"@type\":\"WebPage\",\"@id\":\"http:\/\/psc-lukavec.hr\/en\/product\/skoda-superb-ratkapa-16-5e0601147c\/\",\"url\":\"http:\/\/psc-lukavec.hr\/en\/product\/skoda-superb-ratkapa-16-5e0601147c\/\",\"name\":\"\u0160KODA SUPERB RATKAPA 16\\\" 5E0601147C - PSC Lukavec - autodijelovi\",\"isPartOf\":{\"@id\":\"http:\/\/psc-lukavec.hr\/en\/#website\"},\"primaryImageOfPage\":{\"@id\":\"http:\/\/psc-lukavec.hr\/en\/product\/skoda-superb-ratkapa-16-5e0601147c\/#primaryimage\"},\"image\":{\"@id\":\"http:\/\/psc-lukavec.hr\/en\/product\/skoda-superb-ratkapa-16-5e0601147c\/#primaryimage\"},\"thumbnailUrl\":\"http:\/\/psc-lukavec.hr\/wp-content\/uploads\/2024\/06\/140875146-1.jpg\",\"datePublished\":\"2024-06-15T04:18:40+00:00\",\"dateModified\":\"2024-08-24T11:07:24+00:00\",\"breadcrumb\":{\"@id\":\"http:\/\/psc-lukavec.hr\/en\/product\/skoda-superb-ratkapa-16-5e0601147c\/#breadcrumb\"},\"inLanguage\":\"en-US\",\"potentialAction\":[{\"@type\":\"ReadAction\",\"target\":[\"http:\/\/psc-lukavec.hr\/en\/product\/skoda-superb-ratkapa-16-5e0601147c\/\"]}]},{\"@type\":\"ImageObject\",\"inLanguage\":\"en-US\",\"@id\":\"http:\/\/psc-lukavec.hr\/en\/product\/skoda-superb-ratkapa-16-5e0601147c\/#primaryimage\",\"url\":\"http:\/\/psc-lukavec.hr\/wp-content\/uploads\/2024\/06\/140875146-1.jpg\",\"contentUrl\":\"http:\/\/psc-lukavec.hr\/wp-content\/uploads\/2024\/06\/140875146-1.jpg\",\"width\":1024,\"height\":683},{\"@type\":\"BreadcrumbList\",\"@id\":\"http:\/\/psc-lukavec.hr\/en\/product\/skoda-superb-ratkapa-16-5e0601147c\/#breadcrumb\",\"itemListElement\":[{\"@type\":\"ListItem\",\"position\":1,\"name\":\"Po\u010detna stranica\",\"item\":\"http:\/\/psc-lukavec.hr\/\"},{\"@type\":\"ListItem\",\"position\":2,\"name\":\"Katalog proizvoda\",\"item\":\"http:\/\/psc-lukavec.hr\/shop\/\"},{\"@type\":\"ListItem\",\"position\":3,\"name\":\"\u0160KODA SUPERB RATKAPA 16&#8243; 5E0601147C\"}]},{\"@type\":\"WebSite\",\"@id\":\"http:\/\/psc-lukavec.hr\/en\/#website\",\"url\":\"http:\/\/psc-lukavec.hr\/en\/\",\"name\":\"PSC Lukavec - autodijelovi\",\"description\":\"Online trgovina rezervnih dijelova\",\"publisher\":{\"@id\":\"http:\/\/psc-lukavec.hr\/en\/#organization\"},\"potentialAction\":[{\"@type\":\"SearchAction\",\"target\":{\"@type\":\"EntryPoint\",\"urlTemplate\":\"http:\/\/psc-lukavec.hr\/en\/?s={search_term_string}\"},\"query-input\":{\"@type\":\"PropertyValueSpecification\",\"valueRequired\":true,\"valueName\":\"search_term_string\"}}],\"inLanguage\":\"en-US\"},{\"@type\":\"Organization\",\"@id\":\"http:\/\/psc-lukavec.hr\/en\/#organization\",\"name\":\"PSC Lukavec - autodijelovi\",\"url\":\"http:\/\/psc-lukavec.hr\/en\/\",\"logo\":{\"@type\":\"ImageObject\",\"inLanguage\":\"en-US\",\"@id\":\"http:\/\/psc-lukavec.hr\/en\/#\/schema\/logo\/image\/\",\"url\":\"http:\/\/psc-lukavec.hr\/wp-content\/uploads\/2024\/10\/PartSmartShop-1728391966.png\",\"contentUrl\":\"http:\/\/psc-lukavec.hr\/wp-content\/uploads\/2024\/10\/PartSmartShop-1728391966.png\",\"width\":470,\"height\":80,\"caption\":\"PSC Lukavec - autodijelovi\"},\"image\":{\"@id\":\"http:\/\/psc-lukavec.hr\/en\/#\/schema\/logo\/image\/\"}}]}<\/script>\n<!-- \/ Yoast SEO plugin. -->","yoast_head_json":{"title":"\u0160KODA SUPERB RATKAPA 16\" 5E0601147C - PSC Lukavec - autodijelovi","robots":{"index":"index","follow":"follow","max-snippet":"max-snippet:-1","max-image-preview":"max-image-preview:large","max-video-preview":"max-video-preview:-1"},"canonical":"http:\/\/psc-lukavec.hr\/en\/product\/skoda-superb-ratkapa-16-5e0601147c\/","og_locale":"en_US","og_type":"article","og_title":"\u0160KODA SUPERB RATKAPA 16\" 5E0601147C - PSC Lukavec - autodijelovi","og_description":"\u0160KODA SUPERB RATKAPA 16&#8243; 5E0601147C SLIKA PRIKAZUJE STVARNO STANJE PREDMETA Kupljena roba je vrlo dobro za\u0161ti\u0107ena od o\u0161te\u0107enja prilikom transporta. Preporu\u010dite nas drugima! Vr\u0161imo i prodaju u sjedi\u0161tu tvrtke Radno vrijeme: Ponedjeljak-Petak 08-16h,ukoliko izvan radnog vremena(molimo sms) Osobni dolazak-obavezna najava. _______________________________________ Na lageru imamo veliki asortiman rabljenih dijelova iz inozemstva i tuzemstva(preko 6500 m2 skladi\u0161nog [&hellip;]","og_url":"http:\/\/psc-lukavec.hr\/en\/product\/skoda-superb-ratkapa-16-5e0601147c\/","og_site_name":"PSC Lukavec - autodijelovi","article_modified_time":"2024-08-24T11:07:24+00:00","og_image":[{"width":1024,"height":683,"url":"http:\/\/psc-lukavec.hr\/wp-content\/uploads\/2024\/06\/140875146-1.jpg","type":"image\/jpeg"}],"twitter_card":"summary_large_image","twitter_misc":{"Est. reading time":"5 minutes"},"schema":{"@context":"https:\/\/schema.org","@graph":[{"@type":"WebPage","@id":"http:\/\/psc-lukavec.hr\/en\/product\/skoda-superb-ratkapa-16-5e0601147c\/","url":"http:\/\/psc-lukavec.hr\/en\/product\/skoda-superb-ratkapa-16-5e0601147c\/","name":"\u0160KODA SUPERB RATKAPA 16\" 5E0601147C - PSC Lukavec - autodijelovi","isPartOf":{"@id":"http:\/\/psc-lukavec.hr\/en\/#website"},"primaryImageOfPage":{"@id":"http:\/\/psc-lukavec.hr\/en\/product\/skoda-superb-ratkapa-16-5e0601147c\/#primaryimage"},"image":{"@id":"http:\/\/psc-lukavec.hr\/en\/product\/skoda-superb-ratkapa-16-5e0601147c\/#primaryimage"},"thumbnailUrl":"http:\/\/psc-lukavec.hr\/wp-content\/uploads\/2024\/06\/140875146-1.jpg","datePublished":"2024-06-15T04:18:40+00:00","dateModified":"2024-08-24T11:07:24+00:00","breadcrumb":{"@id":"http:\/\/psc-lukavec.hr\/en\/product\/skoda-superb-ratkapa-16-5e0601147c\/#breadcrumb"},"inLanguage":"en-US","potentialAction":[{"@type":"ReadAction","target":["http:\/\/psc-lukavec.hr\/en\/product\/skoda-superb-ratkapa-16-5e0601147c\/"]}]},{"@type":"ImageObject","inLanguage":"en-US","@id":"http:\/\/psc-lukavec.hr\/en\/product\/skoda-superb-ratkapa-16-5e0601147c\/#primaryimage","url":"http:\/\/psc-lukavec.hr\/wp-content\/uploads\/2024\/06\/140875146-1.jpg","contentUrl":"http:\/\/psc-lukavec.hr\/wp-content\/uploads\/2024\/06\/140875146-1.jpg","width":1024,"height":683},{"@type":"BreadcrumbList","@id":"http:\/\/psc-lukavec.hr\/en\/product\/skoda-superb-ratkapa-16-5e0601147c\/#breadcrumb","itemListElement":[{"@type":"ListItem","position":1,"name":"Po\u010detna stranica","item":"http:\/\/psc-lukavec.hr\/"},{"@type":"ListItem","position":2,"name":"Katalog proizvoda","item":"http:\/\/psc-lukavec.hr\/shop\/"},{"@type":"ListItem","position":3,"name":"\u0160KODA SUPERB RATKAPA 16&#8243; 5E0601147C"}]},{"@type":"WebSite","@id":"http:\/\/psc-lukavec.hr\/en\/#website","url":"http:\/\/psc-lukavec.hr\/en\/","name":"PSC Lukavec - autodijelovi","description":"Online trgovina rezervnih dijelova","publisher":{"@id":"http:\/\/psc-lukavec.hr\/en\/#organization"},"potentialAction":[{"@type":"SearchAction","target":{"@type":"EntryPoint","urlTemplate":"http:\/\/psc-lukavec.hr\/en\/?s={search_term_string}"},"query-input":{"@type":"PropertyValueSpecification","valueRequired":true,"valueName":"search_term_string"}}],"inLanguage":"en-US"},{"@type":"Organization","@id":"http:\/\/psc-lukavec.hr\/en\/#organization","name":"PSC Lukavec - autodijelovi","url":"http:\/\/psc-lukavec.hr\/en\/","logo":{"@type":"ImageObject","inLanguage":"en-US","@id":"http:\/\/psc-lukavec.hr\/en\/#\/schema\/logo\/image\/","url":"http:\/\/psc-lukavec.hr\/wp-content\/uploads\/2024\/10\/PartSmartShop-1728391966.png","contentUrl":"http:\/\/psc-lukavec.hr\/wp-content\/uploads\/2024\/10\/PartSmartShop-1728391966.png","width":470,"height":80,"caption":"PSC Lukavec - autodijelovi"},"image":{"@id":"http:\/\/psc-lukavec.hr\/en\/#\/schema\/logo\/image\/"}}]}},"_links":{"self":[{"href":"http:\/\/psc-lukavec.hr\/en\/wp-json\/wp\/v2\/product\/221784","targetHints":{"allow":["GET"]}}],"collection":[{"href":"http:\/\/psc-lukavec.hr\/en\/wp-json\/wp\/v2\/product"}],"about":[{"href":"http:\/\/psc-lukavec.hr\/en\/wp-json\/wp\/v2\/types\/product"}],"replies":[{"embeddable":true,"href":"http:\/\/psc-lukavec.hr\/en\/wp-json\/wp\/v2\/comments?post=221784"}],"wp:featuredmedia":[{"embeddable":true,"href":"http:\/\/psc-lukavec.hr\/en\/wp-json\/wp\/v2\/media\/267929"}],"wp:attachment":[{"href":"http:\/\/psc-lukavec.hr\/en\/wp-json\/wp\/v2\/media?parent=221784"}],"wp:term":[{"taxonomy":"brend","embeddable":true,"href":"http:\/\/psc-lukavec.hr\/en\/wp-json\/wp\/v2\/brend?post=221784"},{"taxonomy":"product_cat","embeddable":true,"href":"http:\/\/psc-lukavec.hr\/en\/wp-json\/wp\/v2\/product_cat?post=221784"},{"taxonomy":"product_tag","embeddable":true,"href":"http:\/\/psc-lukavec.hr\/en\/wp-json\/wp\/v2\/product_tag?post=221784"}],"curies":[{"name":"wp","href":"https:\/\/api.w.org\/{rel}","templated":true}]}}