{"id":214265,"date":"2024-06-15T03:21:38","date_gmt":"2024-06-15T03:21:38","guid":{"rendered":"http:\/\/psclukavec.hr\/product\/vw-touran-zavojnica-volana-vw-touran-spula-volana-2012\/"},"modified":"2026-03-16T07:44:45","modified_gmt":"2026-03-16T07:44:45","slug":"vw-touran-zavojnica-volana-vw-touran-spula-volana-2012","status":"publish","type":"product","link":"http:\/\/psc-lukavec.hr\/en\/product\/vw-touran-zavojnica-volana-vw-touran-spula-volana-2012\/","title":{"rendered":"VW TOURAN ZAVOJNICA VOLANA VW TOURAN \u0160PULA VOLANA  2012."},"content":{"rendered":"<p>VW TOURAN ZAVOJNICA VOLANA<br \/>\nVW TOURAN \u0160PULA VOLANA<br \/>\nVW TOURAN ELEKTRONIKA VOLANA<br \/>\nVW TOURAN ZAVOJNICA ZRACNOG JASTUKA<br \/>\nVW TOURAN ZAVOJNICA AIRBAGA<br \/>\nVW TOURAN \u0160PULA VOLANA<br \/>\nVW TOURAN \u0160PULA ZRACNOG JASTUKA<br \/>\nVW TOURAN MODUL VOLANA<br \/>\n5K0953569R<br \/>\n2011-2016<\/p>\n<p>5K0953569AP \/ 5K0953569AL \/ 5KO953569AL \/ 5K0953569B \/ 5K0953569C<br \/>\n5K0953569E \/ 5K0953569H \/ 5K0953569J \/ 5K0953569AC \/ 5K0953569F<br \/>\n5K0953569AP 5K0953569AM \/ 5K0953569AF \/ 5K0953569AJ<\/p>\n<p>SLIKA PRIKAZUJE STVARNO STANJE PREDMETA<br \/>\nKupljena roba je vrlo dobro za\u0161ti\u0107ena od o\u0161te\u0107enja prilikom transporta.<\/p>\n<p>Preporu\u010dite nas drugima!<\/p>\n<p>Vr\u0161imo i prodaju u sjedi\u0161tu tvrtke<\/p>\n<p>Radno vrijeme: Ponedjeljak-Petak 08-16h,ukoliko izvan radnog vremena(molimo sms)<br \/>\nOsobni dolazak &gt;obavezna najava.&lt;<br \/>\n_______________________________________<br \/>\nNa lageru imamo veliki asortiman rabljenih dijelova iz inozemstva i tuzemstva(preko 6500 m2 skladi\u0161nog prostora sa preko 1500 000 artikala u ponudi sa kontinuiranim rastom lagera i prodaje).<br \/>\n***Cijene dijelova se mijenjaju i cijena i raspolo\u017eivost je na upit.***<br \/>\nDugi niz godina iskustva u prodaji dijelova i otvoreni smo za suradnju sa svim servisima.<br \/>\nZa stalne kupce odobravamo popust.<br \/>\nPo\u017eeljno VIN, slika ili OE broj dijela na email, sms, viber, whatsapp<br \/>\nDostava dijelova u HR i EU na adresu kurirskim slu\u017ebama 48h.<br \/>\nPla\u0107anje prilikom preuzimanja, tro\u0161kove dostave snosi kupac.!<br \/>\n_______________________________________<br \/>\nNa sve dijelove dajemo garanciju na ispravnost i uva\u017eavamo reklamacije.<br \/>\nDogodi li se da je dio ne odgovaraju\u0107i i\/ili niste zadovoljni kupljenim,<br \/>\nvra\u0107amo novac ili mijenjamo za drugi dio.<br \/>\nRok za reklamaciju 14 dana od kupovine, uz uvjet da dio nije rastavljan.<br \/>\nMogu\u0107nost ugovora garancije 6 mj.<br \/>\n_______________________________________<br \/>\nNudimo usluge Servisa, prijevoza vozila i radnih strojeva<br \/>\nOTKUPLJUJEMO O\u0160TE\u0106ENA I KARAMBOLIRANA VOZILA.<br \/>\nZahvaljujemo na ukazanom povjerenju i razumijevanju.<br \/>\nPogledajte ostale na\u0161e oglase.<br \/>\n_______________________________________<br \/>\nwww.psc-lukavec.hr<br \/>\npsc.lukavec@gmail.com<br \/>\n098 539240<br \/>\n099 2998989<\/p>\n","protected":false},"excerpt":{"rendered":"<p>VW TOURAN ZAVOJNICA VOLANA VW TOURAN \u0160PULA VOLANA VW TOURAN ELEKTRONIKA VOLANA VW TOURAN ZAVOJNICA ZRACNOG JASTUKA VW TOURAN ZAVOJNICA AIRBAGA VW TOURAN \u0160PULA VOLANA VW TOURAN \u0160PULA ZRACNOG JASTUKA VW TOURAN MODUL VOLANA 5K0953569R 2011-2016 5K0953569AP \/ 5K0953569AL \/ 5KO953569AL \/ 5K0953569B \/ 5K0953569C 5K0953569E \/ 5K0953569H \/ 5K0953569J \/ 5K0953569AC \/ 5K0953569F 5K0953569AP [&hellip;]<\/p>\n","protected":false},"featured_media":277021,"comment_status":"open","ping_status":"closed","template":"","meta":{"_acf_changed":false},"brend":[3034,1632],"product_cat":[3054],"product_tag":[],"class_list":{"0":"post-214265","1":"product","2":"type-product","3":"status-publish","4":"has-post-thumbnail","6":"brend-touran","7":"brend-vw","8":"product_cat-auto-elektronika-i-autoelektrika","10":"first","11":"instock","12":"shipping-taxable","13":"purchasable","14":"product-type-simple"},"acf":[],"yoast_head":"<!-- This site is optimized with the Yoast SEO plugin v24.9 - https:\/\/yoast.com\/wordpress\/plugins\/seo\/ -->\n<title>VW TOURAN ZAVOJNICA VOLANA VW TOURAN \u0160PULA VOLANA 2012. - PSC Lukavec - autodijelovi<\/title>\n<meta name=\"robots\" content=\"index, follow, max-snippet:-1, max-image-preview:large, max-video-preview:-1\" \/>\n<link rel=\"canonical\" href=\"http:\/\/psc-lukavec.hr\/en\/product\/vw-touran-zavojnica-volana-vw-touran-spula-volana-2012\/\" \/>\n<meta property=\"og:locale\" content=\"en_US\" \/>\n<meta property=\"og:type\" content=\"article\" \/>\n<meta property=\"og:title\" content=\"VW TOURAN ZAVOJNICA VOLANA VW TOURAN \u0160PULA VOLANA 2012. - PSC Lukavec - autodijelovi\" \/>\n<meta property=\"og:description\" content=\"VW TOURAN ZAVOJNICA VOLANA VW TOURAN \u0160PULA VOLANA VW TOURAN ELEKTRONIKA VOLANA VW TOURAN ZAVOJNICA ZRACNOG JASTUKA VW TOURAN ZAVOJNICA AIRBAGA VW TOURAN \u0160PULA VOLANA VW TOURAN \u0160PULA ZRACNOG JASTUKA VW TOURAN MODUL VOLANA 5K0953569R 2011-2016 5K0953569AP \/ 5K0953569AL \/ 5KO953569AL \/ 5K0953569B \/ 5K0953569C 5K0953569E \/ 5K0953569H \/ 5K0953569J \/ 5K0953569AC \/ 5K0953569F 5K0953569AP [&hellip;]\" \/>\n<meta property=\"og:url\" content=\"http:\/\/psc-lukavec.hr\/en\/product\/vw-touran-zavojnica-volana-vw-touran-spula-volana-2012\/\" \/>\n<meta property=\"og:site_name\" content=\"PSC Lukavec - autodijelovi\" \/>\n<meta property=\"article:modified_time\" content=\"2026-03-16T07:44:45+00:00\" \/>\n<meta property=\"og:image\" content=\"http:\/\/psc-lukavec.hr\/wp-content\/uploads\/2024\/06\/169579037-1.jpg\" \/>\n\t<meta property=\"og:image:width\" content=\"1024\" \/>\n\t<meta property=\"og:image:height\" content=\"683\" \/>\n\t<meta property=\"og:image:type\" content=\"image\/jpeg\" \/>\n<meta name=\"twitter:card\" content=\"summary_large_image\" \/>\n<meta name=\"twitter:label1\" content=\"Est. reading time\" \/>\n\t<meta name=\"twitter:data1\" content=\"2 minutes\" \/>\n<script type=\"application\/ld+json\" class=\"yoast-schema-graph\">{\"@context\":\"https:\/\/schema.org\",\"@graph\":[{\"@type\":\"WebPage\",\"@id\":\"http:\/\/psc-lukavec.hr\/en\/product\/vw-touran-zavojnica-volana-vw-touran-spula-volana-2012\/\",\"url\":\"http:\/\/psc-lukavec.hr\/en\/product\/vw-touran-zavojnica-volana-vw-touran-spula-volana-2012\/\",\"name\":\"VW TOURAN ZAVOJNICA VOLANA VW TOURAN \u0160PULA VOLANA 2012. - PSC Lukavec - autodijelovi\",\"isPartOf\":{\"@id\":\"https:\/\/psc-lukavec.hr\/#website\"},\"primaryImageOfPage\":{\"@id\":\"http:\/\/psc-lukavec.hr\/en\/product\/vw-touran-zavojnica-volana-vw-touran-spula-volana-2012\/#primaryimage\"},\"image\":{\"@id\":\"http:\/\/psc-lukavec.hr\/en\/product\/vw-touran-zavojnica-volana-vw-touran-spula-volana-2012\/#primaryimage\"},\"thumbnailUrl\":\"http:\/\/psc-lukavec.hr\/wp-content\/uploads\/2024\/06\/169579037-1.jpg\",\"datePublished\":\"2024-06-15T03:21:38+00:00\",\"dateModified\":\"2026-03-16T07:44:45+00:00\",\"breadcrumb\":{\"@id\":\"http:\/\/psc-lukavec.hr\/en\/product\/vw-touran-zavojnica-volana-vw-touran-spula-volana-2012\/#breadcrumb\"},\"inLanguage\":\"en-US\",\"potentialAction\":[{\"@type\":\"ReadAction\",\"target\":[\"http:\/\/psc-lukavec.hr\/en\/product\/vw-touran-zavojnica-volana-vw-touran-spula-volana-2012\/\"]}]},{\"@type\":\"ImageObject\",\"inLanguage\":\"en-US\",\"@id\":\"http:\/\/psc-lukavec.hr\/en\/product\/vw-touran-zavojnica-volana-vw-touran-spula-volana-2012\/#primaryimage\",\"url\":\"http:\/\/psc-lukavec.hr\/wp-content\/uploads\/2024\/06\/169579037-1.jpg\",\"contentUrl\":\"http:\/\/psc-lukavec.hr\/wp-content\/uploads\/2024\/06\/169579037-1.jpg\",\"width\":1024,\"height\":683},{\"@type\":\"BreadcrumbList\",\"@id\":\"http:\/\/psc-lukavec.hr\/en\/product\/vw-touran-zavojnica-volana-vw-touran-spula-volana-2012\/#breadcrumb\",\"itemListElement\":[{\"@type\":\"ListItem\",\"position\":1,\"name\":\"Po\u010detna stranica\",\"item\":\"https:\/\/psc-lukavec.hr\/\"},{\"@type\":\"ListItem\",\"position\":2,\"name\":\"Katalog proizvoda\",\"item\":\"https:\/\/psc-lukavec.hr\/shop\/\"},{\"@type\":\"ListItem\",\"position\":3,\"name\":\"VW TOURAN ZAVOJNICA VOLANA VW TOURAN \u0160PULA VOLANA 2012.\"}]},{\"@type\":\"WebSite\",\"@id\":\"https:\/\/psc-lukavec.hr\/#website\",\"url\":\"https:\/\/psc-lukavec.hr\/\",\"name\":\"PSC Lukavec - autodijelovi\",\"description\":\"Online trgovina rezervnih dijelova\",\"publisher\":{\"@id\":\"https:\/\/psc-lukavec.hr\/#organization\"},\"potentialAction\":[{\"@type\":\"SearchAction\",\"target\":{\"@type\":\"EntryPoint\",\"urlTemplate\":\"https:\/\/psc-lukavec.hr\/?s={search_term_string}\"},\"query-input\":{\"@type\":\"PropertyValueSpecification\",\"valueRequired\":true,\"valueName\":\"search_term_string\"}}],\"inLanguage\":\"en-US\"},{\"@type\":\"Organization\",\"@id\":\"https:\/\/psc-lukavec.hr\/#organization\",\"name\":\"PSC Lukavec - autodijelovi\",\"url\":\"https:\/\/psc-lukavec.hr\/\",\"logo\":{\"@type\":\"ImageObject\",\"inLanguage\":\"en-US\",\"@id\":\"https:\/\/psc-lukavec.hr\/#\/schema\/logo\/image\/\",\"url\":\"http:\/\/psc-lukavec.hr\/wp-content\/uploads\/2024\/10\/PartSmartShop-1728391966.png\",\"contentUrl\":\"http:\/\/psc-lukavec.hr\/wp-content\/uploads\/2024\/10\/PartSmartShop-1728391966.png\",\"width\":470,\"height\":80,\"caption\":\"PSC Lukavec - autodijelovi\"},\"image\":{\"@id\":\"https:\/\/psc-lukavec.hr\/#\/schema\/logo\/image\/\"}}]}<\/script>\n<!-- \/ Yoast SEO plugin. -->","yoast_head_json":{"title":"VW TOURAN ZAVOJNICA VOLANA VW TOURAN \u0160PULA VOLANA 2012. - PSC Lukavec - autodijelovi","robots":{"index":"index","follow":"follow","max-snippet":"max-snippet:-1","max-image-preview":"max-image-preview:large","max-video-preview":"max-video-preview:-1"},"canonical":"http:\/\/psc-lukavec.hr\/en\/product\/vw-touran-zavojnica-volana-vw-touran-spula-volana-2012\/","og_locale":"en_US","og_type":"article","og_title":"VW TOURAN ZAVOJNICA VOLANA VW TOURAN \u0160PULA VOLANA 2012. - PSC Lukavec - autodijelovi","og_description":"VW TOURAN ZAVOJNICA VOLANA VW TOURAN \u0160PULA VOLANA VW TOURAN ELEKTRONIKA VOLANA VW TOURAN ZAVOJNICA ZRACNOG JASTUKA VW TOURAN ZAVOJNICA AIRBAGA VW TOURAN \u0160PULA VOLANA VW TOURAN \u0160PULA ZRACNOG JASTUKA VW TOURAN MODUL VOLANA 5K0953569R 2011-2016 5K0953569AP \/ 5K0953569AL \/ 5KO953569AL \/ 5K0953569B \/ 5K0953569C 5K0953569E \/ 5K0953569H \/ 5K0953569J \/ 5K0953569AC \/ 5K0953569F 5K0953569AP [&hellip;]","og_url":"http:\/\/psc-lukavec.hr\/en\/product\/vw-touran-zavojnica-volana-vw-touran-spula-volana-2012\/","og_site_name":"PSC Lukavec - autodijelovi","article_modified_time":"2026-03-16T07:44:45+00:00","og_image":[{"width":1024,"height":683,"url":"http:\/\/psc-lukavec.hr\/wp-content\/uploads\/2024\/06\/169579037-1.jpg","type":"image\/jpeg"}],"twitter_card":"summary_large_image","twitter_misc":{"Est. reading time":"2 minutes"},"schema":{"@context":"https:\/\/schema.org","@graph":[{"@type":"WebPage","@id":"http:\/\/psc-lukavec.hr\/en\/product\/vw-touran-zavojnica-volana-vw-touran-spula-volana-2012\/","url":"http:\/\/psc-lukavec.hr\/en\/product\/vw-touran-zavojnica-volana-vw-touran-spula-volana-2012\/","name":"VW TOURAN ZAVOJNICA VOLANA VW TOURAN \u0160PULA VOLANA 2012. - PSC Lukavec - autodijelovi","isPartOf":{"@id":"https:\/\/psc-lukavec.hr\/#website"},"primaryImageOfPage":{"@id":"http:\/\/psc-lukavec.hr\/en\/product\/vw-touran-zavojnica-volana-vw-touran-spula-volana-2012\/#primaryimage"},"image":{"@id":"http:\/\/psc-lukavec.hr\/en\/product\/vw-touran-zavojnica-volana-vw-touran-spula-volana-2012\/#primaryimage"},"thumbnailUrl":"http:\/\/psc-lukavec.hr\/wp-content\/uploads\/2024\/06\/169579037-1.jpg","datePublished":"2024-06-15T03:21:38+00:00","dateModified":"2026-03-16T07:44:45+00:00","breadcrumb":{"@id":"http:\/\/psc-lukavec.hr\/en\/product\/vw-touran-zavojnica-volana-vw-touran-spula-volana-2012\/#breadcrumb"},"inLanguage":"en-US","potentialAction":[{"@type":"ReadAction","target":["http:\/\/psc-lukavec.hr\/en\/product\/vw-touran-zavojnica-volana-vw-touran-spula-volana-2012\/"]}]},{"@type":"ImageObject","inLanguage":"en-US","@id":"http:\/\/psc-lukavec.hr\/en\/product\/vw-touran-zavojnica-volana-vw-touran-spula-volana-2012\/#primaryimage","url":"http:\/\/psc-lukavec.hr\/wp-content\/uploads\/2024\/06\/169579037-1.jpg","contentUrl":"http:\/\/psc-lukavec.hr\/wp-content\/uploads\/2024\/06\/169579037-1.jpg","width":1024,"height":683},{"@type":"BreadcrumbList","@id":"http:\/\/psc-lukavec.hr\/en\/product\/vw-touran-zavojnica-volana-vw-touran-spula-volana-2012\/#breadcrumb","itemListElement":[{"@type":"ListItem","position":1,"name":"Po\u010detna stranica","item":"https:\/\/psc-lukavec.hr\/"},{"@type":"ListItem","position":2,"name":"Katalog proizvoda","item":"https:\/\/psc-lukavec.hr\/shop\/"},{"@type":"ListItem","position":3,"name":"VW TOURAN ZAVOJNICA VOLANA VW TOURAN \u0160PULA VOLANA 2012."}]},{"@type":"WebSite","@id":"https:\/\/psc-lukavec.hr\/#website","url":"https:\/\/psc-lukavec.hr\/","name":"PSC Lukavec - autodijelovi","description":"Online trgovina rezervnih dijelova","publisher":{"@id":"https:\/\/psc-lukavec.hr\/#organization"},"potentialAction":[{"@type":"SearchAction","target":{"@type":"EntryPoint","urlTemplate":"https:\/\/psc-lukavec.hr\/?s={search_term_string}"},"query-input":{"@type":"PropertyValueSpecification","valueRequired":true,"valueName":"search_term_string"}}],"inLanguage":"en-US"},{"@type":"Organization","@id":"https:\/\/psc-lukavec.hr\/#organization","name":"PSC Lukavec - autodijelovi","url":"https:\/\/psc-lukavec.hr\/","logo":{"@type":"ImageObject","inLanguage":"en-US","@id":"https:\/\/psc-lukavec.hr\/#\/schema\/logo\/image\/","url":"http:\/\/psc-lukavec.hr\/wp-content\/uploads\/2024\/10\/PartSmartShop-1728391966.png","contentUrl":"http:\/\/psc-lukavec.hr\/wp-content\/uploads\/2024\/10\/PartSmartShop-1728391966.png","width":470,"height":80,"caption":"PSC Lukavec - autodijelovi"},"image":{"@id":"https:\/\/psc-lukavec.hr\/#\/schema\/logo\/image\/"}}]}},"_links":{"self":[{"href":"http:\/\/psc-lukavec.hr\/en\/wp-json\/wp\/v2\/product\/214265","targetHints":{"allow":["GET"]}}],"collection":[{"href":"http:\/\/psc-lukavec.hr\/en\/wp-json\/wp\/v2\/product"}],"about":[{"href":"http:\/\/psc-lukavec.hr\/en\/wp-json\/wp\/v2\/types\/product"}],"replies":[{"embeddable":true,"href":"http:\/\/psc-lukavec.hr\/en\/wp-json\/wp\/v2\/comments?post=214265"}],"wp:featuredmedia":[{"embeddable":true,"href":"http:\/\/psc-lukavec.hr\/en\/wp-json\/wp\/v2\/media\/277021"}],"wp:attachment":[{"href":"http:\/\/psc-lukavec.hr\/en\/wp-json\/wp\/v2\/media?parent=214265"}],"wp:term":[{"taxonomy":"brend","embeddable":true,"href":"http:\/\/psc-lukavec.hr\/en\/wp-json\/wp\/v2\/brend?post=214265"},{"taxonomy":"product_cat","embeddable":true,"href":"http:\/\/psc-lukavec.hr\/en\/wp-json\/wp\/v2\/product_cat?post=214265"},{"taxonomy":"product_tag","embeddable":true,"href":"http:\/\/psc-lukavec.hr\/en\/wp-json\/wp\/v2\/product_tag?post=214265"}],"curies":[{"name":"wp","href":"https:\/\/api.w.org\/{rel}","templated":true}]}}