{"id":187963,"date":"2024-06-15T00:30:31","date_gmt":"2024-06-15T00:30:31","guid":{"rendered":"http:\/\/psclukavec.hr\/product\/audi-a4-letva-volana-8k1423055ca\/"},"modified":"2024-08-24T11:28:59","modified_gmt":"2024-08-24T11:28:59","slug":"audi-a4-letva-volana-8k1423055ca","status":"publish","type":"product","link":"http:\/\/psc-lukavec.hr\/en\/product\/audi-a4-letva-volana-8k1423055ca\/","title":{"rendered":"AUDI A4 LETVA VOLANA 8K1423055CA"},"content":{"rendered":"<p>AUDI A4 LETVA VOLANA<br \/>\nAUDI A4 EL VOLANA<\/p>\n<p>8K1423055CA<br \/>\n8K0 909 144 B<br \/>\n8K0 909 144 D<br \/>\n8K0 909 144 E<br \/>\n8K0 909 144 P<br \/>\n8K1 423 055 AA<br \/>\n8K1 423 055 AC<br \/>\n8K1 423 055 AE<br \/>\n8K1 423 055 AJ<br \/>\n8K1 423 055 AL<br \/>\n8K1 423 055 AN<br \/>\n8K1 423 055 AQ<br \/>\n8K1 423 055 AS<br \/>\n8K1 423 055 BA<br \/>\n8K1 423 055 BF<br \/>\n8K1 423 055 BK<br \/>\n8K1 423 055 BM<br \/>\n8K1 423 055 BR<br \/>\n8K1 423 055 BT<br \/>\n8K1 423 055 CA<br \/>\n8K1 423 055 CC<br \/>\n8K1 423 055 EK<br \/>\n8K1 423 055 G<br \/>\n8K1 423 055 H<br \/>\n8K1 423 055 N<br \/>\n8K1 423 055 P<br \/>\n8K1 423 055 S<br \/>\n8K1 423 055 T<br \/>\n8K1 423 055 X<br \/>\n8K0 909 144 B<br \/>\n8K0 909 144 D<br \/>\n8K0 909 144 E<br \/>\n8K0 909 144 P<br \/>\n8K1 423 055 AA<br \/>\n8K1 423 055 AC<br \/>\n8K1 423 055 AJ<br \/>\n8K1 423 055 BF<br \/>\n8K1 423 055 EK<br \/>\n8K1 423 055 G<br \/>\n8K1 423 055 H<br \/>\n8K1 423 055 N<br \/>\n8K1 423 055 P<br \/>\n8K1 423 055 S<br \/>\n8K1 423 055 X<br \/>\n8K1423055AE<br \/>\n8K1423055AL<br \/>\n8K1423055AN<br \/>\n8K1423055AS<br \/>\n8K1423055BA<br \/>\n8K1423055BK<br \/>\n8K1423055BM<br \/>\n8K1423055BR<br \/>\n8K1423055BT<br \/>\n8K1423055CA<br \/>\n8K1423055CC<br \/>\n8K1423055T<\/p>\n<p>Letva osteceni nosaci&#8230; ali letva radi<br \/>\n2013.<\/p>\n<p>SLIKA PRIKAZUJE STVARNO STANJE PREDMETA<br \/>\nKupljena roba je vrlo dobro za\u0161ti\u0107ena od o\u0161te\u0107enja prilikom transporta. <\/p>\n<p>Preporu\u010dite nas drugima! <\/p>\n<p>Vr\u0161imo i prodaju u sjedi\u0161tu tvrtke <\/p>\n<p>Radno vrijeme: Ponedjeljak-Petak 08-16h,ukoliko izvan radnog vremena(molimo sms)<br \/>\nOsobni dolazak &gt;obavezna najava.&lt;<br \/>\n_______________________________________<br \/>\nNa lageru imamo veliki asortiman rabljenih dijelova iz inozemstva i tuzemstva(preko 6500 m2 skladi\u0161nog prostora sa preko 400 000 artikala u ponudi sa kontinuiranim rastom lagera i prodaje).<br \/>\n***Cijene dijelova se mijenjaju i cijena i raspolo\u017eivost je na upit.***<br \/>\nDugi niz godina iskustva u prodaji dijelova i otvoreni smo za suradnju sa svim servisima.<br \/>\nZa stalne kupce odobravamo popust.<br \/>\nPo\u017eeljno VIN, slika ili OE broj dijela na email, sms, viber, whatsapp<br \/>\nDostava dijelova u HR i EU na adresu kurirskim slu\u017ebama 48h.<br \/>\nPla\u0107anje prilikom preuzimanja, tro\u0161kove dostave snosi kupac<br \/>\n_______________________________________<br \/>\nNa sve dijelove dajemo garanciju na ispravnost i uva\u017eavamo reklamacije.<br \/>\nDogodi li se da je dio ne odgovaraju\u0107i i\/ili niste zadovoljni kupljenim,<br \/>\nvra\u0107amo novac ili mijenjamo za drugi.<br \/>\nRok za reklamaciju 14 dana od kupovine, uz uvjet da dio nije rastavljan.<br \/>\nMogu\u0107nost ugovora garancije 6 mj.<br \/>\n_______________________________________<br \/>\nNudimo usluge Servisa, prijevoza vozila i radnih strojeva<br \/>\nOTKUPLJUJEMO O\u0160TE\u0106ENA I KARAMBOLIRANA VOZILA.<br \/>\nZahvaljujemo na ukazanom povjerenju i razumijevanju.<br \/>\nPogledajte ostale na\u0161e oglase.<br \/>\n_______________________________________<br \/>\nwww.psc-lukavec.hr<br \/>\npsc.lukavec@gmail.com<br \/>\n098 539240<br \/>\n099 2998989<\/p>\n","protected":false},"excerpt":{"rendered":"<p>AUDI A4 LETVA VOLANA AUDI A4 EL VOLANA 8K1423055CA 8K0 909 144 B 8K0 909 144 D 8K0 909 144 E 8K0 909 144 P 8K1 423 055 AA 8K1 423 055 AC 8K1 423 055 AE 8K1 423 055 AJ 8K1 423 055 AL 8K1 423 055 AN 8K1 423 055 AQ 8K1 423 [&hellip;]<\/p>\n","protected":false},"featured_media":256241,"comment_status":"open","ping_status":"closed","template":"","meta":{"_acf_changed":false},"brend":[1692,1551],"product_cat":[3060],"product_tag":[],"class_list":{"0":"post-187963","1":"product","2":"type-product","3":"status-publish","4":"has-post-thumbnail","6":"brend-a4","7":"brend-audi","8":"product_cat-upravljacki-mehanizam","10":"first","11":"instock","12":"shipping-taxable","13":"product-type-simple"},"acf":[],"yoast_head":"<!-- This site is optimized with the Yoast SEO plugin v24.9 - https:\/\/yoast.com\/wordpress\/plugins\/seo\/ -->\n<title>AUDI A4 LETVA VOLANA 8K1423055CA - PSC Lukavec - autodijelovi<\/title>\n<meta name=\"robots\" content=\"index, follow, max-snippet:-1, max-image-preview:large, max-video-preview:-1\" \/>\n<link rel=\"canonical\" href=\"https:\/\/psc-lukavec.hr\/product\/audi-a4-letva-volana-8k1423055ca\/\" \/>\n<meta property=\"og:locale\" content=\"en_US\" \/>\n<meta property=\"og:type\" content=\"article\" \/>\n<meta property=\"og:title\" content=\"AUDI A4 LETVA VOLANA 8K1423055CA - PSC Lukavec - autodijelovi\" \/>\n<meta property=\"og:description\" content=\"AUDI A4 LETVA VOLANA AUDI A4 EL VOLANA 8K1423055CA 8K0 909 144 B 8K0 909 144 D 8K0 909 144 E 8K0 909 144 P 8K1 423 055 AA 8K1 423 055 AC 8K1 423 055 AE 8K1 423 055 AJ 8K1 423 055 AL 8K1 423 055 AN 8K1 423 055 AQ 8K1 423 [&hellip;]\" \/>\n<meta property=\"og:url\" content=\"https:\/\/psc-lukavec.hr\/product\/audi-a4-letva-volana-8k1423055ca\/\" \/>\n<meta property=\"og:site_name\" content=\"PSC Lukavec - autodijelovi\" \/>\n<meta property=\"article:modified_time\" content=\"2024-08-24T11:28:59+00:00\" \/>\n<meta property=\"og:image\" content=\"https:\/\/psc-lukavec.hr\/wp-content\/uploads\/2024\/06\/184419038-1.jpg\" \/>\n\t<meta property=\"og:image:width\" content=\"1024\" \/>\n\t<meta property=\"og:image:height\" content=\"682\" \/>\n\t<meta property=\"og:image:type\" content=\"image\/jpeg\" \/>\n<meta name=\"twitter:card\" content=\"summary_large_image\" \/>\n<meta name=\"twitter:label1\" content=\"Est. reading time\" \/>\n\t<meta name=\"twitter:data1\" content=\"2 minutes\" \/>\n<script type=\"application\/ld+json\" class=\"yoast-schema-graph\">{\"@context\":\"https:\/\/schema.org\",\"@graph\":[{\"@type\":\"WebPage\",\"@id\":\"https:\/\/psc-lukavec.hr\/product\/audi-a4-letva-volana-8k1423055ca\/\",\"url\":\"https:\/\/psc-lukavec.hr\/product\/audi-a4-letva-volana-8k1423055ca\/\",\"name\":\"AUDI A4 LETVA VOLANA 8K1423055CA - PSC Lukavec - autodijelovi\",\"isPartOf\":{\"@id\":\"https:\/\/psc-lukavec.hr\/#website\"},\"primaryImageOfPage\":{\"@id\":\"https:\/\/psc-lukavec.hr\/product\/audi-a4-letva-volana-8k1423055ca\/#primaryimage\"},\"image\":{\"@id\":\"https:\/\/psc-lukavec.hr\/product\/audi-a4-letva-volana-8k1423055ca\/#primaryimage\"},\"thumbnailUrl\":\"http:\/\/psc-lukavec.hr\/wp-content\/uploads\/2024\/06\/184419038-1.jpg\",\"datePublished\":\"2024-06-15T00:30:31+00:00\",\"dateModified\":\"2024-08-24T11:28:59+00:00\",\"breadcrumb\":{\"@id\":\"https:\/\/psc-lukavec.hr\/product\/audi-a4-letva-volana-8k1423055ca\/#breadcrumb\"},\"inLanguage\":\"en-US\",\"potentialAction\":[{\"@type\":\"ReadAction\",\"target\":[\"https:\/\/psc-lukavec.hr\/product\/audi-a4-letva-volana-8k1423055ca\/\"]}]},{\"@type\":\"ImageObject\",\"inLanguage\":\"en-US\",\"@id\":\"https:\/\/psc-lukavec.hr\/product\/audi-a4-letva-volana-8k1423055ca\/#primaryimage\",\"url\":\"http:\/\/psc-lukavec.hr\/wp-content\/uploads\/2024\/06\/184419038-1.jpg\",\"contentUrl\":\"http:\/\/psc-lukavec.hr\/wp-content\/uploads\/2024\/06\/184419038-1.jpg\",\"width\":1024,\"height\":682},{\"@type\":\"BreadcrumbList\",\"@id\":\"https:\/\/psc-lukavec.hr\/product\/audi-a4-letva-volana-8k1423055ca\/#breadcrumb\",\"itemListElement\":[{\"@type\":\"ListItem\",\"position\":1,\"name\":\"Po\u010detna stranica\",\"item\":\"https:\/\/psc-lukavec.hr\/\"},{\"@type\":\"ListItem\",\"position\":2,\"name\":\"Katalog proizvoda\",\"item\":\"https:\/\/psc-lukavec.hr\/shop\/\"},{\"@type\":\"ListItem\",\"position\":3,\"name\":\"AUDI A4 LETVA VOLANA 8K1423055CA\"}]},{\"@type\":\"WebSite\",\"@id\":\"https:\/\/psc-lukavec.hr\/#website\",\"url\":\"https:\/\/psc-lukavec.hr\/\",\"name\":\"PSC Lukavec - autodijelovi\",\"description\":\"Online trgovina rezervnih dijelova\",\"publisher\":{\"@id\":\"https:\/\/psc-lukavec.hr\/#organization\"},\"potentialAction\":[{\"@type\":\"SearchAction\",\"target\":{\"@type\":\"EntryPoint\",\"urlTemplate\":\"https:\/\/psc-lukavec.hr\/?s={search_term_string}\"},\"query-input\":{\"@type\":\"PropertyValueSpecification\",\"valueRequired\":true,\"valueName\":\"search_term_string\"}}],\"inLanguage\":\"en-US\"},{\"@type\":\"Organization\",\"@id\":\"https:\/\/psc-lukavec.hr\/#organization\",\"name\":\"PSC Lukavec - autodijelovi\",\"url\":\"https:\/\/psc-lukavec.hr\/\",\"logo\":{\"@type\":\"ImageObject\",\"inLanguage\":\"en-US\",\"@id\":\"https:\/\/psc-lukavec.hr\/#\/schema\/logo\/image\/\",\"url\":\"http:\/\/psc-lukavec.hr\/wp-content\/uploads\/2024\/10\/PartSmartShop-1728391966.png\",\"contentUrl\":\"http:\/\/psc-lukavec.hr\/wp-content\/uploads\/2024\/10\/PartSmartShop-1728391966.png\",\"width\":470,\"height\":80,\"caption\":\"PSC Lukavec - autodijelovi\"},\"image\":{\"@id\":\"https:\/\/psc-lukavec.hr\/#\/schema\/logo\/image\/\"}}]}<\/script>\n<!-- \/ Yoast SEO plugin. -->","yoast_head_json":{"title":"AUDI A4 LETVA VOLANA 8K1423055CA - PSC Lukavec - autodijelovi","robots":{"index":"index","follow":"follow","max-snippet":"max-snippet:-1","max-image-preview":"max-image-preview:large","max-video-preview":"max-video-preview:-1"},"canonical":"https:\/\/psc-lukavec.hr\/product\/audi-a4-letva-volana-8k1423055ca\/","og_locale":"en_US","og_type":"article","og_title":"AUDI A4 LETVA VOLANA 8K1423055CA - PSC Lukavec - autodijelovi","og_description":"AUDI A4 LETVA VOLANA AUDI A4 EL VOLANA 8K1423055CA 8K0 909 144 B 8K0 909 144 D 8K0 909 144 E 8K0 909 144 P 8K1 423 055 AA 8K1 423 055 AC 8K1 423 055 AE 8K1 423 055 AJ 8K1 423 055 AL 8K1 423 055 AN 8K1 423 055 AQ 8K1 423 [&hellip;]","og_url":"https:\/\/psc-lukavec.hr\/product\/audi-a4-letva-volana-8k1423055ca\/","og_site_name":"PSC Lukavec - autodijelovi","article_modified_time":"2024-08-24T11:28:59+00:00","og_image":[{"width":1024,"height":682,"url":"https:\/\/psc-lukavec.hr\/wp-content\/uploads\/2024\/06\/184419038-1.jpg","type":"image\/jpeg"}],"twitter_card":"summary_large_image","twitter_misc":{"Est. reading time":"2 minutes"},"schema":{"@context":"https:\/\/schema.org","@graph":[{"@type":"WebPage","@id":"https:\/\/psc-lukavec.hr\/product\/audi-a4-letva-volana-8k1423055ca\/","url":"https:\/\/psc-lukavec.hr\/product\/audi-a4-letva-volana-8k1423055ca\/","name":"AUDI A4 LETVA VOLANA 8K1423055CA - PSC Lukavec - autodijelovi","isPartOf":{"@id":"https:\/\/psc-lukavec.hr\/#website"},"primaryImageOfPage":{"@id":"https:\/\/psc-lukavec.hr\/product\/audi-a4-letva-volana-8k1423055ca\/#primaryimage"},"image":{"@id":"https:\/\/psc-lukavec.hr\/product\/audi-a4-letva-volana-8k1423055ca\/#primaryimage"},"thumbnailUrl":"http:\/\/psc-lukavec.hr\/wp-content\/uploads\/2024\/06\/184419038-1.jpg","datePublished":"2024-06-15T00:30:31+00:00","dateModified":"2024-08-24T11:28:59+00:00","breadcrumb":{"@id":"https:\/\/psc-lukavec.hr\/product\/audi-a4-letva-volana-8k1423055ca\/#breadcrumb"},"inLanguage":"en-US","potentialAction":[{"@type":"ReadAction","target":["https:\/\/psc-lukavec.hr\/product\/audi-a4-letva-volana-8k1423055ca\/"]}]},{"@type":"ImageObject","inLanguage":"en-US","@id":"https:\/\/psc-lukavec.hr\/product\/audi-a4-letva-volana-8k1423055ca\/#primaryimage","url":"http:\/\/psc-lukavec.hr\/wp-content\/uploads\/2024\/06\/184419038-1.jpg","contentUrl":"http:\/\/psc-lukavec.hr\/wp-content\/uploads\/2024\/06\/184419038-1.jpg","width":1024,"height":682},{"@type":"BreadcrumbList","@id":"https:\/\/psc-lukavec.hr\/product\/audi-a4-letva-volana-8k1423055ca\/#breadcrumb","itemListElement":[{"@type":"ListItem","position":1,"name":"Po\u010detna stranica","item":"https:\/\/psc-lukavec.hr\/"},{"@type":"ListItem","position":2,"name":"Katalog proizvoda","item":"https:\/\/psc-lukavec.hr\/shop\/"},{"@type":"ListItem","position":3,"name":"AUDI A4 LETVA VOLANA 8K1423055CA"}]},{"@type":"WebSite","@id":"https:\/\/psc-lukavec.hr\/#website","url":"https:\/\/psc-lukavec.hr\/","name":"PSC Lukavec - autodijelovi","description":"Online trgovina rezervnih dijelova","publisher":{"@id":"https:\/\/psc-lukavec.hr\/#organization"},"potentialAction":[{"@type":"SearchAction","target":{"@type":"EntryPoint","urlTemplate":"https:\/\/psc-lukavec.hr\/?s={search_term_string}"},"query-input":{"@type":"PropertyValueSpecification","valueRequired":true,"valueName":"search_term_string"}}],"inLanguage":"en-US"},{"@type":"Organization","@id":"https:\/\/psc-lukavec.hr\/#organization","name":"PSC Lukavec - autodijelovi","url":"https:\/\/psc-lukavec.hr\/","logo":{"@type":"ImageObject","inLanguage":"en-US","@id":"https:\/\/psc-lukavec.hr\/#\/schema\/logo\/image\/","url":"http:\/\/psc-lukavec.hr\/wp-content\/uploads\/2024\/10\/PartSmartShop-1728391966.png","contentUrl":"http:\/\/psc-lukavec.hr\/wp-content\/uploads\/2024\/10\/PartSmartShop-1728391966.png","width":470,"height":80,"caption":"PSC Lukavec - autodijelovi"},"image":{"@id":"https:\/\/psc-lukavec.hr\/#\/schema\/logo\/image\/"}}]}},"_links":{"self":[{"href":"http:\/\/psc-lukavec.hr\/en\/wp-json\/wp\/v2\/product\/187963","targetHints":{"allow":["GET"]}}],"collection":[{"href":"http:\/\/psc-lukavec.hr\/en\/wp-json\/wp\/v2\/product"}],"about":[{"href":"http:\/\/psc-lukavec.hr\/en\/wp-json\/wp\/v2\/types\/product"}],"replies":[{"embeddable":true,"href":"http:\/\/psc-lukavec.hr\/en\/wp-json\/wp\/v2\/comments?post=187963"}],"wp:featuredmedia":[{"embeddable":true,"href":"http:\/\/psc-lukavec.hr\/en\/wp-json\/wp\/v2\/media\/256241"}],"wp:attachment":[{"href":"http:\/\/psc-lukavec.hr\/en\/wp-json\/wp\/v2\/media?parent=187963"}],"wp:term":[{"taxonomy":"brend","embeddable":true,"href":"http:\/\/psc-lukavec.hr\/en\/wp-json\/wp\/v2\/brend?post=187963"},{"taxonomy":"product_cat","embeddable":true,"href":"http:\/\/psc-lukavec.hr\/en\/wp-json\/wp\/v2\/product_cat?post=187963"},{"taxonomy":"product_tag","embeddable":true,"href":"http:\/\/psc-lukavec.hr\/en\/wp-json\/wp\/v2\/product_tag?post=187963"}],"curies":[{"name":"wp","href":"https:\/\/api.w.org\/{rel}","templated":true}]}}