{"id":187616,"date":"2024-06-15T00:28:20","date_gmt":"2024-06-15T00:28:20","guid":{"rendered":"http:\/\/psclukavec.hr\/product\/vw-golf-6-elektronika-stupa-upravljaca-1k0953549cq-1k0953549cd\/"},"modified":"2024-08-24T11:31:10","modified_gmt":"2024-08-24T11:31:10","slug":"vw-golf-6-elektronika-stupa-upravljaca-1k0953549cq-1k0953549cd","status":"publish","type":"product","link":"http:\/\/psc-lukavec.hr\/en\/product\/vw-golf-6-elektronika-stupa-upravljaca-1k0953549cq-1k0953549cd\/","title":{"rendered":"VW GOLF 6 ELEKTRONIKA STUPA UPRAVLJA\u010cA 1K0953549CQ 1K0953549CD"},"content":{"rendered":"<p>VW GOLF 6 ELEKTRONIKA STUPA UPRAVLJA\u010cA<br \/>\n1K0953549CQ<br \/>\n1K0953549CD<br \/>\n1K0953549CE<br \/>\n1K0953549CF<br \/>\n1K0953549CP<br \/>\n1K0953549CQ<br \/>\n1K0953549CT<br \/>\n1K0953549DA<br \/>\n1K0953549CD<br \/>\n1K0953549CF<br \/>\n1K0953549CP<br \/>\n1K0953549CQ<br \/>\n1K0953549CT<br \/>\n1K0953549DA<\/p>\n<p>2009.<\/p>\n<p>SLIKA PRIKAZUJE STVARNO STANJE PREDMETA <\/p>\n<p>Kupljena roba je vrlo dobro za\u0161ti\u0107ena od o\u0161te\u0107enja prilikom transporta. <\/p>\n<p>Preporu\u010dite nas drugima! <\/p>\n<p>Vr\u0161imo i prodaju u sjedi\u0161tu tvrtke <\/p>\n<p>Radno vrijeme: Ponedjeljak-Petak 08-16h,ukoliko izvan radnog vremena(molimo sms)<br \/>\nOsobni dolazak-obavezna najava.<br \/>\n_______________________________________<br \/>\nNa lageru imamo veliki asortiman rabljenih dijelova iz inozemstva i tuzemstva(preko 6500 m2 skladi\u0161nog prostora sa preko 1500 000 artikala na stanju sa kontinuiranim rastom lagera i prodaje).<br \/>\n****Cijene dijelova se mijenjaju i cijena i raspolo\u017eivost je na upit.*****<br \/>\nDugi niz godina iskustva u prodaji dijelova i otvoreni smo za suradnju sa svim servisima.<br \/>\nZa stalne kupce odobravamo popust.<br \/>\nPo\u017eeljno VIN, slika ili OE broj dijela na email, sms, viber, whatsapp<br \/>\nDostava dijelova u HR I EU na adresu kurirskim slu\u017ebama najkasnije 96h.<br \/>\nPla\u0107anje prilikom preuzimanja, tro\u0161kove dostave snosi kupac<br \/>\n_______________________________________<br \/>\nNa sve dijelove dajemo garanciju na ispravnost i uva\u017eavamo reklamacije.<br \/>\nDogodi li se da je dio ne odgovaraju\u0107i i\/ili niste zadovoljni kupljenim,<br \/>\nvra\u0107amo novac ili mijenjamo za drugi.<br \/>\nRok za reklamaciju 14 dana od kupovine, uz uvjet da dio nije rastavljan.<br \/>\nMogu\u0107nost ugovora garancije 6 mj.<br \/>\n_______________________________________<br \/>\nNudimo usluge Servisa, prijevoza vozila i radnih strojeva<br \/>\nOTKUPLJUJEMO O\u0160TE\u0106ENA I KARAMBOLIRANA VOZILA.<br \/>\nZahvaljujemo na ukazanom povjerenju i razumijevanju.<br \/>\nPogledajte ostale na\u0161e oglase.<br \/>\n_______________________________________<br \/>\nwww.psc-lukavec.hr<br \/>\npsc.lukavec@gmail.com<br \/>\n098 539240<br \/>\n099 2998989<\/p>\n","protected":false},"excerpt":{"rendered":"<p>VW GOLF 6 ELEKTRONIKA STUPA UPRAVLJA\u010cA 1K0953549CQ 1K0953549CD 1K0953549CE 1K0953549CF 1K0953549CP 1K0953549CQ 1K0953549CT 1K0953549DA 1K0953549CD 1K0953549CF 1K0953549CP 1K0953549CQ 1K0953549CT 1K0953549DA 2009. SLIKA PRIKAZUJE STVARNO STANJE PREDMETA Kupljena roba je vrlo dobro za\u0161ti\u0107ena od o\u0161te\u0107enja prilikom transporta. Preporu\u010dite nas drugima! Vr\u0161imo i prodaju u sjedi\u0161tu tvrtke Radno vrijeme: Ponedjeljak-Petak 08-16h,ukoliko izvan radnog vremena(molimo sms) Osobni dolazak-obavezna [&hellip;]<\/p>\n","protected":false},"featured_media":261197,"comment_status":"open","ping_status":"closed","template":"","meta":{"_acf_changed":false},"brend":[3002,1632],"product_cat":[3054],"product_tag":[],"class_list":{"0":"post-187616","1":"product","2":"type-product","3":"status-publish","4":"has-post-thumbnail","6":"brend-golf-6","7":"brend-vw","8":"product_cat-auto-elektronika-i-autoelektrika","10":"first","11":"instock","12":"shipping-taxable","13":"product-type-simple"},"acf":[],"yoast_head":"<!-- This site is optimized with the Yoast SEO plugin v24.9 - https:\/\/yoast.com\/wordpress\/plugins\/seo\/ -->\n<title>VW GOLF 6 ELEKTRONIKA STUPA UPRAVLJA\u010cA 1K0953549CQ 1K0953549CD - PSC Lukavec - autodijelovi<\/title>\n<meta name=\"robots\" content=\"index, follow, max-snippet:-1, max-image-preview:large, max-video-preview:-1\" \/>\n<link rel=\"canonical\" href=\"http:\/\/psc-lukavec.hr\/en\/product\/vw-golf-6-elektronika-stupa-upravljaca-1k0953549cq-1k0953549cd\/\" \/>\n<meta property=\"og:locale\" content=\"en_US\" \/>\n<meta property=\"og:type\" content=\"article\" \/>\n<meta property=\"og:title\" content=\"VW GOLF 6 ELEKTRONIKA STUPA UPRAVLJA\u010cA 1K0953549CQ 1K0953549CD - PSC Lukavec - autodijelovi\" \/>\n<meta property=\"og:description\" content=\"VW GOLF 6 ELEKTRONIKA STUPA UPRAVLJA\u010cA 1K0953549CQ 1K0953549CD 1K0953549CE 1K0953549CF 1K0953549CP 1K0953549CQ 1K0953549CT 1K0953549DA 1K0953549CD 1K0953549CF 1K0953549CP 1K0953549CQ 1K0953549CT 1K0953549DA 2009. SLIKA PRIKAZUJE STVARNO STANJE PREDMETA Kupljena roba je vrlo dobro za\u0161ti\u0107ena od o\u0161te\u0107enja prilikom transporta. Preporu\u010dite nas drugima! Vr\u0161imo i prodaju u sjedi\u0161tu tvrtke Radno vrijeme: Ponedjeljak-Petak 08-16h,ukoliko izvan radnog vremena(molimo sms) Osobni dolazak-obavezna [&hellip;]\" \/>\n<meta property=\"og:url\" content=\"http:\/\/psc-lukavec.hr\/en\/product\/vw-golf-6-elektronika-stupa-upravljaca-1k0953549cq-1k0953549cd\/\" \/>\n<meta property=\"og:site_name\" content=\"PSC Lukavec - autodijelovi\" \/>\n<meta property=\"article:modified_time\" content=\"2024-08-24T11:31:10+00:00\" \/>\n<meta property=\"og:image\" content=\"http:\/\/psc-lukavec.hr\/wp-content\/uploads\/2024\/06\/196060254-1.jpg\" \/>\n\t<meta property=\"og:image:width\" content=\"1024\" \/>\n\t<meta property=\"og:image:height\" content=\"768\" \/>\n\t<meta property=\"og:image:type\" content=\"image\/jpeg\" \/>\n<meta name=\"twitter:card\" content=\"summary_large_image\" \/>\n<meta name=\"twitter:label1\" content=\"Est. reading time\" \/>\n\t<meta name=\"twitter:data1\" content=\"1 minute\" \/>\n<script type=\"application\/ld+json\" class=\"yoast-schema-graph\">{\"@context\":\"https:\/\/schema.org\",\"@graph\":[{\"@type\":\"WebPage\",\"@id\":\"http:\/\/psc-lukavec.hr\/en\/product\/vw-golf-6-elektronika-stupa-upravljaca-1k0953549cq-1k0953549cd\/\",\"url\":\"http:\/\/psc-lukavec.hr\/en\/product\/vw-golf-6-elektronika-stupa-upravljaca-1k0953549cq-1k0953549cd\/\",\"name\":\"VW GOLF 6 ELEKTRONIKA STUPA UPRAVLJA\u010cA 1K0953549CQ 1K0953549CD - PSC Lukavec - autodijelovi\",\"isPartOf\":{\"@id\":\"https:\/\/psc-lukavec.hr\/#website\"},\"primaryImageOfPage\":{\"@id\":\"http:\/\/psc-lukavec.hr\/en\/product\/vw-golf-6-elektronika-stupa-upravljaca-1k0953549cq-1k0953549cd\/#primaryimage\"},\"image\":{\"@id\":\"http:\/\/psc-lukavec.hr\/en\/product\/vw-golf-6-elektronika-stupa-upravljaca-1k0953549cq-1k0953549cd\/#primaryimage\"},\"thumbnailUrl\":\"http:\/\/psc-lukavec.hr\/wp-content\/uploads\/2024\/06\/196060254-1.jpg\",\"datePublished\":\"2024-06-15T00:28:20+00:00\",\"dateModified\":\"2024-08-24T11:31:10+00:00\",\"breadcrumb\":{\"@id\":\"http:\/\/psc-lukavec.hr\/en\/product\/vw-golf-6-elektronika-stupa-upravljaca-1k0953549cq-1k0953549cd\/#breadcrumb\"},\"inLanguage\":\"en-US\",\"potentialAction\":[{\"@type\":\"ReadAction\",\"target\":[\"http:\/\/psc-lukavec.hr\/en\/product\/vw-golf-6-elektronika-stupa-upravljaca-1k0953549cq-1k0953549cd\/\"]}]},{\"@type\":\"ImageObject\",\"inLanguage\":\"en-US\",\"@id\":\"http:\/\/psc-lukavec.hr\/en\/product\/vw-golf-6-elektronika-stupa-upravljaca-1k0953549cq-1k0953549cd\/#primaryimage\",\"url\":\"http:\/\/psc-lukavec.hr\/wp-content\/uploads\/2024\/06\/196060254-1.jpg\",\"contentUrl\":\"http:\/\/psc-lukavec.hr\/wp-content\/uploads\/2024\/06\/196060254-1.jpg\",\"width\":1024,\"height\":768},{\"@type\":\"BreadcrumbList\",\"@id\":\"http:\/\/psc-lukavec.hr\/en\/product\/vw-golf-6-elektronika-stupa-upravljaca-1k0953549cq-1k0953549cd\/#breadcrumb\",\"itemListElement\":[{\"@type\":\"ListItem\",\"position\":1,\"name\":\"Po\u010detna stranica\",\"item\":\"https:\/\/psc-lukavec.hr\/\"},{\"@type\":\"ListItem\",\"position\":2,\"name\":\"Katalog proizvoda\",\"item\":\"https:\/\/psc-lukavec.hr\/shop\/\"},{\"@type\":\"ListItem\",\"position\":3,\"name\":\"VW GOLF 6 ELEKTRONIKA STUPA UPRAVLJA\u010cA 1K0953549CQ 1K0953549CD\"}]},{\"@type\":\"WebSite\",\"@id\":\"https:\/\/psc-lukavec.hr\/#website\",\"url\":\"https:\/\/psc-lukavec.hr\/\",\"name\":\"PSC Lukavec - autodijelovi\",\"description\":\"Online trgovina rezervnih dijelova\",\"publisher\":{\"@id\":\"https:\/\/psc-lukavec.hr\/#organization\"},\"potentialAction\":[{\"@type\":\"SearchAction\",\"target\":{\"@type\":\"EntryPoint\",\"urlTemplate\":\"https:\/\/psc-lukavec.hr\/?s={search_term_string}\"},\"query-input\":{\"@type\":\"PropertyValueSpecification\",\"valueRequired\":true,\"valueName\":\"search_term_string\"}}],\"inLanguage\":\"en-US\"},{\"@type\":\"Organization\",\"@id\":\"https:\/\/psc-lukavec.hr\/#organization\",\"name\":\"PSC Lukavec - autodijelovi\",\"url\":\"https:\/\/psc-lukavec.hr\/\",\"logo\":{\"@type\":\"ImageObject\",\"inLanguage\":\"en-US\",\"@id\":\"https:\/\/psc-lukavec.hr\/#\/schema\/logo\/image\/\",\"url\":\"http:\/\/psc-lukavec.hr\/wp-content\/uploads\/2024\/10\/PartSmartShop-1728391966.png\",\"contentUrl\":\"http:\/\/psc-lukavec.hr\/wp-content\/uploads\/2024\/10\/PartSmartShop-1728391966.png\",\"width\":470,\"height\":80,\"caption\":\"PSC Lukavec - autodijelovi\"},\"image\":{\"@id\":\"https:\/\/psc-lukavec.hr\/#\/schema\/logo\/image\/\"}}]}<\/script>\n<!-- \/ Yoast SEO plugin. -->","yoast_head_json":{"title":"VW GOLF 6 ELEKTRONIKA STUPA UPRAVLJA\u010cA 1K0953549CQ 1K0953549CD - PSC Lukavec - autodijelovi","robots":{"index":"index","follow":"follow","max-snippet":"max-snippet:-1","max-image-preview":"max-image-preview:large","max-video-preview":"max-video-preview:-1"},"canonical":"http:\/\/psc-lukavec.hr\/en\/product\/vw-golf-6-elektronika-stupa-upravljaca-1k0953549cq-1k0953549cd\/","og_locale":"en_US","og_type":"article","og_title":"VW GOLF 6 ELEKTRONIKA STUPA UPRAVLJA\u010cA 1K0953549CQ 1K0953549CD - PSC Lukavec - autodijelovi","og_description":"VW GOLF 6 ELEKTRONIKA STUPA UPRAVLJA\u010cA 1K0953549CQ 1K0953549CD 1K0953549CE 1K0953549CF 1K0953549CP 1K0953549CQ 1K0953549CT 1K0953549DA 1K0953549CD 1K0953549CF 1K0953549CP 1K0953549CQ 1K0953549CT 1K0953549DA 2009. SLIKA PRIKAZUJE STVARNO STANJE PREDMETA Kupljena roba je vrlo dobro za\u0161ti\u0107ena od o\u0161te\u0107enja prilikom transporta. Preporu\u010dite nas drugima! Vr\u0161imo i prodaju u sjedi\u0161tu tvrtke Radno vrijeme: Ponedjeljak-Petak 08-16h,ukoliko izvan radnog vremena(molimo sms) Osobni dolazak-obavezna [&hellip;]","og_url":"http:\/\/psc-lukavec.hr\/en\/product\/vw-golf-6-elektronika-stupa-upravljaca-1k0953549cq-1k0953549cd\/","og_site_name":"PSC Lukavec - autodijelovi","article_modified_time":"2024-08-24T11:31:10+00:00","og_image":[{"width":1024,"height":768,"url":"http:\/\/psc-lukavec.hr\/wp-content\/uploads\/2024\/06\/196060254-1.jpg","type":"image\/jpeg"}],"twitter_card":"summary_large_image","twitter_misc":{"Est. reading time":"1 minute"},"schema":{"@context":"https:\/\/schema.org","@graph":[{"@type":"WebPage","@id":"http:\/\/psc-lukavec.hr\/en\/product\/vw-golf-6-elektronika-stupa-upravljaca-1k0953549cq-1k0953549cd\/","url":"http:\/\/psc-lukavec.hr\/en\/product\/vw-golf-6-elektronika-stupa-upravljaca-1k0953549cq-1k0953549cd\/","name":"VW GOLF 6 ELEKTRONIKA STUPA UPRAVLJA\u010cA 1K0953549CQ 1K0953549CD - PSC Lukavec - autodijelovi","isPartOf":{"@id":"https:\/\/psc-lukavec.hr\/#website"},"primaryImageOfPage":{"@id":"http:\/\/psc-lukavec.hr\/en\/product\/vw-golf-6-elektronika-stupa-upravljaca-1k0953549cq-1k0953549cd\/#primaryimage"},"image":{"@id":"http:\/\/psc-lukavec.hr\/en\/product\/vw-golf-6-elektronika-stupa-upravljaca-1k0953549cq-1k0953549cd\/#primaryimage"},"thumbnailUrl":"http:\/\/psc-lukavec.hr\/wp-content\/uploads\/2024\/06\/196060254-1.jpg","datePublished":"2024-06-15T00:28:20+00:00","dateModified":"2024-08-24T11:31:10+00:00","breadcrumb":{"@id":"http:\/\/psc-lukavec.hr\/en\/product\/vw-golf-6-elektronika-stupa-upravljaca-1k0953549cq-1k0953549cd\/#breadcrumb"},"inLanguage":"en-US","potentialAction":[{"@type":"ReadAction","target":["http:\/\/psc-lukavec.hr\/en\/product\/vw-golf-6-elektronika-stupa-upravljaca-1k0953549cq-1k0953549cd\/"]}]},{"@type":"ImageObject","inLanguage":"en-US","@id":"http:\/\/psc-lukavec.hr\/en\/product\/vw-golf-6-elektronika-stupa-upravljaca-1k0953549cq-1k0953549cd\/#primaryimage","url":"http:\/\/psc-lukavec.hr\/wp-content\/uploads\/2024\/06\/196060254-1.jpg","contentUrl":"http:\/\/psc-lukavec.hr\/wp-content\/uploads\/2024\/06\/196060254-1.jpg","width":1024,"height":768},{"@type":"BreadcrumbList","@id":"http:\/\/psc-lukavec.hr\/en\/product\/vw-golf-6-elektronika-stupa-upravljaca-1k0953549cq-1k0953549cd\/#breadcrumb","itemListElement":[{"@type":"ListItem","position":1,"name":"Po\u010detna stranica","item":"https:\/\/psc-lukavec.hr\/"},{"@type":"ListItem","position":2,"name":"Katalog proizvoda","item":"https:\/\/psc-lukavec.hr\/shop\/"},{"@type":"ListItem","position":3,"name":"VW GOLF 6 ELEKTRONIKA STUPA UPRAVLJA\u010cA 1K0953549CQ 1K0953549CD"}]},{"@type":"WebSite","@id":"https:\/\/psc-lukavec.hr\/#website","url":"https:\/\/psc-lukavec.hr\/","name":"PSC Lukavec - autodijelovi","description":"Online trgovina rezervnih dijelova","publisher":{"@id":"https:\/\/psc-lukavec.hr\/#organization"},"potentialAction":[{"@type":"SearchAction","target":{"@type":"EntryPoint","urlTemplate":"https:\/\/psc-lukavec.hr\/?s={search_term_string}"},"query-input":{"@type":"PropertyValueSpecification","valueRequired":true,"valueName":"search_term_string"}}],"inLanguage":"en-US"},{"@type":"Organization","@id":"https:\/\/psc-lukavec.hr\/#organization","name":"PSC Lukavec - autodijelovi","url":"https:\/\/psc-lukavec.hr\/","logo":{"@type":"ImageObject","inLanguage":"en-US","@id":"https:\/\/psc-lukavec.hr\/#\/schema\/logo\/image\/","url":"http:\/\/psc-lukavec.hr\/wp-content\/uploads\/2024\/10\/PartSmartShop-1728391966.png","contentUrl":"http:\/\/psc-lukavec.hr\/wp-content\/uploads\/2024\/10\/PartSmartShop-1728391966.png","width":470,"height":80,"caption":"PSC Lukavec - autodijelovi"},"image":{"@id":"https:\/\/psc-lukavec.hr\/#\/schema\/logo\/image\/"}}]}},"_links":{"self":[{"href":"http:\/\/psc-lukavec.hr\/en\/wp-json\/wp\/v2\/product\/187616","targetHints":{"allow":["GET"]}}],"collection":[{"href":"http:\/\/psc-lukavec.hr\/en\/wp-json\/wp\/v2\/product"}],"about":[{"href":"http:\/\/psc-lukavec.hr\/en\/wp-json\/wp\/v2\/types\/product"}],"replies":[{"embeddable":true,"href":"http:\/\/psc-lukavec.hr\/en\/wp-json\/wp\/v2\/comments?post=187616"}],"wp:featuredmedia":[{"embeddable":true,"href":"http:\/\/psc-lukavec.hr\/en\/wp-json\/wp\/v2\/media\/261197"}],"wp:attachment":[{"href":"http:\/\/psc-lukavec.hr\/en\/wp-json\/wp\/v2\/media?parent=187616"}],"wp:term":[{"taxonomy":"brend","embeddable":true,"href":"http:\/\/psc-lukavec.hr\/en\/wp-json\/wp\/v2\/brend?post=187616"},{"taxonomy":"product_cat","embeddable":true,"href":"http:\/\/psc-lukavec.hr\/en\/wp-json\/wp\/v2\/product_cat?post=187616"},{"taxonomy":"product_tag","embeddable":true,"href":"http:\/\/psc-lukavec.hr\/en\/wp-json\/wp\/v2\/product_tag?post=187616"}],"curies":[{"name":"wp","href":"https:\/\/api.w.org\/{rel}","templated":true}]}}