{"id":183688,"date":"2024-06-15T00:04:03","date_gmt":"2024-06-15T00:04:03","guid":{"rendered":"http:\/\/psclukavec.hr\/product\/citroen-c4-picasso-volan-96777869zd-2013-2022\/"},"modified":"2024-08-24T11:26:48","modified_gmt":"2024-08-24T11:26:48","slug":"citroen-c4-picasso-volan-96777869zd-2013-2022","status":"publish","type":"product","link":"http:\/\/psc-lukavec.hr\/en\/product\/citroen-c4-picasso-volan-96777869zd-2013-2022\/","title":{"rendered":"CITROEN C4 PICASSO VOLAN 96777869ZD 2013-2022"},"content":{"rendered":"<p>CITROEN C4 PICASSO VOLAN<br \/>\nCITROEN C4 PICASSO OBRU\u010c VOLANA<br \/>\nCITROEN C4 PICASSO KOLO VOLANA<br \/>\n96777869ZD<br \/>\n2013-2022<\/p>\n<p>Radno vrijeme: Ponedjeljak-Petak 08-16h,ukoliko izvan radnog vremena(molimo sms)<br \/>\nOsobni dolazak-obavezna najava.<br \/>\n_______________________________________________________________<br \/>\nNa lageru imamo veliki asortiman rabljenih dijelova iz uvoza (preko 150 000 artikala na stanju).<br \/>\nCijene dijelova se mijenjaju i raspolo\u017eivost je na upit.<br \/>\nDugi niz godina iskustva u prodaji dijelova i otvoreni smo za suradnju sa servisima.<br \/>\nZa stalne kupce odobravamo popust.<br \/>\nPo\u017eeljno VIN, slika ili OE broj dijela na email, sms, viber, whatsapp<br \/>\nDostava dijelova na adresu kurirskim slu\u017ebama najkasnije 48h.<br \/>\nPla\u0107anje prilikom preuzimanja, tro\u0161kove dostave snosi kupac<br \/>\n___________________________________________________________<br \/>\nNa sve dijelove dajemo garanciju na ispravnost i uva\u017eavamo reklamacije.<br \/>\nDogodi li se da je dio ne odgovaraju\u0107i i\/ili niste zadovoljni kupljenim,<br \/>\nvra\u0107amo novac ili mijenjamo za drugi.<br \/>\nRok za reklamaciju 14 dana od kupovine, uz uvjet da dio nije rastavljan.<br \/>\nMogu\u0107nost ugovora garancije 6 mj.<br \/>\n________________________________________________<br \/>\nNudimo usluge Servisa, prijevoza vozila i radnih strojeva<br \/>\nOTKUPLJUJEMO O\u0160TE\u0106ENA I KARAMBOLIRANA VOZILA.<br \/>\nZahvaljujemo na ukazanom povjerenju i razumijevanju.<br \/>\nPogledajte ostale na\u0161e oglase.<br \/>\n_________________________________________<br \/>\nwww.psc-lukavec.hr<br \/>\npsc.lukavec@gmail.com<br \/>\n098 539240<br \/>\n099 2998989<\/p>\n<p>MEHANIKA motor-motori, dizne &#8211; injektori, visoko tla\u010dna pumpa &#8211; common rail pumpa, turbina &#8211; turbo punja\u010d, alnaser, alternator, starter<br \/>\nkompjuter motora &#8211; ECU, EGR ventil, mjenja\u010d &#8211; mjenja\u010d, zama\u0161njak &#8211; zamajac, klapna gasa, usisna grana i ostalo<br \/>\nKAROSERIJA \u2013 amortizer zadnje haube, pvc za\u0161tita zadnja, lajsna vrata, pvc za\u0161tita prednja, za\u0161tita ispod motora, pvc oplata blatobrana, poklopac motora, brava zadnje haube, hauba prednja, hauba stra\u017enja, vrata prednja lijeva, vrata prednja desna, vrata stra\u017enja lijeva, vrata stra\u017enja desna, branik prednji, \u0161tosdenfer,\u00a0 branik stra\u017enji, vezni lim, far, prednje svietlo lampa \u2013 vjetrobransko staklo, staklo prednje, staklo stra\u017enje, bo\u010dno staklo klizno, bo\u010dno staklo fiksno, motori\u0107 brisa\u010da, \u0161kare brisa\u010da, motor brisa\u010da, poluga brisa\u010da, ruka brisa\u010da prednja, metlica brisa\u010da, ruka brisa\u010da stra\u017enja, zadnji \u0161top, lampa zadnja unutarnja, \u017emigavac, retrovizor, vezni lim stra\u017enji, traverza, nosa\u010d branika prednji, nosa\u010d branika stra\u017enji, prag, rubnjak, mulda, blatobran, stranica zadnja, krov, pvc za\u0161tita motora, pvc obloga blatobrana, kvaka vanjska, brava prednje haube, brava stra\u017enje haube, guma oko vrata, vezni lim stra\u017enji, vezni lim prednji, prednja stijena<br \/>\nMEHANIKA \u2013 rukavac, rame, sajla gasa, sajla ru\u010dne ko\u010dnice, sajla mjenja\u010da, remenica radilice, \u0161paner kanalnog remena, ko\u010diona klije\u0161ta, glav\u010dina prednja, glav\u010dina stra\u017enja, vilica, vilica gornja, vilica donja, vilica ravna, vilica, lager, most prednji, most stra\u017enji, spone, krajnik letve volana, letva volana, amortizer, balans \u0161tanga, opruga amortizera, nosa\u010d motora, turbina, usisna grana, servo pumpa, lajtung serva, hladnjak zraka, intercooler cijevi hladnjaka zraka, felge \u010deli\u010dne, felge aluminijske, bregasta osovina, klip, klipnja\u010da, blok motora, glava motora, nosa\u010d motora, klackalica, sajle mjenja\u010da, \u0161althebla, sajla ru\u010dne ko\u010dnice, ku\u0107i\u0161te filtera zraka, ku\u0107i\u0161te filtera goriva, vakuum pumpa, lager, dizna, egr ventil, turbina,turbopunja\u010d,starter,<br \/>\nELEKTRIKA \u2013 ecu, ra\u010dunalo motora, procesor motora otpornik grijanja, ulo\u017eak brave paljenja, bobina, anlaser, alternator, relej grija\u010da, centrala zra\u010dnih jastuka, kompjuter motora, brava, podiza\u010d stakla, prekida\u010d podiza\u010da stakla, bobina, razvodnik paljenja, transformator fara, ballast fara, kompjuter letve volana, elektri\u010dna letva volana, elektri\u010dna servo pumpa, senzor radilice, senzor bregaste, senzor ABS-a, egr ventil, vakuum ventil, klapna gasa, pumpa goriva, dizne, rampa za dizne, mjera\u010d protoka zraka, egr ventil senzor zra\u010dnog jastuka, prekida\u010di svijetla, prekida\u010di brisa\u010da, prekida\u010d, kutija osigura\u010da, radio, multimedija, CD ure\u0111aj, displej, kilometar sat ,instrument tabla, instalacija, priklju\u010dak, dizna, injektor<br \/>\nPOGONSKI SUSTAV \u2013 diferencijal, kardan, le\u017eaj kota\u010da, lager kota\u010da, vijci kota\u010da, felga \u010deli\u010dna, felga aluminijska, felge set, mjenja\u010d, poluosovina lijeva, poluosovina desna, homokineti\u010dki zglob, kuplung set, zama\u0161njak, lamela, druk lager, korpa, aktivni zamajac, dvomaseni zama\u0161njak,<br \/>\nISPU\u0160NI SUSTAV \u2013adblue spremnik, spremnik aditiva, sonda, ad blue \u0161prica, ad blue sustav,ad blue spremnik, posuda dpf-a, fleksibilno crijevo, auspuh, srednji lonac, zadnji lonac, nox senzor, ispu\u0161na grana, katalizator, dpf filter, lambda sonda, senzor temperature dpf-a<br \/>\nDIJELOVI UNUTRA\u0160NJOSTI \u2013 suncobrani, ru\u010dica brzina, kugla mjenja\u010da, rukohvati, podnica, tapacirunzi, zra\u010dni jastuk, sigurnosni pojas, zra\u010dna zavjesa, krovna zavjesa, garnitura zra\u010dnih jastuka, cd izmjenjiva\u010d, kop\u010de sigurnosnog pojasa, maska cd ure\u0111aja, tapacirung vrata, krovni tapacirung, sjedi\u0161te, sjedalo, armatura, sredi\u0161nja konzola, sjenilo za sunce, ru\u010dica mjenja\u010da, podni tepih, pepeljara, unutra\u0161nji retrovizor, poluge sjedala, sajla sjedala,<br \/>\nSUSTAV HLA\u0110ENJA I KLIMA \u2013 prekida\u010di ventilacije, ku\u0107i\u0161te ventilacije, otpornik ventilacije, regulator ventilacije, ventilator klime, ventilator hladnjaka vode, hladnjak klime, hladnjak vode, lajtung klime, crijevo vode, ispariva\u010d, reostat, hladnjak grijanja, reostat, kompresor klime, regulator klime, tipkalo klime, kompjuter klime, relej klime<\/p>\n","protected":false},"excerpt":{"rendered":"<p>CITROEN C4 PICASSO VOLAN CITROEN C4 PICASSO OBRU\u010c VOLANA CITROEN C4 PICASSO KOLO VOLANA 96777869ZD 2013-2022 Radno vrijeme: Ponedjeljak-Petak 08-16h,ukoliko izvan radnog vremena(molimo sms) Osobni dolazak-obavezna najava. _______________________________________________________________ Na lageru imamo veliki asortiman rabljenih dijelova iz uvoza (preko 150 000 artikala na stanju). Cijene dijelova se mijenjaju i raspolo\u017eivost je na upit. Dugi niz godina [&hellip;]<\/p>\n","protected":false},"featured_media":250799,"comment_status":"open","ping_status":"closed","template":"","meta":{"_acf_changed":false},"brend":[1866,1557],"product_cat":[3057],"product_tag":[],"class_list":{"0":"post-183688","1":"product","2":"type-product","3":"status-publish","4":"has-post-thumbnail","6":"brend-c4-picasso","7":"brend-citroen","8":"product_cat-unutrasnjost-kabine","10":"first","11":"instock","12":"shipping-taxable","13":"product-type-simple"},"acf":[],"yoast_head":"<!-- This site is optimized with the Yoast SEO plugin v24.9 - https:\/\/yoast.com\/wordpress\/plugins\/seo\/ -->\n<title>CITROEN C4 PICASSO VOLAN 96777869ZD 2013-2022 - PSC Lukavec - autodijelovi<\/title>\n<meta name=\"robots\" content=\"index, follow, max-snippet:-1, max-image-preview:large, max-video-preview:-1\" \/>\n<link rel=\"canonical\" href=\"http:\/\/psc-lukavec.hr\/en\/product\/citroen-c4-picasso-volan-96777869zd-2013-2022\/\" \/>\n<meta property=\"og:locale\" content=\"en_US\" \/>\n<meta property=\"og:type\" content=\"article\" \/>\n<meta property=\"og:title\" content=\"CITROEN C4 PICASSO VOLAN 96777869ZD 2013-2022 - PSC Lukavec - autodijelovi\" \/>\n<meta property=\"og:description\" content=\"CITROEN C4 PICASSO VOLAN CITROEN C4 PICASSO OBRU\u010c VOLANA CITROEN C4 PICASSO KOLO VOLANA 96777869ZD 2013-2022 Radno vrijeme: Ponedjeljak-Petak 08-16h,ukoliko izvan radnog vremena(molimo sms) Osobni dolazak-obavezna najava. _______________________________________________________________ Na lageru imamo veliki asortiman rabljenih dijelova iz uvoza (preko 150 000 artikala na stanju). Cijene dijelova se mijenjaju i raspolo\u017eivost je na upit. Dugi niz godina [&hellip;]\" \/>\n<meta property=\"og:url\" content=\"http:\/\/psc-lukavec.hr\/en\/product\/citroen-c4-picasso-volan-96777869zd-2013-2022\/\" \/>\n<meta property=\"og:site_name\" content=\"PSC Lukavec - autodijelovi\" \/>\n<meta property=\"article:modified_time\" content=\"2024-08-24T11:26:48+00:00\" \/>\n<meta property=\"og:image\" content=\"http:\/\/psc-lukavec.hr\/wp-content\/uploads\/2024\/06\/183279445-1.jpg\" \/>\n\t<meta property=\"og:image:width\" content=\"1024\" \/>\n\t<meta property=\"og:image:height\" content=\"682\" \/>\n\t<meta property=\"og:image:type\" content=\"image\/jpeg\" \/>\n<meta name=\"twitter:card\" content=\"summary_large_image\" \/>\n<meta name=\"twitter:label1\" content=\"Est. reading time\" \/>\n\t<meta name=\"twitter:data1\" content=\"4 minutes\" \/>\n<script type=\"application\/ld+json\" class=\"yoast-schema-graph\">{\"@context\":\"https:\/\/schema.org\",\"@graph\":[{\"@type\":\"WebPage\",\"@id\":\"http:\/\/psc-lukavec.hr\/en\/product\/citroen-c4-picasso-volan-96777869zd-2013-2022\/\",\"url\":\"http:\/\/psc-lukavec.hr\/en\/product\/citroen-c4-picasso-volan-96777869zd-2013-2022\/\",\"name\":\"CITROEN C4 PICASSO VOLAN 96777869ZD 2013-2022 - PSC Lukavec - autodijelovi\",\"isPartOf\":{\"@id\":\"http:\/\/psc-lukavec.hr\/en\/#website\"},\"primaryImageOfPage\":{\"@id\":\"http:\/\/psc-lukavec.hr\/en\/product\/citroen-c4-picasso-volan-96777869zd-2013-2022\/#primaryimage\"},\"image\":{\"@id\":\"http:\/\/psc-lukavec.hr\/en\/product\/citroen-c4-picasso-volan-96777869zd-2013-2022\/#primaryimage\"},\"thumbnailUrl\":\"http:\/\/psc-lukavec.hr\/wp-content\/uploads\/2024\/06\/183279445-1.jpg\",\"datePublished\":\"2024-06-15T00:04:03+00:00\",\"dateModified\":\"2024-08-24T11:26:48+00:00\",\"breadcrumb\":{\"@id\":\"http:\/\/psc-lukavec.hr\/en\/product\/citroen-c4-picasso-volan-96777869zd-2013-2022\/#breadcrumb\"},\"inLanguage\":\"en-US\",\"potentialAction\":[{\"@type\":\"ReadAction\",\"target\":[\"http:\/\/psc-lukavec.hr\/en\/product\/citroen-c4-picasso-volan-96777869zd-2013-2022\/\"]}]},{\"@type\":\"ImageObject\",\"inLanguage\":\"en-US\",\"@id\":\"http:\/\/psc-lukavec.hr\/en\/product\/citroen-c4-picasso-volan-96777869zd-2013-2022\/#primaryimage\",\"url\":\"http:\/\/psc-lukavec.hr\/wp-content\/uploads\/2024\/06\/183279445-1.jpg\",\"contentUrl\":\"http:\/\/psc-lukavec.hr\/wp-content\/uploads\/2024\/06\/183279445-1.jpg\",\"width\":1024,\"height\":682},{\"@type\":\"BreadcrumbList\",\"@id\":\"http:\/\/psc-lukavec.hr\/en\/product\/citroen-c4-picasso-volan-96777869zd-2013-2022\/#breadcrumb\",\"itemListElement\":[{\"@type\":\"ListItem\",\"position\":1,\"name\":\"Po\u010detna stranica\",\"item\":\"http:\/\/psc-lukavec.hr\/\"},{\"@type\":\"ListItem\",\"position\":2,\"name\":\"Katalog proizvoda\",\"item\":\"http:\/\/psc-lukavec.hr\/shop\/\"},{\"@type\":\"ListItem\",\"position\":3,\"name\":\"CITROEN C4 PICASSO VOLAN 96777869ZD 2013-2022\"}]},{\"@type\":\"WebSite\",\"@id\":\"http:\/\/psc-lukavec.hr\/en\/#website\",\"url\":\"http:\/\/psc-lukavec.hr\/en\/\",\"name\":\"PSC Lukavec - autodijelovi\",\"description\":\"Online trgovina rezervnih dijelova\",\"publisher\":{\"@id\":\"http:\/\/psc-lukavec.hr\/en\/#organization\"},\"potentialAction\":[{\"@type\":\"SearchAction\",\"target\":{\"@type\":\"EntryPoint\",\"urlTemplate\":\"http:\/\/psc-lukavec.hr\/en\/?s={search_term_string}\"},\"query-input\":{\"@type\":\"PropertyValueSpecification\",\"valueRequired\":true,\"valueName\":\"search_term_string\"}}],\"inLanguage\":\"en-US\"},{\"@type\":\"Organization\",\"@id\":\"http:\/\/psc-lukavec.hr\/en\/#organization\",\"name\":\"PSC Lukavec - autodijelovi\",\"url\":\"http:\/\/psc-lukavec.hr\/en\/\",\"logo\":{\"@type\":\"ImageObject\",\"inLanguage\":\"en-US\",\"@id\":\"http:\/\/psc-lukavec.hr\/en\/#\/schema\/logo\/image\/\",\"url\":\"http:\/\/psc-lukavec.hr\/wp-content\/uploads\/2024\/10\/PartSmartShop-1728391966.png\",\"contentUrl\":\"http:\/\/psc-lukavec.hr\/wp-content\/uploads\/2024\/10\/PartSmartShop-1728391966.png\",\"width\":470,\"height\":80,\"caption\":\"PSC Lukavec - autodijelovi\"},\"image\":{\"@id\":\"http:\/\/psc-lukavec.hr\/en\/#\/schema\/logo\/image\/\"}}]}<\/script>\n<!-- \/ Yoast SEO plugin. -->","yoast_head_json":{"title":"CITROEN C4 PICASSO VOLAN 96777869ZD 2013-2022 - PSC Lukavec - autodijelovi","robots":{"index":"index","follow":"follow","max-snippet":"max-snippet:-1","max-image-preview":"max-image-preview:large","max-video-preview":"max-video-preview:-1"},"canonical":"http:\/\/psc-lukavec.hr\/en\/product\/citroen-c4-picasso-volan-96777869zd-2013-2022\/","og_locale":"en_US","og_type":"article","og_title":"CITROEN C4 PICASSO VOLAN 96777869ZD 2013-2022 - PSC Lukavec - autodijelovi","og_description":"CITROEN C4 PICASSO VOLAN CITROEN C4 PICASSO OBRU\u010c VOLANA CITROEN C4 PICASSO KOLO VOLANA 96777869ZD 2013-2022 Radno vrijeme: Ponedjeljak-Petak 08-16h,ukoliko izvan radnog vremena(molimo sms) Osobni dolazak-obavezna najava. _______________________________________________________________ Na lageru imamo veliki asortiman rabljenih dijelova iz uvoza (preko 150 000 artikala na stanju). Cijene dijelova se mijenjaju i raspolo\u017eivost je na upit. Dugi niz godina [&hellip;]","og_url":"http:\/\/psc-lukavec.hr\/en\/product\/citroen-c4-picasso-volan-96777869zd-2013-2022\/","og_site_name":"PSC Lukavec - autodijelovi","article_modified_time":"2024-08-24T11:26:48+00:00","og_image":[{"width":1024,"height":682,"url":"http:\/\/psc-lukavec.hr\/wp-content\/uploads\/2024\/06\/183279445-1.jpg","type":"image\/jpeg"}],"twitter_card":"summary_large_image","twitter_misc":{"Est. reading time":"4 minutes"},"schema":{"@context":"https:\/\/schema.org","@graph":[{"@type":"WebPage","@id":"http:\/\/psc-lukavec.hr\/en\/product\/citroen-c4-picasso-volan-96777869zd-2013-2022\/","url":"http:\/\/psc-lukavec.hr\/en\/product\/citroen-c4-picasso-volan-96777869zd-2013-2022\/","name":"CITROEN C4 PICASSO VOLAN 96777869ZD 2013-2022 - PSC Lukavec - autodijelovi","isPartOf":{"@id":"http:\/\/psc-lukavec.hr\/en\/#website"},"primaryImageOfPage":{"@id":"http:\/\/psc-lukavec.hr\/en\/product\/citroen-c4-picasso-volan-96777869zd-2013-2022\/#primaryimage"},"image":{"@id":"http:\/\/psc-lukavec.hr\/en\/product\/citroen-c4-picasso-volan-96777869zd-2013-2022\/#primaryimage"},"thumbnailUrl":"http:\/\/psc-lukavec.hr\/wp-content\/uploads\/2024\/06\/183279445-1.jpg","datePublished":"2024-06-15T00:04:03+00:00","dateModified":"2024-08-24T11:26:48+00:00","breadcrumb":{"@id":"http:\/\/psc-lukavec.hr\/en\/product\/citroen-c4-picasso-volan-96777869zd-2013-2022\/#breadcrumb"},"inLanguage":"en-US","potentialAction":[{"@type":"ReadAction","target":["http:\/\/psc-lukavec.hr\/en\/product\/citroen-c4-picasso-volan-96777869zd-2013-2022\/"]}]},{"@type":"ImageObject","inLanguage":"en-US","@id":"http:\/\/psc-lukavec.hr\/en\/product\/citroen-c4-picasso-volan-96777869zd-2013-2022\/#primaryimage","url":"http:\/\/psc-lukavec.hr\/wp-content\/uploads\/2024\/06\/183279445-1.jpg","contentUrl":"http:\/\/psc-lukavec.hr\/wp-content\/uploads\/2024\/06\/183279445-1.jpg","width":1024,"height":682},{"@type":"BreadcrumbList","@id":"http:\/\/psc-lukavec.hr\/en\/product\/citroen-c4-picasso-volan-96777869zd-2013-2022\/#breadcrumb","itemListElement":[{"@type":"ListItem","position":1,"name":"Po\u010detna stranica","item":"http:\/\/psc-lukavec.hr\/"},{"@type":"ListItem","position":2,"name":"Katalog proizvoda","item":"http:\/\/psc-lukavec.hr\/shop\/"},{"@type":"ListItem","position":3,"name":"CITROEN C4 PICASSO VOLAN 96777869ZD 2013-2022"}]},{"@type":"WebSite","@id":"http:\/\/psc-lukavec.hr\/en\/#website","url":"http:\/\/psc-lukavec.hr\/en\/","name":"PSC Lukavec - autodijelovi","description":"Online trgovina rezervnih dijelova","publisher":{"@id":"http:\/\/psc-lukavec.hr\/en\/#organization"},"potentialAction":[{"@type":"SearchAction","target":{"@type":"EntryPoint","urlTemplate":"http:\/\/psc-lukavec.hr\/en\/?s={search_term_string}"},"query-input":{"@type":"PropertyValueSpecification","valueRequired":true,"valueName":"search_term_string"}}],"inLanguage":"en-US"},{"@type":"Organization","@id":"http:\/\/psc-lukavec.hr\/en\/#organization","name":"PSC Lukavec - autodijelovi","url":"http:\/\/psc-lukavec.hr\/en\/","logo":{"@type":"ImageObject","inLanguage":"en-US","@id":"http:\/\/psc-lukavec.hr\/en\/#\/schema\/logo\/image\/","url":"http:\/\/psc-lukavec.hr\/wp-content\/uploads\/2024\/10\/PartSmartShop-1728391966.png","contentUrl":"http:\/\/psc-lukavec.hr\/wp-content\/uploads\/2024\/10\/PartSmartShop-1728391966.png","width":470,"height":80,"caption":"PSC Lukavec - autodijelovi"},"image":{"@id":"http:\/\/psc-lukavec.hr\/en\/#\/schema\/logo\/image\/"}}]}},"_links":{"self":[{"href":"http:\/\/psc-lukavec.hr\/en\/wp-json\/wp\/v2\/product\/183688","targetHints":{"allow":["GET"]}}],"collection":[{"href":"http:\/\/psc-lukavec.hr\/en\/wp-json\/wp\/v2\/product"}],"about":[{"href":"http:\/\/psc-lukavec.hr\/en\/wp-json\/wp\/v2\/types\/product"}],"replies":[{"embeddable":true,"href":"http:\/\/psc-lukavec.hr\/en\/wp-json\/wp\/v2\/comments?post=183688"}],"wp:featuredmedia":[{"embeddable":true,"href":"http:\/\/psc-lukavec.hr\/en\/wp-json\/wp\/v2\/media\/250799"}],"wp:attachment":[{"href":"http:\/\/psc-lukavec.hr\/en\/wp-json\/wp\/v2\/media?parent=183688"}],"wp:term":[{"taxonomy":"brend","embeddable":true,"href":"http:\/\/psc-lukavec.hr\/en\/wp-json\/wp\/v2\/brend?post=183688"},{"taxonomy":"product_cat","embeddable":true,"href":"http:\/\/psc-lukavec.hr\/en\/wp-json\/wp\/v2\/product_cat?post=183688"},{"taxonomy":"product_tag","embeddable":true,"href":"http:\/\/psc-lukavec.hr\/en\/wp-json\/wp\/v2\/product_tag?post=183688"}],"curies":[{"name":"wp","href":"https:\/\/api.w.org\/{rel}","templated":true}]}}