{"id":166104,"date":"2024-06-14T22:05:07","date_gmt":"2024-06-14T22:05:07","guid":{"rendered":"http:\/\/psclukavec.hr\/product\/vw-t-cross-modul-zracnog-jastuka-2q0959655am-2020\/"},"modified":"2024-08-24T11:33:06","modified_gmt":"2024-08-24T11:33:06","slug":"vw-t-cross-modul-zracnog-jastuka-2q0959655am-2020","status":"publish","type":"product","link":"http:\/\/psc-lukavec.hr\/en\/product\/vw-t-cross-modul-zracnog-jastuka-2q0959655am-2020\/","title":{"rendered":"VW T-CROSS MODUL ZRA\u010cNOG JASTUKA 2Q0959655AM 2020"},"content":{"rendered":"<p>VW T-CROSS MODUL ZRA\u010cNIH JASTUKA<br \/>\nVW T-CROSS CENTRALNA JEDINICA ZRACNIH JASTUKA<br \/>\nVW T-CROSS ECU ZRACNIH JASTUKA<br \/>\n2Q0959655AM<\/p>\n<p>2020.<\/p>\n<p>SLIKA PRIKAZUJE STVARNO STANJE PREDMETA<br \/>\nKupljena roba je vrlo dobro za\u0161ti\u0107ena od o\u0161te\u0107enja prilikom transporta. <\/p>\n<p>Preporu\u010dite nas drugima! <\/p>\n<p>Vr\u0161imo i prodaju u sjedi\u0161tu tvrtke <\/p>\n<p>Radno vrijeme: Ponedjeljak-Petak 08-16h,ukoliko izvan radnog vremena(molimo sms)<br \/>\nOsobni dolazak &gt;&gt;obavezna najava.<\/p>\n","protected":false},"excerpt":{"rendered":"<p>VW T-CROSS MODUL ZRA\u010cNIH JASTUKA VW T-CROSS CENTRALNA JEDINICA ZRACNIH JASTUKA VW T-CROSS ECU ZRACNIH JASTUKA 2Q0959655AM 2020. SLIKA PRIKAZUJE STVARNO STANJE PREDMETA Kupljena roba je vrlo dobro za\u0161ti\u0107ena od o\u0161te\u0107enja prilikom transporta. Preporu\u010dite nas drugima! Vr\u0161imo i prodaju u sjedi\u0161tu tvrtke Radno vrijeme: Ponedjeljak-Petak 08-16h,ukoliko izvan radnog vremena(molimo sms) Osobni dolazak &gt;&gt;obavezna najava.<\/p>\n","protected":false},"featured_media":166105,"comment_status":"open","ping_status":"closed","template":"","meta":{"_acf_changed":false},"brend":[3028,1632],"product_cat":[3054],"product_tag":[],"class_list":{"0":"post-166104","1":"product","2":"type-product","3":"status-publish","4":"has-post-thumbnail","6":"brend-t-cross","7":"brend-vw","8":"product_cat-auto-elektronika-i-autoelektrika","10":"first","11":"instock","12":"shipping-taxable","13":"product-type-simple"},"acf":[],"yoast_head":"<!-- This site is optimized with the Yoast SEO plugin v24.9 - https:\/\/yoast.com\/wordpress\/plugins\/seo\/ -->\n<title>VW T-CROSS MODUL ZRA\u010cNOG JASTUKA 2Q0959655AM 2020 - PSC Lukavec - autodijelovi<\/title>\n<meta name=\"robots\" content=\"index, follow, max-snippet:-1, max-image-preview:large, max-video-preview:-1\" \/>\n<link rel=\"canonical\" href=\"https:\/\/psc-lukavec.hr\/product\/vw-t-cross-modul-zracnog-jastuka-2q0959655am-2020\/\" \/>\n<meta property=\"og:locale\" content=\"en_US\" \/>\n<meta property=\"og:type\" content=\"article\" \/>\n<meta property=\"og:title\" content=\"VW T-CROSS MODUL ZRA\u010cNOG JASTUKA 2Q0959655AM 2020 - PSC Lukavec - autodijelovi\" \/>\n<meta property=\"og:description\" content=\"VW T-CROSS MODUL ZRA\u010cNIH JASTUKA VW T-CROSS CENTRALNA JEDINICA ZRACNIH JASTUKA VW T-CROSS ECU ZRACNIH JASTUKA 2Q0959655AM 2020. SLIKA PRIKAZUJE STVARNO STANJE PREDMETA Kupljena roba je vrlo dobro za\u0161ti\u0107ena od o\u0161te\u0107enja prilikom transporta. Preporu\u010dite nas drugima! Vr\u0161imo i prodaju u sjedi\u0161tu tvrtke Radno vrijeme: Ponedjeljak-Petak 08-16h,ukoliko izvan radnog vremena(molimo sms) Osobni dolazak &gt;&gt;obavezna najava.\" \/>\n<meta property=\"og:url\" content=\"https:\/\/psc-lukavec.hr\/product\/vw-t-cross-modul-zracnog-jastuka-2q0959655am-2020\/\" \/>\n<meta property=\"og:site_name\" content=\"PSC Lukavec - autodijelovi\" \/>\n<meta property=\"article:modified_time\" content=\"2024-08-24T11:33:06+00:00\" \/>\n<meta property=\"og:image\" content=\"https:\/\/psc-lukavec.hr\/wp-content\/uploads\/2024\/06\/191179356.jpg\" \/>\n\t<meta property=\"og:image:width\" content=\"1024\" \/>\n\t<meta property=\"og:image:height\" content=\"768\" \/>\n\t<meta property=\"og:image:type\" content=\"image\/jpeg\" \/>\n<meta name=\"twitter:card\" content=\"summary_large_image\" \/>\n<script type=\"application\/ld+json\" class=\"yoast-schema-graph\">{\"@context\":\"https:\/\/schema.org\",\"@graph\":[{\"@type\":\"WebPage\",\"@id\":\"https:\/\/psc-lukavec.hr\/product\/vw-t-cross-modul-zracnog-jastuka-2q0959655am-2020\/\",\"url\":\"https:\/\/psc-lukavec.hr\/product\/vw-t-cross-modul-zracnog-jastuka-2q0959655am-2020\/\",\"name\":\"VW T-CROSS MODUL ZRA\u010cNOG JASTUKA 2Q0959655AM 2020 - PSC Lukavec - autodijelovi\",\"isPartOf\":{\"@id\":\"https:\/\/psc-lukavec.hr\/#website\"},\"primaryImageOfPage\":{\"@id\":\"https:\/\/psc-lukavec.hr\/product\/vw-t-cross-modul-zracnog-jastuka-2q0959655am-2020\/#primaryimage\"},\"image\":{\"@id\":\"https:\/\/psc-lukavec.hr\/product\/vw-t-cross-modul-zracnog-jastuka-2q0959655am-2020\/#primaryimage\"},\"thumbnailUrl\":\"http:\/\/psc-lukavec.hr\/wp-content\/uploads\/2024\/06\/191179356.jpg\",\"datePublished\":\"2024-06-14T22:05:07+00:00\",\"dateModified\":\"2024-08-24T11:33:06+00:00\",\"breadcrumb\":{\"@id\":\"https:\/\/psc-lukavec.hr\/product\/vw-t-cross-modul-zracnog-jastuka-2q0959655am-2020\/#breadcrumb\"},\"inLanguage\":\"en-US\",\"potentialAction\":[{\"@type\":\"ReadAction\",\"target\":[\"https:\/\/psc-lukavec.hr\/product\/vw-t-cross-modul-zracnog-jastuka-2q0959655am-2020\/\"]}]},{\"@type\":\"ImageObject\",\"inLanguage\":\"en-US\",\"@id\":\"https:\/\/psc-lukavec.hr\/product\/vw-t-cross-modul-zracnog-jastuka-2q0959655am-2020\/#primaryimage\",\"url\":\"http:\/\/psc-lukavec.hr\/wp-content\/uploads\/2024\/06\/191179356.jpg\",\"contentUrl\":\"http:\/\/psc-lukavec.hr\/wp-content\/uploads\/2024\/06\/191179356.jpg\",\"width\":1024,\"height\":768},{\"@type\":\"BreadcrumbList\",\"@id\":\"https:\/\/psc-lukavec.hr\/product\/vw-t-cross-modul-zracnog-jastuka-2q0959655am-2020\/#breadcrumb\",\"itemListElement\":[{\"@type\":\"ListItem\",\"position\":1,\"name\":\"Po\u010detna stranica\",\"item\":\"https:\/\/psc-lukavec.hr\/\"},{\"@type\":\"ListItem\",\"position\":2,\"name\":\"Katalog proizvoda\",\"item\":\"https:\/\/psc-lukavec.hr\/shop\/\"},{\"@type\":\"ListItem\",\"position\":3,\"name\":\"VW T-CROSS MODUL ZRA\u010cNOG JASTUKA 2Q0959655AM 2020\"}]},{\"@type\":\"WebSite\",\"@id\":\"https:\/\/psc-lukavec.hr\/#website\",\"url\":\"https:\/\/psc-lukavec.hr\/\",\"name\":\"PSC Lukavec - autodijelovi\",\"description\":\"Online trgovina rezervnih dijelova\",\"publisher\":{\"@id\":\"https:\/\/psc-lukavec.hr\/#organization\"},\"potentialAction\":[{\"@type\":\"SearchAction\",\"target\":{\"@type\":\"EntryPoint\",\"urlTemplate\":\"https:\/\/psc-lukavec.hr\/?s={search_term_string}\"},\"query-input\":{\"@type\":\"PropertyValueSpecification\",\"valueRequired\":true,\"valueName\":\"search_term_string\"}}],\"inLanguage\":\"en-US\"},{\"@type\":\"Organization\",\"@id\":\"https:\/\/psc-lukavec.hr\/#organization\",\"name\":\"PSC Lukavec - autodijelovi\",\"url\":\"https:\/\/psc-lukavec.hr\/\",\"logo\":{\"@type\":\"ImageObject\",\"inLanguage\":\"en-US\",\"@id\":\"https:\/\/psc-lukavec.hr\/#\/schema\/logo\/image\/\",\"url\":\"http:\/\/psc-lukavec.hr\/wp-content\/uploads\/2024\/10\/PartSmartShop-1728391966.png\",\"contentUrl\":\"http:\/\/psc-lukavec.hr\/wp-content\/uploads\/2024\/10\/PartSmartShop-1728391966.png\",\"width\":470,\"height\":80,\"caption\":\"PSC Lukavec - autodijelovi\"},\"image\":{\"@id\":\"https:\/\/psc-lukavec.hr\/#\/schema\/logo\/image\/\"}}]}<\/script>\n<!-- \/ Yoast SEO plugin. -->","yoast_head_json":{"title":"VW T-CROSS MODUL ZRA\u010cNOG JASTUKA 2Q0959655AM 2020 - PSC Lukavec - autodijelovi","robots":{"index":"index","follow":"follow","max-snippet":"max-snippet:-1","max-image-preview":"max-image-preview:large","max-video-preview":"max-video-preview:-1"},"canonical":"https:\/\/psc-lukavec.hr\/product\/vw-t-cross-modul-zracnog-jastuka-2q0959655am-2020\/","og_locale":"en_US","og_type":"article","og_title":"VW T-CROSS MODUL ZRA\u010cNOG JASTUKA 2Q0959655AM 2020 - PSC Lukavec - autodijelovi","og_description":"VW T-CROSS MODUL ZRA\u010cNIH JASTUKA VW T-CROSS CENTRALNA JEDINICA ZRACNIH JASTUKA VW T-CROSS ECU ZRACNIH JASTUKA 2Q0959655AM 2020. SLIKA PRIKAZUJE STVARNO STANJE PREDMETA Kupljena roba je vrlo dobro za\u0161ti\u0107ena od o\u0161te\u0107enja prilikom transporta. Preporu\u010dite nas drugima! Vr\u0161imo i prodaju u sjedi\u0161tu tvrtke Radno vrijeme: Ponedjeljak-Petak 08-16h,ukoliko izvan radnog vremena(molimo sms) Osobni dolazak &gt;&gt;obavezna najava.","og_url":"https:\/\/psc-lukavec.hr\/product\/vw-t-cross-modul-zracnog-jastuka-2q0959655am-2020\/","og_site_name":"PSC Lukavec - autodijelovi","article_modified_time":"2024-08-24T11:33:06+00:00","og_image":[{"width":1024,"height":768,"url":"https:\/\/psc-lukavec.hr\/wp-content\/uploads\/2024\/06\/191179356.jpg","type":"image\/jpeg"}],"twitter_card":"summary_large_image","schema":{"@context":"https:\/\/schema.org","@graph":[{"@type":"WebPage","@id":"https:\/\/psc-lukavec.hr\/product\/vw-t-cross-modul-zracnog-jastuka-2q0959655am-2020\/","url":"https:\/\/psc-lukavec.hr\/product\/vw-t-cross-modul-zracnog-jastuka-2q0959655am-2020\/","name":"VW T-CROSS MODUL ZRA\u010cNOG JASTUKA 2Q0959655AM 2020 - PSC Lukavec - autodijelovi","isPartOf":{"@id":"https:\/\/psc-lukavec.hr\/#website"},"primaryImageOfPage":{"@id":"https:\/\/psc-lukavec.hr\/product\/vw-t-cross-modul-zracnog-jastuka-2q0959655am-2020\/#primaryimage"},"image":{"@id":"https:\/\/psc-lukavec.hr\/product\/vw-t-cross-modul-zracnog-jastuka-2q0959655am-2020\/#primaryimage"},"thumbnailUrl":"http:\/\/psc-lukavec.hr\/wp-content\/uploads\/2024\/06\/191179356.jpg","datePublished":"2024-06-14T22:05:07+00:00","dateModified":"2024-08-24T11:33:06+00:00","breadcrumb":{"@id":"https:\/\/psc-lukavec.hr\/product\/vw-t-cross-modul-zracnog-jastuka-2q0959655am-2020\/#breadcrumb"},"inLanguage":"en-US","potentialAction":[{"@type":"ReadAction","target":["https:\/\/psc-lukavec.hr\/product\/vw-t-cross-modul-zracnog-jastuka-2q0959655am-2020\/"]}]},{"@type":"ImageObject","inLanguage":"en-US","@id":"https:\/\/psc-lukavec.hr\/product\/vw-t-cross-modul-zracnog-jastuka-2q0959655am-2020\/#primaryimage","url":"http:\/\/psc-lukavec.hr\/wp-content\/uploads\/2024\/06\/191179356.jpg","contentUrl":"http:\/\/psc-lukavec.hr\/wp-content\/uploads\/2024\/06\/191179356.jpg","width":1024,"height":768},{"@type":"BreadcrumbList","@id":"https:\/\/psc-lukavec.hr\/product\/vw-t-cross-modul-zracnog-jastuka-2q0959655am-2020\/#breadcrumb","itemListElement":[{"@type":"ListItem","position":1,"name":"Po\u010detna stranica","item":"https:\/\/psc-lukavec.hr\/"},{"@type":"ListItem","position":2,"name":"Katalog proizvoda","item":"https:\/\/psc-lukavec.hr\/shop\/"},{"@type":"ListItem","position":3,"name":"VW T-CROSS MODUL ZRA\u010cNOG JASTUKA 2Q0959655AM 2020"}]},{"@type":"WebSite","@id":"https:\/\/psc-lukavec.hr\/#website","url":"https:\/\/psc-lukavec.hr\/","name":"PSC Lukavec - autodijelovi","description":"Online trgovina rezervnih dijelova","publisher":{"@id":"https:\/\/psc-lukavec.hr\/#organization"},"potentialAction":[{"@type":"SearchAction","target":{"@type":"EntryPoint","urlTemplate":"https:\/\/psc-lukavec.hr\/?s={search_term_string}"},"query-input":{"@type":"PropertyValueSpecification","valueRequired":true,"valueName":"search_term_string"}}],"inLanguage":"en-US"},{"@type":"Organization","@id":"https:\/\/psc-lukavec.hr\/#organization","name":"PSC Lukavec - autodijelovi","url":"https:\/\/psc-lukavec.hr\/","logo":{"@type":"ImageObject","inLanguage":"en-US","@id":"https:\/\/psc-lukavec.hr\/#\/schema\/logo\/image\/","url":"http:\/\/psc-lukavec.hr\/wp-content\/uploads\/2024\/10\/PartSmartShop-1728391966.png","contentUrl":"http:\/\/psc-lukavec.hr\/wp-content\/uploads\/2024\/10\/PartSmartShop-1728391966.png","width":470,"height":80,"caption":"PSC Lukavec - autodijelovi"},"image":{"@id":"https:\/\/psc-lukavec.hr\/#\/schema\/logo\/image\/"}}]}},"_links":{"self":[{"href":"http:\/\/psc-lukavec.hr\/en\/wp-json\/wp\/v2\/product\/166104","targetHints":{"allow":["GET"]}}],"collection":[{"href":"http:\/\/psc-lukavec.hr\/en\/wp-json\/wp\/v2\/product"}],"about":[{"href":"http:\/\/psc-lukavec.hr\/en\/wp-json\/wp\/v2\/types\/product"}],"replies":[{"embeddable":true,"href":"http:\/\/psc-lukavec.hr\/en\/wp-json\/wp\/v2\/comments?post=166104"}],"wp:featuredmedia":[{"embeddable":true,"href":"http:\/\/psc-lukavec.hr\/en\/wp-json\/wp\/v2\/media\/166105"}],"wp:attachment":[{"href":"http:\/\/psc-lukavec.hr\/en\/wp-json\/wp\/v2\/media?parent=166104"}],"wp:term":[{"taxonomy":"brend","embeddable":true,"href":"http:\/\/psc-lukavec.hr\/en\/wp-json\/wp\/v2\/brend?post=166104"},{"taxonomy":"product_cat","embeddable":true,"href":"http:\/\/psc-lukavec.hr\/en\/wp-json\/wp\/v2\/product_cat?post=166104"},{"taxonomy":"product_tag","embeddable":true,"href":"http:\/\/psc-lukavec.hr\/en\/wp-json\/wp\/v2\/product_tag?post=166104"}],"curies":[{"name":"wp","href":"https:\/\/api.w.org\/{rel}","templated":true}]}}