{"id":157169,"date":"2024-06-14T20:59:39","date_gmt":"2024-06-14T20:59:39","guid":{"rendered":"http:\/\/psclukavec.hr\/product\/audi-turbina-2-5-tdi-gt2052v-059145701f\/"},"modified":"2025-04-18T11:55:14","modified_gmt":"2025-04-18T11:55:14","slug":"audi-turbina-2-5-tdi-gt2052v-059145701f","status":"publish","type":"product","link":"http:\/\/psc-lukavec.hr\/en\/product\/audi-turbina-2-5-tdi-gt2052v-059145701f\/","title":{"rendered":"AUDI TURBINA 2.5 TDI GT2052V 059145701F"},"content":{"rendered":"<p>AUDI TURBINA 2.5 TDI<br \/>\nPASSAT TURBINA 2.5 TDI<br \/>\n110\/150<br \/>\n114KW<br \/>\n132KW<br \/>\n2004.<\/p>\n<p>GT2052V<br \/>\n059145701F<br \/>\n059145701CV<br \/>\n059145701CX<br \/>\n059145701D<br \/>\n059145701E<br \/>\n059145701F<br \/>\n059145701FX<br \/>\n059145701GV<br \/>\n059145701GX<br \/>\n059145701K<br \/>\n059145701KX<br \/>\n059145701S<br \/>\n059145701SV<br \/>\n059145701SX<br \/>\n059145702DV<br \/>\n059145702DX<br \/>\n059145701C<br \/>\n059145701D<br \/>\n059145701G<br \/>\n059145702D<br \/>\n454135-0001<br \/>\n454135-0002<br \/>\n454135-0006<br \/>\n454135-0009<br \/>\n454135-0010<br \/>\n454135-1<br \/>\n454135-10<br \/>\n454135-2<br \/>\n454135-3<br \/>\n454135-4<br \/>\n454135-5006S<br \/>\n454135-5009S<br \/>\n454135-5010S<br \/>\n454135-6<br \/>\n454135-7<br \/>\n454135-8<br \/>\n454135-9<br \/>\n454135-9009S<br \/>\n454135-9010<\/p>\n<p>SLIKA PRIKAZUJE STVARNO STANJE PREDMETA<\/p>\n<p>Kupljena roba je vrlo dobro za\u0161ti\u0107ena od o\u0161te\u0107enja prilikom transporta.<\/p>\n<p>Preporu\u010dite nas drugima!<\/p>\n<p>Vr\u0161imo i prodaju u sjedi\u0161tu tvrtke&lt;&lt;UZ NAJAVU DOLASKA&gt;&gt;<\/p>\n<p>Radno vrijeme: Ponedjeljak-Petak 08-16h,ukoliko izvan radnog vremena(molimo sms)<br \/>\nOsobni dolazak-obavezna najava.<br \/>\n_______________________________________<br \/>\nNa lageru imamo veliki asortiman rabljenih dijelova iz inozemstva i tuzemstva(preko 6500 m2 skladi\u0161nog prostora sa preko 1500 000 artikala na stanju sa kontinuiranim rastom lagera i prodaje).<br \/>\n****Cijene dijelova se mijenjaju i cijena i raspolo\u017eivost je na upit.*****<br \/>\nDugi niz godina iskustva u prodaji dijelova i otvoreni smo za suradnju sa svim servisima.<br \/>\nZa stalne kupce odobravamo popust.<br \/>\nPo\u017eeljno VIN, slika ili OE broj dijela na email, sms, viber, whatsapp<br \/>\nDostava dijelova u HR I EU na adresu kurirskim slu\u017ebama najkasnije 96h.<br \/>\nPla\u0107anje prilikom preuzimanja, tro\u0161kove dostave snosi kupac<br \/>\n_______________________________________<br \/>\nNa sve dijelove dajemo garanciju na ispravnost i uva\u017eavamo reklamacije.<br \/>\nDogodi li se da je dio ne odgovaraju\u0107i i\/ili niste zadovoljni kupljenim,<br \/>\nvra\u0107amo novac ili mijenjamo za drugi.<br \/>\nRok za reklamaciju 14 dana od kupovine, uz uvjet da dio nije rastavljan.<br \/>\nMogu\u0107nost ugovora garancije 6 mj.<br \/>\n_______________________________________<br \/>\nNudimo usluge Servisa, prijevoza vozila i radnih strojeva<br \/>\nOTKUPLJUJEMO O\u0160TE\u0106ENA I KARAMBOLIRANA VOZILA.<br \/>\nZahvaljujemo na ukazanom povjerenju i razumijevanju.<br \/>\nPogledajte ostale na\u0161e oglase.<br \/>\n_______________________________________<br \/>\nwww.psclukavec.hr<br \/>\npsc.lukavec@gmail.com<br \/>\n098 539240<br \/>\n099 2998989<\/p>\n","protected":false},"excerpt":{"rendered":"<p>AUDI TURBINA 2.5 TDI PASSAT TURBINA 2.5 TDI 110\/150 114KW 132KW 2004. GT2052V 059145701F 059145701CV 059145701CX 059145701D 059145701E 059145701F 059145701FX 059145701GV 059145701GX 059145701K 059145701KX 059145701S 059145701SV 059145701SX 059145702DV 059145702DX 059145701C 059145701D 059145701G 059145702D 454135-0001 454135-0002 454135-0006 454135-0009 454135-0010 454135-1 454135-10 454135-2 454135-3 454135-4 454135-5006S 454135-5009S 454135-5010S 454135-6 454135-7 454135-8 454135-9 454135-9009S 454135-9010 SLIKA PRIKAZUJE STVARNO [&hellip;]<\/p>\n","protected":false},"featured_media":157170,"comment_status":"open","ping_status":"closed","template":"","meta":{"_acf_changed":false},"brend":[1551],"product_cat":[3054],"product_tag":[],"class_list":{"0":"post-157169","1":"product","2":"type-product","3":"status-publish","4":"has-post-thumbnail","6":"brend-audi","7":"product_cat-auto-elektronika-i-autoelektrika","9":"first","10":"instock","11":"shipping-taxable","12":"product-type-simple"},"acf":[],"yoast_head":"<!-- This site is optimized with the Yoast SEO plugin v24.9 - https:\/\/yoast.com\/wordpress\/plugins\/seo\/ -->\n<title>AUDI TURBINA 2.5 TDI GT2052V 059145701F - PSC Lukavec - autodijelovi<\/title>\n<meta name=\"robots\" content=\"index, follow, max-snippet:-1, max-image-preview:large, max-video-preview:-1\" \/>\n<link rel=\"canonical\" href=\"http:\/\/psc-lukavec.hr\/en\/product\/audi-turbina-2-5-tdi-gt2052v-059145701f\/\" \/>\n<meta property=\"og:locale\" content=\"en_US\" \/>\n<meta property=\"og:type\" content=\"article\" \/>\n<meta property=\"og:title\" content=\"AUDI TURBINA 2.5 TDI GT2052V 059145701F - PSC Lukavec - autodijelovi\" \/>\n<meta property=\"og:description\" content=\"AUDI TURBINA 2.5 TDI PASSAT TURBINA 2.5 TDI 110\/150 114KW 132KW 2004. GT2052V 059145701F 059145701CV 059145701CX 059145701D 059145701E 059145701F 059145701FX 059145701GV 059145701GX 059145701K 059145701KX 059145701S 059145701SV 059145701SX 059145702DV 059145702DX 059145701C 059145701D 059145701G 059145702D 454135-0001 454135-0002 454135-0006 454135-0009 454135-0010 454135-1 454135-10 454135-2 454135-3 454135-4 454135-5006S 454135-5009S 454135-5010S 454135-6 454135-7 454135-8 454135-9 454135-9009S 454135-9010 SLIKA PRIKAZUJE STVARNO [&hellip;]\" \/>\n<meta property=\"og:url\" content=\"http:\/\/psc-lukavec.hr\/en\/product\/audi-turbina-2-5-tdi-gt2052v-059145701f\/\" \/>\n<meta property=\"og:site_name\" content=\"PSC Lukavec - autodijelovi\" \/>\n<meta property=\"article:modified_time\" content=\"2025-04-18T11:55:14+00:00\" \/>\n<meta property=\"og:image\" content=\"http:\/\/psc-lukavec.hr\/wp-content\/uploads\/2024\/06\/107968826.jpg\" \/>\n\t<meta property=\"og:image:width\" content=\"1024\" \/>\n\t<meta property=\"og:image:height\" content=\"683\" \/>\n\t<meta property=\"og:image:type\" content=\"image\/jpeg\" \/>\n<meta name=\"twitter:card\" content=\"summary_large_image\" \/>\n<meta name=\"twitter:label1\" content=\"Est. reading time\" \/>\n\t<meta name=\"twitter:data1\" content=\"2 minutes\" \/>\n<script type=\"application\/ld+json\" class=\"yoast-schema-graph\">{\"@context\":\"https:\/\/schema.org\",\"@graph\":[{\"@type\":\"WebPage\",\"@id\":\"http:\/\/psc-lukavec.hr\/en\/product\/audi-turbina-2-5-tdi-gt2052v-059145701f\/\",\"url\":\"http:\/\/psc-lukavec.hr\/en\/product\/audi-turbina-2-5-tdi-gt2052v-059145701f\/\",\"name\":\"AUDI TURBINA 2.5 TDI GT2052V 059145701F - PSC Lukavec - autodijelovi\",\"isPartOf\":{\"@id\":\"https:\/\/psc-lukavec.hr\/#website\"},\"primaryImageOfPage\":{\"@id\":\"http:\/\/psc-lukavec.hr\/en\/product\/audi-turbina-2-5-tdi-gt2052v-059145701f\/#primaryimage\"},\"image\":{\"@id\":\"http:\/\/psc-lukavec.hr\/en\/product\/audi-turbina-2-5-tdi-gt2052v-059145701f\/#primaryimage\"},\"thumbnailUrl\":\"http:\/\/psc-lukavec.hr\/wp-content\/uploads\/2024\/06\/107968826.jpg\",\"datePublished\":\"2024-06-14T20:59:39+00:00\",\"dateModified\":\"2025-04-18T11:55:14+00:00\",\"breadcrumb\":{\"@id\":\"http:\/\/psc-lukavec.hr\/en\/product\/audi-turbina-2-5-tdi-gt2052v-059145701f\/#breadcrumb\"},\"inLanguage\":\"en-US\",\"potentialAction\":[{\"@type\":\"ReadAction\",\"target\":[\"http:\/\/psc-lukavec.hr\/en\/product\/audi-turbina-2-5-tdi-gt2052v-059145701f\/\"]}]},{\"@type\":\"ImageObject\",\"inLanguage\":\"en-US\",\"@id\":\"http:\/\/psc-lukavec.hr\/en\/product\/audi-turbina-2-5-tdi-gt2052v-059145701f\/#primaryimage\",\"url\":\"http:\/\/psc-lukavec.hr\/wp-content\/uploads\/2024\/06\/107968826.jpg\",\"contentUrl\":\"http:\/\/psc-lukavec.hr\/wp-content\/uploads\/2024\/06\/107968826.jpg\",\"width\":1024,\"height\":683},{\"@type\":\"BreadcrumbList\",\"@id\":\"http:\/\/psc-lukavec.hr\/en\/product\/audi-turbina-2-5-tdi-gt2052v-059145701f\/#breadcrumb\",\"itemListElement\":[{\"@type\":\"ListItem\",\"position\":1,\"name\":\"Po\u010detna stranica\",\"item\":\"https:\/\/psc-lukavec.hr\/\"},{\"@type\":\"ListItem\",\"position\":2,\"name\":\"Katalog proizvoda\",\"item\":\"https:\/\/psc-lukavec.hr\/shop\/\"},{\"@type\":\"ListItem\",\"position\":3,\"name\":\"AUDI TURBINA 2.5 TDI GT2052V 059145701F\"}]},{\"@type\":\"WebSite\",\"@id\":\"https:\/\/psc-lukavec.hr\/#website\",\"url\":\"https:\/\/psc-lukavec.hr\/\",\"name\":\"PSC Lukavec - autodijelovi\",\"description\":\"Online trgovina rezervnih dijelova\",\"publisher\":{\"@id\":\"https:\/\/psc-lukavec.hr\/#organization\"},\"potentialAction\":[{\"@type\":\"SearchAction\",\"target\":{\"@type\":\"EntryPoint\",\"urlTemplate\":\"https:\/\/psc-lukavec.hr\/?s={search_term_string}\"},\"query-input\":{\"@type\":\"PropertyValueSpecification\",\"valueRequired\":true,\"valueName\":\"search_term_string\"}}],\"inLanguage\":\"en-US\"},{\"@type\":\"Organization\",\"@id\":\"https:\/\/psc-lukavec.hr\/#organization\",\"name\":\"PSC Lukavec - autodijelovi\",\"url\":\"https:\/\/psc-lukavec.hr\/\",\"logo\":{\"@type\":\"ImageObject\",\"inLanguage\":\"en-US\",\"@id\":\"https:\/\/psc-lukavec.hr\/#\/schema\/logo\/image\/\",\"url\":\"http:\/\/psc-lukavec.hr\/wp-content\/uploads\/2024\/10\/PartSmartShop-1728391966.png\",\"contentUrl\":\"http:\/\/psc-lukavec.hr\/wp-content\/uploads\/2024\/10\/PartSmartShop-1728391966.png\",\"width\":470,\"height\":80,\"caption\":\"PSC Lukavec - autodijelovi\"},\"image\":{\"@id\":\"https:\/\/psc-lukavec.hr\/#\/schema\/logo\/image\/\"}}]}<\/script>\n<!-- \/ Yoast SEO plugin. -->","yoast_head_json":{"title":"AUDI TURBINA 2.5 TDI GT2052V 059145701F - PSC Lukavec - autodijelovi","robots":{"index":"index","follow":"follow","max-snippet":"max-snippet:-1","max-image-preview":"max-image-preview:large","max-video-preview":"max-video-preview:-1"},"canonical":"http:\/\/psc-lukavec.hr\/en\/product\/audi-turbina-2-5-tdi-gt2052v-059145701f\/","og_locale":"en_US","og_type":"article","og_title":"AUDI TURBINA 2.5 TDI GT2052V 059145701F - PSC Lukavec - autodijelovi","og_description":"AUDI TURBINA 2.5 TDI PASSAT TURBINA 2.5 TDI 110\/150 114KW 132KW 2004. GT2052V 059145701F 059145701CV 059145701CX 059145701D 059145701E 059145701F 059145701FX 059145701GV 059145701GX 059145701K 059145701KX 059145701S 059145701SV 059145701SX 059145702DV 059145702DX 059145701C 059145701D 059145701G 059145702D 454135-0001 454135-0002 454135-0006 454135-0009 454135-0010 454135-1 454135-10 454135-2 454135-3 454135-4 454135-5006S 454135-5009S 454135-5010S 454135-6 454135-7 454135-8 454135-9 454135-9009S 454135-9010 SLIKA PRIKAZUJE STVARNO [&hellip;]","og_url":"http:\/\/psc-lukavec.hr\/en\/product\/audi-turbina-2-5-tdi-gt2052v-059145701f\/","og_site_name":"PSC Lukavec - autodijelovi","article_modified_time":"2025-04-18T11:55:14+00:00","og_image":[{"width":1024,"height":683,"url":"http:\/\/psc-lukavec.hr\/wp-content\/uploads\/2024\/06\/107968826.jpg","type":"image\/jpeg"}],"twitter_card":"summary_large_image","twitter_misc":{"Est. reading time":"2 minutes"},"schema":{"@context":"https:\/\/schema.org","@graph":[{"@type":"WebPage","@id":"http:\/\/psc-lukavec.hr\/en\/product\/audi-turbina-2-5-tdi-gt2052v-059145701f\/","url":"http:\/\/psc-lukavec.hr\/en\/product\/audi-turbina-2-5-tdi-gt2052v-059145701f\/","name":"AUDI TURBINA 2.5 TDI GT2052V 059145701F - PSC Lukavec - autodijelovi","isPartOf":{"@id":"https:\/\/psc-lukavec.hr\/#website"},"primaryImageOfPage":{"@id":"http:\/\/psc-lukavec.hr\/en\/product\/audi-turbina-2-5-tdi-gt2052v-059145701f\/#primaryimage"},"image":{"@id":"http:\/\/psc-lukavec.hr\/en\/product\/audi-turbina-2-5-tdi-gt2052v-059145701f\/#primaryimage"},"thumbnailUrl":"http:\/\/psc-lukavec.hr\/wp-content\/uploads\/2024\/06\/107968826.jpg","datePublished":"2024-06-14T20:59:39+00:00","dateModified":"2025-04-18T11:55:14+00:00","breadcrumb":{"@id":"http:\/\/psc-lukavec.hr\/en\/product\/audi-turbina-2-5-tdi-gt2052v-059145701f\/#breadcrumb"},"inLanguage":"en-US","potentialAction":[{"@type":"ReadAction","target":["http:\/\/psc-lukavec.hr\/en\/product\/audi-turbina-2-5-tdi-gt2052v-059145701f\/"]}]},{"@type":"ImageObject","inLanguage":"en-US","@id":"http:\/\/psc-lukavec.hr\/en\/product\/audi-turbina-2-5-tdi-gt2052v-059145701f\/#primaryimage","url":"http:\/\/psc-lukavec.hr\/wp-content\/uploads\/2024\/06\/107968826.jpg","contentUrl":"http:\/\/psc-lukavec.hr\/wp-content\/uploads\/2024\/06\/107968826.jpg","width":1024,"height":683},{"@type":"BreadcrumbList","@id":"http:\/\/psc-lukavec.hr\/en\/product\/audi-turbina-2-5-tdi-gt2052v-059145701f\/#breadcrumb","itemListElement":[{"@type":"ListItem","position":1,"name":"Po\u010detna stranica","item":"https:\/\/psc-lukavec.hr\/"},{"@type":"ListItem","position":2,"name":"Katalog proizvoda","item":"https:\/\/psc-lukavec.hr\/shop\/"},{"@type":"ListItem","position":3,"name":"AUDI TURBINA 2.5 TDI GT2052V 059145701F"}]},{"@type":"WebSite","@id":"https:\/\/psc-lukavec.hr\/#website","url":"https:\/\/psc-lukavec.hr\/","name":"PSC Lukavec - autodijelovi","description":"Online trgovina rezervnih dijelova","publisher":{"@id":"https:\/\/psc-lukavec.hr\/#organization"},"potentialAction":[{"@type":"SearchAction","target":{"@type":"EntryPoint","urlTemplate":"https:\/\/psc-lukavec.hr\/?s={search_term_string}"},"query-input":{"@type":"PropertyValueSpecification","valueRequired":true,"valueName":"search_term_string"}}],"inLanguage":"en-US"},{"@type":"Organization","@id":"https:\/\/psc-lukavec.hr\/#organization","name":"PSC Lukavec - autodijelovi","url":"https:\/\/psc-lukavec.hr\/","logo":{"@type":"ImageObject","inLanguage":"en-US","@id":"https:\/\/psc-lukavec.hr\/#\/schema\/logo\/image\/","url":"http:\/\/psc-lukavec.hr\/wp-content\/uploads\/2024\/10\/PartSmartShop-1728391966.png","contentUrl":"http:\/\/psc-lukavec.hr\/wp-content\/uploads\/2024\/10\/PartSmartShop-1728391966.png","width":470,"height":80,"caption":"PSC Lukavec - autodijelovi"},"image":{"@id":"https:\/\/psc-lukavec.hr\/#\/schema\/logo\/image\/"}}]}},"_links":{"self":[{"href":"http:\/\/psc-lukavec.hr\/en\/wp-json\/wp\/v2\/product\/157169","targetHints":{"allow":["GET"]}}],"collection":[{"href":"http:\/\/psc-lukavec.hr\/en\/wp-json\/wp\/v2\/product"}],"about":[{"href":"http:\/\/psc-lukavec.hr\/en\/wp-json\/wp\/v2\/types\/product"}],"replies":[{"embeddable":true,"href":"http:\/\/psc-lukavec.hr\/en\/wp-json\/wp\/v2\/comments?post=157169"}],"wp:featuredmedia":[{"embeddable":true,"href":"http:\/\/psc-lukavec.hr\/en\/wp-json\/wp\/v2\/media\/157170"}],"wp:attachment":[{"href":"http:\/\/psc-lukavec.hr\/en\/wp-json\/wp\/v2\/media?parent=157169"}],"wp:term":[{"taxonomy":"brend","embeddable":true,"href":"http:\/\/psc-lukavec.hr\/en\/wp-json\/wp\/v2\/brend?post=157169"},{"taxonomy":"product_cat","embeddable":true,"href":"http:\/\/psc-lukavec.hr\/en\/wp-json\/wp\/v2\/product_cat?post=157169"},{"taxonomy":"product_tag","embeddable":true,"href":"http:\/\/psc-lukavec.hr\/en\/wp-json\/wp\/v2\/product_tag?post=157169"}],"curies":[{"name":"wp","href":"https:\/\/api.w.org\/{rel}","templated":true}]}}