{"id":142909,"date":"2024-06-14T14:54:30","date_gmt":"2024-06-14T14:54:30","guid":{"rendered":"http:\/\/psclukavec.hr\/product\/audi-a4-balast-za-ksenon-audi-a4-modul-balast-xenon\/"},"modified":"2025-04-17T13:34:05","modified_gmt":"2025-04-17T13:34:05","slug":"audi-a4-balast-za-ksenon-audi-a4-modul-balast-xenon","status":"publish","type":"product","link":"http:\/\/psc-lukavec.hr\/en\/product\/audi-a4-balast-za-ksenon-audi-a4-modul-balast-xenon\/","title":{"rendered":"AUDI A4 BALAST ZA KSENON AUDI A4 MODUL BALAST XENON"},"content":{"rendered":"<p>AUDI A4 BALAST ZA KSENON SVJETLA<br \/>\nAUDI A4 TRANSFORMATOR XENON<br \/>\nAUDI A4 MODUL BALAST XENON<br \/>\n73010137M<\/p>\n<p>SLIKA PRIKAZUJE STVARNO STANJE PREDMETA<\/p>\n<p>Kupljena roba je vrlo dobro za\u0161ti\u0107ena od o\u0161te\u0107enja prilikom transporta.<\/p>\n<p>Preporu\u010dite nas drugima!<\/p>\n<p>Vr\u0161imo i prodaju u sjedi\u0161tu tvrtke&lt;&lt;UZ NAJAVU DOLASKA&gt;&gt;<\/p>\n<p>Radno vrijeme: Ponedjeljak-Petak 08-16h,ukoliko izvan radnog vremena(molimo sms)<\/p>\n<p>Osobni dolazak-obavezna najava.<\/p>\n<p>_______________________________________<\/p>\n<p>Na lageru imamo veliki asortiman rabljenih dijelova iz inozemstva i tuzemstva(preko 6500 m2 skladi\u0161nog prostora sa preko 1500 000 artikala na stanju sa kontinuiranim rastom lagera i prodaje).<\/p>\n<p>****Cijene dijelova se mijenjaju i cijena i raspolo\u017eivost je na upit.*****<\/p>\n<p>Dugi niz godina iskustva u prodaji dijelova i otvoreni smo za suradnju sa svim servisima.<\/p>\n<p>Za stalne kupce odobravamo popust.<\/p>\n<p>Po\u017eeljno VIN, slika ili OE broj dijela na email, sms, viber, whatsapp<\/p>\n<p>Dostava dijelova u HR I EU na adresu kurirskim slu\u017ebama najkasnije 96h.<\/p>\n<p>Pla\u0107anje prilikom preuzimanja, tro\u0161kove dostave snosi kupac<\/p>\n<p>_______________________________________<\/p>\n<p>Na sve dijelove dajemo garanciju na ispravnost i uva\u017eavamo reklamacije.<\/p>\n<p>Dogodi li se da je dio ne odgovaraju\u0107i i\/ili niste zadovoljni kupljenim,<\/p>\n<p>vra\u0107amo novac ili mijenjamo za drugi.<\/p>\n<p>Rok za reklamaciju 14 dana od kupovine, uz uvjet da dio nije rastavljan.<\/p>\n<p>Mogu\u0107nost ugovora garancije 6 mj.<\/p>\n<p>_______________________________________<\/p>\n<p>Nudimo usluge Servisa, prijevoza vozila i radnih strojeva<\/p>\n<p>OTKUPLJUJEMO O\u0160TE\u0106ENA I KARAMBOLIRANA VOZILA.<\/p>\n<p>Zahvaljujemo na ukazanom povjerenju i razumijevanju.<\/p>\n<p>Pogledajte ostale na\u0161e oglase.<\/p>\n<p>_______________________________________<\/p>\n<p>www.psclukavec.hr<\/p>\n<p>psc.lukavec@gmail.com<\/p>\n<p>098 539240<\/p>\n<p>099 2998989<\/p>\n<p>&nbsp;<\/p>\n<p>&nbsp;<\/p>\n","protected":false},"excerpt":{"rendered":"<p>AUDI A4 BALAST ZA KSENON SVJETLA AUDI A4 TRANSFORMATOR XENON AUDI A4 MODUL BALAST XENON 73010137M SLIKA PRIKAZUJE STVARNO STANJE PREDMETA Kupljena roba je vrlo dobro za\u0161ti\u0107ena od o\u0161te\u0107enja prilikom transporta. Preporu\u010dite nas drugima! Vr\u0161imo i prodaju u sjedi\u0161tu tvrtke&lt;&lt;UZ NAJAVU DOLASKA&gt;&gt; Radno vrijeme: Ponedjeljak-Petak 08-16h,ukoliko izvan radnog vremena(molimo sms) Osobni dolazak-obavezna najava. _______________________________________ Na [&hellip;]<\/p>\n","protected":false},"featured_media":142910,"comment_status":"open","ping_status":"closed","template":"","meta":{"_acf_changed":false},"brend":[1692,1551],"product_cat":[3054],"product_tag":[],"class_list":{"0":"post-142909","1":"product","2":"type-product","3":"status-publish","4":"has-post-thumbnail","6":"brend-a4","7":"brend-audi","8":"product_cat-auto-elektronika-i-autoelektrika","10":"first","11":"instock","12":"shipping-taxable","13":"product-type-simple"},"acf":[],"yoast_head":"<!-- This site is optimized with the Yoast SEO plugin v24.9 - https:\/\/yoast.com\/wordpress\/plugins\/seo\/ -->\n<title>AUDI A4 BALAST ZA KSENON AUDI A4 MODUL BALAST XENON - PSC Lukavec - autodijelovi<\/title>\n<meta name=\"robots\" content=\"index, follow, max-snippet:-1, max-image-preview:large, max-video-preview:-1\" \/>\n<link rel=\"canonical\" href=\"http:\/\/psc-lukavec.hr\/en\/product\/audi-a4-balast-za-ksenon-audi-a4-modul-balast-xenon\/\" \/>\n<meta property=\"og:locale\" content=\"en_US\" \/>\n<meta property=\"og:type\" content=\"article\" \/>\n<meta property=\"og:title\" content=\"AUDI A4 BALAST ZA KSENON AUDI A4 MODUL BALAST XENON - PSC Lukavec - autodijelovi\" \/>\n<meta property=\"og:description\" content=\"AUDI A4 BALAST ZA KSENON SVJETLA AUDI A4 TRANSFORMATOR XENON AUDI A4 MODUL BALAST XENON 73010137M SLIKA PRIKAZUJE STVARNO STANJE PREDMETA Kupljena roba je vrlo dobro za\u0161ti\u0107ena od o\u0161te\u0107enja prilikom transporta. Preporu\u010dite nas drugima! Vr\u0161imo i prodaju u sjedi\u0161tu tvrtke&lt;&lt;UZ NAJAVU DOLASKA&gt;&gt; Radno vrijeme: Ponedjeljak-Petak 08-16h,ukoliko izvan radnog vremena(molimo sms) Osobni dolazak-obavezna najava. _______________________________________ Na [&hellip;]\" \/>\n<meta property=\"og:url\" content=\"http:\/\/psc-lukavec.hr\/en\/product\/audi-a4-balast-za-ksenon-audi-a4-modul-balast-xenon\/\" \/>\n<meta property=\"og:site_name\" content=\"PSC Lukavec - autodijelovi\" \/>\n<meta property=\"article:modified_time\" content=\"2025-04-17T13:34:05+00:00\" \/>\n<meta property=\"og:image\" content=\"http:\/\/psc-lukavec.hr\/wp-content\/uploads\/2024\/06\/94369215.jpg\" \/>\n\t<meta property=\"og:image:width\" content=\"1024\" \/>\n\t<meta property=\"og:image:height\" content=\"684\" \/>\n\t<meta property=\"og:image:type\" content=\"image\/jpeg\" \/>\n<meta name=\"twitter:card\" content=\"summary_large_image\" \/>\n<meta name=\"twitter:label1\" content=\"Est. reading time\" \/>\n\t<meta name=\"twitter:data1\" content=\"2 minutes\" \/>\n<script type=\"application\/ld+json\" class=\"yoast-schema-graph\">{\"@context\":\"https:\/\/schema.org\",\"@graph\":[{\"@type\":\"WebPage\",\"@id\":\"http:\/\/psc-lukavec.hr\/en\/product\/audi-a4-balast-za-ksenon-audi-a4-modul-balast-xenon\/\",\"url\":\"http:\/\/psc-lukavec.hr\/en\/product\/audi-a4-balast-za-ksenon-audi-a4-modul-balast-xenon\/\",\"name\":\"AUDI A4 BALAST ZA KSENON AUDI A4 MODUL BALAST XENON - PSC Lukavec - autodijelovi\",\"isPartOf\":{\"@id\":\"https:\/\/psc-lukavec.hr\/#website\"},\"primaryImageOfPage\":{\"@id\":\"http:\/\/psc-lukavec.hr\/en\/product\/audi-a4-balast-za-ksenon-audi-a4-modul-balast-xenon\/#primaryimage\"},\"image\":{\"@id\":\"http:\/\/psc-lukavec.hr\/en\/product\/audi-a4-balast-za-ksenon-audi-a4-modul-balast-xenon\/#primaryimage\"},\"thumbnailUrl\":\"http:\/\/psc-lukavec.hr\/wp-content\/uploads\/2024\/06\/94369215.jpg\",\"datePublished\":\"2024-06-14T14:54:30+00:00\",\"dateModified\":\"2025-04-17T13:34:05+00:00\",\"breadcrumb\":{\"@id\":\"http:\/\/psc-lukavec.hr\/en\/product\/audi-a4-balast-za-ksenon-audi-a4-modul-balast-xenon\/#breadcrumb\"},\"inLanguage\":\"en-US\",\"potentialAction\":[{\"@type\":\"ReadAction\",\"target\":[\"http:\/\/psc-lukavec.hr\/en\/product\/audi-a4-balast-za-ksenon-audi-a4-modul-balast-xenon\/\"]}]},{\"@type\":\"ImageObject\",\"inLanguage\":\"en-US\",\"@id\":\"http:\/\/psc-lukavec.hr\/en\/product\/audi-a4-balast-za-ksenon-audi-a4-modul-balast-xenon\/#primaryimage\",\"url\":\"http:\/\/psc-lukavec.hr\/wp-content\/uploads\/2024\/06\/94369215.jpg\",\"contentUrl\":\"http:\/\/psc-lukavec.hr\/wp-content\/uploads\/2024\/06\/94369215.jpg\",\"width\":1024,\"height\":684},{\"@type\":\"BreadcrumbList\",\"@id\":\"http:\/\/psc-lukavec.hr\/en\/product\/audi-a4-balast-za-ksenon-audi-a4-modul-balast-xenon\/#breadcrumb\",\"itemListElement\":[{\"@type\":\"ListItem\",\"position\":1,\"name\":\"Po\u010detna stranica\",\"item\":\"https:\/\/psc-lukavec.hr\/\"},{\"@type\":\"ListItem\",\"position\":2,\"name\":\"Katalog proizvoda\",\"item\":\"https:\/\/psc-lukavec.hr\/shop\/\"},{\"@type\":\"ListItem\",\"position\":3,\"name\":\"AUDI A4 BALAST ZA KSENON AUDI A4 MODUL BALAST XENON\"}]},{\"@type\":\"WebSite\",\"@id\":\"https:\/\/psc-lukavec.hr\/#website\",\"url\":\"https:\/\/psc-lukavec.hr\/\",\"name\":\"PSC Lukavec - autodijelovi\",\"description\":\"Online trgovina rezervnih dijelova\",\"publisher\":{\"@id\":\"https:\/\/psc-lukavec.hr\/#organization\"},\"potentialAction\":[{\"@type\":\"SearchAction\",\"target\":{\"@type\":\"EntryPoint\",\"urlTemplate\":\"https:\/\/psc-lukavec.hr\/?s={search_term_string}\"},\"query-input\":{\"@type\":\"PropertyValueSpecification\",\"valueRequired\":true,\"valueName\":\"search_term_string\"}}],\"inLanguage\":\"en-US\"},{\"@type\":\"Organization\",\"@id\":\"https:\/\/psc-lukavec.hr\/#organization\",\"name\":\"PSC Lukavec - autodijelovi\",\"url\":\"https:\/\/psc-lukavec.hr\/\",\"logo\":{\"@type\":\"ImageObject\",\"inLanguage\":\"en-US\",\"@id\":\"https:\/\/psc-lukavec.hr\/#\/schema\/logo\/image\/\",\"url\":\"http:\/\/psc-lukavec.hr\/wp-content\/uploads\/2024\/10\/PartSmartShop-1728391966.png\",\"contentUrl\":\"http:\/\/psc-lukavec.hr\/wp-content\/uploads\/2024\/10\/PartSmartShop-1728391966.png\",\"width\":470,\"height\":80,\"caption\":\"PSC Lukavec - autodijelovi\"},\"image\":{\"@id\":\"https:\/\/psc-lukavec.hr\/#\/schema\/logo\/image\/\"}}]}<\/script>\n<!-- \/ Yoast SEO plugin. -->","yoast_head_json":{"title":"AUDI A4 BALAST ZA KSENON AUDI A4 MODUL BALAST XENON - PSC Lukavec - autodijelovi","robots":{"index":"index","follow":"follow","max-snippet":"max-snippet:-1","max-image-preview":"max-image-preview:large","max-video-preview":"max-video-preview:-1"},"canonical":"http:\/\/psc-lukavec.hr\/en\/product\/audi-a4-balast-za-ksenon-audi-a4-modul-balast-xenon\/","og_locale":"en_US","og_type":"article","og_title":"AUDI A4 BALAST ZA KSENON AUDI A4 MODUL BALAST XENON - PSC Lukavec - autodijelovi","og_description":"AUDI A4 BALAST ZA KSENON SVJETLA AUDI A4 TRANSFORMATOR XENON AUDI A4 MODUL BALAST XENON 73010137M SLIKA PRIKAZUJE STVARNO STANJE PREDMETA Kupljena roba je vrlo dobro za\u0161ti\u0107ena od o\u0161te\u0107enja prilikom transporta. Preporu\u010dite nas drugima! Vr\u0161imo i prodaju u sjedi\u0161tu tvrtke&lt;&lt;UZ NAJAVU DOLASKA&gt;&gt; Radno vrijeme: Ponedjeljak-Petak 08-16h,ukoliko izvan radnog vremena(molimo sms) Osobni dolazak-obavezna najava. _______________________________________ Na [&hellip;]","og_url":"http:\/\/psc-lukavec.hr\/en\/product\/audi-a4-balast-za-ksenon-audi-a4-modul-balast-xenon\/","og_site_name":"PSC Lukavec - autodijelovi","article_modified_time":"2025-04-17T13:34:05+00:00","og_image":[{"width":1024,"height":684,"url":"http:\/\/psc-lukavec.hr\/wp-content\/uploads\/2024\/06\/94369215.jpg","type":"image\/jpeg"}],"twitter_card":"summary_large_image","twitter_misc":{"Est. reading time":"2 minutes"},"schema":{"@context":"https:\/\/schema.org","@graph":[{"@type":"WebPage","@id":"http:\/\/psc-lukavec.hr\/en\/product\/audi-a4-balast-za-ksenon-audi-a4-modul-balast-xenon\/","url":"http:\/\/psc-lukavec.hr\/en\/product\/audi-a4-balast-za-ksenon-audi-a4-modul-balast-xenon\/","name":"AUDI A4 BALAST ZA KSENON AUDI A4 MODUL BALAST XENON - PSC Lukavec - autodijelovi","isPartOf":{"@id":"https:\/\/psc-lukavec.hr\/#website"},"primaryImageOfPage":{"@id":"http:\/\/psc-lukavec.hr\/en\/product\/audi-a4-balast-za-ksenon-audi-a4-modul-balast-xenon\/#primaryimage"},"image":{"@id":"http:\/\/psc-lukavec.hr\/en\/product\/audi-a4-balast-za-ksenon-audi-a4-modul-balast-xenon\/#primaryimage"},"thumbnailUrl":"http:\/\/psc-lukavec.hr\/wp-content\/uploads\/2024\/06\/94369215.jpg","datePublished":"2024-06-14T14:54:30+00:00","dateModified":"2025-04-17T13:34:05+00:00","breadcrumb":{"@id":"http:\/\/psc-lukavec.hr\/en\/product\/audi-a4-balast-za-ksenon-audi-a4-modul-balast-xenon\/#breadcrumb"},"inLanguage":"en-US","potentialAction":[{"@type":"ReadAction","target":["http:\/\/psc-lukavec.hr\/en\/product\/audi-a4-balast-za-ksenon-audi-a4-modul-balast-xenon\/"]}]},{"@type":"ImageObject","inLanguage":"en-US","@id":"http:\/\/psc-lukavec.hr\/en\/product\/audi-a4-balast-za-ksenon-audi-a4-modul-balast-xenon\/#primaryimage","url":"http:\/\/psc-lukavec.hr\/wp-content\/uploads\/2024\/06\/94369215.jpg","contentUrl":"http:\/\/psc-lukavec.hr\/wp-content\/uploads\/2024\/06\/94369215.jpg","width":1024,"height":684},{"@type":"BreadcrumbList","@id":"http:\/\/psc-lukavec.hr\/en\/product\/audi-a4-balast-za-ksenon-audi-a4-modul-balast-xenon\/#breadcrumb","itemListElement":[{"@type":"ListItem","position":1,"name":"Po\u010detna stranica","item":"https:\/\/psc-lukavec.hr\/"},{"@type":"ListItem","position":2,"name":"Katalog proizvoda","item":"https:\/\/psc-lukavec.hr\/shop\/"},{"@type":"ListItem","position":3,"name":"AUDI A4 BALAST ZA KSENON AUDI A4 MODUL BALAST XENON"}]},{"@type":"WebSite","@id":"https:\/\/psc-lukavec.hr\/#website","url":"https:\/\/psc-lukavec.hr\/","name":"PSC Lukavec - autodijelovi","description":"Online trgovina rezervnih dijelova","publisher":{"@id":"https:\/\/psc-lukavec.hr\/#organization"},"potentialAction":[{"@type":"SearchAction","target":{"@type":"EntryPoint","urlTemplate":"https:\/\/psc-lukavec.hr\/?s={search_term_string}"},"query-input":{"@type":"PropertyValueSpecification","valueRequired":true,"valueName":"search_term_string"}}],"inLanguage":"en-US"},{"@type":"Organization","@id":"https:\/\/psc-lukavec.hr\/#organization","name":"PSC Lukavec - autodijelovi","url":"https:\/\/psc-lukavec.hr\/","logo":{"@type":"ImageObject","inLanguage":"en-US","@id":"https:\/\/psc-lukavec.hr\/#\/schema\/logo\/image\/","url":"http:\/\/psc-lukavec.hr\/wp-content\/uploads\/2024\/10\/PartSmartShop-1728391966.png","contentUrl":"http:\/\/psc-lukavec.hr\/wp-content\/uploads\/2024\/10\/PartSmartShop-1728391966.png","width":470,"height":80,"caption":"PSC Lukavec - autodijelovi"},"image":{"@id":"https:\/\/psc-lukavec.hr\/#\/schema\/logo\/image\/"}}]}},"_links":{"self":[{"href":"http:\/\/psc-lukavec.hr\/en\/wp-json\/wp\/v2\/product\/142909","targetHints":{"allow":["GET"]}}],"collection":[{"href":"http:\/\/psc-lukavec.hr\/en\/wp-json\/wp\/v2\/product"}],"about":[{"href":"http:\/\/psc-lukavec.hr\/en\/wp-json\/wp\/v2\/types\/product"}],"replies":[{"embeddable":true,"href":"http:\/\/psc-lukavec.hr\/en\/wp-json\/wp\/v2\/comments?post=142909"}],"wp:featuredmedia":[{"embeddable":true,"href":"http:\/\/psc-lukavec.hr\/en\/wp-json\/wp\/v2\/media\/142910"}],"wp:attachment":[{"href":"http:\/\/psc-lukavec.hr\/en\/wp-json\/wp\/v2\/media?parent=142909"}],"wp:term":[{"taxonomy":"brend","embeddable":true,"href":"http:\/\/psc-lukavec.hr\/en\/wp-json\/wp\/v2\/brend?post=142909"},{"taxonomy":"product_cat","embeddable":true,"href":"http:\/\/psc-lukavec.hr\/en\/wp-json\/wp\/v2\/product_cat?post=142909"},{"taxonomy":"product_tag","embeddable":true,"href":"http:\/\/psc-lukavec.hr\/en\/wp-json\/wp\/v2\/product_tag?post=142909"}],"curies":[{"name":"wp","href":"https:\/\/api.w.org\/{rel}","templated":true}]}}