{"id":139124,"date":"2024-06-14T14:27:10","date_gmt":"2024-06-14T14:27:10","guid":{"rendered":"http:\/\/psclukavec.hr\/product\/peugeot-208-bsm-modul-peugeot-208-kutija-osiguraca-9804846880\/"},"modified":"2024-08-24T10:52:15","modified_gmt":"2024-08-24T10:52:15","slug":"peugeot-208-bsm-modul-peugeot-208-kutija-osiguraca-9804846880","status":"publish","type":"product","link":"http:\/\/psc-lukavec.hr\/en\/product\/peugeot-208-bsm-modul-peugeot-208-kutija-osiguraca-9804846880\/","title":{"rendered":"PEUGEOT 208 BSM MODUL PEUGEOT 208 KUTIJA OSIGURA\u010cA 9804846880"},"content":{"rendered":"<p>PEUGEOT BSM KUTIJA OSIGURA\u010cA<br \/>\nPEUGEOT BSM MODUL<br \/>\nPEUGEOT BSM ELEKTRONIKA<br \/>\nPEUGEOT KUTIJA OSIGURA\u010cA<br \/>\nPEUGEOT BSM MODUL<br \/>\nPEUGEOT 208 BSM MODUL<br \/>\nPEUGEOT 208 KUTIJA OSIGURA\u010cA<br \/>\nPEUGEOT 208 ELEKTRONIKA<br \/>\n9804846880<br \/>\nL1-7B<br \/>\n2013.<\/p>\n<p>Radno vrijeme : Ponedjeljak-Petak 08-16h, ukoliko izvan radnog vremena (molimo sms)<br \/>\nOsobni dolazak-obavezna najava.<br \/>\n_____________________________________________________________________<br \/>\nNa lageru imamo veliki asortiman rabljenih dijelova iz uvoza (preko 150 000 artikala na stanju).<br \/>\nCijene dijelova se mijenjaju i raspolo\u017eivost je na upit.<br \/>\nDugi niz godina iskustva u prodaji dijelova i otvoreni smo za suradnju sa servisima.<br \/>\nZa stalne kupce odobravamo popust.<br \/>\nPo\u017eeljno VIN, slika ili OE broj dijela na email, sms, Viber, Whatsapp.<br \/>\nDostava dijelova na adresu kurirskim slu\u017ebama najkasnije 48h.<br \/>\nPla\u0107anje prilikom preuzimanja, tro\u0161kove dostave snosi kupac.<br \/>\nNa sve dijelove dajemo garanciju na ispravnost i uva\u017eavamo reklamacije.<br \/>\nDogodi li se da je dio ne odgovaraju\u0107i i\/ili niste zadovoljni kupljenim, vra\u0107amo novac ili mijenjamo za drugi.<br \/>\nRok za reklamaciju 14 dana od kupovine, uz uvjet da dio nije rastavljan.<br \/>\nMogu\u0107nost ugovora garancije 6 mj.<br \/>\n__________________________________________________________<br \/>\nNudimo usluge servisa, prijevoza vozila i radnih strojeva.<br \/>\nOTKUPLJUJEMO O\u0160TE\u0106ENA I KARAMBOLIRANA VOZILA.<br \/>\nZahvaljujemo na ukazanom povjerenju i razumijevanju.<br \/>\nPogledajte ostale na\u0161e oglase.<br \/>\n____________________________<br \/>\nwww.psc-lukavec.hr<br \/>\npsc.lukavec@gmail.com<br \/>\n098 539240<br \/>\n099 2998989<\/p>\n<p>SIEMENS DELPHI<br \/>\nBSM A3, B2, B3, B4, B5<br \/>\nE02-00<br \/>\nL01-00<br \/>\nL02-00<br \/>\nL04-00<br \/>\nL05-00<br \/>\nL06-00<br \/>\nL07-00<br \/>\nL10-00<br \/>\nL11-00<br \/>\nR02-00<br \/>\nR03-00<br \/>\nR07-00<br \/>\nR08-00<br \/>\nR09-00<\/p>\n<p>PEUGEOT 106 BSM, kutija osigura\u010da<br \/>\nPEUGEOT 107 BSM, kutija osigura\u010da<br \/>\nPEUGEOT 206 BSM, kutija osigura\u010da<br \/>\nPEUGEOT 207 BSM, kutija osigura\u010da<br \/>\nPEUGEOT 208 BSM, kutija osigura\u010da<br \/>\nPEUGEOT 2008 BSM, kutija osigura\u010da<br \/>\nPEUGEOT 306 BSM, kutija osigura\u010da<br \/>\nPEUGEOT 307 BSM, kutija osigura\u010da<br \/>\nPEUGEOT 308 BSM, kutija osigura\u010da<br \/>\nPEUGEOT 406 BSM, kutija osigura\u010da<br \/>\nPEUGEOT 3008 BSM, kutija osigura\u010da<br \/>\nPEUGEOT 407 BSM, kutija osigura\u010da<br \/>\nPEUGEOT 4007 BSM, kutija osigura\u010da<br \/>\nPEUGEOT 508 BSM, kutija osigura\u010da<br \/>\nPEUGEOT 607 BSM, kutija osigura\u010da<br \/>\nPEUGEOT BIPPER BSM, kutija osigura\u010da<br \/>\nPEUGEOT PARTNER BSM, kutija osigura\u010da<br \/>\nPEUGEOT EXPERT BSM, kutija osigura\u010da<br \/>\nPEUGEOT BOXER BSM, kutija osigura\u010da<br \/>\nCITROEN XSARA BSM, kutija osigura\u010da<br \/>\nCITOREN XSARA PICASSO BSM, kutija osigura\u010da<br \/>\nCITOREN C1 BSM, kutija osigura\u010da<br \/>\nCITOREN C2 BSM, kutija osigura\u010da<br \/>\nCITROEN C3 BSM, kutija osigura\u010da<br \/>\nCITROEN C4 BSM, kutija osigura\u010da<br \/>\nCITROEN C4 KAKTUS BSM, kutija osigura\u010da<br \/>\nCITROEN C4 PICASSO BSM, kutija osigura\u010da<br \/>\nCITROEN C5 BSM, kutija osigura\u010da<br \/>\nCITROEN C8 BSM, kutija osigura\u010da<br \/>\nCITROEN NEMO BSM, kutija osigura\u010da<br \/>\nCITROEN BERLINGO BSM, kutija osigura\u010da<br \/>\nCITROEN JUMPY BSM, kutija osigura\u010da<br \/>\nCITROEN JUMPER BSM, kutija osigura\u010da<\/p>\n","protected":false},"excerpt":{"rendered":"<p>PEUGEOT BSM KUTIJA OSIGURA\u010cA PEUGEOT BSM MODUL PEUGEOT BSM ELEKTRONIKA PEUGEOT KUTIJA OSIGURA\u010cA PEUGEOT BSM MODUL PEUGEOT 208 BSM MODUL PEUGEOT 208 KUTIJA OSIGURA\u010cA PEUGEOT 208 ELEKTRONIKA 9804846880 L1-7B 2013. Radno vrijeme : Ponedjeljak-Petak 08-16h, ukoliko izvan radnog vremena (molimo sms) Osobni dolazak-obavezna najava. _____________________________________________________________________ Na lageru imamo veliki asortiman rabljenih dijelova iz uvoza (preko [&hellip;]<\/p>\n","protected":false},"featured_media":139125,"comment_status":"open","ping_status":"closed","template":"","meta":{"_acf_changed":false},"brend":[2600,1608],"product_cat":[3054],"product_tag":[],"class_list":{"0":"post-139124","1":"product","2":"type-product","3":"status-publish","4":"has-post-thumbnail","6":"brend-2600","7":"brend-peugeot","8":"product_cat-auto-elektronika-i-autoelektrika","10":"first","11":"instock","12":"shipping-taxable","13":"product-type-simple"},"acf":[],"yoast_head":"<!-- This site is optimized with the Yoast SEO plugin v24.9 - https:\/\/yoast.com\/wordpress\/plugins\/seo\/ -->\n<title>PEUGEOT 208 BSM MODUL PEUGEOT 208 KUTIJA OSIGURA\u010cA 9804846880 - PSC Lukavec - autodijelovi<\/title>\n<meta name=\"robots\" content=\"index, follow, max-snippet:-1, max-image-preview:large, max-video-preview:-1\" \/>\n<link rel=\"canonical\" href=\"http:\/\/psc-lukavec.hr\/en\/product\/peugeot-208-bsm-modul-peugeot-208-kutija-osiguraca-9804846880\/\" \/>\n<meta property=\"og:locale\" content=\"en_US\" \/>\n<meta property=\"og:type\" content=\"article\" \/>\n<meta property=\"og:title\" content=\"PEUGEOT 208 BSM MODUL PEUGEOT 208 KUTIJA OSIGURA\u010cA 9804846880 - PSC Lukavec - autodijelovi\" \/>\n<meta property=\"og:description\" content=\"PEUGEOT BSM KUTIJA OSIGURA\u010cA PEUGEOT BSM MODUL PEUGEOT BSM ELEKTRONIKA PEUGEOT KUTIJA OSIGURA\u010cA PEUGEOT BSM MODUL PEUGEOT 208 BSM MODUL PEUGEOT 208 KUTIJA OSIGURA\u010cA PEUGEOT 208 ELEKTRONIKA 9804846880 L1-7B 2013. Radno vrijeme : Ponedjeljak-Petak 08-16h, ukoliko izvan radnog vremena (molimo sms) Osobni dolazak-obavezna najava. _____________________________________________________________________ Na lageru imamo veliki asortiman rabljenih dijelova iz uvoza (preko [&hellip;]\" \/>\n<meta property=\"og:url\" content=\"http:\/\/psc-lukavec.hr\/en\/product\/peugeot-208-bsm-modul-peugeot-208-kutija-osiguraca-9804846880\/\" \/>\n<meta property=\"og:site_name\" content=\"PSC Lukavec - autodijelovi\" \/>\n<meta property=\"article:modified_time\" content=\"2024-08-24T10:52:15+00:00\" \/>\n<meta property=\"og:image\" content=\"http:\/\/psc-lukavec.hr\/wp-content\/uploads\/2024\/06\/96485491.jpg\" \/>\n\t<meta property=\"og:image:width\" content=\"1024\" \/>\n\t<meta property=\"og:image:height\" content=\"684\" \/>\n\t<meta property=\"og:image:type\" content=\"image\/jpeg\" \/>\n<meta name=\"twitter:card\" content=\"summary_large_image\" \/>\n<meta name=\"twitter:label1\" content=\"Est. reading time\" \/>\n\t<meta name=\"twitter:data1\" content=\"2 minutes\" \/>\n<script type=\"application\/ld+json\" class=\"yoast-schema-graph\">{\"@context\":\"https:\/\/schema.org\",\"@graph\":[{\"@type\":\"WebPage\",\"@id\":\"http:\/\/psc-lukavec.hr\/en\/product\/peugeot-208-bsm-modul-peugeot-208-kutija-osiguraca-9804846880\/\",\"url\":\"http:\/\/psc-lukavec.hr\/en\/product\/peugeot-208-bsm-modul-peugeot-208-kutija-osiguraca-9804846880\/\",\"name\":\"PEUGEOT 208 BSM MODUL PEUGEOT 208 KUTIJA OSIGURA\u010cA 9804846880 - PSC Lukavec - autodijelovi\",\"isPartOf\":{\"@id\":\"https:\/\/psc-lukavec.hr\/#website\"},\"primaryImageOfPage\":{\"@id\":\"http:\/\/psc-lukavec.hr\/en\/product\/peugeot-208-bsm-modul-peugeot-208-kutija-osiguraca-9804846880\/#primaryimage\"},\"image\":{\"@id\":\"http:\/\/psc-lukavec.hr\/en\/product\/peugeot-208-bsm-modul-peugeot-208-kutija-osiguraca-9804846880\/#primaryimage\"},\"thumbnailUrl\":\"http:\/\/psc-lukavec.hr\/wp-content\/uploads\/2024\/06\/96485491.jpg\",\"datePublished\":\"2024-06-14T14:27:10+00:00\",\"dateModified\":\"2024-08-24T10:52:15+00:00\",\"breadcrumb\":{\"@id\":\"http:\/\/psc-lukavec.hr\/en\/product\/peugeot-208-bsm-modul-peugeot-208-kutija-osiguraca-9804846880\/#breadcrumb\"},\"inLanguage\":\"en-US\",\"potentialAction\":[{\"@type\":\"ReadAction\",\"target\":[\"http:\/\/psc-lukavec.hr\/en\/product\/peugeot-208-bsm-modul-peugeot-208-kutija-osiguraca-9804846880\/\"]}]},{\"@type\":\"ImageObject\",\"inLanguage\":\"en-US\",\"@id\":\"http:\/\/psc-lukavec.hr\/en\/product\/peugeot-208-bsm-modul-peugeot-208-kutija-osiguraca-9804846880\/#primaryimage\",\"url\":\"http:\/\/psc-lukavec.hr\/wp-content\/uploads\/2024\/06\/96485491.jpg\",\"contentUrl\":\"http:\/\/psc-lukavec.hr\/wp-content\/uploads\/2024\/06\/96485491.jpg\",\"width\":1024,\"height\":684},{\"@type\":\"BreadcrumbList\",\"@id\":\"http:\/\/psc-lukavec.hr\/en\/product\/peugeot-208-bsm-modul-peugeot-208-kutija-osiguraca-9804846880\/#breadcrumb\",\"itemListElement\":[{\"@type\":\"ListItem\",\"position\":1,\"name\":\"Po\u010detna stranica\",\"item\":\"https:\/\/psc-lukavec.hr\/\"},{\"@type\":\"ListItem\",\"position\":2,\"name\":\"Katalog proizvoda\",\"item\":\"https:\/\/psc-lukavec.hr\/shop\/\"},{\"@type\":\"ListItem\",\"position\":3,\"name\":\"PEUGEOT 208 BSM MODUL PEUGEOT 208 KUTIJA OSIGURA\u010cA 9804846880\"}]},{\"@type\":\"WebSite\",\"@id\":\"https:\/\/psc-lukavec.hr\/#website\",\"url\":\"https:\/\/psc-lukavec.hr\/\",\"name\":\"PSC Lukavec - autodijelovi\",\"description\":\"Online trgovina rezervnih dijelova\",\"publisher\":{\"@id\":\"https:\/\/psc-lukavec.hr\/#organization\"},\"potentialAction\":[{\"@type\":\"SearchAction\",\"target\":{\"@type\":\"EntryPoint\",\"urlTemplate\":\"https:\/\/psc-lukavec.hr\/?s={search_term_string}\"},\"query-input\":{\"@type\":\"PropertyValueSpecification\",\"valueRequired\":true,\"valueName\":\"search_term_string\"}}],\"inLanguage\":\"en-US\"},{\"@type\":\"Organization\",\"@id\":\"https:\/\/psc-lukavec.hr\/#organization\",\"name\":\"PSC Lukavec - autodijelovi\",\"url\":\"https:\/\/psc-lukavec.hr\/\",\"logo\":{\"@type\":\"ImageObject\",\"inLanguage\":\"en-US\",\"@id\":\"https:\/\/psc-lukavec.hr\/#\/schema\/logo\/image\/\",\"url\":\"http:\/\/psc-lukavec.hr\/wp-content\/uploads\/2024\/10\/PartSmartShop-1728391966.png\",\"contentUrl\":\"http:\/\/psc-lukavec.hr\/wp-content\/uploads\/2024\/10\/PartSmartShop-1728391966.png\",\"width\":470,\"height\":80,\"caption\":\"PSC Lukavec - autodijelovi\"},\"image\":{\"@id\":\"https:\/\/psc-lukavec.hr\/#\/schema\/logo\/image\/\"}}]}<\/script>\n<!-- \/ Yoast SEO plugin. -->","yoast_head_json":{"title":"PEUGEOT 208 BSM MODUL PEUGEOT 208 KUTIJA OSIGURA\u010cA 9804846880 - PSC Lukavec - autodijelovi","robots":{"index":"index","follow":"follow","max-snippet":"max-snippet:-1","max-image-preview":"max-image-preview:large","max-video-preview":"max-video-preview:-1"},"canonical":"http:\/\/psc-lukavec.hr\/en\/product\/peugeot-208-bsm-modul-peugeot-208-kutija-osiguraca-9804846880\/","og_locale":"en_US","og_type":"article","og_title":"PEUGEOT 208 BSM MODUL PEUGEOT 208 KUTIJA OSIGURA\u010cA 9804846880 - PSC Lukavec - autodijelovi","og_description":"PEUGEOT BSM KUTIJA OSIGURA\u010cA PEUGEOT BSM MODUL PEUGEOT BSM ELEKTRONIKA PEUGEOT KUTIJA OSIGURA\u010cA PEUGEOT BSM MODUL PEUGEOT 208 BSM MODUL PEUGEOT 208 KUTIJA OSIGURA\u010cA PEUGEOT 208 ELEKTRONIKA 9804846880 L1-7B 2013. Radno vrijeme : Ponedjeljak-Petak 08-16h, ukoliko izvan radnog vremena (molimo sms) Osobni dolazak-obavezna najava. _____________________________________________________________________ Na lageru imamo veliki asortiman rabljenih dijelova iz uvoza (preko [&hellip;]","og_url":"http:\/\/psc-lukavec.hr\/en\/product\/peugeot-208-bsm-modul-peugeot-208-kutija-osiguraca-9804846880\/","og_site_name":"PSC Lukavec - autodijelovi","article_modified_time":"2024-08-24T10:52:15+00:00","og_image":[{"width":1024,"height":684,"url":"http:\/\/psc-lukavec.hr\/wp-content\/uploads\/2024\/06\/96485491.jpg","type":"image\/jpeg"}],"twitter_card":"summary_large_image","twitter_misc":{"Est. reading time":"2 minutes"},"schema":{"@context":"https:\/\/schema.org","@graph":[{"@type":"WebPage","@id":"http:\/\/psc-lukavec.hr\/en\/product\/peugeot-208-bsm-modul-peugeot-208-kutija-osiguraca-9804846880\/","url":"http:\/\/psc-lukavec.hr\/en\/product\/peugeot-208-bsm-modul-peugeot-208-kutija-osiguraca-9804846880\/","name":"PEUGEOT 208 BSM MODUL PEUGEOT 208 KUTIJA OSIGURA\u010cA 9804846880 - PSC Lukavec - autodijelovi","isPartOf":{"@id":"https:\/\/psc-lukavec.hr\/#website"},"primaryImageOfPage":{"@id":"http:\/\/psc-lukavec.hr\/en\/product\/peugeot-208-bsm-modul-peugeot-208-kutija-osiguraca-9804846880\/#primaryimage"},"image":{"@id":"http:\/\/psc-lukavec.hr\/en\/product\/peugeot-208-bsm-modul-peugeot-208-kutija-osiguraca-9804846880\/#primaryimage"},"thumbnailUrl":"http:\/\/psc-lukavec.hr\/wp-content\/uploads\/2024\/06\/96485491.jpg","datePublished":"2024-06-14T14:27:10+00:00","dateModified":"2024-08-24T10:52:15+00:00","breadcrumb":{"@id":"http:\/\/psc-lukavec.hr\/en\/product\/peugeot-208-bsm-modul-peugeot-208-kutija-osiguraca-9804846880\/#breadcrumb"},"inLanguage":"en-US","potentialAction":[{"@type":"ReadAction","target":["http:\/\/psc-lukavec.hr\/en\/product\/peugeot-208-bsm-modul-peugeot-208-kutija-osiguraca-9804846880\/"]}]},{"@type":"ImageObject","inLanguage":"en-US","@id":"http:\/\/psc-lukavec.hr\/en\/product\/peugeot-208-bsm-modul-peugeot-208-kutija-osiguraca-9804846880\/#primaryimage","url":"http:\/\/psc-lukavec.hr\/wp-content\/uploads\/2024\/06\/96485491.jpg","contentUrl":"http:\/\/psc-lukavec.hr\/wp-content\/uploads\/2024\/06\/96485491.jpg","width":1024,"height":684},{"@type":"BreadcrumbList","@id":"http:\/\/psc-lukavec.hr\/en\/product\/peugeot-208-bsm-modul-peugeot-208-kutija-osiguraca-9804846880\/#breadcrumb","itemListElement":[{"@type":"ListItem","position":1,"name":"Po\u010detna stranica","item":"https:\/\/psc-lukavec.hr\/"},{"@type":"ListItem","position":2,"name":"Katalog proizvoda","item":"https:\/\/psc-lukavec.hr\/shop\/"},{"@type":"ListItem","position":3,"name":"PEUGEOT 208 BSM MODUL PEUGEOT 208 KUTIJA OSIGURA\u010cA 9804846880"}]},{"@type":"WebSite","@id":"https:\/\/psc-lukavec.hr\/#website","url":"https:\/\/psc-lukavec.hr\/","name":"PSC Lukavec - autodijelovi","description":"Online trgovina rezervnih dijelova","publisher":{"@id":"https:\/\/psc-lukavec.hr\/#organization"},"potentialAction":[{"@type":"SearchAction","target":{"@type":"EntryPoint","urlTemplate":"https:\/\/psc-lukavec.hr\/?s={search_term_string}"},"query-input":{"@type":"PropertyValueSpecification","valueRequired":true,"valueName":"search_term_string"}}],"inLanguage":"en-US"},{"@type":"Organization","@id":"https:\/\/psc-lukavec.hr\/#organization","name":"PSC Lukavec - autodijelovi","url":"https:\/\/psc-lukavec.hr\/","logo":{"@type":"ImageObject","inLanguage":"en-US","@id":"https:\/\/psc-lukavec.hr\/#\/schema\/logo\/image\/","url":"http:\/\/psc-lukavec.hr\/wp-content\/uploads\/2024\/10\/PartSmartShop-1728391966.png","contentUrl":"http:\/\/psc-lukavec.hr\/wp-content\/uploads\/2024\/10\/PartSmartShop-1728391966.png","width":470,"height":80,"caption":"PSC Lukavec - autodijelovi"},"image":{"@id":"https:\/\/psc-lukavec.hr\/#\/schema\/logo\/image\/"}}]}},"_links":{"self":[{"href":"http:\/\/psc-lukavec.hr\/en\/wp-json\/wp\/v2\/product\/139124","targetHints":{"allow":["GET"]}}],"collection":[{"href":"http:\/\/psc-lukavec.hr\/en\/wp-json\/wp\/v2\/product"}],"about":[{"href":"http:\/\/psc-lukavec.hr\/en\/wp-json\/wp\/v2\/types\/product"}],"replies":[{"embeddable":true,"href":"http:\/\/psc-lukavec.hr\/en\/wp-json\/wp\/v2\/comments?post=139124"}],"wp:featuredmedia":[{"embeddable":true,"href":"http:\/\/psc-lukavec.hr\/en\/wp-json\/wp\/v2\/media\/139125"}],"wp:attachment":[{"href":"http:\/\/psc-lukavec.hr\/en\/wp-json\/wp\/v2\/media?parent=139124"}],"wp:term":[{"taxonomy":"brend","embeddable":true,"href":"http:\/\/psc-lukavec.hr\/en\/wp-json\/wp\/v2\/brend?post=139124"},{"taxonomy":"product_cat","embeddable":true,"href":"http:\/\/psc-lukavec.hr\/en\/wp-json\/wp\/v2\/product_cat?post=139124"},{"taxonomy":"product_tag","embeddable":true,"href":"http:\/\/psc-lukavec.hr\/en\/wp-json\/wp\/v2\/product_tag?post=139124"}],"curies":[{"name":"wp","href":"https:\/\/api.w.org\/{rel}","templated":true}]}}