{"id":104032,"date":"2024-06-14T10:32:09","date_gmt":"2024-06-14T10:32:09","guid":{"rendered":"http:\/\/psclukavec.hr\/product\/renault-scenic-2-turbina-1-5-dci-74-kw-54399700002-292140h220116\/"},"modified":"2024-08-24T10:34:35","modified_gmt":"2024-08-24T10:34:35","slug":"renault-scenic-2-turbina-1-5-dci-74-kw-54399700002-292140h220116","status":"publish","type":"product","link":"http:\/\/psc-lukavec.hr\/en\/product\/renault-scenic-2-turbina-1-5-dci-74-kw-54399700002-292140h220116\/","title":{"rendered":"RENAULT SCENIC 2 TURBINA 1.5 DCI 74 kW 54399700002 292140H220116"},"content":{"rendered":"<p>RENAULT SCENIC 2 TURBINA 1.5 DCI<br \/>\n74\/100<br \/>\nVise istih komada na stanju<\/p>\n<p>292140H220116<br \/>\n54399700002<br \/>\n54399700027<br \/>\n54399800002<br \/>\n54399800027<br \/>\n54399880002<br \/>\n54399880027<br \/>\n54399900002<br \/>\n54399900027<br \/>\n7701475135<br \/>\n7701476183<br \/>\n8200204572<br \/>\n8200360800<br \/>\n8200578315 <\/p>\n<p>SLIKA PRIKAZUJE STVARNO STANJE PREDMETA <\/p>\n<p>Kupljena roba je vrlo dobro za\u0161ti\u0107ena od o\u0161te\u0107enja prilikom transporta. <\/p>\n<p>Preporu\u010dite nas drugima! <\/p>\n<p>Vr\u0161imo i prodaju u sjedi\u0161tu tvrtke <\/p>\n<p>Radno vrijeme: Ponedjeljak-Petak 08-16h,ukoliko izvan radnog vremena(molimo sms)<br \/>\nOsobni dolazak-obavezna najava.<br \/>\n_______________________________________<br \/>\nNa lageru imamo veliki asortiman rabljenih dijelova iz inozemstva i tuzemstva(preko 6500 m2 skladi\u0161nog prostora sa preko 1500 000 artikala na stanju sa kontinuiranim rastom lagera i prodaje).<br \/>\n****Cijene dijelova se mijenjaju i cijena i raspolo\u017eivost je na upit.*****<br \/>\nDugi niz godina iskustva u prodaji dijelova i otvoreni smo za suradnju sa svim servisima.<br \/>\nZa stalne kupce odobravamo popust.<br \/>\nPo\u017eeljno VIN, slika ili OE broj dijela na email, sms, viber, whatsapp<br \/>\nDostava dijelova u HR I EU na adresu kurirskim slu\u017ebama najkasnije 96h.<br \/>\nPla\u0107anje prilikom preuzimanja, tro\u0161kove dostave snosi kupac<br \/>\n_______________________________________<br \/>\nNa sve dijelove dajemo garanciju na ispravnost i uva\u017eavamo reklamacije.<br \/>\nDogodi li se da je dio ne odgovaraju\u0107i i\/ili niste zadovoljni kupljenim,<br \/>\nvra\u0107amo novac ili mijenjamo za drugi.<br \/>\nRok za reklamaciju 14 dana od kupovine, uz uvjet da dio nije rastavljan.<br \/>\nMogu\u0107nost ugovora garancije 6 mj.<br \/>\n_______________________________________<br \/>\nNudimo usluge Servisa, prijevoza vozila i radnih strojeva<br \/>\nOTKUPLJUJEMO O\u0160TE\u0106ENA I KARAMBOLIRANA VOZILA.<br \/>\nZahvaljujemo na ukazanom povjerenju i razumijevanju.<br \/>\nPogledajte ostale na\u0161e oglase.<br \/>\n_______________________________________<br \/>\nwww.psc-lukavec.hr<br \/>\npsc.lukavec@gmail.com<br \/>\n098 539240<br \/>\n099 2998989<\/p>\n","protected":false},"excerpt":{"rendered":"<p>RENAULT SCENIC 2 TURBINA 1.5 DCI 74\/100 Vise istih komada na stanju 292140H220116 54399700002 54399700027 54399800002 54399800027 54399880002 54399880027 54399900002 54399900027 7701475135 7701476183 8200204572 8200360800 8200578315 SLIKA PRIKAZUJE STVARNO STANJE PREDMETA Kupljena roba je vrlo dobro za\u0161ti\u0107ena od o\u0161te\u0107enja prilikom transporta. Preporu\u010dite nas drugima! Vr\u0161imo i prodaju u sjedi\u0161tu tvrtke Radno vrijeme: Ponedjeljak-Petak 08-16h,ukoliko izvan [&hellip;]<\/p>\n","protected":false},"featured_media":104033,"comment_status":"open","ping_status":"closed","template":"","meta":{"_acf_changed":false},"brend":[1614,2730],"product_cat":[3055],"product_tag":[],"class_list":{"0":"post-104032","1":"product","2":"type-product","3":"status-publish","4":"has-post-thumbnail","6":"brend-renault","7":"brend-scenic","8":"product_cat-motor-i-pogonski-dijelovi","10":"first","11":"instock","12":"shipping-taxable","13":"product-type-simple"},"acf":[],"yoast_head":"<!-- This site is optimized with the Yoast SEO plugin v24.9 - https:\/\/yoast.com\/wordpress\/plugins\/seo\/ -->\n<title>RENAULT SCENIC 2 TURBINA 1.5 DCI 74 kW 54399700002 292140H220116 - PSC Lukavec - autodijelovi<\/title>\n<meta name=\"robots\" content=\"index, follow, max-snippet:-1, max-image-preview:large, max-video-preview:-1\" \/>\n<link rel=\"canonical\" href=\"https:\/\/psc-lukavec.hr\/product\/renault-scenic-2-turbina-1-5-dci-74-kw-54399700002-292140h220116\/\" \/>\n<meta property=\"og:locale\" content=\"en_US\" \/>\n<meta property=\"og:type\" content=\"article\" \/>\n<meta property=\"og:title\" content=\"RENAULT SCENIC 2 TURBINA 1.5 DCI 74 kW 54399700002 292140H220116 - PSC Lukavec - autodijelovi\" \/>\n<meta property=\"og:description\" content=\"RENAULT SCENIC 2 TURBINA 1.5 DCI 74\/100 Vise istih komada na stanju 292140H220116 54399700002 54399700027 54399800002 54399800027 54399880002 54399880027 54399900002 54399900027 7701475135 7701476183 8200204572 8200360800 8200578315 SLIKA PRIKAZUJE STVARNO STANJE PREDMETA Kupljena roba je vrlo dobro za\u0161ti\u0107ena od o\u0161te\u0107enja prilikom transporta. Preporu\u010dite nas drugima! Vr\u0161imo i prodaju u sjedi\u0161tu tvrtke Radno vrijeme: Ponedjeljak-Petak 08-16h,ukoliko izvan [&hellip;]\" \/>\n<meta property=\"og:url\" content=\"https:\/\/psc-lukavec.hr\/product\/renault-scenic-2-turbina-1-5-dci-74-kw-54399700002-292140h220116\/\" \/>\n<meta property=\"og:site_name\" content=\"PSC Lukavec - autodijelovi\" \/>\n<meta property=\"article:modified_time\" content=\"2024-08-24T10:34:35+00:00\" \/>\n<meta property=\"og:image\" content=\"https:\/\/psc-lukavec.hr\/wp-content\/uploads\/2024\/06\/196192360.jpg\" \/>\n\t<meta property=\"og:image:width\" content=\"1024\" \/>\n\t<meta property=\"og:image:height\" content=\"768\" \/>\n\t<meta property=\"og:image:type\" content=\"image\/jpeg\" \/>\n<meta name=\"twitter:card\" content=\"summary_large_image\" \/>\n<meta name=\"twitter:label1\" content=\"Est. reading time\" \/>\n\t<meta name=\"twitter:data1\" content=\"1 minute\" \/>\n<script type=\"application\/ld+json\" class=\"yoast-schema-graph\">{\"@context\":\"https:\/\/schema.org\",\"@graph\":[{\"@type\":\"WebPage\",\"@id\":\"https:\/\/psc-lukavec.hr\/product\/renault-scenic-2-turbina-1-5-dci-74-kw-54399700002-292140h220116\/\",\"url\":\"https:\/\/psc-lukavec.hr\/product\/renault-scenic-2-turbina-1-5-dci-74-kw-54399700002-292140h220116\/\",\"name\":\"RENAULT SCENIC 2 TURBINA 1.5 DCI 74 kW 54399700002 292140H220116 - PSC Lukavec - autodijelovi\",\"isPartOf\":{\"@id\":\"http:\/\/psc-lukavec.hr\/#website\"},\"primaryImageOfPage\":{\"@id\":\"https:\/\/psc-lukavec.hr\/product\/renault-scenic-2-turbina-1-5-dci-74-kw-54399700002-292140h220116\/#primaryimage\"},\"image\":{\"@id\":\"https:\/\/psc-lukavec.hr\/product\/renault-scenic-2-turbina-1-5-dci-74-kw-54399700002-292140h220116\/#primaryimage\"},\"thumbnailUrl\":\"http:\/\/psc-lukavec.hr\/wp-content\/uploads\/2024\/06\/196192360.jpg\",\"datePublished\":\"2024-06-14T10:32:09+00:00\",\"dateModified\":\"2024-08-24T10:34:35+00:00\",\"breadcrumb\":{\"@id\":\"https:\/\/psc-lukavec.hr\/product\/renault-scenic-2-turbina-1-5-dci-74-kw-54399700002-292140h220116\/#breadcrumb\"},\"inLanguage\":\"en-US\",\"potentialAction\":[{\"@type\":\"ReadAction\",\"target\":[\"https:\/\/psc-lukavec.hr\/product\/renault-scenic-2-turbina-1-5-dci-74-kw-54399700002-292140h220116\/\"]}]},{\"@type\":\"ImageObject\",\"inLanguage\":\"en-US\",\"@id\":\"https:\/\/psc-lukavec.hr\/product\/renault-scenic-2-turbina-1-5-dci-74-kw-54399700002-292140h220116\/#primaryimage\",\"url\":\"http:\/\/psc-lukavec.hr\/wp-content\/uploads\/2024\/06\/196192360.jpg\",\"contentUrl\":\"http:\/\/psc-lukavec.hr\/wp-content\/uploads\/2024\/06\/196192360.jpg\",\"width\":1024,\"height\":768},{\"@type\":\"BreadcrumbList\",\"@id\":\"https:\/\/psc-lukavec.hr\/product\/renault-scenic-2-turbina-1-5-dci-74-kw-54399700002-292140h220116\/#breadcrumb\",\"itemListElement\":[{\"@type\":\"ListItem\",\"position\":1,\"name\":\"Po\u010detna stranica\",\"item\":\"http:\/\/psc-lukavec.hr\/\"},{\"@type\":\"ListItem\",\"position\":2,\"name\":\"Katalog proizvoda\",\"item\":\"http:\/\/psc-lukavec.hr\/shop\/\"},{\"@type\":\"ListItem\",\"position\":3,\"name\":\"RENAULT SCENIC 2 TURBINA 1.5 DCI 74 kW 54399700002 292140H220116\"}]},{\"@type\":\"WebSite\",\"@id\":\"http:\/\/psc-lukavec.hr\/#website\",\"url\":\"http:\/\/psc-lukavec.hr\/\",\"name\":\"PSC Lukavec - autodijelovi\",\"description\":\"Online trgovina rezervnih dijelova\",\"publisher\":{\"@id\":\"http:\/\/psc-lukavec.hr\/#organization\"},\"potentialAction\":[{\"@type\":\"SearchAction\",\"target\":{\"@type\":\"EntryPoint\",\"urlTemplate\":\"http:\/\/psc-lukavec.hr\/?s={search_term_string}\"},\"query-input\":{\"@type\":\"PropertyValueSpecification\",\"valueRequired\":true,\"valueName\":\"search_term_string\"}}],\"inLanguage\":\"en-US\"},{\"@type\":\"Organization\",\"@id\":\"http:\/\/psc-lukavec.hr\/#organization\",\"name\":\"PSC Lukavec - autodijelovi\",\"url\":\"http:\/\/psc-lukavec.hr\/\",\"logo\":{\"@type\":\"ImageObject\",\"inLanguage\":\"en-US\",\"@id\":\"http:\/\/psc-lukavec.hr\/#\/schema\/logo\/image\/\",\"url\":\"http:\/\/psc-lukavec.hr\/wp-content\/uploads\/2024\/10\/PartSmartShop-1728391966.png\",\"contentUrl\":\"http:\/\/psc-lukavec.hr\/wp-content\/uploads\/2024\/10\/PartSmartShop-1728391966.png\",\"width\":470,\"height\":80,\"caption\":\"PSC Lukavec - autodijelovi\"},\"image\":{\"@id\":\"http:\/\/psc-lukavec.hr\/#\/schema\/logo\/image\/\"}}]}<\/script>\n<!-- \/ Yoast SEO plugin. -->","yoast_head_json":{"title":"RENAULT SCENIC 2 TURBINA 1.5 DCI 74 kW 54399700002 292140H220116 - PSC Lukavec - autodijelovi","robots":{"index":"index","follow":"follow","max-snippet":"max-snippet:-1","max-image-preview":"max-image-preview:large","max-video-preview":"max-video-preview:-1"},"canonical":"https:\/\/psc-lukavec.hr\/product\/renault-scenic-2-turbina-1-5-dci-74-kw-54399700002-292140h220116\/","og_locale":"en_US","og_type":"article","og_title":"RENAULT SCENIC 2 TURBINA 1.5 DCI 74 kW 54399700002 292140H220116 - PSC Lukavec - autodijelovi","og_description":"RENAULT SCENIC 2 TURBINA 1.5 DCI 74\/100 Vise istih komada na stanju 292140H220116 54399700002 54399700027 54399800002 54399800027 54399880002 54399880027 54399900002 54399900027 7701475135 7701476183 8200204572 8200360800 8200578315 SLIKA PRIKAZUJE STVARNO STANJE PREDMETA Kupljena roba je vrlo dobro za\u0161ti\u0107ena od o\u0161te\u0107enja prilikom transporta. Preporu\u010dite nas drugima! Vr\u0161imo i prodaju u sjedi\u0161tu tvrtke Radno vrijeme: Ponedjeljak-Petak 08-16h,ukoliko izvan [&hellip;]","og_url":"https:\/\/psc-lukavec.hr\/product\/renault-scenic-2-turbina-1-5-dci-74-kw-54399700002-292140h220116\/","og_site_name":"PSC Lukavec - autodijelovi","article_modified_time":"2024-08-24T10:34:35+00:00","og_image":[{"width":1024,"height":768,"url":"https:\/\/psc-lukavec.hr\/wp-content\/uploads\/2024\/06\/196192360.jpg","type":"image\/jpeg"}],"twitter_card":"summary_large_image","twitter_misc":{"Est. reading time":"1 minute"},"schema":{"@context":"https:\/\/schema.org","@graph":[{"@type":"WebPage","@id":"https:\/\/psc-lukavec.hr\/product\/renault-scenic-2-turbina-1-5-dci-74-kw-54399700002-292140h220116\/","url":"https:\/\/psc-lukavec.hr\/product\/renault-scenic-2-turbina-1-5-dci-74-kw-54399700002-292140h220116\/","name":"RENAULT SCENIC 2 TURBINA 1.5 DCI 74 kW 54399700002 292140H220116 - PSC Lukavec - autodijelovi","isPartOf":{"@id":"http:\/\/psc-lukavec.hr\/#website"},"primaryImageOfPage":{"@id":"https:\/\/psc-lukavec.hr\/product\/renault-scenic-2-turbina-1-5-dci-74-kw-54399700002-292140h220116\/#primaryimage"},"image":{"@id":"https:\/\/psc-lukavec.hr\/product\/renault-scenic-2-turbina-1-5-dci-74-kw-54399700002-292140h220116\/#primaryimage"},"thumbnailUrl":"http:\/\/psc-lukavec.hr\/wp-content\/uploads\/2024\/06\/196192360.jpg","datePublished":"2024-06-14T10:32:09+00:00","dateModified":"2024-08-24T10:34:35+00:00","breadcrumb":{"@id":"https:\/\/psc-lukavec.hr\/product\/renault-scenic-2-turbina-1-5-dci-74-kw-54399700002-292140h220116\/#breadcrumb"},"inLanguage":"en-US","potentialAction":[{"@type":"ReadAction","target":["https:\/\/psc-lukavec.hr\/product\/renault-scenic-2-turbina-1-5-dci-74-kw-54399700002-292140h220116\/"]}]},{"@type":"ImageObject","inLanguage":"en-US","@id":"https:\/\/psc-lukavec.hr\/product\/renault-scenic-2-turbina-1-5-dci-74-kw-54399700002-292140h220116\/#primaryimage","url":"http:\/\/psc-lukavec.hr\/wp-content\/uploads\/2024\/06\/196192360.jpg","contentUrl":"http:\/\/psc-lukavec.hr\/wp-content\/uploads\/2024\/06\/196192360.jpg","width":1024,"height":768},{"@type":"BreadcrumbList","@id":"https:\/\/psc-lukavec.hr\/product\/renault-scenic-2-turbina-1-5-dci-74-kw-54399700002-292140h220116\/#breadcrumb","itemListElement":[{"@type":"ListItem","position":1,"name":"Po\u010detna stranica","item":"http:\/\/psc-lukavec.hr\/"},{"@type":"ListItem","position":2,"name":"Katalog proizvoda","item":"http:\/\/psc-lukavec.hr\/shop\/"},{"@type":"ListItem","position":3,"name":"RENAULT SCENIC 2 TURBINA 1.5 DCI 74 kW 54399700002 292140H220116"}]},{"@type":"WebSite","@id":"http:\/\/psc-lukavec.hr\/#website","url":"http:\/\/psc-lukavec.hr\/","name":"PSC Lukavec - autodijelovi","description":"Online trgovina rezervnih dijelova","publisher":{"@id":"http:\/\/psc-lukavec.hr\/#organization"},"potentialAction":[{"@type":"SearchAction","target":{"@type":"EntryPoint","urlTemplate":"http:\/\/psc-lukavec.hr\/?s={search_term_string}"},"query-input":{"@type":"PropertyValueSpecification","valueRequired":true,"valueName":"search_term_string"}}],"inLanguage":"en-US"},{"@type":"Organization","@id":"http:\/\/psc-lukavec.hr\/#organization","name":"PSC Lukavec - autodijelovi","url":"http:\/\/psc-lukavec.hr\/","logo":{"@type":"ImageObject","inLanguage":"en-US","@id":"http:\/\/psc-lukavec.hr\/#\/schema\/logo\/image\/","url":"http:\/\/psc-lukavec.hr\/wp-content\/uploads\/2024\/10\/PartSmartShop-1728391966.png","contentUrl":"http:\/\/psc-lukavec.hr\/wp-content\/uploads\/2024\/10\/PartSmartShop-1728391966.png","width":470,"height":80,"caption":"PSC Lukavec - autodijelovi"},"image":{"@id":"http:\/\/psc-lukavec.hr\/#\/schema\/logo\/image\/"}}]}},"_links":{"self":[{"href":"http:\/\/psc-lukavec.hr\/en\/wp-json\/wp\/v2\/product\/104032","targetHints":{"allow":["GET"]}}],"collection":[{"href":"http:\/\/psc-lukavec.hr\/en\/wp-json\/wp\/v2\/product"}],"about":[{"href":"http:\/\/psc-lukavec.hr\/en\/wp-json\/wp\/v2\/types\/product"}],"replies":[{"embeddable":true,"href":"http:\/\/psc-lukavec.hr\/en\/wp-json\/wp\/v2\/comments?post=104032"}],"wp:featuredmedia":[{"embeddable":true,"href":"http:\/\/psc-lukavec.hr\/en\/wp-json\/wp\/v2\/media\/104033"}],"wp:attachment":[{"href":"http:\/\/psc-lukavec.hr\/en\/wp-json\/wp\/v2\/media?parent=104032"}],"wp:term":[{"taxonomy":"brend","embeddable":true,"href":"http:\/\/psc-lukavec.hr\/en\/wp-json\/wp\/v2\/brend?post=104032"},{"taxonomy":"product_cat","embeddable":true,"href":"http:\/\/psc-lukavec.hr\/en\/wp-json\/wp\/v2\/product_cat?post=104032"},{"taxonomy":"product_tag","embeddable":true,"href":"http:\/\/psc-lukavec.hr\/en\/wp-json\/wp\/v2\/product_tag?post=104032"}],"curies":[{"name":"wp","href":"https:\/\/api.w.org\/{rel}","templated":true}]}}