{"id":103262,"date":"2024-06-14T10:27:46","date_gmt":"2024-06-14T10:27:46","guid":{"rendered":"http:\/\/psclukavec.hr\/product\/renault-1-5-dci-cijev-turbine-1-5-dci-crijevo-turbine-8200166828\/"},"modified":"2024-12-13T09:22:10","modified_gmt":"2024-12-13T09:22:10","slug":"renault-1-5-dci-cijev-turbine-1-5-dci-crijevo-turbine-8200166828","status":"publish","type":"product","link":"http:\/\/psc-lukavec.hr\/en\/product\/renault-1-5-dci-cijev-turbine-1-5-dci-crijevo-turbine-8200166828\/","title":{"rendered":"RENAULT 1.5 DCI CIJEV TURBINE 1.5 DCI CRIJEVO TURBINE 8200166828"},"content":{"rendered":"<p>RENAULT MEGANE 2 1.5 DCI CRIJEVO INTERKULERA<br \/>\nRENAULT MEGANE 2 1.5 DCI CRIJEVO TURBINE<br \/>\nRENAULT MEGABE 2 1.5 DCI CIJEV TURBINE<br \/>\nRENAULT MEGANE 2 1.5 DCI CIJEV TURBA<br \/>\n8200208708<br \/>\n8200166828<\/p>\n<p>2003 -2010<\/p>\n<p>NOVO..VI\u0160E ISTIH KOMADA NA STANJU<\/p>\n<p>SLIKA PRIKAZUJE STVARNO STANJE PREDMETA<\/p>\n<p>Kupljena roba je vrlo dobro za\u0161ti\u0107ena od o\u0161te\u0107enja prilikom transporta.<\/p>\n<p>Preporu\u010dite nas drugima!<\/p>\n<p>Vr\u0161imo i prodaju u sjedi\u0161tu tvrtke<\/p>\n<p>Radno vrijeme: Ponedjeljak-Petak 08-16h,ukoliko izvan radnog vremena(molimo sms)<br \/>\nOsobni dolazak-obavezna najava.<br \/>\n_______________________________________<br \/>\nNa lageru imamo veliki asortiman rabljenih dijelova iz inozemstva i tuzemstva(preko 6500 m2 skladi\u0161nog prostora sa preko 1500 000 artikala na stanju sa kontinuiranim rastom lagera i prodaje).<br \/>\n****Cijene dijelova se mijenjaju i cijena i raspolo\u017eivost je na upit.*****<br \/>\nDugi niz godina iskustva u prodaji dijelova i otvoreni smo za suradnju sa svim servisima.<br \/>\nZa stalne kupce odobravamo popust.<br \/>\nPo\u017eeljno VIN, slika ili OE broj dijela na email, sms, viber, whatsapp<br \/>\nDostava dijelova u HR I EU na adresu kurirskim slu\u017ebama najkasnije 96h.<br \/>\nPla\u0107anje prilikom preuzimanja, tro\u0161kove dostave snosi kupac<br \/>\n_______________________________________<br \/>\nNa sve dijelove dajemo garanciju na ispravnost i uva\u017eavamo reklamacije.<br \/>\nDogodi li se da je dio ne odgovaraju\u0107i i\/ili niste zadovoljni kupljenim,<br \/>\nvra\u0107amo novac ili mijenjamo za drugi.<br \/>\nRok za reklamaciju 14 dana od kupovine, uz uvjet da dio nije rastavljan.<br \/>\nMogu\u0107nost ugovora garancije 6 mj.<br \/>\n_______________________________________<br \/>\nNudimo usluge Servisa, prijevoza vozila i radnih strojeva<br \/>\nOTKUPLJUJEMO O\u0160TE\u0106ENA I KARAMBOLIRANA VOZILA.<br \/>\nZahvaljujemo na ukazanom povjerenju i razumijevanju.<br \/>\nPogledajte ostale na\u0161e oglase.<br \/>\n_______________________________________<br \/>\nwww.psc-lukavec.hr<br \/>\npsc.lukavec@gmail.com<br \/>\n098 539240<br \/>\n099 2998989<\/p>\n<p>CLIO II (BB_, CB_) 1.5 dCi (B\/C2J) (K9K 700 K9K 714) 1461ccm 68HP\/50kW 2004\/08-2012\/12<\/p>\n<p>CLIO II (BB_, CB_) 1.5 dCi (B\/CB03) (K9K 702) 1461ccm 80HP\/59kW 2001\/06-2003\/10<\/p>\n<p>CLIO II (BB_, CB_) 1.5 dCi (B\/CB07) (K9K 700 K9K 704) 1461ccm 65HP\/48kW 2001\/06-2009\/07<\/p>\n<p>CLIO II (BB_, CB_) 1.5 dCi (B\/CB08) (K9K 702) 1461ccm 82HP\/60kW 2001\/06-2005\/04<\/p>\n<p>CLIO II (BB_, CB_) 1.5 dCi (B\/CB3M) (K9K 740) 1461ccm 64HP\/47kW 2005\/06-2010\/12<\/p>\n<p>CLIO II (BB_, CB_) 1.5 dCi (BB3N, CB3N) (K9K 718) 1461ccm 84HP\/62kW 2007\/02-2009\/06<\/p>\n<p>CLIO II (BB_, CB_) 1.5 dCi (K9K 704) 1461ccm 57HP\/42kW 2001\/06-2006\/12<\/p>\n<p>CLIO II (BB_, CB_) 1.5 dCi (K9K 712) 1461ccm 100HP\/74kW 2003\/10-2005\/04<\/p>\n<p>CLIO II Nadwozie pe\u0142ne \/ liftback (SB0\/1\/2_) 1.5 dCi (K9K 702 K9K 710 K9K 716) 1461ccm 82HP\/60kW 2003\/11-<\/p>\n<p>CLIO II Nadwozie pe\u0142ne \/ liftback (SB0\/1\/2_) 1.5 dCi (K9K 702) 1461ccm 80HP\/59kW 2001\/06-2004\/10<\/p>\n<p>CLIO II Nadwozie pe\u0142ne \/ liftback (SB0\/1\/2_) 1.5 dCi (K9K 714) 1461ccm 68HP\/50kW 2004\/04-<\/p>\n<p>CLIO II Nadwozie pe\u0142ne \/ liftback (SB0\/1\/2_) 1.5 dCi (SB07) (K9K 700 K9K 704) 1461ccm 65HP\/48kW 2001\/06-<\/p>\n<p>GRAND SC\u00c9NIC II (JM0\/1_) 1.5 dCi (JM02, JM13) (K9K 728) 1461ccm 101HP\/74kW 2004\/04-2008\/11<\/p>\n<p>GRAND SC\u00c9NIC II (JM0\/1_) 1.5 dCi (JM1E) (K9K 732) 1461ccm 106HP\/78kW 2005\/05-2009\/01<\/p>\n<p>GRAND SC\u00c9NIC II (JM0\/1_) 1.5 dCi (K9K 734) 1461ccm 103HP\/76kW 2006\/06-2008\/11<\/p>\n<p>KANGOO (KC0\/1_) 1.5 dCi (K9K 700 K9K 702) 1461ccm 61HP\/45kW 2005\/04-2010\/06<\/p>\n<p>KANGOO (KC0\/1_) 1.5 dCi (K9K 704) 1461ccm 57HP\/42kW 2003\/07-<\/p>\n<p>KANGOO (KC0\/1_) 1.5 dCi (K9K 714) 1461ccm 68HP\/50kW 2005\/06-<\/p>\n<p>KANGOO (KC0\/1_) 1.5 dCi (K9K 718) 1461ccm 84HP\/62kW 2005\/06-<\/p>\n<p>KANGOO (KC0\/1_) 1.5 dCi (KC07) (K9K 700 K9K 704) 1461ccm 65HP\/48kW 2001\/12-<\/p>\n<p>KANGOO (KC0\/1_) 1.5 dCi (KC08, KC09) (K9K 702 K9K 710) 1461ccm 82HP\/60kW 2002\/07-<\/p>\n<p>KANGOO Express (FC0\/1_) 1.5 dCi (FC07, FC1R) (K9K 700 K9K 702 K9K 704) 1461ccm 65HP\/48kW 2001\/12-<\/p>\n<p>KANGOO Express (FC0\/1_) 1.5 dCi (FC08, FC09) (K9K 702 K9K 710) 1461ccm 82HP\/60kW 2003\/04-<\/p>\n<p>KANGOO Express (FC0\/1_) 1.5 dCi (FC1E) (K9K 714) 1461ccm 68HP\/50kW 2005\/06-<\/p>\n<p>KANGOO Express (FC0\/1_) 1.5 dCi (FC1G) (K9K 718) 1461ccm 84HP\/62kW 2005\/06-<\/p>\n<p>KANGOO Express (FC0\/1_) 1.5 dCi (FC1R) (K9K 704) 1461ccm 57HP\/42kW 2002\/12-<\/p>\n<p>KANGOO Express (FC0\/1_) 1.5 dCi (K9K 716) 1461ccm 61HP\/45kW 2005\/10-<\/p>\n<p>MEGANE II (BM0\/1_, CM0\/1_) 1.5 dCi (BM02, BM13, BM2A, CM02, CM13) (K9K 728 K9K 729) 1461ccm 101HP\/74kW 2003\/10-2008\/02<\/p>\n<p>MEGANE II (BM0\/1_, CM0\/1_) 1.5 dCi (BM0F, BM0T, BM2B, CM0F, CM0T) (K9K 722) 1461ccm 82HP\/60kW 2002\/09-2008\/02<\/p>\n<p>MEGANE II (BM0\/1_, CM0\/1_) 1.5 dCi (BM16, CM16) (K9K 734) 1461ccm 103HP\/76kW 2007\/01-2009\/03<\/p>\n<p>MEGANE II (BM0\/1_, CM0\/1_) 1.5 dCi (BM1E, CM1E) (K9K 732) 1461ccm 106HP\/78kW 2005\/05-2008\/06<\/p>\n<p>MEGANE II (BM0\/1_, CM0\/1_) 1.5 dCi (BM1F, CM1F) (K9K 724) 1461ccm 86HP\/63kW 2005\/05-2008\/02<\/p>\n<p>MEGANE II Coup\u00e9-Cabriolet (EM0\/1_) 1.5 dCi (EM16) (K9K 734) 1461ccm 103HP\/76kW 2007\/01-2009\/06<\/p>\n<p>MEGANE II Coup\u00e9-Cabriolet (EM0\/1_) 1.5 dCi (EM1E) (K9K 732) 1461ccm 106HP\/78kW 2006\/03-2009\/01<\/p>\n<p>MEGANE II Estate (KM0\/1_) 1.5 dCi (KM02, KM13) (K9K 728 K9K 729) 1461ccm 101HP\/74kW 2004\/02-2006\/03<\/p>\n<p>MEGANE II Estate (KM0\/1_) 1.5 dCi (KM0F, KM0T, KM2B) (K9K 722) 1461ccm 82HP\/60kW 2003\/08-2006\/05<\/p>\n<p>MEGANE II Estate (KM0\/1_) 1.5 dCi (KM16) (K9K 734) 1461ccm 103HP\/76kW 2007\/01-2009\/07<\/p>\n<p>MEGANE II Estate (KM0\/1_) 1.5 dCi (KM16, KM1E) (K9K 732) 1461ccm 106HP\/78kW 2005\/05-2008\/06<\/p>\n<p>MEGANE II Estate (KM0\/1_) 1.5 dCi (KM1F) (K9K 724) 1461ccm 86HP\/63kW 2005\/05-2009\/07<\/p>\n<p>MEGANE II Saloon (LM0\/1_) 1.5 dCi (LM02, LM13, LM2A) (K9K 728 K9K 729) 1461ccm 101HP\/74kW 2004\/02-2010\/12<\/p>\n<p>MEGANE II Saloon (LM0\/1_) 1.5 dCi (LM0F, LM0T, LM2B) (K9K 722) 1461ccm 82HP\/60kW 2003\/08-2010\/12<\/p>\n<p>MEGANE II Saloon (LM0\/1_) 1.5 dCi (LM16) (K9K 734) 1461ccm 103HP\/76kW 2003\/10-2010\/12<\/p>\n<p>MEGANE II Saloon (LM0\/1_) 1.5 dCi (LM1E) (K9K 732) 1461ccm 106HP\/78kW 2005\/05-2010\/12<\/p>\n<p>MEGANE II Saloon (LM0\/1_) 1.5 dCi (LM1F) (K9K 724) 1461ccm 86HP\/63kW 2005\/05-2010\/12<\/p>\n<p>SC\u00c9NIC II (JM0\/1_) 1.5 dCi (JM02, JM13) (K9K 728 K9K 729) 1461ccm 101HP\/74kW 2003\/11-2005\/08<\/p>\n<p>SC\u00c9NIC II (JM0\/1_) 1.5 dCi (JM0F) (K9K 722) 1461ccm 82HP\/60kW 2003\/06-2006\/05<\/p>\n<p>SC\u00c9NIC II (JM0\/1_) 1.5 dCi (JM16) (K9K 728 K9K 734) 1461ccm 103HP\/76kW 2007\/01-2008\/11<\/p>\n<p>SC\u00c9NIC II (JM0\/1_) 1.5 dCi (JM1E, JM16) (K9K 732 K9K 734) 1461ccm 106HP\/78kW 2005\/05-2008\/11<\/p>\n<p>SC\u00c9NIC II (JM0\/1_) 1.5 dCi (JM1F) (K9K 724) 1461ccm 86HP\/63kW 2005\/05-2008\/11<\/p>\n","protected":false},"excerpt":{"rendered":"<p>RENAULT MEGANE 2 1.5 DCI CRIJEVO INTERKULERA RENAULT MEGANE 2 1.5 DCI CRIJEVO TURBINE RENAULT MEGABE 2 1.5 DCI CIJEV TURBINE RENAULT MEGANE 2 1.5 DCI CIJEV TURBA 8200208708 8200166828 2003 -2010 NOVO..VI\u0160E ISTIH KOMADA NA STANJU SLIKA PRIKAZUJE STVARNO STANJE PREDMETA Kupljena roba je vrlo dobro za\u0161ti\u0107ena od o\u0161te\u0107enja prilikom transporta. Preporu\u010dite nas drugima! [&hellip;]<\/p>\n","protected":false},"featured_media":103263,"comment_status":"open","ping_status":"closed","template":"","meta":{"_acf_changed":false},"brend":[1614],"product_cat":[3063],"product_tag":[],"class_list":{"0":"post-103262","1":"product","2":"type-product","3":"status-publish","4":"has-post-thumbnail","6":"brend-renault","7":"product_cat-podvozje-i-ovjes","9":"first","10":"instock","11":"shipping-taxable","12":"purchasable","13":"product-type-simple"},"acf":[],"yoast_head":"<!-- This site is optimized with the Yoast SEO plugin v24.9 - https:\/\/yoast.com\/wordpress\/plugins\/seo\/ -->\n<title>RENAULT 1.5 DCI CIJEV TURBINE 1.5 DCI CRIJEVO TURBINE 8200166828 - PSC Lukavec - autodijelovi<\/title>\n<meta name=\"robots\" content=\"index, follow, max-snippet:-1, max-image-preview:large, max-video-preview:-1\" \/>\n<link rel=\"canonical\" href=\"http:\/\/psc-lukavec.hr\/en\/product\/renault-1-5-dci-cijev-turbine-1-5-dci-crijevo-turbine-8200166828\/\" \/>\n<meta property=\"og:locale\" content=\"en_US\" \/>\n<meta property=\"og:type\" content=\"article\" \/>\n<meta property=\"og:title\" content=\"RENAULT 1.5 DCI CIJEV TURBINE 1.5 DCI CRIJEVO TURBINE 8200166828 - PSC Lukavec - autodijelovi\" \/>\n<meta property=\"og:description\" content=\"RENAULT MEGANE 2 1.5 DCI CRIJEVO INTERKULERA RENAULT MEGANE 2 1.5 DCI CRIJEVO TURBINE RENAULT MEGABE 2 1.5 DCI CIJEV TURBINE RENAULT MEGANE 2 1.5 DCI CIJEV TURBA 8200208708 8200166828 2003 -2010 NOVO..VI\u0160E ISTIH KOMADA NA STANJU SLIKA PRIKAZUJE STVARNO STANJE PREDMETA Kupljena roba je vrlo dobro za\u0161ti\u0107ena od o\u0161te\u0107enja prilikom transporta. Preporu\u010dite nas drugima! [&hellip;]\" \/>\n<meta property=\"og:url\" content=\"http:\/\/psc-lukavec.hr\/en\/product\/renault-1-5-dci-cijev-turbine-1-5-dci-crijevo-turbine-8200166828\/\" \/>\n<meta property=\"og:site_name\" content=\"PSC Lukavec - autodijelovi\" \/>\n<meta property=\"article:modified_time\" content=\"2024-12-13T09:22:10+00:00\" \/>\n<meta property=\"og:image\" content=\"http:\/\/psc-lukavec.hr\/wp-content\/uploads\/2024\/06\/218788646.jpg\" \/>\n\t<meta property=\"og:image:width\" content=\"920\" \/>\n\t<meta property=\"og:image:height\" content=\"690\" \/>\n\t<meta property=\"og:image:type\" content=\"image\/jpeg\" \/>\n<meta name=\"twitter:card\" content=\"summary_large_image\" \/>\n<meta name=\"twitter:label1\" content=\"Est. reading time\" \/>\n\t<meta name=\"twitter:data1\" content=\"5 minutes\" \/>\n<script type=\"application\/ld+json\" class=\"yoast-schema-graph\">{\"@context\":\"https:\/\/schema.org\",\"@graph\":[{\"@type\":\"WebPage\",\"@id\":\"http:\/\/psc-lukavec.hr\/en\/product\/renault-1-5-dci-cijev-turbine-1-5-dci-crijevo-turbine-8200166828\/\",\"url\":\"http:\/\/psc-lukavec.hr\/en\/product\/renault-1-5-dci-cijev-turbine-1-5-dci-crijevo-turbine-8200166828\/\",\"name\":\"RENAULT 1.5 DCI CIJEV TURBINE 1.5 DCI CRIJEVO TURBINE 8200166828 - PSC Lukavec - autodijelovi\",\"isPartOf\":{\"@id\":\"https:\/\/psc-lukavec.hr\/#website\"},\"primaryImageOfPage\":{\"@id\":\"http:\/\/psc-lukavec.hr\/en\/product\/renault-1-5-dci-cijev-turbine-1-5-dci-crijevo-turbine-8200166828\/#primaryimage\"},\"image\":{\"@id\":\"http:\/\/psc-lukavec.hr\/en\/product\/renault-1-5-dci-cijev-turbine-1-5-dci-crijevo-turbine-8200166828\/#primaryimage\"},\"thumbnailUrl\":\"http:\/\/psc-lukavec.hr\/wp-content\/uploads\/2024\/06\/218788646.jpg\",\"datePublished\":\"2024-06-14T10:27:46+00:00\",\"dateModified\":\"2024-12-13T09:22:10+00:00\",\"breadcrumb\":{\"@id\":\"http:\/\/psc-lukavec.hr\/en\/product\/renault-1-5-dci-cijev-turbine-1-5-dci-crijevo-turbine-8200166828\/#breadcrumb\"},\"inLanguage\":\"en-US\",\"potentialAction\":[{\"@type\":\"ReadAction\",\"target\":[\"http:\/\/psc-lukavec.hr\/en\/product\/renault-1-5-dci-cijev-turbine-1-5-dci-crijevo-turbine-8200166828\/\"]}]},{\"@type\":\"ImageObject\",\"inLanguage\":\"en-US\",\"@id\":\"http:\/\/psc-lukavec.hr\/en\/product\/renault-1-5-dci-cijev-turbine-1-5-dci-crijevo-turbine-8200166828\/#primaryimage\",\"url\":\"http:\/\/psc-lukavec.hr\/wp-content\/uploads\/2024\/06\/218788646.jpg\",\"contentUrl\":\"http:\/\/psc-lukavec.hr\/wp-content\/uploads\/2024\/06\/218788646.jpg\",\"width\":920,\"height\":690},{\"@type\":\"BreadcrumbList\",\"@id\":\"http:\/\/psc-lukavec.hr\/en\/product\/renault-1-5-dci-cijev-turbine-1-5-dci-crijevo-turbine-8200166828\/#breadcrumb\",\"itemListElement\":[{\"@type\":\"ListItem\",\"position\":1,\"name\":\"Po\u010detna stranica\",\"item\":\"https:\/\/psc-lukavec.hr\/\"},{\"@type\":\"ListItem\",\"position\":2,\"name\":\"Katalog proizvoda\",\"item\":\"https:\/\/psc-lukavec.hr\/shop\/\"},{\"@type\":\"ListItem\",\"position\":3,\"name\":\"RENAULT 1.5 DCI CIJEV TURBINE 1.5 DCI CRIJEVO TURBINE 8200166828\"}]},{\"@type\":\"WebSite\",\"@id\":\"https:\/\/psc-lukavec.hr\/#website\",\"url\":\"https:\/\/psc-lukavec.hr\/\",\"name\":\"PSC Lukavec - autodijelovi\",\"description\":\"Online trgovina rezervnih dijelova\",\"publisher\":{\"@id\":\"https:\/\/psc-lukavec.hr\/#organization\"},\"potentialAction\":[{\"@type\":\"SearchAction\",\"target\":{\"@type\":\"EntryPoint\",\"urlTemplate\":\"https:\/\/psc-lukavec.hr\/?s={search_term_string}\"},\"query-input\":{\"@type\":\"PropertyValueSpecification\",\"valueRequired\":true,\"valueName\":\"search_term_string\"}}],\"inLanguage\":\"en-US\"},{\"@type\":\"Organization\",\"@id\":\"https:\/\/psc-lukavec.hr\/#organization\",\"name\":\"PSC Lukavec - autodijelovi\",\"url\":\"https:\/\/psc-lukavec.hr\/\",\"logo\":{\"@type\":\"ImageObject\",\"inLanguage\":\"en-US\",\"@id\":\"https:\/\/psc-lukavec.hr\/#\/schema\/logo\/image\/\",\"url\":\"http:\/\/psc-lukavec.hr\/wp-content\/uploads\/2024\/10\/PartSmartShop-1728391966.png\",\"contentUrl\":\"http:\/\/psc-lukavec.hr\/wp-content\/uploads\/2024\/10\/PartSmartShop-1728391966.png\",\"width\":470,\"height\":80,\"caption\":\"PSC Lukavec - autodijelovi\"},\"image\":{\"@id\":\"https:\/\/psc-lukavec.hr\/#\/schema\/logo\/image\/\"}}]}<\/script>\n<!-- \/ Yoast SEO plugin. -->","yoast_head_json":{"title":"RENAULT 1.5 DCI CIJEV TURBINE 1.5 DCI CRIJEVO TURBINE 8200166828 - PSC Lukavec - autodijelovi","robots":{"index":"index","follow":"follow","max-snippet":"max-snippet:-1","max-image-preview":"max-image-preview:large","max-video-preview":"max-video-preview:-1"},"canonical":"http:\/\/psc-lukavec.hr\/en\/product\/renault-1-5-dci-cijev-turbine-1-5-dci-crijevo-turbine-8200166828\/","og_locale":"en_US","og_type":"article","og_title":"RENAULT 1.5 DCI CIJEV TURBINE 1.5 DCI CRIJEVO TURBINE 8200166828 - PSC Lukavec - autodijelovi","og_description":"RENAULT MEGANE 2 1.5 DCI CRIJEVO INTERKULERA RENAULT MEGANE 2 1.5 DCI CRIJEVO TURBINE RENAULT MEGABE 2 1.5 DCI CIJEV TURBINE RENAULT MEGANE 2 1.5 DCI CIJEV TURBA 8200208708 8200166828 2003 -2010 NOVO..VI\u0160E ISTIH KOMADA NA STANJU SLIKA PRIKAZUJE STVARNO STANJE PREDMETA Kupljena roba je vrlo dobro za\u0161ti\u0107ena od o\u0161te\u0107enja prilikom transporta. Preporu\u010dite nas drugima! [&hellip;]","og_url":"http:\/\/psc-lukavec.hr\/en\/product\/renault-1-5-dci-cijev-turbine-1-5-dci-crijevo-turbine-8200166828\/","og_site_name":"PSC Lukavec - autodijelovi","article_modified_time":"2024-12-13T09:22:10+00:00","og_image":[{"width":920,"height":690,"url":"http:\/\/psc-lukavec.hr\/wp-content\/uploads\/2024\/06\/218788646.jpg","type":"image\/jpeg"}],"twitter_card":"summary_large_image","twitter_misc":{"Est. reading time":"5 minutes"},"schema":{"@context":"https:\/\/schema.org","@graph":[{"@type":"WebPage","@id":"http:\/\/psc-lukavec.hr\/en\/product\/renault-1-5-dci-cijev-turbine-1-5-dci-crijevo-turbine-8200166828\/","url":"http:\/\/psc-lukavec.hr\/en\/product\/renault-1-5-dci-cijev-turbine-1-5-dci-crijevo-turbine-8200166828\/","name":"RENAULT 1.5 DCI CIJEV TURBINE 1.5 DCI CRIJEVO TURBINE 8200166828 - PSC Lukavec - autodijelovi","isPartOf":{"@id":"https:\/\/psc-lukavec.hr\/#website"},"primaryImageOfPage":{"@id":"http:\/\/psc-lukavec.hr\/en\/product\/renault-1-5-dci-cijev-turbine-1-5-dci-crijevo-turbine-8200166828\/#primaryimage"},"image":{"@id":"http:\/\/psc-lukavec.hr\/en\/product\/renault-1-5-dci-cijev-turbine-1-5-dci-crijevo-turbine-8200166828\/#primaryimage"},"thumbnailUrl":"http:\/\/psc-lukavec.hr\/wp-content\/uploads\/2024\/06\/218788646.jpg","datePublished":"2024-06-14T10:27:46+00:00","dateModified":"2024-12-13T09:22:10+00:00","breadcrumb":{"@id":"http:\/\/psc-lukavec.hr\/en\/product\/renault-1-5-dci-cijev-turbine-1-5-dci-crijevo-turbine-8200166828\/#breadcrumb"},"inLanguage":"en-US","potentialAction":[{"@type":"ReadAction","target":["http:\/\/psc-lukavec.hr\/en\/product\/renault-1-5-dci-cijev-turbine-1-5-dci-crijevo-turbine-8200166828\/"]}]},{"@type":"ImageObject","inLanguage":"en-US","@id":"http:\/\/psc-lukavec.hr\/en\/product\/renault-1-5-dci-cijev-turbine-1-5-dci-crijevo-turbine-8200166828\/#primaryimage","url":"http:\/\/psc-lukavec.hr\/wp-content\/uploads\/2024\/06\/218788646.jpg","contentUrl":"http:\/\/psc-lukavec.hr\/wp-content\/uploads\/2024\/06\/218788646.jpg","width":920,"height":690},{"@type":"BreadcrumbList","@id":"http:\/\/psc-lukavec.hr\/en\/product\/renault-1-5-dci-cijev-turbine-1-5-dci-crijevo-turbine-8200166828\/#breadcrumb","itemListElement":[{"@type":"ListItem","position":1,"name":"Po\u010detna stranica","item":"https:\/\/psc-lukavec.hr\/"},{"@type":"ListItem","position":2,"name":"Katalog proizvoda","item":"https:\/\/psc-lukavec.hr\/shop\/"},{"@type":"ListItem","position":3,"name":"RENAULT 1.5 DCI CIJEV TURBINE 1.5 DCI CRIJEVO TURBINE 8200166828"}]},{"@type":"WebSite","@id":"https:\/\/psc-lukavec.hr\/#website","url":"https:\/\/psc-lukavec.hr\/","name":"PSC Lukavec - autodijelovi","description":"Online trgovina rezervnih dijelova","publisher":{"@id":"https:\/\/psc-lukavec.hr\/#organization"},"potentialAction":[{"@type":"SearchAction","target":{"@type":"EntryPoint","urlTemplate":"https:\/\/psc-lukavec.hr\/?s={search_term_string}"},"query-input":{"@type":"PropertyValueSpecification","valueRequired":true,"valueName":"search_term_string"}}],"inLanguage":"en-US"},{"@type":"Organization","@id":"https:\/\/psc-lukavec.hr\/#organization","name":"PSC Lukavec - autodijelovi","url":"https:\/\/psc-lukavec.hr\/","logo":{"@type":"ImageObject","inLanguage":"en-US","@id":"https:\/\/psc-lukavec.hr\/#\/schema\/logo\/image\/","url":"http:\/\/psc-lukavec.hr\/wp-content\/uploads\/2024\/10\/PartSmartShop-1728391966.png","contentUrl":"http:\/\/psc-lukavec.hr\/wp-content\/uploads\/2024\/10\/PartSmartShop-1728391966.png","width":470,"height":80,"caption":"PSC Lukavec - autodijelovi"},"image":{"@id":"https:\/\/psc-lukavec.hr\/#\/schema\/logo\/image\/"}}]}},"_links":{"self":[{"href":"http:\/\/psc-lukavec.hr\/en\/wp-json\/wp\/v2\/product\/103262","targetHints":{"allow":["GET"]}}],"collection":[{"href":"http:\/\/psc-lukavec.hr\/en\/wp-json\/wp\/v2\/product"}],"about":[{"href":"http:\/\/psc-lukavec.hr\/en\/wp-json\/wp\/v2\/types\/product"}],"replies":[{"embeddable":true,"href":"http:\/\/psc-lukavec.hr\/en\/wp-json\/wp\/v2\/comments?post=103262"}],"wp:featuredmedia":[{"embeddable":true,"href":"http:\/\/psc-lukavec.hr\/en\/wp-json\/wp\/v2\/media\/103263"}],"wp:attachment":[{"href":"http:\/\/psc-lukavec.hr\/en\/wp-json\/wp\/v2\/media?parent=103262"}],"wp:term":[{"taxonomy":"brend","embeddable":true,"href":"http:\/\/psc-lukavec.hr\/en\/wp-json\/wp\/v2\/brend?post=103262"},{"taxonomy":"product_cat","embeddable":true,"href":"http:\/\/psc-lukavec.hr\/en\/wp-json\/wp\/v2\/product_cat?post=103262"},{"taxonomy":"product_tag","embeddable":true,"href":"http:\/\/psc-lukavec.hr\/en\/wp-json\/wp\/v2\/product_tag?post=103262"}],"curies":[{"name":"wp","href":"https:\/\/api.w.org\/{rel}","templated":true}]}}